{"id":1817,"date":"2011-01-17T16:35:45","date_gmt":"2011-01-17T21:35:45","guid":{"rendered":"http:\/\/www.dramaction.qc.ca\/fr\/"},"modified":"2011-01-17T16:43:50","modified_gmt":"2011-01-17T21:43:50","slug":"fables-de-la-fontaine-la-cigale-et-la-fourmi","status":"publish","type":"page","link":"https:\/\/www.dramaction.qc.ca\/fr\/ressources\/fables-de-la-fontaine\/fables-de-la-fontaine-la-cigale-et-la-fourmi\/","title":{"rendered":"Fables de La Fontaine : La cigale et la fourmi"},"content":{"rendered":"<p>La cigale , ayant chant\u00e9 tout l&#8217;\u00e9t\u00e9,<br \/>\nSe trouva fort d\u00e9pourvue<br \/>\nQuand la bise fut venue.<br \/>\nPas un seul petit morceau<br \/>\nDe mouche ou de vermisseau<br \/>\nElle alla crier famine<br \/>\nChez la fourmi sa voisine,<br \/>\nLa priant de lui pr\u00eater<br \/>\nQuelque grain pour subsister<br \/>\nJusqu&#8217;\u00e0 la saison nouvelle<br \/>\n\u00abJe vous paierai, lui dit-elle,<br \/>\nAvant l&#8217;ao\u00fbt , foi d&#8217;animal,<br \/>\nInt\u00e9r\u00eat et principal .\u00bb<br \/>\nLa fourmi n&#8217;est pas pr\u00eateuse ;<br \/>\nC&#8217;est l\u00e0 son moindre d\u00e9faut.<br \/>\n\u00abQue faisiez-vous au temps chaud ?<br \/>\nDit-elle \u00e0 cette emprunteuse.<br \/>\nNuit et jour \u00e0 tout venant<br \/>\nJe chantais, ne vous d\u00e9plaise.<br \/>\n&#8211; Vous chantiez ? j&#8217;en suis fort aise.<br \/>\nEh bien : dansez maintenant.\u00bb<\/p>\n<div id=\"_mcePaste\" style=\"position: absolute; left: -10000px; top: 0px; width: 1px; height: 1px; overflow: hidden;\">La cigale<a name=\"r1\"><\/a> ,                     ayant chant\u00e9<br \/>\nTout l&#8217;\u00e9t\u00e9,<br \/>\nSe trouva fort d\u00e9pourvue<br \/>\nQuand la bise fut venue.<br \/>\nPas un seul petit morceau<br \/>\n<a href=\"http:\/\/www.lafontaine.net\/lesFables\/afficheFable.php?id=1#2\">De mouche ou de vermisseau<\/a><a name=\"r2\"> <\/a><br \/>\nElle alla crier famine<br \/>\nChez la fourmi sa voisine,<br \/>\nLa priant de lui pr\u00eater<br \/>\nQuelque grain pour subsister<br \/>\nJusqu&#8217;\u00e0 la saison nouvelle<br \/>\n\u00abJe vous paierai, lui dit-elle,<br \/>\n<a href=\"http:\/\/www.lafontaine.net\/lesFables\/afficheFable.php?id=1#3\">Avant l&#8217;o\u00fbt<\/a> <a name=\"r3\"><\/a>, foi d&#8217;animal,<br \/>\nInt\u00e9r\u00eat et <a href=\"http:\/\/www.lafontaine.net\/lesFables\/afficheFable.php?id=1#4\">principal<\/a> <a name=\"r4\"><\/a>.\u00bb<br \/>\nLa fourmi n&#8217;est pas pr\u00eateuse ;<br \/>\nC&#8217;est l\u00e0 <a href=\"http:\/\/www.lafontaine.net\/lesFables\/afficheFable.php?id=1#5\">son moindre d\u00e9faut<\/a>. <a name=\"r5\"><\/a><br \/>\n\u00abQue faisiez-vous au temps chaud ?<br \/>\nDit-elle \u00e0 cette <a href=\"http:\/\/www.lafontaine.net\/lesFables\/afficheFable.php?id=1#6\">emprunteuse<\/a>. <a name=\"r6\"><\/a><br \/>\nNuit et jour \u00e0 tout venant<br \/>\nJe chantais, ne vous d\u00e9plaise.<br \/>\n&#8211; Vous chantiez ? j&#8217;en suis fort aise.<br \/>\nEh bien : dansez maintenant.\u00bb<\/div>\n","protected":false},"excerpt":{"rendered":"<p>La cigale , ayant chant\u00e9 tout l&#8217;\u00e9t\u00e9, Se trouva fort d\u00e9pourvue Quand la bise fut venue. Pas un seul petit morceau De mouche ou de vermisseau Elle alla crier famine Chez la fourmi sa voisine, La priant de lui pr\u00eater Quelque grain pour subsister Jusqu&#8217;\u00e0 la saison nouvelle \u00abJe vous paierai, lui dit-elle, Avant l&#8217;ao\u00fbt [&hellip;]<\/p>\n","protected":false},"author":22,"featured_media":0,"parent":1808,"menu_order":470,"comment_status":"open","ping_status":"open","template":"","meta":{"footnotes":""},"class_list":["post-1817","page","type-page","status-publish","hentry"],"jetpack_sharing_enabled":true,"_links":{"self":[{"href":"https:\/\/www.dramaction.qc.ca\/fr\/wp-json\/wp\/v2\/pages\/1817","targetHints":{"allow":["GET"]}}],"collection":[{"href":"https:\/\/www.dramaction.qc.ca\/fr\/wp-json\/wp\/v2\/pages"}],"about":[{"href":"https:\/\/www.dramaction.qc.ca\/fr\/wp-json\/wp\/v2\/types\/page"}],"author":[{"embeddable":true,"href":"https:\/\/www.dramaction.qc.ca\/fr\/wp-json\/wp\/v2\/users\/22"}],"replies":[{"embeddable":true,"href":"https:\/\/www.dramaction.qc.ca\/fr\/wp-json\/wp\/v2\/comments?post=1817"}],"version-history":[{"count":0,"href":"https:\/\/www.dramaction.qc.ca\/fr\/wp-json\/wp\/v2\/pages\/1817\/revisions"}],"up":[{"embeddable":true,"href":"https:\/\/www.dramaction.qc.ca\/fr\/wp-json\/wp\/v2\/pages\/1808"}],"wp:attachment":[{"href":"https:\/\/www.dramaction.qc.ca\/fr\/wp-json\/wp\/v2\/media?parent=1817"}],"curies":[{"name":"wp","href":"https:\/\/api.w.org\/{rel}","templated":true}]}}