{"id":1812,"date":"2011-01-17T16:30:12","date_gmt":"2011-01-17T21:30:12","guid":{"rendered":"http:\/\/www.dramaction.qc.ca\/fr\/"},"modified":"2011-01-17T16:42:59","modified_gmt":"2011-01-17T21:42:59","slug":"fable-de-la-fontaine-l-aigle-et-le-hibou","status":"publish","type":"page","link":"https:\/\/www.dramaction.qc.ca\/fr\/ressources\/fables-de-la-fontaine\/fable-de-la-fontaine-l-aigle-et-le-hibou\/","title":{"rendered":"Fable de La Fontaine : L&#8217;Aigle et le Hibou"},"content":{"rendered":"<p>L&#8217;aigle et le chat-huant leurs querelles cess\u00e8rent,<br \/>\nEt firent tant qu&#8217;ils s&#8217;embrass\u00e8rent.<br \/>\nL&#8217;un jura foi de roi, l&#8217;autre foi de hibou,<br \/>\nQu&#8217;ils ne se goberaient leurs petits peu ni prou.<br \/>\n\u00abConnaissez-vous les miens ? dit l&#8217;oiseau de Minerve.<br \/>\n&#8211; Non, dit l&#8217;aigle. &#8211; Tant pis, reprit le triste oiseau :<br \/>\nJe crains en ce cas pour leur peau :<br \/>\nC&#8217;est hasard si je les conserve.<br \/>\nComme vous \u00eates roi, vous ne consid\u00e9rez<br \/>\nQui ni quoi : rois et dieux mettent, quoi qu&#8217;on leur die,<br \/>\nTout en m\u00eame cat\u00e9gorie.<br \/>\nAdieu mes nourrissons, si vous les rencontrez.<br \/>\n&#8211; Peignez-les-moi, dit l&#8217;aigle, ou bien me les montrez :<br \/>\nJe n&#8217;y toucherai de ma vie.\u00bb<br \/>\nLe hibou repartit :\u00abMes petits sont mignons,<br \/>\nBeaux, bien faits, et jolis sur tous leurs compagnons :<br \/>\nVous les reconna\u00eetrez sans peine \u00e0 cette marque.<br \/>\nN&#8217;allez pas l&#8217;oublier; retenez-la si bien<br \/>\nQue chez moi la maudite Parque<br \/>\nN&#8217;entre point par votre moyen.\u00bb<br \/>\nIl avint qu&#8217;au hibou Dieu donna g\u00e9niture.<br \/>\nDe fa\u00e7on qu&#8217;un beau soir qu&#8217;il \u00e9tait en p\u00e2ture,<br \/>\nNotre aigle aper\u00e7ut d&#8217;aventure,<br \/>\nDans les coins d&#8217;une roche dure,<br \/>\nOu dans les trous d&#8217;une masure<br \/>\n(Je ne sais pas lequel des deux),<br \/>\nDe petits monstres fort hideux,<br \/>\nRechign\u00e9s, un air triste, une voix de M\u00e9g\u00e8re.<br \/>\n\u00abCes enfants ne sont pas, dit l&#8217;aigle, \u00e0 notre ami.<br \/>\nCroquons-les.\u00bb Le galant n&#8217;en fit pas \u00e0 demi :<br \/>\nSes repas ne sont point repas \u00e0 la l\u00e9g\u00e8re.<br \/>\nLe hibou, de retour, ne trouve que les pieds<br \/>\nDe ses chers nourrissons, h\u00e9las ! pour toute chose.<br \/>\nIl se plaint; et les dieux sont par lui suppli\u00e9s<br \/>\nDe punir le brigand qui de son deuil est cause.<br \/>\nQuelqu&#8217;un lui dit alors : \u00abN&#8217;en accuse que toi,<br \/>\nOu plut\u00f4t la commune loi<br \/>\nQui veut qu&#8217;on trouve son semblable<br \/>\nBeau, bien fait, et sur tous aimable.<br \/>\nTu fis de tes enfants \u00e0 l&#8217;aigle ce portrait :<br \/>\nEn avaient-ils le moindre trait ?\u00bb<\/p>\n","protected":false},"excerpt":{"rendered":"<p>L&#8217;aigle et le chat-huant leurs querelles cess\u00e8rent, Et firent tant qu&#8217;ils s&#8217;embrass\u00e8rent. L&#8217;un jura foi de roi, l&#8217;autre foi de hibou, Qu&#8217;ils ne se goberaient leurs petits peu ni prou. \u00abConnaissez-vous les miens ? dit l&#8217;oiseau de Minerve. &#8211; Non, dit l&#8217;aigle. &#8211; Tant pis, reprit le triste oiseau : Je crains en ce cas [&hellip;]<\/p>\n","protected":false},"author":22,"featured_media":0,"parent":1808,"menu_order":469,"comment_status":"open","ping_status":"open","template":"","meta":{"footnotes":""},"class_list":["post-1812","page","type-page","status-publish","hentry"],"jetpack_sharing_enabled":true,"_links":{"self":[{"href":"https:\/\/www.dramaction.qc.ca\/fr\/wp-json\/wp\/v2\/pages\/1812","targetHints":{"allow":["GET"]}}],"collection":[{"href":"https:\/\/www.dramaction.qc.ca\/fr\/wp-json\/wp\/v2\/pages"}],"about":[{"href":"https:\/\/www.dramaction.qc.ca\/fr\/wp-json\/wp\/v2\/types\/page"}],"author":[{"embeddable":true,"href":"https:\/\/www.dramaction.qc.ca\/fr\/wp-json\/wp\/v2\/users\/22"}],"replies":[{"embeddable":true,"href":"https:\/\/www.dramaction.qc.ca\/fr\/wp-json\/wp\/v2\/comments?post=1812"}],"version-history":[{"count":0,"href":"https:\/\/www.dramaction.qc.ca\/fr\/wp-json\/wp\/v2\/pages\/1812\/revisions"}],"up":[{"embeddable":true,"href":"https:\/\/www.dramaction.qc.ca\/fr\/wp-json\/wp\/v2\/pages\/1808"}],"wp:attachment":[{"href":"https:\/\/www.dramaction.qc.ca\/fr\/wp-json\/wp\/v2\/media?parent=1812"}],"curies":[{"name":"wp","href":"https:\/\/api.w.org\/{rel}","templated":true}]}}