{"id":1810,"date":"2011-01-17T16:29:01","date_gmt":"2011-01-17T21:29:01","guid":{"rendered":"http:\/\/www.dramaction.qc.ca\/fr\/"},"modified":"2011-01-17T16:42:07","modified_gmt":"2011-01-17T21:42:07","slug":"fable-de-lafontaine-l-aigle-et-lescarbot","status":"publish","type":"page","link":"https:\/\/www.dramaction.qc.ca\/fr\/ressources\/fables-de-la-fontaine\/fable-de-lafontaine-l-aigle-et-lescarbot\/","title":{"rendered":"Fable de Lafontaine : L&#8217;Aigle et l&#8217;Escarbot"},"content":{"rendered":"<p>L&#8217;aigle donnait la chasse \u00e0 ma\u00eetre Jean Lapin,<br \/>\nQui droit \u00e0 son terrier s&#8217;enfuyait au plus vite.<br \/>\nLe trou de l&#8217;escarbot se rencontre en chemin.<br \/>\nJe laisse \u00e0 penser si ce g\u00eete<br \/>\n\u00c9taits\u00fbr ; mais o\u00f9 mieux ? Jean Lapin s&#8217;y blottit.<br \/>\nL&#8217;aigle fondant sur lui nonobstant cet asile,<br \/>\nL&#8217;escarbot interc\u00e8de et dit :<br \/>\n\u00ab Princesse des oiseaux, il vous est fort facile<br \/>\nD&#8217;enlever malgr\u00e9 moi ce pauvre malheureux ;<br \/>\nMais ne me faites pas cet affront, je vous prie ;<br \/>\nEt puisque Jean Lapin vous demande la vie,<br \/>\nDonnez-la-lui, de gr\u00e2ce, ou l&#8217;\u00f4tez \u00e0 tous deux :<br \/>\nC&#8217;est mon voisin, c&#8217;est mon comp\u00e8re. \u00bb<br \/>\nL&#8217;oiseau de Jupiter, sans r\u00e9pondre un seul mot,<br \/>\nChoque de l&#8217;aile l&#8217;escarbot,<br \/>\nL&#8217;\u00e9tourdit, l&#8217;oblige \u00e0 se taire,<br \/>\nEnl\u00e8ve Jean Lapin. L&#8217;escarbot indign\u00e9<br \/>\nVole au nid de l&#8217;oiseau, fracasse en son absence,<br \/>\nSes oeufs, ses tendres oeufs, sa plus douce esp\u00e9rance:<br \/>\nPas un seul ne fut \u00e9pargn\u00e9.<br \/>\nL&#8217;aigle \u00e9tant de retour et voyant ce m\u00e9nage,<br \/>\nRemplit le ciel de cris, et, pour comble de rage,<br \/>\nNe sait sur qui venger le tort qu&#8217;elle a souffert.<br \/>\nElle g\u00e9mit en vain, sa plainte au vent se perd.<br \/>\nIl fallut pour cet an vivre en m\u00e8re afflig\u00e9e.<br \/>\nL&#8217;an suivant, elle mit son nid en lieu plus haut.<br \/>\nL&#8217;escarbot prend son temps, fait faire aux \u0153ufs le saut.<br \/>\nLa mort de Jean lapin derechef est veng\u00e9e.<br \/>\nCe second deuil fut tel, que l&#8217;\u00e9cho de ces bois<br \/>\nN&#8217;en dormit de plus de six mois .<br \/>\nL&#8217;oiseau qui porte Ganym\u00e8de<br \/>\nDu monarque des dieux enfin implore l&#8217;aide,<br \/>\nD\u00e9pose en son giron ses \u0153ufs, et croit qu&#8217;en paix<br \/>\nIls seront dans ce lieu, que pour ses int\u00e9r\u00eats<br \/>\nJupiter se verra contraint de les d\u00e9fendre :<br \/>\nHardi qui les irait l\u00e0 prendre.<br \/>\nAussi ne les y prit-on pas.<br \/>\nLeur ennemi changea de note,<br \/>\nSa la robe du dieu fit tomber une crotte ;<br \/>\nLe dieu la secouant jeta les oeufs \u00e0 bas.<br \/>\nQuand l&#8217;aigle sut l&#8217;inadvertance,<br \/>\nElle mena\u00e7a Jupiter<br \/>\nD&#8217;abandonner sa cour, d&#8217;aller vivre au d\u00e9sert,<br \/>\nDe quitter toute d\u00e9pendance,<br \/>\nAvec mainte autre extravagance.<br \/>\nLe pauvre Jupiter se tut:<br \/>\nDevant son tribunal l&#8217;escarbot comparut,<br \/>\nFit sa plainte, et conta l&#8217;affaire.<br \/>\nOn fit entendre \u00e0 l&#8217;aigle enfin qu&#8217;elle avait tort.<br \/>\nMais les deux ennemis ne voulant point d&#8217;accord,<br \/>\nLe monarque des dieux s&#8217;avisa, pour bien faire,<br \/>\nDe transporter le temps o\u00f9 l&#8217;aigle fait l&#8217;amour<br \/>\nEn une autre saison, quand la race escarbote<br \/>\nEst en quartier d&#8217;hiver, et comme la marmotte,<br \/>\nSe cache et ne voit point le jour.<\/p>\n","protected":false},"excerpt":{"rendered":"<p>L&#8217;aigle donnait la chasse \u00e0 ma\u00eetre Jean Lapin, Qui droit \u00e0 son terrier s&#8217;enfuyait au plus vite. Le trou de l&#8217;escarbot se rencontre en chemin. Je laisse \u00e0 penser si ce g\u00eete \u00c9taits\u00fbr ; mais o\u00f9 mieux ? Jean Lapin s&#8217;y blottit. L&#8217;aigle fondant sur lui nonobstant cet asile, L&#8217;escarbot interc\u00e8de et dit : \u00ab [&hellip;]<\/p>\n","protected":false},"author":22,"featured_media":0,"parent":1808,"menu_order":468,"comment_status":"open","ping_status":"open","template":"","meta":{"footnotes":""},"class_list":["post-1810","page","type-page","status-publish","hentry"],"jetpack_sharing_enabled":true,"_links":{"self":[{"href":"https:\/\/www.dramaction.qc.ca\/fr\/wp-json\/wp\/v2\/pages\/1810","targetHints":{"allow":["GET"]}}],"collection":[{"href":"https:\/\/www.dramaction.qc.ca\/fr\/wp-json\/wp\/v2\/pages"}],"about":[{"href":"https:\/\/www.dramaction.qc.ca\/fr\/wp-json\/wp\/v2\/types\/page"}],"author":[{"embeddable":true,"href":"https:\/\/www.dramaction.qc.ca\/fr\/wp-json\/wp\/v2\/users\/22"}],"replies":[{"embeddable":true,"href":"https:\/\/www.dramaction.qc.ca\/fr\/wp-json\/wp\/v2\/comments?post=1810"}],"version-history":[{"count":0,"href":"https:\/\/www.dramaction.qc.ca\/fr\/wp-json\/wp\/v2\/pages\/1810\/revisions"}],"up":[{"embeddable":true,"href":"https:\/\/www.dramaction.qc.ca\/fr\/wp-json\/wp\/v2\/pages\/1808"}],"wp:attachment":[{"href":"https:\/\/www.dramaction.qc.ca\/fr\/wp-json\/wp\/v2\/media?parent=1810"}],"curies":[{"name":"wp","href":"https:\/\/api.w.org\/{rel}","templated":true}]}}