{"id":1808,"date":"2011-01-17T16:27:54","date_gmt":"2011-01-17T21:27:54","guid":{"rendered":"http:\/\/www.dramaction.qc.ca\/fr\/"},"modified":"2011-01-17T16:45:52","modified_gmt":"2011-01-17T21:45:52","slug":"fables-de-la-fontaine","status":"publish","type":"page","link":"https:\/\/www.dramaction.qc.ca\/fr\/ressources\/fables-de-la-fontaine\/","title":{"rendered":"Fables de La Fontaine"},"content":{"rendered":"<p>Les fables, en particulier les tr\u00e8s c\u00e9l\u00e8bres Fables de La Fontaine sont souvent une source inestimable d&#8217;inspiration pour diff\u00e9rentes situations, pour la cr\u00e9ation de personnages par le caract\u00e8re et surtout dans des techniques de cr\u00e9ations telles que &#8220;Les cycles rep\u00e8res&#8221;.<\/p>\n<p>Voici donc quelque fables !<\/p>\n<ul>\n<li><a href=\"http:\/\/www.dramaction.qc.ca\/fr\/ressources\/fables-de-la-fontaine\/fable-de-lafontaine-l-aigle-et-lescarbot\/\">L&#8217; Aigle et l&#8217;Escarbot<\/a><\/li>\n<li><a href=\"http:\/\/www.dramaction.qc.ca\/fr\/ressources\/fables-de-la-fontaine\/fable-de-la-fontaine-l-aigle-et-le-hibou\/\">L&#8217; Aigle et le Hibou<\/a><\/li>\n<li><a href=\"http:\/\/www.dramaction.qc.ca\/fr\/ressources\/fables-de-la-fontaine\/fables-de-la-fontaine-la-cigale-et-la-fourmi\/\">La Cigale et le Fourmi<\/a><\/li>\n<li><a href=\"http:\/\/www.dramaction.qc.ca\/fr\/ressources\/fables-de-la-fontaine\/fables-de-la-fontaine-le-corbeau-et-le-renard\/\">Le Corbeau et le Renard<\/a><\/li>\n<li><a href=\"http:\/\/www.dramaction.qc.ca\/fr\/ressources\/fables-de-la-fontaine\/fables-de-la-fontaine-le-lion\/\">Le lion <\/a><\/li>\n<\/ul>\n","protected":false},"excerpt":{"rendered":"<p>Les fables, en particulier les tr\u00e8s c\u00e9l\u00e8bres Fables de La Fontaine sont souvent une source inestimable d&#8217;inspiration pour diff\u00e9rentes situations, pour la cr\u00e9ation de personnages par le caract\u00e8re et surtout dans des techniques de cr\u00e9ations telles que &#8220;Les cycles rep\u00e8res&#8221;. Voici donc quelque fables ! L&#8217; Aigle et l&#8217;Escarbot L&#8217; Aigle et le Hibou La [&hellip;]<\/p>\n","protected":false},"author":22,"featured_media":0,"parent":34,"menu_order":467,"comment_status":"open","ping_status":"open","template":"","meta":{"footnotes":""},"class_list":["post-1808","page","type-page","status-publish","hentry"],"jetpack_sharing_enabled":true,"_links":{"self":[{"href":"https:\/\/www.dramaction.qc.ca\/fr\/wp-json\/wp\/v2\/pages\/1808","targetHints":{"allow":["GET"]}}],"collection":[{"href":"https:\/\/www.dramaction.qc.ca\/fr\/wp-json\/wp\/v2\/pages"}],"about":[{"href":"https:\/\/www.dramaction.qc.ca\/fr\/wp-json\/wp\/v2\/types\/page"}],"author":[{"embeddable":true,"href":"https:\/\/www.dramaction.qc.ca\/fr\/wp-json\/wp\/v2\/users\/22"}],"replies":[{"embeddable":true,"href":"https:\/\/www.dramaction.qc.ca\/fr\/wp-json\/wp\/v2\/comments?post=1808"}],"version-history":[{"count":0,"href":"https:\/\/www.dramaction.qc.ca\/fr\/wp-json\/wp\/v2\/pages\/1808\/revisions"}],"up":[{"embeddable":true,"href":"https:\/\/www.dramaction.qc.ca\/fr\/wp-json\/wp\/v2\/pages\/34"}],"wp:attachment":[{"href":"https:\/\/www.dramaction.qc.ca\/fr\/wp-json\/wp\/v2\/media?parent=1808"}],"curies":[{"name":"wp","href":"https:\/\/api.w.org\/{rel}","templated":true}]}}