{"id":1797,"date":"2011-01-17T08:56:07","date_gmt":"2011-01-17T13:56:07","guid":{"rendered":"http:\/\/www.dramaction.qc.ca\/fr\/"},"modified":"2016-12-05T09:35:48","modified_gmt":"2016-12-05T14:35:48","slug":"vos-opportunites","status":"publish","type":"page","link":"https:\/\/www.dramaction.qc.ca\/fr\/participer-au-site\/vos-opportunites\/","title":{"rendered":"Vos opportunit\u00e9s"},"content":{"rendered":"<p>Bien des gens l&#8217;oublient&#8230; Dramaction, ce n&#8217;est pas seulement un lieu d&#8217;\u00e9changes d&#8217;exercices&#8230;\u00a0 C&#8217;est aussi un lieu de promotion de vos activit\u00e9s :<\/p>\n<ul>\n<li><strong>Vous \u00eates auteur<\/strong> et vous cherchez \u00e0 faire rayonner vos textes ou \u00e0 les vendre ?<\/li>\n<li><strong>Vous \u00eates responsable d&#8217;une \u00e9cole de th\u00e9\u00e2tre <\/strong>ou d&#8217;une activit\u00e9 et vous cherchez des moyens de vous servir d&#8217;internet pour attirer votre client\u00e8le ?<\/li>\n<li><strong>Vous vous occupez d&#8217;un th\u00e9\u00e2tre<\/strong> et vous voulez rejoindre des enseignants pour remplir vos salles ?<\/li>\n<li><strong>Vous voulez annoncer vos activit\u00e9s<\/strong> ?<\/li>\n<li><strong>Vous lancez un livre ?<\/strong><\/li>\n<\/ul>\n<p>Dramaction est l\u00e0 pour vous !<\/p>\n<h2>Faits vote demande aujourd&#8217;hui :<\/h2>\n\n<div class=\"wpcf7 no-js\" id=\"wpcf7-f3977-o1\" lang=\"fr-FR\" dir=\"ltr\" data-wpcf7-id=\"3977\">\n<div class=\"screen-reader-response\"><p role=\"status\" aria-live=\"polite\" aria-atomic=\"true\"><\/p> <ul><\/ul><\/div>\n<form action=\"\/fr\/wp-json\/wp\/v2\/pages\/1797#wpcf7-f3977-o1\" method=\"post\" class=\"wpcf7-form init\" aria-label=\"Formulaire de contact\" enctype=\"multipart\/form-data\" novalidate=\"novalidate\" data-status=\"init\">\n<fieldset class=\"hidden-fields-container\"><input type=\"hidden\" name=\"_wpcf7\" value=\"3977\" \/><input type=\"hidden\" name=\"_wpcf7_version\" value=\"6.1.1\" \/><input type=\"hidden\" name=\"_wpcf7_locale\" value=\"fr_FR\" \/><input type=\"hidden\" name=\"_wpcf7_unit_tag\" value=\"wpcf7-f3977-o1\" \/><input type=\"hidden\" name=\"_wpcf7_container_post\" value=\"0\" \/><input type=\"hidden\" name=\"_wpcf7_posted_data_hash\" value=\"\" \/>\n<\/fieldset>\n<p><label> Votre nom (obligatoire)<br \/>\n<span class=\"wpcf7-form-control-wrap\" data-name=\"your-name\"><input size=\"40\" maxlength=\"400\" class=\"wpcf7-form-control wpcf7-text wpcf7-validates-as-required\" aria-required=\"true\" aria-invalid=\"false\" value=\"\" type=\"text\" name=\"your-name\" \/><\/span> <\/label>\n<\/p>\n<p><label> Votre Courriel (obligatoire)<br \/>\n<span class=\"wpcf7-form-control-wrap\" data-name=\"your-email\"><input size=\"40\" maxlength=\"400\" class=\"wpcf7-form-control wpcf7-email wpcf7-validates-as-required wpcf7-text wpcf7-validates-as-email\" aria-required=\"true\" aria-invalid=\"false\" value=\"\" type=\"email\" name=\"your-email\" \/><\/span> <\/label>\n<\/p>\n<p><label> Sujet<br \/>\n<span class=\"wpcf7-form-control-wrap\" data-name=\"your-subject\"><input size=\"40\" maxlength=\"400\" class=\"wpcf7-form-control wpcf7-text\" aria-invalid=\"false\" value=\"\" type=\"text\" name=\"your-subject\" \/><\/span> <\/label>\n<\/p>\n<p><label> Joindre un fichier<br \/>\n<span class=\"wpcf7-form-control-wrap\" data-name=\"file-609\"><input size=\"40\" class=\"wpcf7-form-control wpcf7-file\" accept=\".doc,.docx,.pdf\" aria-invalid=\"false\" type=\"file\" name=\"file-609\" \/><\/span> <\/label><br \/>\n<label> Joindre un fichier<br \/>\n<span class=\"wpcf7-form-control-wrap\" data-name=\"file-610\"><input size=\"40\" class=\"wpcf7-form-control wpcf7-file\" accept=\".doc,.docx,.pdf\" aria-invalid=\"false\" type=\"file\" name=\"file-610\" \/><\/span> <\/label><br \/>\n<label> Joindre un fichier<br \/>\n<span class=\"wpcf7-form-control-wrap\" data-name=\"file-611\"><input size=\"40\" class=\"wpcf7-form-control wpcf7-file\" accept=\".doc,.docx,.pdf\" aria-invalid=\"false\" type=\"file\" name=\"file-611\" \/><\/span> <\/label>\n<\/p>\n<p><label> Votre message<br \/>\n<span class=\"wpcf7-form-control-wrap\" data-name=\"your-message\"><textarea cols=\"40\" rows=\"10\" maxlength=\"2000\" class=\"wpcf7-form-control wpcf7-textarea\" aria-invalid=\"false\" name=\"your-message\"><\/textarea><\/span> <\/label>\n<\/p>\n<p><input class=\"wpcf7-form-control wpcf7-submit has-spinner\" type=\"submit\" value=\"Envoyer\" \/>\n<\/p><div class=\"wpcf7-response-output\" aria-hidden=\"true\"><\/div>\n<\/form>\n<\/div>\n\n","protected":false},"excerpt":{"rendered":"<p>Bien des gens l&#8217;oublient&#8230; Dramaction, ce n&#8217;est pas seulement un lieu d&#8217;\u00e9changes d&#8217;exercices&#8230;\u00a0 C&#8217;est aussi un lieu de promotion de vos activit\u00e9s : Vous \u00eates auteur et vous cherchez \u00e0 faire rayonner vos textes ou \u00e0 les vendre ? Vous \u00eates responsable d&#8217;une \u00e9cole de th\u00e9\u00e2tre ou d&#8217;une activit\u00e9 et vous cherchez des moyens de [&hellip;]<\/p>\n","protected":false},"author":22,"featured_media":0,"parent":1695,"menu_order":458,"comment_status":"open","ping_status":"open","template":"","meta":{"footnotes":""},"class_list":["post-1797","page","type-page","status-publish","hentry"],"jetpack_sharing_enabled":true,"_links":{"self":[{"href":"https:\/\/www.dramaction.qc.ca\/fr\/wp-json\/wp\/v2\/pages\/1797","targetHints":{"allow":["GET"]}}],"collection":[{"href":"https:\/\/www.dramaction.qc.ca\/fr\/wp-json\/wp\/v2\/pages"}],"about":[{"href":"https:\/\/www.dramaction.qc.ca\/fr\/wp-json\/wp\/v2\/types\/page"}],"author":[{"embeddable":true,"href":"https:\/\/www.dramaction.qc.ca\/fr\/wp-json\/wp\/v2\/users\/22"}],"replies":[{"embeddable":true,"href":"https:\/\/www.dramaction.qc.ca\/fr\/wp-json\/wp\/v2\/comments?post=1797"}],"version-history":[{"count":0,"href":"https:\/\/www.dramaction.qc.ca\/fr\/wp-json\/wp\/v2\/pages\/1797\/revisions"}],"up":[{"embeddable":true,"href":"https:\/\/www.dramaction.qc.ca\/fr\/wp-json\/wp\/v2\/pages\/1695"}],"wp:attachment":[{"href":"https:\/\/www.dramaction.qc.ca\/fr\/wp-json\/wp\/v2\/media?parent=1797"}],"curies":[{"name":"wp","href":"https:\/\/api.w.org\/{rel}","templated":true}]}}