{"id":174,"date":"2010-10-24T10:25:42","date_gmt":"2010-10-24T14:25:42","guid":{"rendered":"http:\/\/www.dramaction.qc.ca\/fr\/"},"modified":"2016-12-14T12:44:15","modified_gmt":"2016-12-14T17:44:15","slug":"contact","status":"publish","type":"page","link":"https:\/\/www.dramaction.qc.ca\/fr\/participer-au-site\/contact\/","title":{"rendered":"Offrir une ressource"},"content":{"rendered":"<div class=\"wpb-content-wrapper\"><p>[vc_row][vc_column][vc_column_text]<\/p>\n<h2><img decoding=\"async\" class=\"alignleft size-medium wp-image-3881\" src=\"http:\/\/www.dramaction.qc.ca\/fr\/wp-content\/uploads\/2010\/10\/AdobeStock_22228696-300x300.jpeg\" alt=\"Communaut\u00e9 d'enseignants\" width=\"300\" height=\"300\" srcset=\"https:\/\/www.dramaction.qc.ca\/fr\/wp-content\/uploads\/2010\/10\/AdobeStock_22228696-300x300.jpeg 300w, https:\/\/www.dramaction.qc.ca\/fr\/wp-content\/uploads\/2010\/10\/AdobeStock_22228696-200x200.jpeg 200w, https:\/\/www.dramaction.qc.ca\/fr\/wp-content\/uploads\/2010\/10\/AdobeStock_22228696-100x100.jpeg 100w, https:\/\/www.dramaction.qc.ca\/fr\/wp-content\/uploads\/2010\/10\/AdobeStock_22228696-500x500.jpeg 500w, https:\/\/www.dramaction.qc.ca\/fr\/wp-content\/uploads\/2010\/10\/AdobeStock_22228696-150x150.jpeg 150w, https:\/\/www.dramaction.qc.ca\/fr\/wp-content\/uploads\/2010\/10\/AdobeStock_22228696-768x768.jpeg 768w, https:\/\/www.dramaction.qc.ca\/fr\/wp-content\/uploads\/2010\/10\/AdobeStock_22228696-1024x1024.jpeg 1024w\" sizes=\"(max-width: 300px) 100vw, 300px\" \/><span style=\"font-family: arial,helvetica,sans-serif;\">2 minutes de votre temps !<\/span><\/h2>\n<p>La totalit\u00e9 des ressources que vous utilisez sur le site proviennent de la t\u00eate et de l&#8217;ordinateur de vos coll\u00e8gues.\u00a0 Les fichiers, les id\u00e9es et les exercices offerts vous sont sans doute d&#8217;une grande utilit\u00e9.<\/p>\n<h4>C&#8217;est \u00e0 votre tour de &#8220;donner au suivant&#8221; en offrant une ressource \u00e0 la communaut\u00e9 Dramaction.<\/h4>\n<p>Vous avez de nombreux fichiers sur votre ordinateur&#8230; plans de cours, banque d&#8217;exercices, texte de th\u00e9\u00e2tre&#8230; Envoyez-en quelques-uns aujourd&#8217;hui et participez au plus important r\u00e9seau d&#8217;enseignant de th\u00e9\u00e2tre au monde ![\/vc_column_text][vc_empty_space height=&#8221;45px&#8221;][vc_custom_heading text=&#8221;Envoyez facilement des fichiers aujourd&#8217;hui !&#8221; google_fonts=&#8221;font_family:Cinzel%3Aregular%2C700%2C900|font_style:400%20regular%3A400%3Anormal&#8221;][\/vc_column][\/vc_row][vc_row][vc_column]\n<div class=\"wpcf7 no-js\" id=\"wpcf7-f3855-o1\" lang=\"fr-FR\" dir=\"ltr\" data-wpcf7-id=\"3855\">\n<div class=\"screen-reader-response\"><p role=\"status\" aria-live=\"polite\" aria-atomic=\"true\"><\/p> <ul><\/ul><\/div>\n<form action=\"\/fr\/wp-json\/wp\/v2\/pages\/174#wpcf7-f3855-o1\" method=\"post\" class=\"wpcf7-form init\" aria-label=\"Formulaire de contact\" enctype=\"multipart\/form-data\" novalidate=\"novalidate\" data-status=\"init\">\n<fieldset class=\"hidden-fields-container\"><input type=\"hidden\" name=\"_wpcf7\" value=\"3855\" \/><input type=\"hidden\" name=\"_wpcf7_version\" value=\"6.1.1\" \/><input type=\"hidden\" name=\"_wpcf7_locale\" value=\"fr_FR\" \/><input type=\"hidden\" name=\"_wpcf7_unit_tag\" value=\"wpcf7-f3855-o1\" \/><input type=\"hidden\" name=\"_wpcf7_container_post\" value=\"0\" \/><input type=\"hidden\" name=\"_wpcf7_posted_data_hash\" value=\"\" \/>\n<\/fieldset>\n<p>Votre nom*<br \/>\n<span class=\"wpcf7-form-control-wrap\" data-name=\"your-name\"><input size=\"40\" maxlength=\"400\" class=\"wpcf7-form-control wpcf7-text wpcf7-validates-as-required\" aria-required=\"true\" aria-invalid=\"false\" value=\"\" type=\"text\" name=\"your-name\" \/><\/span>\n<\/p>\n<p>Votre courriel*<br \/>\n<span class=\"wpcf7-form-control-wrap\" data-name=\"your-email\"><input size=\"40\" maxlength=\"400\" class=\"wpcf7-form-control wpcf7-email wpcf7-validates-as-required wpcf7-text wpcf7-validates-as-email\" aria-required=\"true\" aria-invalid=\"false\" value=\"\" type=\"email\" name=\"your-email\" \/><\/span>\n<\/p>\n<p>D\u00e9taillez le type de ressources (multi)<br \/>\n<span class=\"wpcf7-form-control-wrap\" data-name=\"checkbox-509\"><span class=\"wpcf7-form-control wpcf7-checkbox\"><span class=\"wpcf7-list-item first\"><input type=\"checkbox\" name=\"checkbox-509[]\" value=\"Exercices\" \/><span class=\"wpcf7-list-item-label\">Exercices<\/span><\/span><span class=\"wpcf7-list-item\"><input type=\"checkbox\" name=\"checkbox-509[]\" value=\"Plans de cours\" \/><span class=\"wpcf7-list-item-label\">Plans de cours<\/span><\/span><span class=\"wpcf7-list-item\"><input type=\"checkbox\" name=\"checkbox-509[]\" value=\"Texte \u00e0 jouer\" \/><span class=\"wpcf7-list-item-label\">Texte \u00e0 jouer<\/span><\/span><span class=\"wpcf7-list-item\"><input type=\"checkbox\" name=\"checkbox-509[]\" value=\"Texte p\u00e9dagogique\" \/><span class=\"wpcf7-list-item-label\">Texte p\u00e9dagogique<\/span><\/span><span class=\"wpcf7-list-item last\"><input type=\"checkbox\" name=\"checkbox-509[]\" value=\"Autres\" \/><span class=\"wpcf7-list-item-label\">Autres<\/span><\/span><\/span><\/span>\n<\/p>\n<p><b>Envoyez vos fichiers (Max 2mb chacun)<\/b>\n<\/p>\n<p><span class=\"wpcf7-form-control-wrap\" data-name=\"file-498\"><input size=\"40\" class=\"wpcf7-form-control wpcf7-file\" accept=\".pdf,.doc,.docx\" aria-invalid=\"false\" type=\"file\" name=\"file-498\" \/><\/span>\n<\/p>\n<p><span class=\"wpcf7-form-control-wrap\" data-name=\"file-499\"><input size=\"40\" class=\"wpcf7-form-control wpcf7-file\" accept=\".pdf,.doc,.docx\" aria-invalid=\"false\" type=\"file\" name=\"file-499\" \/><\/span>\n<\/p>\n<p><span class=\"wpcf7-form-control-wrap\" data-name=\"file-500\"><input size=\"40\" class=\"wpcf7-form-control wpcf7-file\" accept=\".pdf,.doc,.docx\" aria-invalid=\"false\" type=\"file\" name=\"file-500\" \/><\/span>\n<\/p>\n<p> Ou laissez votre exercice dans cette bo\u00eete de texte !<br \/>\n<span class=\"wpcf7-form-control-wrap\" data-name=\"your-message\"><textarea cols=\"40\" rows=\"10\" maxlength=\"2000\" class=\"wpcf7-form-control wpcf7-textarea\" aria-invalid=\"false\" name=\"your-message\"><\/textarea><\/span>\n<\/p>\n<p><input class=\"wpcf7-form-control wpcf7-submit has-spinner\" type=\"submit\" value=\"Place au partage !\" \/>\n<\/p><div class=\"wpcf7-response-output\" aria-hidden=\"true\"><\/div>\n<\/form>\n<\/div>\n[\/vc_column][\/vc_row]<\/p>\n<\/div>","protected":false},"excerpt":{"rendered":"<p>[vc_row][vc_column][vc_column_text] 2 minutes de votre temps ! La totalit\u00e9 des ressources que vous utilisez sur le site proviennent de la t\u00eate et de l&#8217;ordinateur de vos coll\u00e8gues.\u00a0 Les fichiers, les id\u00e9es et les exercices offerts vous sont sans doute d&#8217;une grande utilit\u00e9. C&#8217;est \u00e0 votre tour de &#8220;donner au suivant&#8221; en offrant une ressource \u00e0 [&hellip;]<\/p>\n","protected":false},"author":22,"featured_media":0,"parent":1695,"menu_order":7,"comment_status":"closed","ping_status":"closed","template":"","meta":{"footnotes":""},"class_list":["post-174","page","type-page","status-publish","hentry"],"jetpack_sharing_enabled":true,"_links":{"self":[{"href":"https:\/\/www.dramaction.qc.ca\/fr\/wp-json\/wp\/v2\/pages\/174","targetHints":{"allow":["GET"]}}],"collection":[{"href":"https:\/\/www.dramaction.qc.ca\/fr\/wp-json\/wp\/v2\/pages"}],"about":[{"href":"https:\/\/www.dramaction.qc.ca\/fr\/wp-json\/wp\/v2\/types\/page"}],"author":[{"embeddable":true,"href":"https:\/\/www.dramaction.qc.ca\/fr\/wp-json\/wp\/v2\/users\/22"}],"replies":[{"embeddable":true,"href":"https:\/\/www.dramaction.qc.ca\/fr\/wp-json\/wp\/v2\/comments?post=174"}],"version-history":[{"count":0,"href":"https:\/\/www.dramaction.qc.ca\/fr\/wp-json\/wp\/v2\/pages\/174\/revisions"}],"up":[{"embeddable":true,"href":"https:\/\/www.dramaction.qc.ca\/fr\/wp-json\/wp\/v2\/pages\/1695"}],"wp:attachment":[{"href":"https:\/\/www.dramaction.qc.ca\/fr\/wp-json\/wp\/v2\/media?parent=174"}],"curies":[{"name":"wp","href":"https:\/\/api.w.org\/{rel}","templated":true}]}}