{"id":1730,"date":"2011-01-11T08:20:49","date_gmt":"2011-01-11T13:20:49","guid":{"rendered":"http:\/\/www.dramaction.qc.ca\/fr\/"},"modified":"2011-01-11T09:07:27","modified_gmt":"2011-01-11T14:07:27","slug":"les-personnages","status":"publish","type":"page","link":"https:\/\/www.dramaction.qc.ca\/fr\/ressources\/la-commedia-dell%e2%80%99arte\/les-personnages\/","title":{"rendered":"Les personnages"},"content":{"rendered":"<p>Voir aussi : <a href=\"..\/ressources\/la-commedia-dell%E2%80%99arte\/les-masques\/\">Les masques<\/a> | <a href=\"..\/ressources\/la-commedia-dell%E2%80%99arte\/\">Qu&#8217;est-ce que la Commedia dell&#8217;arte<\/a> | <a href=\"..\/ressources\/la-commedia-dell%E2%80%99arte\/historique\/\">Historique<\/a><\/p>\n<p>Il y a trois types de personnages dans la commedia dell\u2019arte :<\/p>\n<p style=\"padding-left: 30px;\">&#8211; Les Zanni<br \/>\n&#8211; Les Vieillards<br \/>\n&#8211; Les Amoureux<\/p>\n<p style=\"padding-left: 30px;\">Tous les masques pr\u00e9sent\u00e9s dans cette page sont disponibles \u00e0 &#8220;<a href=\"http:\/\/atelierpirate.tripod.com\/index.html\" target=\"_blank\">L&#8217;atelier Pirate<\/a>&#8221; de Montr\u00e9al.<\/p>\n<h3>\n<hr style=\"width: 100%;\" \/><\/h3>\n<h3>\n<div id=\"attachment_1737\" style=\"width: 160px\" class=\"wp-caption alignleft\"><a href=\"http:\/\/www.dramaction.qc.ca\/fr\/wp-content\/uploads\/2011\/01\/zanni.jpg\"><img decoding=\"async\" aria-describedby=\"caption-attachment-1737\" class=\"size-thumbnail wp-image-1737\" title=\"zanni\" src=\"http:\/\/www.dramaction.qc.ca\/fr\/wp-content\/uploads\/2011\/01\/zanni-150x150.jpg\" alt=\"\" width=\"150\" height=\"150\" srcset=\"https:\/\/www.dramaction.qc.ca\/fr\/wp-content\/uploads\/2011\/01\/zanni-150x150.jpg 150w, https:\/\/www.dramaction.qc.ca\/fr\/wp-content\/uploads\/2011\/01\/zanni-200x200.jpg 200w, https:\/\/www.dramaction.qc.ca\/fr\/wp-content\/uploads\/2011\/01\/zanni-100x100.jpg 100w\" sizes=\"(max-width: 150px) 100vw, 150px\" \/><\/a><p id=\"caption-attachment-1737\" class=\"wp-caption-text\">Zanni &quot;Atelier Pirate&quot;<\/p><\/div>\n<p>Zanni ::<\/h3>\n<p>Le mot Zanni est une abr\u00e9viation de Giovanni, un nom tr\u00e8s commun en  Italie \u00e0 cette \u00e9poque. Le Zanni \u00e9tait inspir\u00e9 des esclaves de l\u2019\u00e9poque :  \u00e9ternel infortun\u00e9, travailleur immigrant et d\u00e9poss\u00e9d\u00e9. L\u2019abr\u00e9viation de  Zanni est \u00ab Zan \u00bb. C\u2019est un peu comme une appellation passe-partout,  comme l\u2019expression \u00ab \u00catre un bon jack \u00bb, ou alors appeler tout le monde  Bob. Au 16e si\u00e8cle, des personnages \u00e9taient m\u00eame nomm\u00e9s Zan Paolo, ou  alors Zan Ganasso. Ce sont des paysans de Bergame qui descendaient  travailler \u00e0 Venise. Ils parlent souvent en dialecte et vivent le choc  culturel lorsqu\u2019ils arrivent en ville. Ils sont simples et ridicules.  Plus le nez du masque est long, plus ils sont ridicules. Simples et  sots, ils sont charmants de nature. Peut \u00eatre parfois agressif et  sauvage. Ils sont habill\u00e9s de sacs de farine et transportent toujours  quelque chose qui ne leur appartient pas : une bourse, une batte, de la  nourriture, des lettres\u2026 Deux types de Zanni : &#8211; intelligent et rus\u00e9  (Brighella, Scapin), issu de la haute ville de Bergame, plus habitu\u00e9 \u00e0  Venise \u2013 na\u00eff et capable de trouvailles impr\u00e9visibles, Arlequin.<\/p>\n<div id=\"attachment_1738\" style=\"width: 160px\" class=\"wp-caption alignleft\"><a href=\"http:\/\/www.dramaction.qc.ca\/fr\/wp-content\/uploads\/2011\/01\/harlequin.jpg\"><img decoding=\"async\" aria-describedby=\"caption-attachment-1738\" class=\"size-thumbnail wp-image-1738 \" title=\"Arlequin\" src=\"http:\/\/www.dramaction.qc.ca\/fr\/wp-content\/uploads\/2011\/01\/harlequin-150x150.jpg\" alt=\"\" width=\"150\" height=\"150\" srcset=\"https:\/\/www.dramaction.qc.ca\/fr\/wp-content\/uploads\/2011\/01\/harlequin-150x150.jpg 150w, https:\/\/www.dramaction.qc.ca\/fr\/wp-content\/uploads\/2011\/01\/harlequin-200x200.jpg 200w, https:\/\/www.dramaction.qc.ca\/fr\/wp-content\/uploads\/2011\/01\/harlequin-100x100.jpg 100w\" sizes=\"(max-width: 150px) 100vw, 150px\" \/><\/a><p id=\"caption-attachment-1738\" class=\"wp-caption-text\">Arlequin  &quot;Atelier Pirate&quot;<\/p><\/div>\n<p><span style=\"color: #ffffff;\">.<\/span><\/p>\n<p><span style=\"color: #ffffff;\"> <\/span><\/p>\n<p><strong>Arlequin :<\/strong><br \/>\nSot, niais, balourd, gourmand, c\u2019est un grand enfant. Il a l\u2019instinct de  l\u2019animal, agile et poltron. Deux Arlequin ensemble peuvent \u00e9quivaloir \u00e0  une personne enti\u00e8re (un a 40% et l\u2019autre 60% de l\u2019intelligence).  Amoureux de Colombine. Il fait tout son possible pour avoir de l\u2019esprit,  et pousse cette envie parfois jusqu\u2019\u00e0 la malice. Il excelle dans les  quiproquos et s\u2019en sort toujours\u2026perdant.<\/p>\n<p><span style=\"color: #ffffff;\">.<\/span><\/p>\n<p><span style=\"color: #ffffff;\">.<\/span><\/p>\n<p><strong>Scapin et Sganarelle :<\/strong><br \/>\nIntrigant, fourbe, menteur, aime berner, tromper les gens, tavernier,  affranchi, soldat. Rus\u00e9 et actif, il tes toujours pr\u00eat \u00e0 prendre la  fuite quand les choses tournent mal. Tombant souvent amoureux, il court  d\u2019une \u00e0 l\u2019autre, mais choisit toujours des femmes de sa condition  (zanni).<\/p>\n<p><strong>Brighella :<\/strong><br \/>\nPatron des Zanni. Rus\u00e9. Il est souvent aubergiste.<\/p>\n<div id=\"attachment_1742\" style=\"width: 160px\" class=\"wp-caption alignleft\"><a href=\"http:\/\/www.dramaction.qc.ca\/fr\/wp-content\/uploads\/2011\/01\/polichinelle.jpg\"><img decoding=\"async\" aria-describedby=\"caption-attachment-1742\" class=\"size-thumbnail wp-image-1742\" title=\"polichinelle\" src=\"http:\/\/www.dramaction.qc.ca\/fr\/wp-content\/uploads\/2011\/01\/polichinelle-150x150.jpg\" alt=\"\" width=\"150\" height=\"150\" srcset=\"https:\/\/www.dramaction.qc.ca\/fr\/wp-content\/uploads\/2011\/01\/polichinelle-150x150.jpg 150w, https:\/\/www.dramaction.qc.ca\/fr\/wp-content\/uploads\/2011\/01\/polichinelle-200x200.jpg 200w, https:\/\/www.dramaction.qc.ca\/fr\/wp-content\/uploads\/2011\/01\/polichinelle-100x100.jpg 100w\" sizes=\"(max-width: 150px) 100vw, 150px\" \/><\/a><p id=\"caption-attachment-1742\" class=\"wp-caption-text\">Pilichinelle &quot;Atelier Pirate&quot;<\/p><\/div>\n<p><strong>Polichinelle :<\/strong><\/p>\n<p>Caract\u00e8re retors, inqui\u00e9tant, un peu diabolique, magouilleur. Il porte  un masque noir et est malin. Il aime se battre, est fanfaron, adore  manger comme la plupart des Zanni et il est niais et stupide, mais pas toujours. Na\u00eff et enfantin dans le  langage, il peut \u00eatre valet ou tenancier, ou soldat ou bandit. Il est  noir \u00e0 l\u2019int\u00e9rieur, sarcastique. Il ne garde aucun secret, de l\u00e0  l\u2019expression \u00ab un secret de Polichinelle \u00bb. Il est bossu, ventru,  difforme, blas\u00e9. Il a tout vu, tout entendu. Son nez est crochu.<\/p>\n<p><span style=\"color: #ffffff;\"> <\/span><\/p>\n<p><strong>Pedrolino :<\/strong><br \/>\nL\u2019anc\u00eatre de notre Pierrot. Ce serviteur n\u2019est pas masqu\u00e9. Il danse et  saute comme Arlequin, mais il est malheureux en amour. Il est tr\u00e8s  maladroit et propret, mani\u00e9r\u00e9. C\u2019est la valet de la Sig\u00f1ora.<\/p>\n<h3>\n<hr style=\"width: 100%;\" \/>\n<div id=\"attachment_1744\" style=\"width: 160px\" class=\"wp-caption alignleft\"><a href=\"http:\/\/www.dramaction.qc.ca\/fr\/wp-content\/uploads\/2011\/01\/veillardpantaloon.jpg\"><img decoding=\"async\" aria-describedby=\"caption-attachment-1744\" class=\"size-thumbnail wp-image-1744\" title=\"veillardpantaloon\" src=\"http:\/\/www.dramaction.qc.ca\/fr\/wp-content\/uploads\/2011\/01\/veillardpantaloon-150x150.jpg\" alt=\"\" width=\"150\" height=\"150\" srcset=\"https:\/\/www.dramaction.qc.ca\/fr\/wp-content\/uploads\/2011\/01\/veillardpantaloon-150x150.jpg 150w, https:\/\/www.dramaction.qc.ca\/fr\/wp-content\/uploads\/2011\/01\/veillardpantaloon-200x200.jpg 200w, https:\/\/www.dramaction.qc.ca\/fr\/wp-content\/uploads\/2011\/01\/veillardpantaloon-100x100.jpg 100w\" sizes=\"(max-width: 150px) 100vw, 150px\" \/><\/a><p id=\"caption-attachment-1744\" class=\"wp-caption-text\">Les vieillards &quot;Atelier Pirate&quot;<\/p><\/div>\n<p>Les vieillards<\/h3>\n<p>Les vieillards repr\u00e9sentent souvent des marchands avaricieux ou vicieux.<\/p>\n<p><strong>Tartaglia :<\/strong><br \/>\nVieux, il est p\u00e8re de famille. Il b\u00e9gaie et a de grosses lunettes.  Bedonnant, c\u2019est un r\u00f4le secondaire. Il est apothicaire et il est tr\u00e8s  r\u00eaveur, toujours un peu dans son monde, perdu dans sa po\u00e9sie.<\/p>\n<p><strong>La Signora :<\/strong><br \/>\nMature, elle aime le capitaine et passe son temps \u00e0 tenter de le  charmer. Elle fait penser \u00e0 la Castafiore, pleine de bijoux.  Superficielle, charmeuse, entremetteuse, elle n\u2019a pas la langue dans sa  poche. Son serviteur est Pedrolino.<\/p>\n<div id=\"attachment_1745\" style=\"width: 160px\" class=\"wp-caption alignleft\"><a href=\"http:\/\/www.dramaction.qc.ca\/fr\/wp-content\/uploads\/2011\/01\/pantalon.jpg\"><img decoding=\"async\" aria-describedby=\"caption-attachment-1745\" class=\"size-thumbnail wp-image-1745\" title=\"pantalon\" src=\"http:\/\/www.dramaction.qc.ca\/fr\/wp-content\/uploads\/2011\/01\/pantalon-150x150.jpg\" alt=\"\" width=\"150\" height=\"150\" srcset=\"https:\/\/www.dramaction.qc.ca\/fr\/wp-content\/uploads\/2011\/01\/pantalon-150x150.jpg 150w, https:\/\/www.dramaction.qc.ca\/fr\/wp-content\/uploads\/2011\/01\/pantalon-200x200.jpg 200w, https:\/\/www.dramaction.qc.ca\/fr\/wp-content\/uploads\/2011\/01\/pantalon-100x100.jpg 100w\" sizes=\"(max-width: 150px) 100vw, 150px\" \/><\/a><p id=\"caption-attachment-1745\" class=\"wp-caption-text\">Pantalon &quot;Atelier Pirate&quot;<\/p><\/div>\n<p><strong>Pantalone :<\/strong><br \/>\nIl vient de Venise, c\u2019est un commer\u00e7ant tr\u00e8s riche. Il est avare,  m\u00e9fiant, prudent, parfois na\u00eff, bougon. Il joue au jeune homme amoureux.  Il est tr\u00e8s rancunier. C\u2019est un grand enfant de 100 ans. Il a un masque  don le nez ressemble \u00e0 un bec d\u2019aigle, des sourcils et une barbichette.  Il est v\u00eatu d\u2019un justaucorps et a toujours une bourse \u00e0 sa ceinture.  Son passe-temps pr\u00e9f\u00e9r\u00e9 : compter son argent.<\/p>\n<p><strong>Le Capitaine :<\/strong><br \/>\nIl vient d\u2019Espagne. Les Espagnols avaient envahi l\u2019Italie \u00e0 l\u2019\u00e9poque et  on se moquaient d\u2019eux. Il est souvent \u00e9tranger. Se croit beau, vantard,  vaniteux, c\u2019est un soldat mercenaire. Il pr\u00e9tend faire tomber les  femmes, raconte des histoires de bravoure, mas se d\u00e9gonfle face \u00e0 un  obstacle. Toute sa pr\u00e9tention est dans le nez de son masque. Il a un  costume flamboyant, un chapeau \u00e0 plumes, une \u00e9p\u00e9e et une cape.<\/p>\n<p><strong> <\/strong><\/p>\n<div id=\"attachment_1746\" style=\"width: 160px\" class=\"wp-caption alignleft\"><strong><strong><a href=\"http:\/\/www.dramaction.qc.ca\/fr\/wp-content\/uploads\/2011\/01\/docteur.jpg\"><img decoding=\"async\" aria-describedby=\"caption-attachment-1746\" class=\"size-thumbnail wp-image-1746\" title=\"docteur\" src=\"http:\/\/www.dramaction.qc.ca\/fr\/wp-content\/uploads\/2011\/01\/docteur-150x150.jpg\" alt=\"\" width=\"150\" height=\"150\" srcset=\"https:\/\/www.dramaction.qc.ca\/fr\/wp-content\/uploads\/2011\/01\/docteur-150x150.jpg 150w, https:\/\/www.dramaction.qc.ca\/fr\/wp-content\/uploads\/2011\/01\/docteur-200x200.jpg 200w, https:\/\/www.dramaction.qc.ca\/fr\/wp-content\/uploads\/2011\/01\/docteur-100x100.jpg 100w\" sizes=\"(max-width: 150px) 100vw, 150px\" \/><\/a><\/strong><\/strong><p id=\"caption-attachment-1746\" class=\"wp-caption-text\">Docteur &quot;Atelier Pirate&quot;<\/p><\/div>\n<p><strong>Le Docteur :<\/strong><br \/>\nGros, nigaud, stupide et absurde. Il est sp\u00e9cialiste en tout. Il dit des  phrases vides de sens, seulement pour parler. On l\u2019appelle docteur au  sens de \u00ab connaisseur \u00bb. Il a environ 60 ans et vient de Bologne. Il  sort parfois des mots \u00e9trangers qu\u2019il \u00e9corche, des citations latines et  des \u00e9thymologies bouffonnes. Il est tr\u00e8s sentencieux. On peut en fait  retrouver 2 types de docteurs : gros et bedonnant, parlant plus  lentement. Puis, un autre plus nerveux, don l\u2019\u00e9nergie est dans la t\u00eate,  plus filiforme et vif. Il est tant\u00f4t mari\u00e9, tant\u00f4t cocu, et d\u00e9pend de  Pantalon; il vit les m\u00eames m\u00e9saventures que lui la plupart du temps.<\/p>\n<p><span style=\"color: #ffffff;\">.<\/span><\/p>\n<p><span style=\"color: #ffffff;\">.<\/span><\/p>\n<h3>\n<hr style=\"width: 100%;\" \/>Les amoureux (ou les enfarin\u00e9s)<\/h3>\n<p><strong> <\/strong><\/p>\n<div id=\"attachment_1747\" style=\"width: 160px\" class=\"wp-caption alignleft\"><strong><strong><a href=\"http:\/\/www.dramaction.qc.ca\/fr\/wp-content\/uploads\/2011\/01\/colombine.jpg\"><img decoding=\"async\" aria-describedby=\"caption-attachment-1747\" class=\"size-thumbnail wp-image-1747\" title=\"colombine\" src=\"http:\/\/www.dramaction.qc.ca\/fr\/wp-content\/uploads\/2011\/01\/colombine-150x150.jpg\" alt=\"\" width=\"150\" height=\"150\" srcset=\"https:\/\/www.dramaction.qc.ca\/fr\/wp-content\/uploads\/2011\/01\/colombine-150x150.jpg 150w, https:\/\/www.dramaction.qc.ca\/fr\/wp-content\/uploads\/2011\/01\/colombine-200x200.jpg 200w, https:\/\/www.dramaction.qc.ca\/fr\/wp-content\/uploads\/2011\/01\/colombine-100x100.jpg 100w\" sizes=\"(max-width: 150px) 100vw, 150px\" \/><\/a><\/strong><\/strong><p id=\"caption-attachment-1747\" class=\"wp-caption-text\">Colombine &quot;Atelier Pirate&quot;<\/p><\/div>\n<p><strong>Colombine :<\/strong><br \/>\nOn aurait pu l\u2019inclure dans les serviteurs, puisqu\u2019elle est en effet une  Zania. Or, elle lit, danse, \u00e9crit, chante\u2026 C\u2019est une fille de la  campagne, solide. Elle a des propos gaillards et parle franc. Elle est  amoureuse d\u2019Arlequin. C\u2019est la seule qui est lucide dans la commedia  dell\u2019arte, et donc elle s\u2019occupe de r\u00e9gler les conflits. Autonome, elle  n\u2019a pas de d\u00e9fauts apparents. Masqu\u00e9e ou non.<\/p>\n<p><strong>Isabelle (Sylvia, Florinda) :<\/strong><br \/>\nJeune, belle, non masqu\u00e9e. Elle est centr\u00e9e sur elle-m\u00eame, capricieuse,  remplie de doute. Elle est en fait amoureuse de l\u2019amour. Elle est peu  patiente et se d\u00e9courage facilement. Elle s\u2019emporte facilement, aussi.  Sa grande excitation l\u2019emp\u00eache de communiquer efficacement. Elle tombe  souvent dans les pommes. Elle vient de Toscane, donc elle parle bien.<\/p>\n<p><strong>L\u00e9lio (L\u00e9andro, Flavio) :<\/strong><br \/>\nIl est tr\u00e8s centr\u00e9 sur lui-m\u00eame et po\u00e9tique. Lunatique, il ne pense qu\u2019\u00e0  sa belle. Il est amoureux de l\u2019amour et communique difficilement en  raison de sa trop grande excitation. Il s\u2019emporte rapidement et parle  bien, venant de Toscane.<\/p>\n","protected":false},"excerpt":{"rendered":"<p>Voir aussi : Les masques | Qu&#8217;est-ce que la Commedia dell&#8217;arte | Historique Il y a trois types de personnages dans la commedia dell\u2019arte : &#8211; Les Zanni &#8211; Les Vieillards &#8211; Les Amoureux Tous les masques pr\u00e9sent\u00e9s dans cette page sont disponibles \u00e0 &#8220;L&#8217;atelier Pirate&#8221; de Montr\u00e9al. Zanni :: Le mot Zanni est une [&hellip;]<\/p>\n","protected":false},"author":22,"featured_media":0,"parent":1723,"menu_order":453,"comment_status":"open","ping_status":"closed","template":"","meta":{"footnotes":""},"class_list":["post-1730","page","type-page","status-publish","hentry"],"jetpack_sharing_enabled":true,"_links":{"self":[{"href":"https:\/\/www.dramaction.qc.ca\/fr\/wp-json\/wp\/v2\/pages\/1730","targetHints":{"allow":["GET"]}}],"collection":[{"href":"https:\/\/www.dramaction.qc.ca\/fr\/wp-json\/wp\/v2\/pages"}],"about":[{"href":"https:\/\/www.dramaction.qc.ca\/fr\/wp-json\/wp\/v2\/types\/page"}],"author":[{"embeddable":true,"href":"https:\/\/www.dramaction.qc.ca\/fr\/wp-json\/wp\/v2\/users\/22"}],"replies":[{"embeddable":true,"href":"https:\/\/www.dramaction.qc.ca\/fr\/wp-json\/wp\/v2\/comments?post=1730"}],"version-history":[{"count":0,"href":"https:\/\/www.dramaction.qc.ca\/fr\/wp-json\/wp\/v2\/pages\/1730\/revisions"}],"up":[{"embeddable":true,"href":"https:\/\/www.dramaction.qc.ca\/fr\/wp-json\/wp\/v2\/pages\/1723"}],"wp:attachment":[{"href":"https:\/\/www.dramaction.qc.ca\/fr\/wp-json\/wp\/v2\/media?parent=1730"}],"curies":[{"name":"wp","href":"https:\/\/api.w.org\/{rel}","templated":true}]}}