{"id":1727,"date":"2011-01-11T08:20:28","date_gmt":"2011-01-11T13:20:28","guid":{"rendered":"http:\/\/www.dramaction.qc.ca\/fr\/"},"modified":"2011-01-11T09:07:04","modified_gmt":"2011-01-11T14:07:04","slug":"les-masques","status":"publish","type":"page","link":"https:\/\/www.dramaction.qc.ca\/fr\/ressources\/la-commedia-dell%e2%80%99arte\/les-masques\/","title":{"rendered":"Les masques"},"content":{"rendered":"<p>Voir aussi : <a href=\"..\/ressources\/la-commedia-dell%E2%80%99arte\/les-personnages\/\">Les personnages<\/a> | <a href=\"..\/ressources\/la-commedia-dell%E2%80%99arte\/\">Qu&#8217;est-ce que la Commedia dell&#8217;arte<\/a> | <a href=\"..\/ressources\/la-commedia-dell%E2%80%99arte\/historique\/\">Historique<\/a><\/p>\n<h3>Les masques<\/h3>\n<p><a href=\"http:\/\/www.dramaction.qc.ca\/fr\/wp-content\/uploads\/2011\/01\/masques.jpg\"><img decoding=\"async\" class=\"alignleft size-medium wp-image-1757\" style=\"margin: 10px;\" title=\"masques\" src=\"http:\/\/www.dramaction.qc.ca\/fr\/wp-content\/uploads\/2011\/01\/masques-300x178.jpg\" alt=\"\" width=\"300\" height=\"178\" srcset=\"https:\/\/www.dramaction.qc.ca\/fr\/wp-content\/uploads\/2011\/01\/masques-300x178.jpg 300w, https:\/\/www.dramaction.qc.ca\/fr\/wp-content\/uploads\/2011\/01\/masques-500x296.jpg 500w, https:\/\/www.dramaction.qc.ca\/fr\/wp-content\/uploads\/2011\/01\/masques.jpg 1024w\" sizes=\"(max-width: 300px) 100vw, 300px\" \/><\/a>Le jeu masqu\u00e9 sert tout simplement \u00e0 caract\u00e9riser des personnages. Comme  la commedia dell\u2019arte rit des figures autoritaires, d\u00e9nonce les classes  sociales et d\u00e9peint les ridicules et les travers de personnages typ\u00e9s.  Le masque est donc le personnage en lui-m\u00eame; non seulement il le  repr\u00e9sente, mais il est le personnage. Dans un m\u00eame ordre d\u2019id\u00e9es, le  personnage est le masque.<\/p>\n<p>Partie int\u00e9grante de la commedia dell\u2019arte, donc, le masque est sacr\u00e9.  Il doit \u00eatre consid\u00e9r\u00e9 comme l\u2019outil principal de l\u2019acteur qui veut  exp\u00e9rimenter la commedia dell\u2019arte. Tout le personnage, devrait-on dire  le caract\u00e8re, est bas\u00e9 sur le jeu masqu\u00e9 et sur le masque en lui-m\u00eame.<\/p>\n<p>Tous les personnages sont masqu\u00e9s, sauf quelques uns. Or, m\u00eame ceux qui  ne sont pas masqu\u00e9s sont des masques en eux-m\u00eame; ils sont tr\u00e8s  caract\u00e9ris\u00e9s.<\/p>\n<p>Le masque r\u00e9f\u00e8re \u00e0 un caract\u00e8re nullement psychologique et renvoie \u00e0  l\u2019action et au mouvement. Il n\u2019y a aucune catharsis possible dans la  commedia dell\u2019arte. Le rire d\u00e9pend du st\u00e9r\u00e9otype.<\/p>\n<h3>Partenaire de Dramaction<\/h3>\n<p>Une entreprise de Montr\u00e9al fait, \u00e0 mon avis, les plus beaux masques de th\u00e9\u00e2tre et pour en poss\u00e9der quelques-uns (offerts par mes \u00e9l\u00e8ves), ils se portent tr\u00e8s bien et sont pratiques pour le jeu !<\/p>\n<p>D\u00e9couvrez ces masques chez : <a href=\"http:\/\/atelierpirate.tripod.com\/index.html\" target=\"_blank\">Atelier Pirate !<\/a><\/p>\n","protected":false},"excerpt":{"rendered":"<p>Voir aussi : Les personnages | Qu&#8217;est-ce que la Commedia dell&#8217;arte | Historique Les masques Le jeu masqu\u00e9 sert tout simplement \u00e0 caract\u00e9riser des personnages. Comme la commedia dell\u2019arte rit des figures autoritaires, d\u00e9nonce les classes sociales et d\u00e9peint les ridicules et les travers de personnages typ\u00e9s. Le masque est donc le personnage en lui-m\u00eame; [&hellip;]<\/p>\n","protected":false},"author":22,"featured_media":0,"parent":1723,"menu_order":452,"comment_status":"open","ping_status":"closed","template":"","meta":{"footnotes":""},"class_list":["post-1727","page","type-page","status-publish","hentry"],"jetpack_sharing_enabled":true,"_links":{"self":[{"href":"https:\/\/www.dramaction.qc.ca\/fr\/wp-json\/wp\/v2\/pages\/1727","targetHints":{"allow":["GET"]}}],"collection":[{"href":"https:\/\/www.dramaction.qc.ca\/fr\/wp-json\/wp\/v2\/pages"}],"about":[{"href":"https:\/\/www.dramaction.qc.ca\/fr\/wp-json\/wp\/v2\/types\/page"}],"author":[{"embeddable":true,"href":"https:\/\/www.dramaction.qc.ca\/fr\/wp-json\/wp\/v2\/users\/22"}],"replies":[{"embeddable":true,"href":"https:\/\/www.dramaction.qc.ca\/fr\/wp-json\/wp\/v2\/comments?post=1727"}],"version-history":[{"count":0,"href":"https:\/\/www.dramaction.qc.ca\/fr\/wp-json\/wp\/v2\/pages\/1727\/revisions"}],"up":[{"embeddable":true,"href":"https:\/\/www.dramaction.qc.ca\/fr\/wp-json\/wp\/v2\/pages\/1723"}],"wp:attachment":[{"href":"https:\/\/www.dramaction.qc.ca\/fr\/wp-json\/wp\/v2\/media?parent=1727"}],"curies":[{"name":"wp","href":"https:\/\/api.w.org\/{rel}","templated":true}]}}