{"id":1725,"date":"2011-01-11T08:20:09","date_gmt":"2011-01-11T13:20:09","guid":{"rendered":"http:\/\/www.dramaction.qc.ca\/fr\/"},"modified":"2011-01-11T09:06:05","modified_gmt":"2011-01-11T14:06:05","slug":"historique","status":"publish","type":"page","link":"https:\/\/www.dramaction.qc.ca\/fr\/ressources\/la-commedia-dell%e2%80%99arte\/historique\/","title":{"rendered":"Historique"},"content":{"rendered":"<p>Voir aussi : <a href=\"http:\/\/www.dramaction.qc.ca\/fr\/ressources\/la-commedia-dell%E2%80%99arte\/les-personnages\/\">Les personnages<\/a> | <a href=\"http:\/\/www.dramaction.qc.ca\/fr\/ressources\/la-commedia-dell%E2%80%99arte\/les-masques\/\">Les masques<\/a> | <a href=\"http:\/\/www.dramaction.qc.ca\/fr\/ressources\/la-commedia-dell%E2%80%99arte\/\">Qu&#8217;est-ce que la Commedia dell&#8217;arte<\/a><\/p>\n<h3>HISTORIQUE De la commedia dell\u2019arte<\/h3>\n<p>La commedia est une forme de com\u00e9die populaire, qui est apparue vers  1550 en Italie. Le premier contrat que l&#8217;on ait trouv\u00e9 date de 1545, et  atteste de la pr\u00e9sence d&#8217;une troupe \u00e0 Padoue.<\/p>\n<p>Mais la commedia remonterait en fait au Moyen Age, \u00e0 l&#8217;\u00e9poque o\u00f9 l&#8217;on  joue des farces dans les divers dialectes des r\u00e9gions d&#8217;Italie. C&#8217;est un  divertissement pour le grand public. Ces troupes se composent  d&#8217;acrobates, de m\u00e9n\u00e9strels, de com\u00e9diens qui ont choisi de rompre avec  le texte \u00e9crit, en utilisant simplement un canevas. \u00c0 partir d&#8217;une  intrigue simple, ils improvisent des com\u00e9dies m\u00eal\u00e9es de chants, de  danse, d&#8217;acrobaties, \u00e0 travers des personnages st\u00e9r\u00e9otyp\u00e9s et des  situations burlesques. A l&#8217;exception des r\u00f4les amoureux, tous les  acteurs portent des masques.<\/p>\n<p>Dans les ann\u00e9es 1600, les gouvernements espagnols et fran\u00e7ais essay\u00e8rent  de censurer ce r\u00e9pertoire, mais ce comique finit par s&#8217;int\u00e9grer au fur  et \u00e0 mesure dans les formes de th\u00e9\u00e2tre &#8220;nobles&#8221;. On voit nettement son  influence dans les com\u00e9dies de Moli\u00e8re (Les Fourberies de Scapin) et de  Marivaux (Arlequin poli par l&#8217;amour).<\/p>\n<p>En Italie, Carlo Gozzi et Carlo Goldoni (Arlequin, serviteur de deux  ma\u00eetres) rivalis\u00e8rent pour faire revivre la commedia au XVIIe si\u00e8cle,  sans trop de succ\u00e8s.<\/p>\n<p>La commedia dell&#8217;arte a influenc\u00e9 d&#8217;autres formes de th\u00e9\u00e2tre, notamment  la com\u00e9die allemande, espagnole ou d&#8217;Europe centrale, l&#8217;arlequinade  anglaise, la pantomime fran\u00e7aise, les repr\u00e9sentations de marionnettes  (notamment Guignol), jusqu&#8217;aux prestations des grands comiques du cin\u00e9ma  muet, comme Chaplin.<\/p>\n","protected":false},"excerpt":{"rendered":"<p>Voir aussi : Les personnages | Les masques | Qu&#8217;est-ce que la Commedia dell&#8217;arte HISTORIQUE De la commedia dell\u2019arte La commedia est une forme de com\u00e9die populaire, qui est apparue vers 1550 en Italie. Le premier contrat que l&#8217;on ait trouv\u00e9 date de 1545, et atteste de la pr\u00e9sence d&#8217;une troupe \u00e0 Padoue. Mais la [&hellip;]<\/p>\n","protected":false},"author":22,"featured_media":0,"parent":1723,"menu_order":451,"comment_status":"open","ping_status":"closed","template":"","meta":{"footnotes":""},"class_list":["post-1725","page","type-page","status-publish","hentry"],"jetpack_sharing_enabled":true,"_links":{"self":[{"href":"https:\/\/www.dramaction.qc.ca\/fr\/wp-json\/wp\/v2\/pages\/1725","targetHints":{"allow":["GET"]}}],"collection":[{"href":"https:\/\/www.dramaction.qc.ca\/fr\/wp-json\/wp\/v2\/pages"}],"about":[{"href":"https:\/\/www.dramaction.qc.ca\/fr\/wp-json\/wp\/v2\/types\/page"}],"author":[{"embeddable":true,"href":"https:\/\/www.dramaction.qc.ca\/fr\/wp-json\/wp\/v2\/users\/22"}],"replies":[{"embeddable":true,"href":"https:\/\/www.dramaction.qc.ca\/fr\/wp-json\/wp\/v2\/comments?post=1725"}],"version-history":[{"count":0,"href":"https:\/\/www.dramaction.qc.ca\/fr\/wp-json\/wp\/v2\/pages\/1725\/revisions"}],"up":[{"embeddable":true,"href":"https:\/\/www.dramaction.qc.ca\/fr\/wp-json\/wp\/v2\/pages\/1723"}],"wp:attachment":[{"href":"https:\/\/www.dramaction.qc.ca\/fr\/wp-json\/wp\/v2\/media?parent=1725"}],"curies":[{"name":"wp","href":"https:\/\/api.w.org\/{rel}","templated":true}]}}