{"id":1723,"date":"2011-01-11T08:19:25","date_gmt":"2011-01-11T13:19:25","guid":{"rendered":"http:\/\/www.dramaction.qc.ca\/fr\/"},"modified":"2011-01-11T09:06:38","modified_gmt":"2011-01-11T14:06:38","slug":"la-commedia-dell%e2%80%99arte","status":"publish","type":"page","link":"https:\/\/www.dramaction.qc.ca\/fr\/ressources\/la-commedia-dell%e2%80%99arte\/","title":{"rendered":"La commedia dell\u2019arte"},"content":{"rendered":"<p>Voir aussi : <a href=\"..\/ressources\/la-commedia-dell%E2%80%99arte\/les-personnages\/\">Les personnages<\/a> | <a href=\"..\/ressources\/la-commedia-dell%E2%80%99arte\/les-masques\/\">Les masques<\/a> | <a href=\"..\/ressources\/la-commedia-dell%E2%80%99arte\/historique\/\">Historique<\/a><\/p>\n<h3>QU\u2019EST-CE QUE LA COMMEDIA DELL\u2019ARTE?<\/h3>\n<p>La commedia dell\u2019arte est une com\u00e9die improvis\u00e9e, invent\u00e9e en Italie au 15e si\u00e8cle. On l\u2019appelle aussi commedia improviso (com\u00e9die improvis\u00e9e). L\u2019appellation commedia dell\u2019arte est difficile \u00e0 traduire. On peut parler de \u00ab com\u00e9die des artistes \u00bb. En effet, les pi\u00e8ces \u00e9taient jou\u00e9es par des com\u00e9diens professionnels. On parle aussi de commedia alla maschara, puisque dans ce genre, les com\u00e9diens sont, la plupart du temps, masqu\u00e9s.<br \/>\nLe nom de commedia dell\u2019arte n\u2019est apparu qu\u2019au 18e si\u00e8cle, alors que certains auteurs popularis\u00e8rent ce genre en France, dont notamment Carlo Goldoni.<\/p>\n<div id=\"attachment_1755\" style=\"width: 310px\" class=\"wp-caption alignleft\"><a href=\"http:\/\/www.dramaction.qc.ca\/fr\/wp-content\/uploads\/2011\/01\/commedia.jpg\"><img decoding=\"async\" aria-describedby=\"caption-attachment-1755\" class=\"size-medium wp-image-1755\" title=\"commedia\" src=\"http:\/\/www.dramaction.qc.ca\/fr\/wp-content\/uploads\/2011\/01\/commedia-300x199.jpg\" alt=\"\" width=\"300\" height=\"199\" srcset=\"https:\/\/www.dramaction.qc.ca\/fr\/wp-content\/uploads\/2011\/01\/commedia-300x199.jpg 300w, https:\/\/www.dramaction.qc.ca\/fr\/wp-content\/uploads\/2011\/01\/commedia-500x332.jpg 500w, https:\/\/www.dramaction.qc.ca\/fr\/wp-content\/uploads\/2011\/01\/commedia.jpg 760w\" sizes=\"(max-width: 300px) 100vw, 300px\" \/><\/a><p id=\"caption-attachment-1755\" class=\"wp-caption-text\">Personnages de la Commedia en sc\u00e8ne<\/p><\/div>\n<p>Ce qu\u2019il est important de savoir, en fait, c\u2019est que la commedia dell\u2019arte est jou\u00e9e par des acteurs professionnels, masqu\u00e9s, pr\u00e9sent\u00e9e \u00e0 l\u2019ext\u00e9rieur, sur une sc\u00e8ne publique et temporaire, avec des costumes simples. En effet, il faut savoir qu\u2019au 15e si\u00e8cle, cela \u00e9tait tout \u00e0 fait nouveau; \u00e0 cette \u00e9poque, le th\u00e9\u00e2tre se faisait surtout de fa\u00e7on amateure, \u00e9tait \u00e9crit et se jouait sans masque, \u00e0 l\u2019int\u00e9rieur, sur des sc\u00e8nes priv\u00e9es et avec des costumes assez \u00e9labor\u00e9s. Ainsi, la commedia dell\u2019arte est le contraire de la commedia erudita. Les acteurs qui jouaient de la commedia dell\u2019arte se consid\u00e9raient donc comme des artistes, et voulaient faire un th\u00e9\u00e2tre de qualit\u00e9. C\u2019est pourquoi on pourrait traduire commedia dell\u2019arte pas \u00ab com\u00e9die de l\u2019art \u00bb, ou \u00ab des artistes \u00bb.<\/p>\n<p>Ainsi, avant le 18e si\u00e8cle, on l\u2019appelle commedia degli Zanni (com\u00e9die des Zanni), commedia a soggestto(com\u00e9die \u00e0 canevas), ou commedia all\u2019italiana (com\u00e9die \u00e0 l\u2019italienne).<\/p>\n<p>Enti\u00e8rement improvis\u00e9e, la commedia dell\u2019arte privil\u00e9gie une relation \u00ab donnant-donnant \u00bb avec le public. Les com\u00e9diens jouaient, sur la place publique, des sc\u00e8nes dr\u00f4les et grotesques. On tentait d\u2019attirer la foule avec des personnages tr\u00e8s typ\u00e9s.<\/p>\n<p><strong>Le canevas, support pour l\u2019improvisation<\/strong><br \/>\nLe canevas est le sc\u00e9nario sur lequel l\u2019action est bas\u00e9e. C\u2019est une cr\u00e9ation collective; il le faut, puisque l\u2019acteur qui improvise doit \u00eatre suivi par les autres pour que l\u2019action co\u00efncide. Le canevas est sommaire : entr\u00e9es et sorties, r\u00e9sum\u00e9 de l\u2019intrigue, grandes articulations de la fable et moments charni\u00e8res, \u00ab punch \u00bb, conclusion de la fable. Les com\u00e9diens empruntent et puisent partout leurs sujets, leurs intrigues. Les intrigues sont toujours simples. En italien, scenario signifie d\u00e9cor. \u00c7a veut tout dire\u2026 le canevas sert donc de \u00ab d\u00e9cor \u00bb \u00e0 la pi\u00e8ce, c\u2019est \u00e0 dire qu\u2019il supporte.<\/p>\n<p>Le canevas, donc, est un sch\u00e9ma qui dirige le jeu de l\u2019acteur. En effet, certaines sc\u00e8nes peuvent \u00eatre parfois \u00e9crites de fa\u00e7on \u00e0 diriger l\u2019action particuli\u00e8rement. Ces sc\u00e8nes non improvis\u00e9es sont appel\u00e9es non scritta ou sei maschere. Dans tout bon canevas, l\u2019acteur est libre d\u2019improviser \u00e0 son gr\u00e9. L\u2019acteur qui joue le r\u00f4le d\u2019Arlequin, par exemple, fera \u00e0 coup s\u00fbr un lazzi. Un lazzi, c\u2019est une sorte de jeu de sc\u00e8ne bouffon, une mimique improvis\u00e9e qui caract\u00e9rise le personnage. On peut comparer le lazzi \u00e0 quand on s\u2019arr\u00eate, dans la vie, pour attacher son soulier. C\u2019est une partie inspir\u00e9e de l\u2019action, mais qui ne la fait aucunement avancer.<\/p>\n<p>Au d\u00e9part, le canevas mettait en sc\u00e8ne surtout Arlequin et Pantalon, ou alors un zanni et Pantalon.<br \/>\nLe rire d\u00e9pend du st\u00e9r\u00e9otype, de la d\u00e9rision, de l\u2019exag\u00e9ration des caract\u00e8res.<\/p>\n","protected":false},"excerpt":{"rendered":"<p>Voir aussi : Les personnages | Les masques | Historique QU\u2019EST-CE QUE LA COMMEDIA DELL\u2019ARTE? La commedia dell\u2019arte est une com\u00e9die improvis\u00e9e, invent\u00e9e en Italie au 15e si\u00e8cle. On l\u2019appelle aussi commedia improviso (com\u00e9die improvis\u00e9e). L\u2019appellation commedia dell\u2019arte est difficile \u00e0 traduire. On peut parler de \u00ab com\u00e9die des artistes \u00bb. En effet, les pi\u00e8ces [&hellip;]<\/p>\n","protected":false},"author":22,"featured_media":0,"parent":34,"menu_order":450,"comment_status":"open","ping_status":"closed","template":"","meta":{"footnotes":""},"class_list":["post-1723","page","type-page","status-publish","hentry"],"jetpack_sharing_enabled":true,"_links":{"self":[{"href":"https:\/\/www.dramaction.qc.ca\/fr\/wp-json\/wp\/v2\/pages\/1723","targetHints":{"allow":["GET"]}}],"collection":[{"href":"https:\/\/www.dramaction.qc.ca\/fr\/wp-json\/wp\/v2\/pages"}],"about":[{"href":"https:\/\/www.dramaction.qc.ca\/fr\/wp-json\/wp\/v2\/types\/page"}],"author":[{"embeddable":true,"href":"https:\/\/www.dramaction.qc.ca\/fr\/wp-json\/wp\/v2\/users\/22"}],"replies":[{"embeddable":true,"href":"https:\/\/www.dramaction.qc.ca\/fr\/wp-json\/wp\/v2\/comments?post=1723"}],"version-history":[{"count":0,"href":"https:\/\/www.dramaction.qc.ca\/fr\/wp-json\/wp\/v2\/pages\/1723\/revisions"}],"up":[{"embeddable":true,"href":"https:\/\/www.dramaction.qc.ca\/fr\/wp-json\/wp\/v2\/pages\/34"}],"wp:attachment":[{"href":"https:\/\/www.dramaction.qc.ca\/fr\/wp-json\/wp\/v2\/media?parent=1723"}],"curies":[{"name":"wp","href":"https:\/\/api.w.org\/{rel}","templated":true}]}}