{"id":1695,"date":"2011-01-10T20:16:47","date_gmt":"2011-01-11T01:16:47","guid":{"rendered":"http:\/\/www.dramaction.qc.ca\/fr\/"},"modified":"2017-01-21T08:54:28","modified_gmt":"2017-01-21T13:54:28","slug":"participer-au-site","status":"publish","type":"page","link":"https:\/\/www.dramaction.qc.ca\/fr\/participer-au-site\/","title":{"rendered":"Participer au site"},"content":{"rendered":"<div class=\"wpb-content-wrapper\"><p>[vc_row][vc_column][vc_column_text]<\/p>\n<h2>Dramaction repose sur la participation&#8230;<\/h2>\n<p>Dramaction, c&#8217;est un lieu d&#8217;\u00e9changes entre les enseignants.\u00a0 Exercices, id\u00e9es, textes, liens&#8230; tout est en place pour contrer l&#8217;isolement souvent v\u00e9cu par les enseignants et les animateurs de th\u00e9\u00e2tre.<\/p>\n<h2><span style=\"color: #800000;\">Diff\u00e9rentes fa\u00e7ons de participer : <\/span><\/h2>\n<p><a href=\"http:\/\/www.dramaction.qc.ca\/fr\/wp-content\/uploads\/2011\/01\/partager.gif\"><img decoding=\"async\" class=\"alignleft size-full wp-image-1696\" title=\"partager\" src=\"http:\/\/www.dramaction.qc.ca\/fr\/wp-content\/uploads\/2011\/01\/partager.gif\" alt=\"\" width=\"173\" height=\"126\" srcset=\"https:\/\/www.dramaction.qc.ca\/fr\/wp-content\/uploads\/2011\/01\/partager.gif 173w, https:\/\/www.dramaction.qc.ca\/fr\/wp-content\/uploads\/2011\/01\/partager-500x364.gif 500w\" sizes=\"(max-width: 173px) 100vw, 173px\" \/><\/a><span style=\"color: #ffffff;\">.<\/span><\/p>\n<p><span style=\"background-color: #feeaec;\">Offrir une nouvelle ressource<\/span> \u00e0 tous les enseignants utilisateurs de Dramaction.<\/p>\n<p><a href=\"http:\/\/www.dramaction.qc.ca\/fr\/contact\/\">Cliquez ici pour OFFRIR une ressource<\/a><\/p>\n<p><span style=\"color: #ffffff;\">.<\/span><\/p>\n<p><a href=\"http:\/\/www.dramaction.qc.ca\/fr\/wp-content\/uploads\/2011\/01\/partenaires.gif\"><img decoding=\"async\" class=\"alignleft size-full wp-image-1697\" title=\"partenaires\" src=\"http:\/\/www.dramaction.qc.ca\/fr\/wp-content\/uploads\/2011\/01\/partenaires.gif\" alt=\"\" width=\"173\" height=\"126\" srcset=\"https:\/\/www.dramaction.qc.ca\/fr\/wp-content\/uploads\/2011\/01\/partenaires.gif 173w, https:\/\/www.dramaction.qc.ca\/fr\/wp-content\/uploads\/2011\/01\/partenaires-500x364.gif 500w\" sizes=\"(max-width: 173px) 100vw, 173px\" \/><\/a><span style=\"color: #ffffff;\">.<\/span><\/p>\n<p><span style=\"background-color: #feeaec;\">Acheter en ligne<\/span> le Fichier pratique des exercices de Dramaction.<\/p>\n<p><a href=\"http:\/\/www.dramaction.qc.ca\/fr\/contact\/fichier-pratique-des-exercices-de-dramaction\/\">Cliquez ici pour ACHETER<\/a> le fichier pratique des exercices de Dramaction.<\/p>\n<p>&nbsp;<\/p>\n<p><span style=\"color: #ffffff;\">.<\/span><\/p>\n<p><a href=\"http:\/\/www.dramaction.qc.ca\/fr\/wp-content\/uploads\/2011\/01\/a_props.gif\"><img decoding=\"async\" class=\"size-full wp-image-1698 alignleft\" title=\"a_props\" src=\"http:\/\/www.dramaction.qc.ca\/fr\/wp-content\/uploads\/2011\/01\/a_props.gif\" alt=\"\" width=\"173\" height=\"126\" srcset=\"https:\/\/www.dramaction.qc.ca\/fr\/wp-content\/uploads\/2011\/01\/a_props.gif 173w, https:\/\/www.dramaction.qc.ca\/fr\/wp-content\/uploads\/2011\/01\/a_props-500x364.gif 500w\" sizes=\"(max-width: 173px) 100vw, 173px\" \/><\/a><span style=\"color: #ffffff;\">.<\/span><\/p>\n<p><span style=\"background-color: #feeaec;\">Tout simplement faire un don \u00e0 Dramaction<\/span>, soulignant votre appr\u00e9ciation de notre travail b\u00e9n\u00e9vole.<\/p>\n<p><span style=\"color: #ffffff;\">.<\/span><\/p>\n<p><span style=\"color: #ffffff;\">.<\/span><\/p>\n<p>&nbsp;<\/p>\n<p>Faire un don en \u20ac<\/p>\n<form action=\"https:\/\/www.paypal.com\/cgi-bin\/webscr\" method=\"post\"><input alt=\"PayPal - la solution de paiement en ligne la plus simple et la plus s\u00e9curis\u00e9e !\" name=\"submit\" src=\"https:\/\/www.paypal.com\/fr_CA\/i\/btn\/btn_donateCC_LG.gif\" type=\"image\" \/> <img decoding=\"async\" class=\"bwzxoxgxiwpvxpuarlut\" src=\"https:\/\/www.paypal.com\/fr_CA\/i\/scr\/pixel.gif\" alt=\"\" width=\"1\" height=\"1\" border=\"0\" \/><\/form>\n<p>Faire un don en $\u00a0 canadien<\/p>\n<form action=\"https:\/\/www.paypal.com\/cgi-bin\/webscr\" method=\"post\"><input alt=\"PayPal - la solution de paiement en ligne la plus simple et la plus s\u00e9curis\u00e9e !\" name=\"submit\" src=\"https:\/\/www.paypal.com\/fr_CA\/i\/btn\/btn_donateCC_LG.gif\" type=\"image\" \/> <img decoding=\"async\" class=\"bwzxoxgxiwpvxpuarlut\" src=\"https:\/\/www.paypal.com\/fr_CA\/i\/scr\/pixel.gif\" alt=\"\" width=\"1\" height=\"1\" border=\"0\" \/><\/form>\n<p><span style=\"color: #ffffff;\">.<\/span><\/p>\n<p>Un sinc\u00e8re merci, c&#8217;est gr\u00e2ce \u00e0 vous que Dramaction peut continuer d&#8217;offrir ses services gratuitement ![\/vc_column_text][\/vc_column][\/vc_row]<\/p>\n<\/div>","protected":false},"excerpt":{"rendered":"<p>[vc_row][vc_column][vc_column_text] Dramaction repose sur la participation&#8230; Dramaction, c&#8217;est un lieu d&#8217;\u00e9changes entre les enseignants.\u00a0 Exercices, id\u00e9es, textes, liens&#8230; tout est en place pour contrer l&#8217;isolement souvent v\u00e9cu par les enseignants et les animateurs de th\u00e9\u00e2tre. Diff\u00e9rentes fa\u00e7ons de participer : . Offrir une nouvelle ressource \u00e0 tous les enseignants utilisateurs de Dramaction. Cliquez ici pour [&hellip;]<\/p>\n","protected":false},"author":22,"featured_media":0,"parent":0,"menu_order":446,"comment_status":"open","ping_status":"open","template":"","meta":{"footnotes":""},"class_list":["post-1695","page","type-page","status-publish","hentry"],"jetpack_sharing_enabled":true,"_links":{"self":[{"href":"https:\/\/www.dramaction.qc.ca\/fr\/wp-json\/wp\/v2\/pages\/1695","targetHints":{"allow":["GET"]}}],"collection":[{"href":"https:\/\/www.dramaction.qc.ca\/fr\/wp-json\/wp\/v2\/pages"}],"about":[{"href":"https:\/\/www.dramaction.qc.ca\/fr\/wp-json\/wp\/v2\/types\/page"}],"author":[{"embeddable":true,"href":"https:\/\/www.dramaction.qc.ca\/fr\/wp-json\/wp\/v2\/users\/22"}],"replies":[{"embeddable":true,"href":"https:\/\/www.dramaction.qc.ca\/fr\/wp-json\/wp\/v2\/comments?post=1695"}],"version-history":[{"count":0,"href":"https:\/\/www.dramaction.qc.ca\/fr\/wp-json\/wp\/v2\/pages\/1695\/revisions"}],"wp:attachment":[{"href":"https:\/\/www.dramaction.qc.ca\/fr\/wp-json\/wp\/v2\/media?parent=1695"}],"curies":[{"name":"wp","href":"https:\/\/api.w.org\/{rel}","templated":true}]}}