{"id":167,"date":"2010-10-23T21:42:04","date_gmt":"2010-10-24T01:42:04","guid":{"rendered":"http:\/\/www.dramaction.qc.ca\/fr\/"},"modified":"2023-11-25T14:39:13","modified_gmt":"2023-11-25T19:39:13","slug":"accueil","status":"publish","type":"page","link":"https:\/\/www.dramaction.qc.ca\/fr\/","title":{"rendered":"Accueil"},"content":{"rendered":"<div class=\"wpb-content-wrapper\"><p>[vc_row][vc_column][rev_slider_vc alias=&#8221;accueil&#8221;][\/vc_column][\/vc_row][vc_row][vc_column][vc_empty_space][\/vc_column][\/vc_row][vc_row][vc_column]<h1 style=\"text-align: left;color: #680101;margin-bottom: 25px;\">Les derni\u00e8res ressources \u00e9ducatives exclusives \u00e0 Dramaction<\/h1>[vc_column_text]Naviguez dans les cat\u00e9gories : <a href=\"http:\/\/www.dramaction.qc.ca\/fr\/categorie-produit\/exercices-et-ressources\/\">MAT\u00c9RIEL P\u00c9DAGOGIQUE<\/a> | <a href=\"http:\/\/www.dramaction.qc.ca\/fr\/categorie-produit\/pieces-de-theatre\/\">PI\u00c8CES DE TH\u00c9\u00c2TRE<\/a> | <a href=\"http:\/\/www.dramaction.qc.ca\/fr\/categorie-produit\/monologues\/\">MONOLOGUES<\/a>[\/vc_column_text][\/vc_column][\/vc_row][vc_row][vc_column]<div class=\"woocommerce columns-2 \"><div class=\"products row columns-2\">\n<div class=\"col-md-6 col-sm-6 product type-product post-7690 status-publish first instock product_cat-enseignement-virtuel product_cat-exercices-et-ressources has-post-thumbnail downloadable shipping-taxable purchasable product-type-simple\">\n\t<div class=\"project-item margin-bottom-20\">\n\t\t\t<figure>\n\t\t\t<a href=\"https:\/\/www.dramaction.qc.ca\/fr\/produit\/improvisation-en-ligne-30-points-de-depart-eprouves\/\">\n\t\t\t\t<img decoding=\"async\" width=\"200\" height=\"200\" src=\"https:\/\/www.dramaction.qc.ca\/fr\/wp-content\/uploads\/2020\/11\/improenligne-200x200.png\" class=\"attachment-woocommerce_thumbnail size-woocommerce_thumbnail\" alt=\"Improvisation en ligne : 30 points de d\u00e9part \u00e9prouv\u00e9s\" srcset=\"https:\/\/www.dramaction.qc.ca\/fr\/wp-content\/uploads\/2020\/11\/improenligne-200x200.png 200w, https:\/\/www.dramaction.qc.ca\/fr\/wp-content\/uploads\/2020\/11\/improenligne-300x300.png 300w, https:\/\/www.dramaction.qc.ca\/fr\/wp-content\/uploads\/2020\/11\/improenligne-1024x1024.png 1024w, https:\/\/www.dramaction.qc.ca\/fr\/wp-content\/uploads\/2020\/11\/improenligne-150x150.png 150w, https:\/\/www.dramaction.qc.ca\/fr\/wp-content\/uploads\/2020\/11\/improenligne-1536x1536.png 1536w, https:\/\/www.dramaction.qc.ca\/fr\/wp-content\/uploads\/2020\/11\/improenligne-2048x2048.png 2048w, https:\/\/www.dramaction.qc.ca\/fr\/wp-content\/uploads\/2020\/11\/improenligne-100x100.png 100w\" sizes=\"(max-width: 200px) 100vw, 200px\" \/>\t\t\t<\/a>\n\t\t<\/figure>\n\t\t<div class=\"info\">\t\n\t\t\t<p class=\"product-title\">\n\t\t\t\t<a href=\"https:\/\/www.dramaction.qc.ca\/fr\/produit\/improvisation-en-ligne-30-points-de-depart-eprouves\/\">\t\t\n\t\t\t\t\tImprovisation en ligne : 30 points de d\u00e9part \u00e9prouv\u00e9s\t\t\t\t<\/a>\n\t\t\t<\/p>\n\t\t\t\n\t<span class=\"price\"><span class=\"woocommerce-Price-amount amount\"><bdi><span class=\"woocommerce-Price-currencySymbol\">&#36;<\/span>5.00<\/bdi><\/span><\/span>\n<a href=\"\/fr\/wp-json\/wp\/v2\/pages\/167?add-to-cart=7690\" aria-describedby=\"woocommerce_loop_add_to_cart_link_describedby_7690\" data-quantity=\"1\" class=\"button product_type_simple add_to_cart_button ajax_add_to_cart\" data-product_id=\"7690\" data-product_sku=\"\" aria-label=\"Ajouter au panier\u00a0: &ldquo;Improvisation en ligne : 30 points de d\u00e9part \u00e9prouv\u00e9s&rdquo;\" rel=\"nofollow\" data-success_message=\"\u00ab\u00a0Improvisation en ligne : 30 points de d\u00e9part \u00e9prouv\u00e9s\u00a0\u00bb a \u00e9t\u00e9 ajout\u00e9 \u00e0 votre panier\" role=\"button\">Ajouter au panier<\/a>\t<span id=\"woocommerce_loop_add_to_cart_link_describedby_7690\" class=\"screen-reader-text\">\n\t\t\t<\/span>\n\t\t\t\n\t\t<\/div>\t\n\t<\/div>\t\n<\/div>\n<div class=\"col-md-6 col-sm-6 product type-product post-7676 status-publish last instock product_cat-univers-merveilleux product_tag-art product_tag-art-dramatique product_tag-equipe product_tag-mystere product_tag-professeur product_tag-projet has-post-thumbnail downloadable shipping-taxable purchasable product-type-simple\">\n\t<div class=\"project-item margin-bottom-20\">\n\t\t\t<figure>\n\t\t\t<a href=\"https:\/\/www.dramaction.qc.ca\/fr\/produit\/art-dramatique-disparition-mysterieuse\/\">\n\t\t\t\t<img decoding=\"async\" width=\"200\" height=\"200\" src=\"https:\/\/www.dramaction.qc.ca\/fr\/wp-content\/uploads\/2020\/11\/universmerveilleux-200x200.png\" class=\"attachment-woocommerce_thumbnail size-woocommerce_thumbnail\" alt=\"Art dramatique- Disparition myst\u00e9rieuse\" srcset=\"https:\/\/www.dramaction.qc.ca\/fr\/wp-content\/uploads\/2020\/11\/universmerveilleux-200x200.png 200w, https:\/\/www.dramaction.qc.ca\/fr\/wp-content\/uploads\/2020\/11\/universmerveilleux-300x300.png 300w, https:\/\/www.dramaction.qc.ca\/fr\/wp-content\/uploads\/2020\/11\/universmerveilleux-1024x1024.png 1024w, https:\/\/www.dramaction.qc.ca\/fr\/wp-content\/uploads\/2020\/11\/universmerveilleux-150x150.png 150w, https:\/\/www.dramaction.qc.ca\/fr\/wp-content\/uploads\/2020\/11\/universmerveilleux-768x768.png 768w, https:\/\/www.dramaction.qc.ca\/fr\/wp-content\/uploads\/2020\/11\/universmerveilleux-1536x1536.png 1536w, https:\/\/www.dramaction.qc.ca\/fr\/wp-content\/uploads\/2020\/11\/universmerveilleux-2048x2048.png 2048w, https:\/\/www.dramaction.qc.ca\/fr\/wp-content\/uploads\/2020\/11\/universmerveilleux-500x500.png 500w, https:\/\/www.dramaction.qc.ca\/fr\/wp-content\/uploads\/2020\/11\/universmerveilleux-100x100.png 100w, https:\/\/www.dramaction.qc.ca\/fr\/wp-content\/uploads\/2020\/11\/universmerveilleux.png 120w\" sizes=\"(max-width: 200px) 100vw, 200px\" \/>\t\t\t<\/a>\n\t\t<\/figure>\n\t\t<div class=\"info\">\t\n\t\t\t<p class=\"product-title\">\n\t\t\t\t<a href=\"https:\/\/www.dramaction.qc.ca\/fr\/produit\/art-dramatique-disparition-mysterieuse\/\">\t\t\n\t\t\t\t\tArt dramatique- Disparition myst\u00e9rieuse\t\t\t\t<\/a>\n\t\t\t<\/p>\n\t\t\t\n\t<span class=\"price\"><span class=\"woocommerce-Price-amount amount\"><bdi><span class=\"woocommerce-Price-currencySymbol\">&#36;<\/span>3.00<\/bdi><\/span><\/span>\n<a href=\"\/fr\/wp-json\/wp\/v2\/pages\/167?add-to-cart=7676\" aria-describedby=\"woocommerce_loop_add_to_cart_link_describedby_7676\" data-quantity=\"1\" class=\"button product_type_simple add_to_cart_button ajax_add_to_cart\" data-product_id=\"7676\" data-product_sku=\"\" aria-label=\"Ajouter au panier\u00a0: &ldquo;Art dramatique- Disparition myst\u00e9rieuse&rdquo;\" rel=\"nofollow\" data-success_message=\"\u00ab\u00a0Art dramatique- Disparition myst\u00e9rieuse\u00a0\u00bb a \u00e9t\u00e9 ajout\u00e9 \u00e0 votre panier\" role=\"button\">Ajouter au panier<\/a>\t<span id=\"woocommerce_loop_add_to_cart_link_describedby_7676\" class=\"screen-reader-text\">\n\t\t\t<\/span>\n\t\t\t\n\t\t<\/div>\t\n\t<\/div>\t\n<\/div>\n<\/div>\n<\/div>[vc_btn title=&#8221;Voir toutes les ressources&#8221; color=&#8221;black&#8221; align=&#8221;center&#8221; link=&#8221;url:http%3A%2F%2Fwww.dramaction.qc.ca%2Ffr%2Fboutique%2F|||&#8221;][vc_column_text]<\/p>\n<h2>Dramaction, la plus importante communaut\u00e9 d&#8217;enseignants de th\u00e9\u00e2tre<\/h2>\n<p>Les enseignants et les animateurs des milieux scolaires sont souvent isol\u00e9s et les ressources pour les aider se r\u00e9sument \u00e0 peu de choses. Nous devons souvent tout inventer, assembler et pr\u00e9parer puisque les manuels n&#8217;existent pas pour les classes d&#8217;art dramatique et de th\u00e9\u00e2tre.\u00a0 C&#8217;est la raison d&#8217;\u00eatre de ce site, offrir un maximum de ressources afin de permettre de monter vos cours rapidement !<\/p>\n<p>Mais cela ne se fait pas tout seul.\u00a0 De nombreux enseignants ont offert des ressources \u00e0 la communaut\u00e9 au fil des ann\u00e9es.\u00a0 Un exercice, un plan de cours, un texte&#8230; tout ajout au site est le bienvenu !\u00a0 Alors n&#8217;h\u00e9sitez pas et participez aujourd&#8217;hui \u00e0 ce plus grand r\u00e9seau d&#8217;enseignants de th\u00e9\u00e2tre et d&#8217;art dramatique au monde !<\/p>\n<h3>Nouveaut\u00e9s !<\/h3>\n<p>Dramaction s&#8217;est associ\u00e9 avec <a href=\"http:\/\/www.bbbpress.com\" target=\"_blank\" rel=\"noopener\">Beat by Beat press<\/a> et PioneerDrama.com pour vous offrir dans sa <a href=\"http:\/\/www.dramaction.qc.ca\/fr\/boutique\/\">boutique<\/a> de nouveaux outils p\u00e9dagogiques int\u00e9ressants.<\/p>\n<p>Vous trouverez :<\/p>\n<ul>\n<li><a href=\"http:\/\/www.dramaction.qc.ca\/fr\/produit\/enseigner-le-theatre-le-guide-essentiel\/\">Enseigner le th\u00e9\u00e2tre, le guide essentiel (8-16 ans)<\/a><\/li>\n<li><a href=\"http:\/\/www.dramaction.qc.ca\/fr\/produit\/monologues-contemporains-pour-jeunes-acteurs\/\">Enseigner le th\u00e9\u00e2tre aux tout-petits (3-7 ans)\u00a0<\/a><\/li>\n<li><a href=\"http:\/\/www.dramaction.qc.ca\/fr\/produit\/monologues-contemporains-pour-jeunes-acteurs\/\">Monologues contemporains pour jeunes acteurs (7-14 ans)<\/a><\/li>\n<li><a href=\"http:\/\/www.dramaction.qc.ca\/fr\/produit\/monologues-fantaisistes-pour-jeunes-acteurs-7-14-ans\/\">Monologues fantaisistes pour jeunes acteurs (7-14 ans)<\/a><\/li>\n<li><a href=\"http:\/\/www.dramaction.qc.ca\/fr\/produit\/101-exercices-de-theatre\/\">111 exercices de th\u00e9\u00e2tre<\/a><\/li>\n<li><a href=\"http:\/\/www.dramaction.qc.ca\/fr\/produit\/dialogues-contemporains-pour-jeunes\/\">Sc\u00e8nes contemporaines pour jeunes acteurs<\/a><\/li>\n<li>Enseigner l&#8217;\u00e9criture dramatique &#8212; De retour bient\u00f4t !<\/li>\n<li>Enseigner le th\u00e9\u00e2tre musical &#8212; \u00e0 Para\u00eetre<\/li>\n<\/ul>\n<p>Restez \u00e0 l&#8217;\u00e9coute !![\/vc_column_text][\/vc_column][\/vc_row][vc_row][vc_column][vc_empty_space][\/vc_column][\/vc_row][vc_row][vc_column width=&#8221;1\/3&#8243;][vc_single_image image=&#8221;3865&#8243; img_size=&#8221;medium&#8221; alignment=&#8221;center&#8221; style=&#8221;vc_box_shadow_border_circle&#8221; onclick=&#8221;custom_link&#8221; css_animation=&#8221;left-to-right&#8221; link=&#8221;http:\/\/www.dramaction.qc.ca\/fr\/ressources\/exercices\/&#8221;][vc_column_text]<strong>Plus de 500 exercices de th\u00e9\u00e2tre<\/strong><\/p>\n<p>La plus importante banque collaborative d&#8217;exercices de th\u00e9\u00e2tre au monde.\u00a0 Point.[\/vc_column_text]\t\t<a href=\"http:\/\/www.dramaction.qc.ca\/fr\/ressources\/exercices\/\" class=\"btn  btn-primary\">D\u00e9couvrir les exercices<\/a>\r\n\t\r\n\t[\/vc_column][vc_column width=&#8221;1\/3&#8243;][vc_single_image image=&#8221;3868&#8243; img_size=&#8221;medium&#8221; alignment=&#8221;center&#8221; style=&#8221;vc_box_shadow_border_circle&#8221; onclick=&#8221;custom_link&#8221; css_animation=&#8221;bottom-to-top&#8221; link=&#8221;http:\/\/www.dramaction.qc.ca\/fr\/liens\/textes-a-jouer\/&#8221;][vc_column_text]<strong>Centaines de textes offerts<\/strong><\/p>\n<p>De nombreux textes gratuits et de liens vers les sites de textes.\u00a0 Le point de d\u00e9part parfait ![\/vc_column_text]\t\t<a href=\"http:\/\/www.dramaction.qc.ca\/fr\/liens\/textes-a-jouer\/\" class=\"btn  btn-primary\">D\u00e9couvrir les textes<\/a>\r\n\t\r\n\t[\/vc_column][vc_column width=&#8221;1\/3&#8243;][vc_single_image image=&#8221;3870&#8243; img_size=&#8221;medium&#8221; alignment=&#8221;center&#8221; style=&#8221;vc_box_shadow_border_circle&#8221; onclick=&#8221;custom_link&#8221; css_animation=&#8221;right-to-left&#8221; link=&#8221;http:\/\/www.dramaction.qc.ca\/fr\/ressources\/documents-a-telecharger\/ateliers-prepares\/&#8221;][vc_column_text]<strong>Ressources pertinentes et \u00e9prouv\u00e9es<\/strong><\/p>\n<p>Vous cherchez de l&#8217;inspiration pour monter vos ateliers ?\u00a0 D\u00e9couvrez ce que vos coll\u00e8gues proposent ![\/vc_column_text]\t\t<a href=\"http:\/\/www.dramaction.qc.ca\/fr\/ressources\/documents-a-telecharger\/ateliers-prepares\/\" class=\"btn  btn-primary\">D\u00e9couvrir les ressources<\/a>\r\n\t\r\n\t[\/vc_column][\/vc_row][vc_row][vc_column]\r\n\t<div class=\"call-to-action-box\">\r\n        <div class=\"inner\">\r\n            <div class=\"text\">\r\n                <h3><\/p>\n<h3>\u00a0Remerciez la communaut\u00e9 en offrant une ressource aujourd&#8217;hui !<\/h3>\n<p><\/h3>\r\n            <\/div>\r\n            <div class=\"act\">\r\n                <a href=\"http:\/\/www.dramaction.qc.ca\/fr\/participer-au-site\/contact\/\" class=\"btn btn-extra-large btn-primary\">Je participe !<\/a>\r\n            <\/div>\r\n            <div class=\"clearfix\"><\/div>\r\n        <\/div>\r\n    <\/div>         \r\n\r\n\t[\/vc_column][\/vc_row][vc_row][vc_column][\/vc_column][\/vc_row]<\/p>\n<\/div>","protected":false},"excerpt":{"rendered":"<p>[vc_row][vc_column][rev_slider_vc alias=&#8221;accueil&#8221;][\/vc_column][\/vc_row][vc_row][vc_column][vc_empty_space][\/vc_column][\/vc_row][vc_row][vc_column][vc_column_text]Naviguez dans les cat\u00e9gories : MAT\u00c9RIEL P\u00c9DAGOGIQUE | PI\u00c8CES DE TH\u00c9\u00c2TRE | MONOLOGUES[\/vc_column_text][\/vc_column][\/vc_row][vc_row][vc_column][vc_btn title=&#8221;Voir toutes les ressources&#8221; color=&#8221;black&#8221; align=&#8221;center&#8221; link=&#8221;url:http%3A%2F%2Fwww.dramaction.qc.ca%2Ffr%2Fboutique%2F|||&#8221;][vc_column_text] Dramaction, la plus importante communaut\u00e9 d&#8217;enseignants de th\u00e9\u00e2tre Les enseignants et les animateurs des milieux scolaires sont souvent isol\u00e9s et les ressources pour les aider se r\u00e9sument \u00e0 peu de choses. Nous devons souvent [&hellip;]<\/p>\n","protected":false},"author":22,"featured_media":0,"parent":0,"menu_order":1,"comment_status":"open","ping_status":"closed","template":"page-templates\/template-fullwidth.php","meta":{"footnotes":""},"class_list":["post-167","page","type-page","status-publish","hentry"],"jetpack_sharing_enabled":true,"_links":{"self":[{"href":"https:\/\/www.dramaction.qc.ca\/fr\/wp-json\/wp\/v2\/pages\/167","targetHints":{"allow":["GET"]}}],"collection":[{"href":"https:\/\/www.dramaction.qc.ca\/fr\/wp-json\/wp\/v2\/pages"}],"about":[{"href":"https:\/\/www.dramaction.qc.ca\/fr\/wp-json\/wp\/v2\/types\/page"}],"author":[{"embeddable":true,"href":"https:\/\/www.dramaction.qc.ca\/fr\/wp-json\/wp\/v2\/users\/22"}],"replies":[{"embeddable":true,"href":"https:\/\/www.dramaction.qc.ca\/fr\/wp-json\/wp\/v2\/comments?post=167"}],"version-history":[{"count":2,"href":"https:\/\/www.dramaction.qc.ca\/fr\/wp-json\/wp\/v2\/pages\/167\/revisions"}],"predecessor-version":[{"id":8817,"href":"https:\/\/www.dramaction.qc.ca\/fr\/wp-json\/wp\/v2\/pages\/167\/revisions\/8817"}],"wp:attachment":[{"href":"https:\/\/www.dramaction.qc.ca\/fr\/wp-json\/wp\/v2\/media?parent=167"}],"curies":[{"name":"wp","href":"https:\/\/api.w.org\/{rel}","templated":true}]}}