{"id":1664,"date":"2011-01-10T18:19:01","date_gmt":"2011-01-10T23:19:01","guid":{"rendered":"http:\/\/www.dramaction.qc.ca\/fr\/"},"modified":"2016-12-04T09:54:29","modified_gmt":"2016-12-04T14:54:29","slug":"fichier-pratique-des-exercices-de-dramaction","status":"publish","type":"page","link":"https:\/\/www.dramaction.qc.ca\/fr\/participer-au-site\/fichier-pratique-des-exercices-de-dramaction\/","title":{"rendered":"Fichier pratique des exercices de Dramaction"},"content":{"rendered":"<h3 style=\"text-align: left;\">Vous voulez contribuer au site Dramaction et sauver du temps ?<\/h3>\n<p style=\"text-align: left;\">Achetez d\u00e8s maintenant le fichier de <span style=\"color: #800000;\"><strong>tous les exercices de Dramaction en format PDF<\/strong><\/span> *.<\/p>\n<p style=\"text-align: left;\">D\u2019un seul coup, vous contribuerez au maintien du site web et vous pourrez b\u00e9n\u00e9ficier d\u2019un document tr\u00e8s pratique que vous n\u2019aurez pas \u00e0 compiler vous-m\u00eame !<\/p>\n<h1 style=\"text-align: left;\"><span style=\"text-decoration: underline;\">Maintenant 500 exercices !<\/span><\/h1>\n<p style=\"text-align: left;\"><span style=\"font-size: large;\">Avec table des mati\u00e8res<br \/>\n<span style=\"color: #800000;\">Facile de vous y retrouver !<\/span><\/span><\/p>\n<p style=\"text-align: left;\"><span style=\"font-size: large;\">En promotion jusqu&#8217;au 31 d\u00e9cembre 2016 24.95 $<br \/>\n<\/span><\/p>\n<p style=\"text-align: left;\"><div class=\"woocommerce \"><div class=\"products row columns-4\">\n<div class=\"col-md-3 col-sm-6 product type-product post-3786 status-publish first instock product_cat-exercices-et-ressources has-post-thumbnail featured downloadable sold-individually shipping-taxable purchasable product-type-simple\">\n\t<div class=\"project-item margin-bottom-20\">\n\t\t\t<figure>\n\t\t\t<a href=\"https:\/\/www.dramaction.qc.ca\/fr\/produit\/500-exercices-de-dramaction\/\">\n\t\t\t\t<img decoding=\"async\" width=\"200\" height=\"200\" src=\"https:\/\/www.dramaction.qc.ca\/fr\/wp-content\/uploads\/2016\/12\/Dollarphotoclub_84581001-500x334-200x200.jpg\" class=\"attachment-woocommerce_thumbnail size-woocommerce_thumbnail\" alt=\"Plus de 500 exercices de Dramaction\" srcset=\"https:\/\/www.dramaction.qc.ca\/fr\/wp-content\/uploads\/2016\/12\/Dollarphotoclub_84581001-500x334-200x200.jpg 200w, https:\/\/www.dramaction.qc.ca\/fr\/wp-content\/uploads\/2016\/12\/Dollarphotoclub_84581001-500x334-100x100.jpg 100w, https:\/\/www.dramaction.qc.ca\/fr\/wp-content\/uploads\/2016\/12\/Dollarphotoclub_84581001-500x334-150x150.jpg 150w, https:\/\/www.dramaction.qc.ca\/fr\/wp-content\/uploads\/2016\/12\/Dollarphotoclub_84581001-500x334-300x300.jpg 300w, https:\/\/www.dramaction.qc.ca\/fr\/wp-content\/uploads\/2016\/12\/Dollarphotoclub_84581001-500x334-1024x1024.jpg 1024w\" sizes=\"(max-width: 200px) 100vw, 200px\" \/>\t\t\t<\/a>\n\t\t<\/figure>\n\t\t<div class=\"info\">\t\n\t\t\t<p class=\"product-title\">\n\t\t\t\t<a href=\"https:\/\/www.dramaction.qc.ca\/fr\/produit\/500-exercices-de-dramaction\/\">\t\t\n\t\t\t\t\tPlus de 500 exercices de Dramaction\t\t\t\t<\/a>\n\t\t\t<\/p>\n\t\t\t\n\t<span class=\"price\"><span class=\"woocommerce-Price-amount amount\"><bdi><span class=\"woocommerce-Price-currencySymbol\">&#36;<\/span>24.95<\/bdi><\/span><\/span>\n<a href=\"\/fr\/wp-json\/wp\/v2\/pages\/1664?add-to-cart=3786\" aria-describedby=\"woocommerce_loop_add_to_cart_link_describedby_3786\" data-quantity=\"1\" class=\"button product_type_simple add_to_cart_button ajax_add_to_cart\" data-product_id=\"3786\" data-product_sku=\"\" aria-label=\"Ajouter au panier\u00a0: &ldquo;Plus de 500 exercices de Dramaction&rdquo;\" rel=\"nofollow\" data-success_message=\"\u00ab\u00a0Plus de 500 exercices de Dramaction\u00a0\u00bb a \u00e9t\u00e9 ajout\u00e9 \u00e0 votre panier\" role=\"button\">Ajouter au panier<\/a>\t<span id=\"woocommerce_loop_add_to_cart_link_describedby_3786\" class=\"screen-reader-text\">\n\t\t\t<\/span>\n\t\t\t\n\t\t<\/div>\t\n\t<\/div>\t\n<\/div>\n<\/div>\n<\/div>\n<p>&nbsp;<\/p>\n<p><span style=\"color: #ffffff;\">.<\/span><\/p>\n<p><span style=\"color: #ffffff;\">.<\/span><\/p>\n<p><span style=\"font-size: x-small;\">* Dramaction ne vend pas les exercices, ni les droits sur les exercices. Dramaction vend un fichier compil\u00e9 des exercices propos\u00e9s par les utilisateurs et visiteur de Dramaction afin d&#8217;accommoder les enseignants avec un fichier PDF. Pour plus de d\u00e9tails sur la politique d&#8217;utilisation du site, vous pouvez consulter<a href=\"http:\/\/www.dramaction.qc.ca\/fr\/termes-et-conditions\/\"> cette page.<\/a><\/span><\/p>\n","protected":false},"excerpt":{"rendered":"<p>Vous voulez contribuer au site Dramaction et sauver du temps ? Achetez d\u00e8s maintenant le fichier de tous les exercices de Dramaction en format PDF *. D\u2019un seul coup, vous contribuerez au maintien du site web et vous pourrez b\u00e9n\u00e9ficier d\u2019un document tr\u00e8s pratique que vous n\u2019aurez pas \u00e0 compiler vous-m\u00eame ! Maintenant 500 exercices [&hellip;]<\/p>\n","protected":false},"author":22,"featured_media":0,"parent":1695,"menu_order":2,"comment_status":"open","ping_status":"closed","template":"","meta":{"footnotes":""},"class_list":["post-1664","page","type-page","status-publish","hentry"],"jetpack_sharing_enabled":true,"_links":{"self":[{"href":"https:\/\/www.dramaction.qc.ca\/fr\/wp-json\/wp\/v2\/pages\/1664","targetHints":{"allow":["GET"]}}],"collection":[{"href":"https:\/\/www.dramaction.qc.ca\/fr\/wp-json\/wp\/v2\/pages"}],"about":[{"href":"https:\/\/www.dramaction.qc.ca\/fr\/wp-json\/wp\/v2\/types\/page"}],"author":[{"embeddable":true,"href":"https:\/\/www.dramaction.qc.ca\/fr\/wp-json\/wp\/v2\/users\/22"}],"replies":[{"embeddable":true,"href":"https:\/\/www.dramaction.qc.ca\/fr\/wp-json\/wp\/v2\/comments?post=1664"}],"version-history":[{"count":0,"href":"https:\/\/www.dramaction.qc.ca\/fr\/wp-json\/wp\/v2\/pages\/1664\/revisions"}],"up":[{"embeddable":true,"href":"https:\/\/www.dramaction.qc.ca\/fr\/wp-json\/wp\/v2\/pages\/1695"}],"wp:attachment":[{"href":"https:\/\/www.dramaction.qc.ca\/fr\/wp-json\/wp\/v2\/media?parent=1664"}],"curies":[{"name":"wp","href":"https:\/\/api.w.org\/{rel}","templated":true}]}}