{"id":1604,"date":"2011-01-07T13:56:33","date_gmt":"2011-01-07T18:56:33","guid":{"rendered":"http:\/\/www.dramaction.qc.ca\/fr\/"},"modified":"2016-12-02T13:05:27","modified_gmt":"2016-12-02T18:05:27","slug":"v","status":"publish","type":"page","link":"https:\/\/www.dramaction.qc.ca\/fr\/improvisation\/themes-dimprovisation\/v\/","title":{"rendered":"v"},"content":{"rendered":"<h2>L&#8217;ultime banque de th\u00e8mes !!!<\/h2>\n<p>D\u00e9couvrez dans ces pages une liste tr\u00e8s compl\u00e8te de th\u00e8mes d&#8217;improvisation ! \u00c0 utiliser sans retenue !!!<\/p>\n<p><strong>NAVIGATION :<\/strong><\/p>\n<p><a href=\"http:\/\/www.dramaction.qc.ca\/fr\/improvisation\/themes-dimprovisation\/a\/\">A<\/a> | <a href=\"http:\/\/www.dramaction.qc.ca\/fr\/improvisation\/themes-dimprovisation\/b\/\">B<\/a> | <a href=\"http:\/\/www.dramaction.qc.ca\/fr\/improvisation\/themes-dimprovisation\/c\/\">C<\/a> | <a href=\"http:\/\/www.dramaction.qc.ca\/fr\/improvisation\/themes-dimprovisation\/d\/\">D<\/a> | <a href=\"http:\/\/www.dramaction.qc.ca\/fr\/improvisation\/themes-dimprovisation\/e\/\">E<\/a> | <a href=\"http:\/\/www.dramaction.qc.ca\/fr\/improvisation\/themes-dimprovisation\/f\/\">F<\/a> | <a href=\"http:\/\/www.dramaction.qc.ca\/fr\/improvisation\/themes-dimprovisation\/g\/\">G<\/a> | <a href=\"http:\/\/www.dramaction.qc.ca\/fr\/improvisation\/themes-dimprovisation\/h\/\">H<\/a> | <a href=\"http:\/\/www.dramaction.qc.ca\/fr\/improvisation\/themes-dimprovisation\/i\/\">I<\/a> | <a href=\"http:\/\/www.dramaction.qc.ca\/fr\/improvisation\/themes-dimprovisation\/j\/\">J<\/a> | <a href=\"http:\/\/www.dramaction.qc.ca\/fr\/improvisation\/themes-dimprovisation\/k\/\">K<\/a> | <a href=\"http:\/\/www.dramaction.qc.ca\/fr\/improvisation\/themes-dimprovisation\/l\/\">L<\/a> | <a href=\"http:\/\/www.dramaction.qc.ca\/fr\/improvisation\/themes-dimprovisation\/m\/\">M<\/a> | <a href=\"http:\/\/www.dramaction.qc.ca\/fr\/improvisation\/themes-dimprovisation\/n\/\">N<\/a> | <a href=\"http:\/\/www.dramaction.qc.ca\/fr\/improvisation\/themes-dimprovisation\/o\/\">O<\/a> | <a href=\"http:\/\/www.dramaction.qc.ca\/fr\/improvisation\/themes-dimprovisation\/p\/\">P<\/a> | <a href=\"http:\/\/www.dramaction.qc.ca\/fr\/improvisation\/themes-dimprovisation\/q\/\">Q<\/a> | <a href=\"http:\/\/www.dramaction.qc.ca\/fr\/improvisation\/themes-dimprovisation\/r\/\">R<\/a> | <a href=\"http:\/\/www.dramaction.qc.ca\/fr\/improvisation\/themes-dimprovisation\/s\/\">S<\/a> | <a href=\"http:\/\/www.dramaction.qc.ca\/fr\/improvisation\/themes-dimprovisation\/t\/\">T<\/a> | <a href=\"http:\/\/www.dramaction.qc.ca\/fr\/improvisation\/themes-dimprovisation\/u\/\">U<\/a> | <a href=\"http:\/\/www.dramaction.qc.ca\/fr\/improvisation\/themes-dimprovisation\/v\/\">V<\/a> | <a href=\"http:\/\/www.dramaction.qc.ca\/fr\/improvisation\/themes-dimprovisation\/w\/\">W<\/a> | <a href=\"http:\/\/www.dramaction.qc.ca\/fr\/improvisation\/themes-dimprovisation\/x\/\">X<\/a> | <a href=\"http:\/\/www.dramaction.qc.ca\/fr\/improvisation\/themes-dimprovisation\/y\/\">Y<\/a> | <a href=\"http:\/\/www.dramaction.qc.ca\/fr\/improvisation\/themes-dimprovisation\/z\/\">Z<\/a><\/p>\n<hr \/>\n<p>Va prendre une marche\u2026<br \/>\nVacances d\u2019\u00e9t\u00e9<br \/>\nVaches dans le m\u00e9tro (des)<br \/>\nVaches dans le m\u00e9tro (des)<br \/>\nVadrouille \u00e9lectronique<br \/>\nVagabonds des brumes (les)<br \/>\nVague de brun<br \/>\nVague de tendresse*<br \/>\nVague lueur dans la confusion<br \/>\nVaisseau du d\u00e9sert (le)<br \/>\nValise est pr\u00eate (ma)<br \/>\nVall\u00e9e des cent lunes (la)<br \/>\nVall\u00e9e du non retour (la)*<br \/>\nValse des m\u00e9gots<br \/>\nValse des seigneurs (la)<br \/>\nValse du bonheur (la)<br \/>\nValse du hasard (la)<br \/>\nVampire v\u00e9g\u00e9tarien<br \/>\nVandewilde pr\u00e9parent leurs valise (les)<br \/>\nVapes (dans les)<br \/>\nVarappe un peu pour voir<br \/>\nVariante sur la d\u00e9tresse<br \/>\nVatican Connection<br \/>\nVaudeville*<br \/>\nVedette (la)<br \/>\nV\u00e9lo de stationnement<br \/>\nVelours et Velcro<br \/>\nVendre du ciel*<br \/>\nVendredi treize tr\u00e8s particulier (un)<br \/>\nVenez n\u2019importe quand<br \/>\nVengeance<br \/>\nVengeance chez les clowns<br \/>\nVengeance du miroir (la)<br \/>\nVengeance et vernissage<br \/>\nVent de la nuit (le)<br \/>\nVent des douleurs (le)*<br \/>\nVente par correspondance<br \/>\nVentre au vent et m\u00e8che rebelle<br \/>\nVentre chaud (le)<br \/>\nVentriloquie transcendentale<br \/>\nVents contraires<br \/>\nV\u00e9nus du froid<br \/>\nV\u00eapres de sang<br \/>\nVer de terre \u00e0 louer<br \/>\nV\u00e9randa \u00e0 v\u00e9rone<br \/>\nVerger des caresses (le)*<br \/>\nVerger du fruit d\u00e9fendu (Le)<br \/>\nV\u00e9ritable beaut\u00e9 est int\u00e9rieure (la)<br \/>\nV\u00e9ritable histoire du p.c.r. (la)<br \/>\nV\u00e9rit\u00e9 (la)<br \/>\nV\u00e9rit\u00e9 d\u00e9rangeante<br \/>\nV\u00e9rit\u00e9 nuit gravement \u00e0 la sant\u00e9 (la)<br \/>\nVers l&#8217;autre et l&#8217;un pour l&#8217;autre (l&#8217;un)<br \/>\nVers les p\u00e2turages<br \/>\nVers une vie plus agr\u00e9able<br \/>\nVert de la t\u00eate aux pieds<br \/>\nVertige<br \/>\nVertige de l&#8217;amour<br \/>\nVertige des bilans (le)<br \/>\nVertige des bilans (le)<br \/>\nVertiges<br \/>\nVertu exclusive des v\u00e9t\u00e9rans (la)<br \/>\nVertus de l&#8217;infamie (des)<br \/>\nVeuillez agr\u00e9er etc. etc.<br \/>\nVeuillez garder la ligne<br \/>\nVeuillez patienter svp<br \/>\nVeuillez rendre l&#8217;\u00e2me \u00e0&#8230;<br \/>\nVeux-tu une petite tasse de caf\u00e9 ?<br \/>\nViande froide et sang chaud<br \/>\nViande froide et sang chaud<br \/>\nVictime du devoir<br \/>\nVictime du style<br \/>\nVictoire<br \/>\nVictoire des terres*<br \/>\nVidangeurs anonymes<br \/>\nVidant les poubelles (en)*<br \/>\nVie au grand air (la)<br \/>\nVie de quartier<br \/>\nVie derri\u00e8re soi (la)<br \/>\nVie d&#8217;un pilier*<br \/>\nVie en rond (la)<br \/>\nVie est un roman (la)<br \/>\nVie et mort d&#8217;un boulanger taill\u00e9 pourl&#8217;aventure<br \/>\nVie et mort d&#8217;un poltron<br \/>\nVie hors du temps (Une)<br \/>\nVie hors du temps (une)<br \/>\nVie par procuration (la)<br \/>\nVie qui d\u00e9vie (une)<br \/>\nVie quotidienne p\u00e9rilleuse (une)<br \/>\nVie r\u00eav\u00e9e des conducteurs de bus (la)<br \/>\nVie vol\u00e9e (une)<br \/>\nVieil homme et la mort (le)<br \/>\nVieil homme et la terre (le)<br \/>\nVieil homme et le facteur (le)<br \/>\nVieille connaissance (une)<br \/>\nVieille \u00e9pouvante, menace toute neuve<br \/>\nViel enfant (le)<br \/>\nViens sur ma b\u00e9canne<br \/>\nVierge des mar\u00e9cages (la)<br \/>\nVieux banc de bois (le)<br \/>\nVieux capitaine (Le)<br \/>\nVieux d\u00e9bris (le)<br \/>\nVieux marin (le)<br \/>\nVieux peuple \u00e0 la&#8230; (un)<br \/>\nVieux v\u00e9lo (le)<\/p>\n<hr \/>\n<h2>Obtenez les 5557 th\u00e8mes dans un seul fichier<\/h2>\n<p>Pour obtenir tous les th\u00e8mes d&#8217;improvisation dans un seul fichier Excel, veuillez faire parvenir un don de 2 $ \u00e0 la communaut\u00e9 Dramaction, nous vous enverrons par courriel le ficheir afin de faciliter votre vie !<br \/>\n<div class=\"woocommerce \"><div class=\"products row columns-4\">\n<div class=\"col-md-3 col-sm-6 product type-product post-3792 status-publish first instock product_cat-exercices-et-ressources has-post-thumbnail featured downloadable sold-individually shipping-taxable purchasable product-type-simple\">\n\t<div class=\"project-item margin-bottom-20\">\n\t\t\t<figure>\n\t\t\t<a href=\"https:\/\/www.dramaction.qc.ca\/fr\/produit\/5557-titre-dimprovisation-de-dramaction\/\">\n\t\t\t\t<img decoding=\"async\" width=\"200\" height=\"200\" src=\"https:\/\/www.dramaction.qc.ca\/fr\/wp-content\/uploads\/2016\/12\/AdobeStock_56203799-200x200.jpeg\" class=\"attachment-woocommerce_thumbnail size-woocommerce_thumbnail\" alt=\"5557 titres d&#039;improvisation de Dramaction\" srcset=\"https:\/\/www.dramaction.qc.ca\/fr\/wp-content\/uploads\/2016\/12\/AdobeStock_56203799-200x200.jpeg 200w, https:\/\/www.dramaction.qc.ca\/fr\/wp-content\/uploads\/2016\/12\/AdobeStock_56203799-100x100.jpeg 100w, https:\/\/www.dramaction.qc.ca\/fr\/wp-content\/uploads\/2016\/12\/AdobeStock_56203799-150x150.jpeg 150w, https:\/\/www.dramaction.qc.ca\/fr\/wp-content\/uploads\/2016\/12\/AdobeStock_56203799-300x300.jpeg 300w, https:\/\/www.dramaction.qc.ca\/fr\/wp-content\/uploads\/2016\/12\/AdobeStock_56203799-1024x1024.jpeg 1024w\" sizes=\"(max-width: 200px) 100vw, 200px\" \/>\t\t\t<\/a>\n\t\t<\/figure>\n\t\t<div class=\"info\">\t\n\t\t\t<p class=\"product-title\">\n\t\t\t\t<a href=\"https:\/\/www.dramaction.qc.ca\/fr\/produit\/5557-titre-dimprovisation-de-dramaction\/\">\t\t\n\t\t\t\t\t5557 titres d&#8217;improvisation de Dramaction\t\t\t\t<\/a>\n\t\t\t<\/p>\n\t\t\t<div class=\"star-rating\" role=\"img\" aria-label=\"Note 5.00 sur 5\"><span style=\"width:100%\">Note <strong class=\"rating\">5.00<\/strong> sur 5<\/span><\/div>\n\t<span class=\"price\"><span class=\"woocommerce-Price-amount amount\"><bdi><span class=\"woocommerce-Price-currencySymbol\">&#36;<\/span>2.00<\/bdi><\/span><\/span>\n<a href=\"\/fr\/wp-json\/wp\/v2\/pages\/1604?add-to-cart=3792\" aria-describedby=\"woocommerce_loop_add_to_cart_link_describedby_3792\" data-quantity=\"1\" class=\"button product_type_simple add_to_cart_button ajax_add_to_cart\" data-product_id=\"3792\" data-product_sku=\"\" aria-label=\"Ajouter au panier\u00a0: &ldquo;5557 titres d&#039;improvisation de Dramaction&rdquo;\" rel=\"nofollow\" data-success_message=\"\u00ab\u00a05557 titres d&#039;improvisation de Dramaction\u00a0\u00bb a \u00e9t\u00e9 ajout\u00e9 \u00e0 votre panier\" role=\"button\">Ajouter au panier<\/a>\t<span id=\"woocommerce_loop_add_to_cart_link_describedby_3792\" class=\"screen-reader-text\">\n\t\t\t<\/span>\n\t\t\t\n\t\t<\/div>\t\n\t<\/div>\t\n<\/div>\n<\/div>\n<\/div>\n<p>Merci de contribuer au succ\u00e8s de ce site !<\/p>\n<hr \/>\n<p>Vigilance quotidienne<br \/>\nVigilence quotidienne<br \/>\nVillage \u00e0 vapeur (le)<br \/>\nVillage indien mille quatre cent nonante deux<br \/>\nVillage sans nom et sans \u00e9glise (un)*<br \/>\nVille de l&#8217;oubli (la)<br \/>\nVille exemplaire (Une)<br \/>\nVille muette (la)<br \/>\nVille sans enseigne (la)<br \/>\nVingt francs la l\u00e9gende<br \/>\nVingt mille ans plus tard<br \/>\nVingt-quatre autour d&#8217;une bou\u00e9e de sauvetage*<br \/>\nViol l\u00e9gal<br \/>\nViolence contenue<br \/>\nViolente passion<br \/>\nViolente rencontre<br \/>\nViolon ardent (le)<br \/>\nViolon de marbre (le)<br \/>\nVis et boulons<br \/>\nVisage dans la foule (un)<br \/>\nVisage des mots (le)<br \/>\nVisage d&#8217;une vieille demoiselle (annul\u00e9)<br \/>\nVisage perdu<br \/>\nVisages passent, les messages restent (les)<br \/>\nViser haut<br \/>\nVision nocturne<br \/>\nVisiste (la)<br \/>\nVisite au bagne<br \/>\nVisite de la tante Gertrude<br \/>\nVisite gratuite<br \/>\nVisite gratuite du carillon (une)<br \/>\nVisite touristique<br \/>\nVisiteur du zoo (le)<br \/>\nVite, il faut faire vite*<br \/>\nVite, mets-y une punaise<br \/>\nVite, on veut savoir<br \/>\nVite, vite, \u00e7a presse<br \/>\nVitesse de l&#8217;\u00e9clair (\u00e0 la)<br \/>\nVitesse pure<br \/>\nVitres de de l&#8217;enfer (les)*<br \/>\nVive le rhume!<br \/>\nVive les Cendrillons<br \/>\nVive les routiers<br \/>\nVive les vacances<br \/>\nVivre<br \/>\nVivre entre ciel et mer<br \/>\nVoeu de l&#8217;horloger (le)<br \/>\nVoici<br \/>\nVoici la princesse<br \/>\nVoici les personnalit\u00e9s que les hommes interrog\u00e9s souhaiteraient voir nues dans un magazine<br \/>\nVoici venir l&#8217;hiver, tueur de pauvres gens<br \/>\nVoie du d\u00e9guisement (la)*<br \/>\nVoie strat\u00e9gique (une)<br \/>\nVoil\u00e0 qui ne manque pas de cachet<br \/>\nVoile et \u00e0 vapeur (\u00e0)<br \/>\nVoir Schaerbeek et mourir<br \/>\nVoirie (la)<br \/>\nVoisin en or (un)<br \/>\nVoisins (Les)<br \/>\nVoisins du dessus (les) (annul\u00e9)<br \/>\nVoix de la cath\u00e9drale (La)<br \/>\nVoix du cr\u00e9puscule (la)<br \/>\nVoix du silence (les)<br \/>\nVol 714 pour Fernand Gazou<br \/>\nVol de banque<br \/>\nVol de nuit<br \/>\nVol de nuit<br \/>\nVol de nuit<br \/>\nVol d&#8217;essai<br \/>\nVol suspendu<br \/>\nVoleur de couleurs (le)<br \/>\nVoleur d&#8217;images (le)<br \/>\nVolte face*<br \/>\nVolubile<br \/>\nVotre argent nous int\u00e9resse<br \/>\nVotre Bal<br \/>\nVotre balle de laine<br \/>\nVous avez un messages<br \/>\nVous \u00eates en direct<br \/>\nVous me tuez mais je reviendrai et je serai des millions<br \/>\nVoyage \u00e0 l\u2019int\u00e9rieur de ma t\u00e9l\u00e9<br \/>\nVoyage au centre de la terre<br \/>\nVoyage au centre de la terre<br \/>\nVoyage au fond des cartables<br \/>\nVoyage au long d&#8217;une rivi\u00e8re*<br \/>\nVoyage au pays des na\u00effs<br \/>\nVoyage chez les hommes fleurs<br \/>\nVoyage dans la tendresse<br \/>\nVoyage dans l&#8217;organisme<br \/>\nVoyage de noce du moustique (le)<br \/>\nVoyage de noces du moustique (le)<br \/>\nVoyage en ballon*<br \/>\nVoyage en canot dans ma salle de bains<br \/>\nVoyage en car<br \/>\nVoyage en zone neutre<br \/>\nVoyage entre Toronto et Wawa<br \/>\nVoyage imaginaire (le)<br \/>\nVoyage impromptu, destination inconnue<br \/>\nVoyage organis\u00e9\u00b0<br \/>\nVoyage vers Jupiter<br \/>\nVoyageurs (les)*<br \/>\nVrai chic parisien (le)<br \/>\nVrai visage de la peur (le)<br \/>\nVrain danger (un)<br \/>\nVu d&#8217;en bas<\/p>\n","protected":false},"excerpt":{"rendered":"<p>L&#8217;ultime banque de th\u00e8mes !!! D\u00e9couvrez dans ces pages une liste tr\u00e8s compl\u00e8te de th\u00e8mes d&#8217;improvisation ! \u00c0 utiliser sans retenue !!! NAVIGATION : A | B | C | D | E | F | G | H | I | J | K | L | M | N | O | P [&hellip;]<\/p>\n","protected":false},"author":22,"featured_media":0,"parent":422,"menu_order":438,"comment_status":"open","ping_status":"open","template":"","meta":{"footnotes":""},"class_list":["post-1604","page","type-page","status-publish","hentry"],"jetpack_sharing_enabled":true,"_links":{"self":[{"href":"https:\/\/www.dramaction.qc.ca\/fr\/wp-json\/wp\/v2\/pages\/1604","targetHints":{"allow":["GET"]}}],"collection":[{"href":"https:\/\/www.dramaction.qc.ca\/fr\/wp-json\/wp\/v2\/pages"}],"about":[{"href":"https:\/\/www.dramaction.qc.ca\/fr\/wp-json\/wp\/v2\/types\/page"}],"author":[{"embeddable":true,"href":"https:\/\/www.dramaction.qc.ca\/fr\/wp-json\/wp\/v2\/users\/22"}],"replies":[{"embeddable":true,"href":"https:\/\/www.dramaction.qc.ca\/fr\/wp-json\/wp\/v2\/comments?post=1604"}],"version-history":[{"count":0,"href":"https:\/\/www.dramaction.qc.ca\/fr\/wp-json\/wp\/v2\/pages\/1604\/revisions"}],"up":[{"embeddable":true,"href":"https:\/\/www.dramaction.qc.ca\/fr\/wp-json\/wp\/v2\/pages\/422"}],"wp:attachment":[{"href":"https:\/\/www.dramaction.qc.ca\/fr\/wp-json\/wp\/v2\/media?parent=1604"}],"curies":[{"name":"wp","href":"https:\/\/api.w.org\/{rel}","templated":true}]}}