{"id":1600,"date":"2011-01-07T13:55:17","date_gmt":"2011-01-07T18:55:17","guid":{"rendered":"http:\/\/www.dramaction.qc.ca\/fr\/"},"modified":"2020-09-23T16:10:07","modified_gmt":"2020-09-23T20:10:07","slug":"t","status":"publish","type":"page","link":"https:\/\/www.dramaction.qc.ca\/fr\/improvisation\/themes-dimprovisation\/t\/","title":{"rendered":"t"},"content":{"rendered":"<h2>L&#8217;ultime banque de th\u00e8mes !!!<\/h2>\n<p>D\u00e9couvrez dans ces pages une liste tr\u00e8s compl\u00e8te de th\u00e8mes d&#8217;improvisation ! \u00c0 utiliser sans retenue !!!<\/p>\n<p><strong>NAVIGATION :<\/strong><\/p>\n<p><a href=\"http:\/\/www.dramaction.qc.ca\/fr\/improvisation\/themes-dimprovisation\/a\/\">A<\/a> | <a href=\"http:\/\/www.dramaction.qc.ca\/fr\/improvisation\/themes-dimprovisation\/b\/\">B<\/a> | <a href=\"http:\/\/www.dramaction.qc.ca\/fr\/improvisation\/themes-dimprovisation\/c\/\">C<\/a> | <a href=\"http:\/\/www.dramaction.qc.ca\/fr\/improvisation\/themes-dimprovisation\/d\/\">D<\/a> | <a href=\"http:\/\/www.dramaction.qc.ca\/fr\/improvisation\/themes-dimprovisation\/e\/\">E<\/a> | <a href=\"http:\/\/www.dramaction.qc.ca\/fr\/improvisation\/themes-dimprovisation\/f\/\">F<\/a> | <a href=\"http:\/\/www.dramaction.qc.ca\/fr\/improvisation\/themes-dimprovisation\/g\/\">G<\/a> | <a href=\"http:\/\/www.dramaction.qc.ca\/fr\/improvisation\/themes-dimprovisation\/h\/\">H<\/a> | <a href=\"http:\/\/www.dramaction.qc.ca\/fr\/improvisation\/themes-dimprovisation\/i\/\">I<\/a> | <a href=\"http:\/\/www.dramaction.qc.ca\/fr\/improvisation\/themes-dimprovisation\/j\/\">J<\/a> | <a href=\"http:\/\/www.dramaction.qc.ca\/fr\/improvisation\/themes-dimprovisation\/k\/\">K<\/a> | <a href=\"http:\/\/www.dramaction.qc.ca\/fr\/improvisation\/themes-dimprovisation\/l\/\">L<\/a> | <a href=\"http:\/\/www.dramaction.qc.ca\/fr\/improvisation\/themes-dimprovisation\/m\/\">M<\/a> | <a href=\"http:\/\/www.dramaction.qc.ca\/fr\/improvisation\/themes-dimprovisation\/n\/\">N<\/a> | <a href=\"http:\/\/www.dramaction.qc.ca\/fr\/improvisation\/themes-dimprovisation\/o\/\">O<\/a> | <a href=\"http:\/\/www.dramaction.qc.ca\/fr\/improvisation\/themes-dimprovisation\/p\/\">P<\/a> | <a href=\"http:\/\/www.dramaction.qc.ca\/fr\/improvisation\/themes-dimprovisation\/q\/\">Q<\/a> | <a href=\"http:\/\/www.dramaction.qc.ca\/fr\/improvisation\/themes-dimprovisation\/r\/\">R<\/a> | <a href=\"http:\/\/www.dramaction.qc.ca\/fr\/improvisation\/themes-dimprovisation\/s\/\">S<\/a> | <a href=\"http:\/\/www.dramaction.qc.ca\/fr\/improvisation\/themes-dimprovisation\/t\/\">T<\/a> | <a href=\"http:\/\/www.dramaction.qc.ca\/fr\/improvisation\/themes-dimprovisation\/u\/\">U<\/a> | <a href=\"http:\/\/www.dramaction.qc.ca\/fr\/improvisation\/themes-dimprovisation\/v\/\">V<\/a> | <a href=\"http:\/\/www.dramaction.qc.ca\/fr\/improvisation\/themes-dimprovisation\/w\/\">W<\/a> | <a href=\"http:\/\/www.dramaction.qc.ca\/fr\/improvisation\/themes-dimprovisation\/x\/\">X<\/a> | <a href=\"http:\/\/www.dramaction.qc.ca\/fr\/improvisation\/themes-dimprovisation\/y\/\">Y<\/a> | <a href=\"http:\/\/www.dramaction.qc.ca\/fr\/improvisation\/themes-dimprovisation\/z\/\">Z<\/a><\/p>\n<hr \/>\n<p>Ta photo sur un timbre<br \/>\nTable des grands jours (La)<br \/>\nTableau enchant\u00e9<br \/>\nTabou<br \/>\nTaguer la nuit<br \/>\nTaille unique<br \/>\nTaille unique<br \/>\nTais-toi et \u00e9coute<br \/>\nTalent ph\u00e9nom\u00e9nal (un)<br \/>\nTalpa (la)\u00b0<br \/>\nTambourin gitan (le)*<br \/>\nTango argentin et ghetto magr\u00e9bin<br \/>\nTant de choses inutiles<br \/>\nTant d&#8217;efforts pour rien<br \/>\nTant qu&#8217;il y aura des bonnes<br \/>\nTant va la cruche \u00e0 l&#8217;eau<br \/>\nTapage diurne<br \/>\nTapage nocturne des jeunes mari\u00e9s (le)<br \/>\nTapis fleuri de l&#8217;Antarctique (le)*<br \/>\nTapissier briqueleur<br \/>\nTas (le)<br \/>\nTasse \u00e9tait vide (la)<br \/>\nTaste-vin<br \/>\nTaupe et la CIA (la)<br \/>\nTaverne du diable (la)*<br \/>\nTaxi de nuit<br \/>\nTea time<br \/>\nTechnique du parapluie<br \/>\nTechnique \u00e9prouv\u00e9e (une)<br \/>\nTechnique qui gagne (la)*<br \/>\nTel est \u00e9pris qui croyait m\u00e9prendre<br \/>\nTel qui rit vendredi<br \/>\nTel vache, tel veau<br \/>\nT\u00e9l\u00e9phone cellulaire multi-fonctionnel<br \/>\nT\u00e9lex \u00e9trangers<br \/>\nT\u00e9moin appel\u00e9 \u00e0 la barre<br \/>\nT\u00e9moins en parlent encore (les)<br \/>\nTemp\u00e9rature monte (la)<br \/>\nTemp\u00eate quotidienne<br \/>\nTemple de la perfection (Le)<br \/>\nTemple de la perfection (le)<br \/>\nTemple du rire (le)<br \/>\nTemples en ruines<br \/>\nTemps de dire oui (le)<br \/>\nTemps de l&#8217;espoir (le)<br \/>\nTemps des devinettes (le)<br \/>\nTemps des grandes chasses (le)<br \/>\nTemps des regrets (Le)*<br \/>\nTemps des vacances (Le)<br \/>\nTemps des vagabonds (le)<br \/>\nTemps d&#8217;un regard (le)<br \/>\nTemps d&#8217;un royaume (le)<br \/>\nTemps d&#8217;une bougie (Le)<br \/>\nTemps d&#8217;une bougie (le)<br \/>\nTemps mort<br \/>\nTemps plaisir (le)<br \/>\nTemps qui passe (le)<br \/>\nTemps qu&#8217;il faut pour pardonner (le)<br \/>\nTemps sec et nuageux<br \/>\nTemps sont durs (les)<br \/>\nTemps suspendu<br \/>\nTendance \u00e0 l&#8217;introspection<br \/>\nTendresse d\u00e9\u00e7ue<br \/>\nTendresse du bourreau (la)<br \/>\nTendresse est un bandit (la)<br \/>\nTendresse infinie<br \/>\nTenir jusqu&#8217;au printemps<br \/>\nTenir l&#8217;univers dans sa main<br \/>\nTentation (la)<br \/>\nTentation de tous (la)<br \/>\nTentation mortelle<br \/>\nTentative d&#8217;attentat<br \/>\nTente ta chance<br \/>\nTenue ind\u00e9cente<br \/>\nTequilla boum boum<br \/>\nTequilla boum-boum<br \/>\nTerasse (la)<br \/>\nTerminus de l&#8217;espoir (Le)<br \/>\nTerre<br \/>\nTerre de feu<br \/>\nTerre en exil (la)<br \/>\nTerre en vente libre (la)<br \/>\nTerre et le bon grain (la)<br \/>\nTerreur dans le carr\u00e9 de sable<br \/>\nTerrible vengeance de Monteruma (la)<br \/>\nTerril, mon pays tropical<br \/>\nTerritoire des remords (le)<br \/>\nTerrorisme intellectuel<br \/>\nTester sa sensualit\u00e9<br \/>\nTesteur de jus de pamplemousse<br \/>\nT\u00eate \u00e0 claques<br \/>\nT\u00eate \u00e0 t\u00eate sans tabous (un)<br \/>\nT\u00eate d&#8217;affiche<br \/>\nT\u00eate dans les \u00e9toiles (la)<br \/>\nT\u00eate dans les nuages (la)<br \/>\nT\u00eate dans les nuages (la)<br \/>\nT\u00eates parlantes<br \/>\nTGV<br \/>\nTh\u00e9, caf\u00e9, brique<br \/>\nTh\u00e9\u00e2tre achat<br \/>\nTh\u00e8me Chardome (?)<br \/>\nTh\u00e9orie de la balance (la)*<br \/>\nTh\u00e9orie du mensonge<br \/>\nTh\u00e9rapies br\u00e8ves (les)<br \/>\nTic tac du toqu\u00e9 (le)<br \/>\nTigre de papier<br \/>\nTintin en Iran<br \/>\nTirer un petit coup c&#8217;est agr\u00e9able<br \/>\nTiroir secret du secr\u00e9taire (le)*<br \/>\nTitanesque travail d&#8217;un amateur \u00e9rudit (Le)<br \/>\nTitanic, cabine de premi\u00e8re num\u00e9ro trois<br \/>\nToi chez moi et moi chez toi<br \/>\nToi en \u00e9t\u00e9, moi en hiver<br \/>\nToi et moi contre le monde entier<br \/>\nToile cir\u00e9e<br \/>\nTois conditions<br \/>\nToits c&#8217;est moi, ou m\u00e9moires d&#8217;un ramoneur (les)<br \/>\nTol\u00e9rance z\u00e9ro<br \/>\nTombeau du sage inconnu (le)<br \/>\nTombouctou, 51 jours<br \/>\nTon ombre est la mienne<br \/>\nTon tapis, il est pas normal<br \/>\nTop<br \/>\nToronto Vancouver sur le pouce<br \/>\nTortue symbole d&#8217;une&#8230; (la)<br \/>\nTortures du 20\u00e8me si\u00e8cle (les)<br \/>\nTotale (la)<br \/>\nToto l&#8217;irr\u00e9ductible<br \/>\nTouche finale<br \/>\nTouche pas au chat<br \/>\nTouch\u00e9-coul\u00e9<br \/>\nToucher du bois<br \/>\nToujours \u00e0 gauche<br \/>\nToujours plus<br \/>\nTour aux mille parfums (la)<br \/>\nTour de Belgique (le)<br \/>\nTour de Belgique \u00e0 la voile (le)<br \/>\nTour de cochon (un)<br \/>\nTour de Flandre<br \/>\nTour d&#8217;ivoire<br \/>\nTour du monde en 80 secondes (Le)<br \/>\nTour du monde le temps &#8230;(un)<br \/>\nTour gratuit (un)<br \/>\nTourbillon<br \/>\nTouriste en Australie<br \/>\nTourn\u00e9e d\u2019\u00e9gout<br \/>\nTourn\u00e9e europ\u00e9enne<br \/>\nTous azimuts<br \/>\nTous derri\u00e8re lui<br \/>\nTous les atouts en main<br \/>\nTous les b\u00e9b\u00e9s ne naissent pas dans les roses<br \/>\nTous les deux dans la grosse caisse<br \/>\nTous les jours pareils<br \/>\nTous les jours, c\u2019est la m\u00eame chose<br \/>\nTous les jours, m\u00eame heure, m\u00eame place<br \/>\nTous les moyens sont bons<br \/>\nTous les oeufs dans le m\u00eame panier<br \/>\nTous les pr\u00e9textes sont bons<br \/>\nTous les sens (dans)<br \/>\nTous mes voeux<br \/>\nTout (mon)*<br \/>\nTout a commenc\u00e9 la nuit\u2026<br \/>\nTout baigne<br \/>\nTout \u00e7a \u00e0 cause d&#8217;une rature<br \/>\nTout \u00e7a parce qu&#8217;un \u00e9l\u00e9phant&#8230;<br \/>\nTout \u00e7a pour moi<br \/>\nTout ce que nos parents ne savent pas<br \/>\nTout ce que vous avez toujours voulu savoir sur la LIB sans oser le demander<br \/>\nTout ce que vous avez toujours&#8230;<br \/>\nTout ce que vous ne voyez pas<br \/>\nTout ce qui est rest\u00e9 de moi quand j&#8217;ai perdu ma beaut\u00e9<br \/>\nTout commen\u00e7a \u00e0 cause du p\u00e9lican<br \/>\nTout dans le m\u00eame sac<br \/>\nTout dans le regard<br \/>\nTout en nuances<br \/>\nTout est une question de concession<br \/>\nTout Fernand Gazou en quelques dates<br \/>\nTout feu, tout femme<br \/>\nTout le monde en m\u00eame temps<br \/>\nTout pour plaire<br \/>\nTout quitter pour l&#8217;amour<br \/>\nTout reste encore \u00e0 faire<br \/>\nTout sera comme avant<br \/>\nTout s&#8217;est pass\u00e9 en un \u00e9clair<br \/>\nTout simplement jaloux<br \/>\nTout un monde en poche<br \/>\nTout un si\u00e8cle<br \/>\nTout un univers dans une larme<br \/>\nTout va \u00e0 veau-l&#8217;eau&#8230;<br \/>\nTout va de travers chez nous<br \/>\nTout, tout, tout, vous saurez tout<br \/>\nToute 1\u00e8re fois<br \/>\nToute la musique que j&#8217;aime<br \/>\nToute nouvelle saveur<br \/>\nToute ta vie sera mensonge<br \/>\nToute une bosse<br \/>\nToutes les photos du drame<br \/>\nToutes les v\u00e9rit\u00e9s sur Claude L.<br \/>\nToxic affair<br \/>\nTrace (la)<br \/>\nTrace des anc\u00eatres (sur la)*<br \/>\nTracteur d\u2019occasion<br \/>\nTradition ancestrale (une)<br \/>\nTradition de la flibuste (dans la)<br \/>\nTradition du terroir<br \/>\nTraditions (les)<br \/>\nTraducteur pour animaux<br \/>\nTraduction simultan\u00e9e<br \/>\nTrafic de mendiants<br \/>\nTrahison du moustique (la)<br \/>\nTrahison indispensable<br \/>\nTrahison soyeuse<br \/>\nTrain de banlieue<br \/>\nTrain de Fernand Gazou (le)<br \/>\nTrain jaune (le)<br \/>\nTrain-train quotidien (le)<br \/>\nTrait\u00e9 des motocyclettes<br \/>\nTraitement sur mesure<br \/>\nTrame sonore*<br \/>\nTranche de vie<br \/>\nTranche de vie<br \/>\nTranches d&#8217;angoisse<br \/>\nTransfert de l&#8217;ann\u00e9e (le)<br \/>\nTransfert de mati\u00e8re<br \/>\nTransformation<br \/>\nTransformation (la)<br \/>\nTransfusion sentimentale<br \/>\nTransitions difficiles<br \/>\nTransparence<br \/>\nTransperc\u00e9 par le dard de la jalousie<br \/>\nTranspiration \u00e9gale inondation<br \/>\nTransport en commun<br \/>\nTrap\u00e8ze de l&#8217;esprit<br \/>\nTrappe (la)<br \/>\nTraque (la)<br \/>\nTravail \u00e0 but perdu<br \/>\nTravail \u00e0 la cha\u00eene<br \/>\nTravail acharn\u00e9<br \/>\nTravail de titans (un)<br \/>\nTravail d&#8217;\u00e9quipe<br \/>\nTravailleurs de la mort (les)<br \/>\nTravailleurs modernes<br \/>\nTravers les cartes (\u00e0)<br \/>\nTravers\u00e9e de la m\u00e8re (la)<br \/>\nTrefle \u00e0 4 feuilles (le)<br \/>\nTreize<br \/>\nTreize coups de minuit (les)<br \/>\nTremblement de coeur<br \/>\nTrente millions de kilom\u00e8tres<br \/>\nTr\u00e9pied, t\u00e9l\u00e9commande, Kamikaze<br \/>\nTr\u00e8s anciennes larmes (de)<br \/>\nTr\u00e8s bon plan (un)<br \/>\nTr\u00e8s courte histoire<br \/>\nTr\u00e8s courte visite (une)<br \/>\nTr\u00e8s efficace mais pas intelligent<br \/>\nTr\u00e8s long voyage (un)<br \/>\nTr\u00e8s vieux r\u00eave (un)<br \/>\nTr\u00e9sor (un)<br \/>\nTr\u00e9sor de l&#8217;expo 58<br \/>\nTriangle parfait (le)<br \/>\nTriangle prestigieux (Le)<br \/>\nTriangle s\u00e9duisant (le)<br \/>\nTribulations d&#8217;un amateur de cailloux (les)<br \/>\nTribunal des amours mortes<br \/>\nTribunal des faux coupables (le)<br \/>\nTricot marathon<br \/>\nTriomphe de l&#8217;innocence (le)*<br \/>\nTriple test<br \/>\nTriste magie de l&#8217;\u00e9ph\u00e9m\u00e8re<br \/>\nTriste pauvret\u00e9 du champion (la)<br \/>\nTrois billets s\u2019il vous pla\u00eet<br \/>\nTrois cheveux<br \/>\nTrois \u00e9preuves (les)*<br \/>\nTrois \u00e9toiles<br \/>\nTrois fain\u00e9ants au soleil<br \/>\nTrois fois rien<br \/>\nTrois hommes et un coussin<br \/>\nTrois jours pour f\u00eater \u00e7a<br \/>\nTrois lignes pour en finir avec l&#8217;amour<br \/>\nTrois lumi\u00e8res (les)<br \/>\nTrois minutes dans les flammes<br \/>\nTrois pages de l\u00e9gende*<br \/>\nTrois pas en avant, trois pas en arri\u00e8re<br \/>\nTrois pens\u00e9es de la petite bossue (les)<br \/>\nTrois saisons de la vie (les)*<br \/>\nTrois soirs toi, trois soirs moi, un soir nous<br \/>\nTroisi\u00e8me mi-temps<br \/>\nTroisi\u00e8me porte \u00e0 droite<br \/>\nTroisi\u00e8me statue (la)<br \/>\nTromperie (la)<br \/>\nTrop bavard pour \u00eatre mime<br \/>\nTrop de m\u00e9moire<br \/>\nTrop de provocation<br \/>\nTrop grand r\u00eave (un)<br \/>\nTrop grand trop cher<br \/>\nTrop lourd silence (un)<br \/>\nTrop peu d&#8217;amour<br \/>\nTrop poli pour \u00eatre honn\u00eate<br \/>\nTrop prudent<br \/>\nTrop tard pour Jimmy B\u00e9dard<br \/>\nTrottoir d\u00e9fendu<br \/>\nTrou (le)<br \/>\nTrou dans la chauss\u00e9e<br \/>\nTrouble \u00e0 l&#8217;ordre public<br \/>\nTroubles de vision<br \/>\ntrouver le silence<br \/>\nTruc \u00e0 lui (son)<br \/>\nTruc du crachoir (le)<br \/>\nTruc infaillible (le)<br \/>\nTsar des Marolles (le)<br \/>\nTu as encore chang\u00e9 de chandail<br \/>\nTu devrais l\u2019acheter<br \/>\nTu dors? Non, je fais fortune<br \/>\nTu es cet homme<br \/>\nTu mens, je le sens<br \/>\nTu n\u2019as pas de m\u00e8re biologique<br \/>\nTu sais que t&#8217;es un chouette mari toi<br \/>\nTu\u00e9s par l&#8217;abondance<br \/>\nTueur de cheveux<br \/>\nTunnel (le)<br \/>\nTyrade du pied (la)<\/p>\n","protected":false},"excerpt":{"rendered":"<p>L&#8217;ultime banque de th\u00e8mes !!! D\u00e9couvrez dans ces pages une liste tr\u00e8s compl\u00e8te de th\u00e8mes d&#8217;improvisation ! \u00c0 utiliser sans retenue !!! NAVIGATION : A | B | C | D | E | F | G | H | I | J | K | L | M | N | O | P [&hellip;]<\/p>\n","protected":false},"author":22,"featured_media":0,"parent":422,"menu_order":436,"comment_status":"open","ping_status":"open","template":"","meta":{"footnotes":""},"class_list":["post-1600","page","type-page","status-publish","hentry"],"jetpack_sharing_enabled":true,"_links":{"self":[{"href":"https:\/\/www.dramaction.qc.ca\/fr\/wp-json\/wp\/v2\/pages\/1600","targetHints":{"allow":["GET"]}}],"collection":[{"href":"https:\/\/www.dramaction.qc.ca\/fr\/wp-json\/wp\/v2\/pages"}],"about":[{"href":"https:\/\/www.dramaction.qc.ca\/fr\/wp-json\/wp\/v2\/types\/page"}],"author":[{"embeddable":true,"href":"https:\/\/www.dramaction.qc.ca\/fr\/wp-json\/wp\/v2\/users\/22"}],"replies":[{"embeddable":true,"href":"https:\/\/www.dramaction.qc.ca\/fr\/wp-json\/wp\/v2\/comments?post=1600"}],"version-history":[{"count":1,"href":"https:\/\/www.dramaction.qc.ca\/fr\/wp-json\/wp\/v2\/pages\/1600\/revisions"}],"predecessor-version":[{"id":7555,"href":"https:\/\/www.dramaction.qc.ca\/fr\/wp-json\/wp\/v2\/pages\/1600\/revisions\/7555"}],"up":[{"embeddable":true,"href":"https:\/\/www.dramaction.qc.ca\/fr\/wp-json\/wp\/v2\/pages\/422"}],"wp:attachment":[{"href":"https:\/\/www.dramaction.qc.ca\/fr\/wp-json\/wp\/v2\/media?parent=1600"}],"curies":[{"name":"wp","href":"https:\/\/api.w.org\/{rel}","templated":true}]}}