{"id":1598,"date":"2011-01-07T13:54:35","date_gmt":"2011-01-07T18:54:35","guid":{"rendered":"http:\/\/www.dramaction.qc.ca\/fr\/"},"modified":"2017-02-01T08:14:30","modified_gmt":"2017-02-01T13:14:30","slug":"s","status":"publish","type":"page","link":"https:\/\/www.dramaction.qc.ca\/fr\/improvisation\/themes-dimprovisation\/s\/","title":{"rendered":"s"},"content":{"rendered":"<h2>L&#8217;ultime banque de th\u00e8mes !!!<\/h2>\n<p>D\u00e9couvrez dans ces pages une liste tr\u00e8s compl\u00e8te de th\u00e8mes d&#8217;improvisation ! \u00c0 utiliser sans retenue !!!<\/p>\n<p><strong>NAVIGATION :<\/strong><\/p>\n<p><a href=\"http:\/\/www.dramaction.qc.ca\/fr\/improvisation\/themes-dimprovisation\/a\/\">A<\/a> | <a href=\"http:\/\/www.dramaction.qc.ca\/fr\/improvisation\/themes-dimprovisation\/b\/\">B<\/a> | <a href=\"http:\/\/www.dramaction.qc.ca\/fr\/improvisation\/themes-dimprovisation\/c\/\">C<\/a> | <a href=\"http:\/\/www.dramaction.qc.ca\/fr\/improvisation\/themes-dimprovisation\/d\/\">D<\/a> | <a href=\"http:\/\/www.dramaction.qc.ca\/fr\/improvisation\/themes-dimprovisation\/e\/\">E<\/a> | <a href=\"http:\/\/www.dramaction.qc.ca\/fr\/improvisation\/themes-dimprovisation\/f\/\">F<\/a> | <a href=\"http:\/\/www.dramaction.qc.ca\/fr\/improvisation\/themes-dimprovisation\/g\/\">G<\/a> | <a href=\"http:\/\/www.dramaction.qc.ca\/fr\/improvisation\/themes-dimprovisation\/h\/\">H<\/a> | <a href=\"http:\/\/www.dramaction.qc.ca\/fr\/improvisation\/themes-dimprovisation\/i\/\">I<\/a> | <a href=\"http:\/\/www.dramaction.qc.ca\/fr\/improvisation\/themes-dimprovisation\/j\/\">J<\/a> | <a href=\"http:\/\/www.dramaction.qc.ca\/fr\/improvisation\/themes-dimprovisation\/k\/\">K<\/a> | <a href=\"http:\/\/www.dramaction.qc.ca\/fr\/improvisation\/themes-dimprovisation\/l\/\">L<\/a> | <a href=\"http:\/\/www.dramaction.qc.ca\/fr\/improvisation\/themes-dimprovisation\/m\/\">M<\/a> | <a href=\"http:\/\/www.dramaction.qc.ca\/fr\/improvisation\/themes-dimprovisation\/n\/\">N<\/a> | <a href=\"http:\/\/www.dramaction.qc.ca\/fr\/improvisation\/themes-dimprovisation\/o\/\">O<\/a> | <a href=\"http:\/\/www.dramaction.qc.ca\/fr\/improvisation\/themes-dimprovisation\/p\/\">P<\/a> | <a href=\"http:\/\/www.dramaction.qc.ca\/fr\/improvisation\/themes-dimprovisation\/q\/\">Q<\/a> | <a href=\"http:\/\/www.dramaction.qc.ca\/fr\/improvisation\/themes-dimprovisation\/r\/\">R<\/a> | <a href=\"http:\/\/www.dramaction.qc.ca\/fr\/improvisation\/themes-dimprovisation\/s\/\">S<\/a> | <a href=\"http:\/\/www.dramaction.qc.ca\/fr\/improvisation\/themes-dimprovisation\/t\/\">T<\/a> | <a href=\"http:\/\/www.dramaction.qc.ca\/fr\/improvisation\/themes-dimprovisation\/u\/\">U<\/a> | <a href=\"http:\/\/www.dramaction.qc.ca\/fr\/improvisation\/themes-dimprovisation\/v\/\">V<\/a> | <a href=\"http:\/\/www.dramaction.qc.ca\/fr\/improvisation\/themes-dimprovisation\/w\/\">W<\/a> | <a href=\"http:\/\/www.dramaction.qc.ca\/fr\/improvisation\/themes-dimprovisation\/x\/\">X<\/a> | <a href=\"http:\/\/www.dramaction.qc.ca\/fr\/improvisation\/themes-dimprovisation\/y\/\">Y<\/a> | <a href=\"http:\/\/www.dramaction.qc.ca\/fr\/improvisation\/themes-dimprovisation\/z\/\">Z<\/a><\/p>\n<hr \/>\n<p>S\u2019cusez, mes patates sont vertes<br \/>\nSable dans les dunes (du)<br \/>\nSable et les \u00e9toiles (le)<br \/>\nSables \u00e9mouvants (des)<br \/>\nSabotage en mer rouge<br \/>\nSac de doublons (le)<br \/>\nSacoche dangereuse<br \/>\nSacr\u00e9 au sucr\u00e9 (du)<br \/>\nSacr\u00e9 bout de chemin (un)<br \/>\nSacr\u00e9 pied (un)<br \/>\nSacre\u00e9 gymnastique (une)<br \/>\nSafari blanc<br \/>\nSafari en flandre<br \/>\nSafari m\u00e9tropolitain<br \/>\nSagesse africaine<br \/>\nSagesse de la d\u00e9mence<br \/>\nSagesse et r\u00e9flexion<br \/>\nSaint Jacques n&#8217;est plus tr\u00e8s loin<br \/>\nSaint Nicolas me cherche des crosses<br \/>\nSaints vont en enfer (les)<br \/>\nSaison de plus pour Fernand Gazou (Une)<br \/>\nSaison des fleurs (la)<br \/>\nSalade de saison<br \/>\nSalaire de l&#8217;incomp\u00e9tence (Le)<br \/>\nSalaire minimum<br \/>\nSale affaire dans la machine \u00e0 jambon<br \/>\nSale besogne*<br \/>\nSale cabot !<br \/>\nSale coin pour un sale boulot*<br \/>\nSale temps pour les chiens<br \/>\nSalle d&#8217;attente (la)<br \/>\nSalle d&#8217;attente de St Pierre (dans la)<br \/>\nSalles de bains ultra-modernes<br \/>\nSalon de coiffure<br \/>\nSalon de la neige<br \/>\nSalon de l&#8217;agriculture 2099<br \/>\nSalon du tonneau (le)<br \/>\nSalon soleil (un)<br \/>\nSalut le voisinage<br \/>\nSalutations au soleil<br \/>\nSamedi h<br \/>\nSamedi soir sur la terre<br \/>\nSanction exemplaire<br \/>\nSanction lev\u00e9e<br \/>\nSanctions \u00e9conomiques<br \/>\nSandwich 5 \u00e9toiles<br \/>\nSang contre sang<br \/>\nSang et des jeux (du)<br \/>\nSang neuf pour l&#8217;an neuf<br \/>\nSang-froid<br \/>\nSans aucun doute<br \/>\nSans aucun remord<br \/>\nSans commentaire<br \/>\nSans complexes<br \/>\nSans domicile fixe<br \/>\nSans \u00e9tats d&#8217;\u00e2mes<br \/>\nSans famille<br \/>\nSans fin et sans fond<br \/>\nSans foi ni loi<br \/>\nSans frais<br \/>\nSans perruque, qui suis-je ?<br \/>\nSans piti\u00e9<br \/>\nSans scrupules<br \/>\nSans tambour ni trompette<br \/>\nSans th\u00e8me ni caucus<br \/>\nSans titre<br \/>\nSans un cri<br \/>\nSant\u00e9 par les plantes (La)<br \/>\nSaskatoon, mon amour<br \/>\nSatan chez les Soviets<br \/>\nSaturation<br \/>\nSauce piquante (la)<br \/>\nSaut \u00e0 ski<br \/>\nSauvage<br \/>\nSauvagerie originelle (La)<br \/>\nSauv\u00e9 des flammes<br \/>\nSauv\u00e9 par le gong<br \/>\nSauver des eaux<br \/>\nSauvetage<br \/>\nSauvetage<br \/>\nSavourer le bonheur*<br \/>\nSavoureuse fa\u00e7on de se faire larguer (une)<br \/>\nScandale dans un village tranquille<br \/>\nSc\u00e9nario catastrophe<br \/>\nSc\u00e8ne de chemin\u00e9e<br \/>\nSceptre imaginaire (le)*<br \/>\nSciatique royale (une)<br \/>\nScience ou fiction<br \/>\nScientifique en cravate<br \/>\nScoop<br \/>\nSe chercher pour mieux se fuir<br \/>\nSe retenir le plus longtemps possible (ou \u00e9viter l&#8217;\u00e9jaculation pr\u00e9coce)<br \/>\nS\u00e9cheuse portable<br \/>\nSecondaire, mon cher Watson<br \/>\nSeconde chance (une)<br \/>\nSecret \u00e0 rallonge<br \/>\nSecret de la grande pyramide (le)<br \/>\nSecret de Moli\u00e8re (le)<br \/>\nSecret de polichinelle (Un)<br \/>\nSecret des autres (Le)<br \/>\nSecret des glaces (le)<br \/>\nSecret d&#8217;\u00e9tat<br \/>\nSecret d\u00e9voil\u00e9<br \/>\nSecret Incas<br \/>\nSecr\u00e9taire (la)<br \/>\nSecte en secte (De)<br \/>\nS\u00e9curit\u00e9 maximale<br \/>\nS\u00e9duction*<br \/>\nSeigneur du hameau (Le)<br \/>\nSeigneur du ring (le)<br \/>\nSein des seins (le)<br \/>\nSel de l&#8217;existence (le)<br \/>\nS\u00e9lection nationale<br \/>\nSelf-service<br \/>\nSemaine nationale des maringouins<br \/>\nSemeur de tonnerre<br \/>\nSemi-remorque pour Addis Abeba<br \/>\nSens du ridicule (le)<br \/>\nSensations fortes<br \/>\nSensible comme un camion<br \/>\nSentier des lutins (le)*<br \/>\nSept croix (Les)<br \/>\nSept mois aujourd&#8217;hui<br \/>\nS\u00e9r\u00e9nade pour une sauterelle<br \/>\nS\u00e9rie d&#8217;illusions*<br \/>\nSerment du viking (le)<br \/>\nSerment se consumant au gr\u00e9 du vent (un)<br \/>\nSermon d&#8217;ivrogne<br \/>\nSerpent et l&#8217;exil\u00e9 (le)<br \/>\nSerr\u00e9<br \/>\nSerr\u00e9 trop fort<br \/>\nService de proximit\u00e9<br \/>\nService du diable (au)<br \/>\nService minimum<br \/>\nService rapide*<br \/>\nSes cheveux flottaient doucement au vent<br \/>\nSession de rattrapage<br \/>\nSeul contre tous<br \/>\nSeul \u00eatre vous manque et tout est d\u00e9peupl\u00e9 (un)<br \/>\nSeule id\u00e9e en t\u00eate (une)<br \/>\nSexe des anges (le)<br \/>\nSi ce n&#8217;est toi, c&#8217;est donc Albert<br \/>\nSi c&#8217;\u00e9tait \u00e0 refaire<br \/>\nSi constance n&#8217;\u00e9tait qu&#8217;un lac<br \/>\nSi j\u2019\u00e9tais une bo\u00eete \u00e0 lunch\u2026<br \/>\nSi je savais chanter\u2026<br \/>\nSi jeunesse savait, si vieillesse pouvait<br \/>\nSi les hommes savent pourquoi, peuvent-ils nous le dire<br \/>\nSi les huitres pouvaient parler<br \/>\nSi pr\u00e8s de toi<br \/>\nSi sobre, si souple et si&#8230;<br \/>\nSi subtil<br \/>\nSi une fourchette pouvait parler<br \/>\nSignature (la)<br \/>\nSigne d&#8217;ouverture<br \/>\nSigne du scorpion (le)<br \/>\nSigne du singe (le)<br \/>\nSign\u00e9 R.<br \/>\nSign\u00e9: le bossu<br \/>\nSilence \u00e0 Niagara<br \/>\nSilence assassin (le)<br \/>\nSilence des aveux (Le)<br \/>\nSilence vital<br \/>\nSilence, on tourne<br \/>\nSilences plus impressionnants que l&#8217;ouragan (des)<br \/>\nSimiesques, mais beaux<br \/>\nSimulacre nocturne dans les&#8230;<br \/>\nSimulation de grossesse*<br \/>\nS&#8217;interroger, s&#8217;informer, comprendre&#8230;<br \/>\nSir\u00e8ne (la)<br \/>\nSir\u00e8ne qui annon\u00e7ait la fin (la)<\/p>\n<hr \/>\n<h2>Obtenez les 5557 th\u00e8mes dans un seul fichier<\/h2>\n<p>Pour obtenir tous les th\u00e8mes d&#8217;improvisation dans un seul fichier Excel, veuillez faire parvenir un don de 1 $ \u00e0 la communaut\u00e9 Dramaction, nous vous enverrons par courriel le ficheir afin de faciliter votre vie !<\/p>\n<table width=\"543\" bgcolor=\"#ffffff\">\n<tbody>\n<tr bgcolor=\"#ffffff\">\n<td><strong>Faire un don de 1 $ CND\u00a0<\/strong><\/td>\n<td><strong>Faire un don de 1\u20ac <\/strong><\/td>\n<\/tr>\n<tr bgcolor=\"#ffffff\">\n<td>\n<form accept-charset=\"UNKNOWN\" action=\"https:\/\/www.paypal.com\/cgi-bin\/webscr\" enctype=\"application\/x-www-form-urlencoded\" method=\"post\"><input name=\"cmd\" type=\"hidden\" value=\"_s-xclick\" \/> <input name=\"hosted_button_id\" type=\"hidden\" value=\"AQDF2KFES44FE\" \/> <input alt=\"PayPal - la solution de paiement en ligne la plus simple et la plus s\u00e9curis\u00e9e !\" name=\"submit\" src=\"https:\/\/www.paypal.com\/fr_CA\/i\/btn\/btn_donateCC_LG.gif\" type=\"image\" \/> <img decoding=\"async\" class=\"hzfhiuftqbmsptddntlc\" src=\"https:\/\/www.paypal.com\/fr_CA\/i\/scr\/pixel.gif\" alt=\"\" width=\"1\" height=\"1\" border=\"0\" \/><\/form>\n<\/td>\n<td>\n<form accept-charset=\"UNKNOWN\" action=\"https:\/\/www.paypal.com\/cgi-bin\/webscr\" enctype=\"application\/x-www-form-urlencoded\" method=\"post\"><input name=\"cmd\" type=\"hidden\" value=\"_donations\" \/> <input name=\"business\" type=\"hidden\" value=\"christian_cardin@videotron.ca\" \/> <input name=\"lc\" type=\"hidden\" value=\"CA\" \/> <input name=\"item_name\" type=\"hidden\" value=\"Dramaction\" \/> <input name=\"item_number\" type=\"hidden\" value=\"dramaction-don1\" \/> <input name=\"amount\" type=\"hidden\" value=\"1.00\" \/> <input name=\"currency_code\" type=\"hidden\" value=\"EUR\" \/> <input name=\"no_note\" type=\"hidden\" value=\"0\" \/> <input name=\"currency_code\" type=\"hidden\" value=\"EUR\" \/> <input name=\"bn\" type=\"hidden\" value=\"PP-DonationsBF:btn_donateCC_LG.gif:NonHostedGuest\" \/> <input alt=\"PayPal - la solution de paiement en ligne la plus simple et la plus s\u00e9curis\u00e9e !\" name=\"submit\" src=\"https:\/\/www.paypal.com\/fr_CA\/i\/btn\/btn_donateCC_LG.gif\" type=\"image\" \/> <img decoding=\"async\" class=\"hzfhiuftqbmsptddntlc\" src=\"https:\/\/www.paypal.com\/fr_CA\/i\/scr\/pixel.gif\" alt=\"\" width=\"1\" height=\"1\" border=\"0\" \/><\/form>\n<\/td>\n<\/tr>\n<\/tbody>\n<\/table>\n<p>Merci de contribuer au succ\u00e8s de ce site !<\/p>\n<hr \/>\n<p>Situation d\u00e9licate<br \/>\nSituation d\u00e9plaisante<br \/>\nSituation in\u00e9dite (une)<br \/>\nSix chiennes chiliennes (Les)<br \/>\nSix derniers jours (les)<br \/>\nSki de fond<br \/>\nSlip de l&#8217;ennui (le)<br \/>\nSMS g\u00e9n\u00e9ration<br \/>\nSoif<br \/>\nSoif de consommer (La)<br \/>\nSoif de pouvoir<br \/>\nSoif du bien (La)<br \/>\nSoignies, c&#8217;est fini<br \/>\nSoir au f\u00e9minin (le)<br \/>\nSoir bleu des collines (le)<br \/>\nSoir illustr\u00e9 (le)<br \/>\nSoir, un train, une gare (un)<br \/>\nSoir\u00e9e d&#8217;enfer (une)<br \/>\nSoir\u00e9e inoubliable (une)<br \/>\nSoir\u00e9e r\u00e9sistante<br \/>\nSoldat \u00e0 10 ans<br \/>\nSoldat afghan (le)<br \/>\nSoldat couillon<br \/>\nSoldes du 21\u00e8me si\u00e8cle (les)<br \/>\nSoleil brille pour Claudine (le)<br \/>\nSoleil de minuit (le)<br \/>\nSoleil en bouteille<br \/>\nSoleil jusqu&#8217;au plus profond du corps (le)<br \/>\nSolidit\u00e9 psychologique<br \/>\nSolitaire<br \/>\nSolitaire du pacifique (le)<br \/>\nSolitude remplie de monde (une)<br \/>\nSolution : beurre de pinottes<br \/>\nSolution \u00e0 la belge<br \/>\nSolution carminative<br \/>\nSolution pour la photocopieuse<br \/>\nSon dernier coup d&#8217;archer<br \/>\nSonge en hiver (un)<br \/>\nSonges d&#8217;un matin d&#8217;hiver<br \/>\nSonnerie d&#8217;enfer<br \/>\nSorbonne des sables (la)<br \/>\nSorcier et la gr\u00e8ve (le)<br \/>\nSors de la garde-robe<br \/>\nSort du cochon (Le)<br \/>\nSorte de transe (une)<br \/>\nSortez du troupeau<br \/>\nSortie de placards<br \/>\nSortie de terre<br \/>\nSortie romantique au cin\u00e9ma<br \/>\nSOS<br \/>\nSosie du clown (le)<br \/>\nSoucis du cadet (le)<br \/>\nSouffleur de verre<br \/>\nSouliers verts (les)<br \/>\nSouliers verts (les)<br \/>\nSoupir d&#8217;ange<br \/>\nSoupir d&#8217;ouvreuse<br \/>\nSource de douleur et d&#8217;inconfort<br \/>\nSource d&#8217;inspiration<br \/>\nSource d&#8217;inspiration (La)<br \/>\nSource m\u00e9dicale (de)<br \/>\nSource proche (de)<br \/>\nSourcils d&#8217;Emiliano (les)<br \/>\nSourire d&#8217;Isis (le)<br \/>\nSourires de vieux<br \/>\nSouris les pr\u00e9f\u00e8rent froides (les)<br \/>\nSouris pour la photo!<br \/>\nSous bois (dans le)*<br \/>\nSous le joug du roi L\u00e9o*<br \/>\nSous le porche d&#8217;\u00e9glise*<br \/>\nSous le signe du trident<br \/>\nSous le soleil de Cayenne<br \/>\nSous le tapis du couloir<br \/>\nSous le verrou<br \/>\nSous les pav\u00e9s la plage<br \/>\nSous un dolmen<br \/>\nSous un soleil rouge<br \/>\nSouvenir d\u2019hiver<br \/>\nSouvenir de Provence<br \/>\nSouvenirs de gosses<br \/>\nSouvenirs de quarantaine<br \/>\nSouvenirs pieux<br \/>\nSouvent femme varie<br \/>\nSouviens-toi d&#8217;H\u00e9l\u00e8ne<br \/>\nSpaghetti sauce piquante<br \/>\nSpectacle de l\u00e9gende (un)<br \/>\nSpectaculaire<br \/>\nSpectateurs agit\u00e9s<br \/>\nSpirale infernale (la)<br \/>\nSportif en herbe (le)*<br \/>\nSportif par amour<br \/>\nStabilisation temporelle<br \/>\nStade \u00e0 l&#8217;autre (d&#8217;un)<br \/>\nStaline vient de mourir<br \/>\nStar Acad\u00e9mie des muets<br \/>\nStar de Bovesse<br \/>\nStatue, statuette ou bibelot<br \/>\nStatuquo \u00e0 Elliot Lake<br \/>\nStoemp carotte<br \/>\nStrat\u00e9gie de mendiant*<br \/>\nStrip-tease censur\u00e9<br \/>\nStriptease sentimental<br \/>\nStyle tatouage<br \/>\nSublime des petites choses efficaces (le)<br \/>\nSubstitut<br \/>\nSubtile odeur de fumier (une)<br \/>\nSucc\u00e8s d&#8217;estime<br \/>\nSucc\u00e8s fulgurant (un)<br \/>\nSu\u00e8de contre Finlande<br \/>\nSuggestions<br \/>\nSuis le pointill\u00e9 bleu<br \/>\nSuite dans les id\u00e9es (De la)<br \/>\nSuivant<br \/>\nSuivantes (les)*<br \/>\nSuivez-moi<br \/>\nSujet br\u00fblant<br \/>\nSujet tabou<br \/>\nSuper cachette (Une)<br \/>\nSuper motard<br \/>\nSuperbe vue menac\u00e9e (une)<br \/>\nSupercherie<br \/>\nSuper-Scaphandre<br \/>\nSuper-Tomate \u00e0 la rescousse<br \/>\nSur la corde raide<br \/>\nSur la fr\u00e9quence de la d\u00e9tresse<br \/>\nSur la m\u00eame note<br \/>\nSur la piste de mes anc\u00eatres<br \/>\nSur la piste des mondes parall\u00e8les<br \/>\nSur la route au point du jour<br \/>\nSur la terrasse du grand palace<br \/>\nSur la touche<br \/>\nSur le babillard<br \/>\nSur le bout de la langue, au bout des doigts<br \/>\nSur le bout des pieds<br \/>\nSur le fil du rasoir<br \/>\nSur le mont du scandale<br \/>\nSur le pont<br \/>\nSur le terrain de balle-molle<br \/>\nSur le tram<br \/>\nSur l&#8217;eau<br \/>\nSur les ailes d\u2019un flamand rose<br \/>\nSur les \u00e9tag\u00e8res de nos belles armoires \u00e0 nostalgie<br \/>\nSur les traces de Galil\u00e9e<br \/>\nSur tous les fronts<br \/>\nSur un matelas de copecks<br \/>\nSur un nuage<br \/>\nSur un plateau<br \/>\nSur un plateau d&#8217;argent<br \/>\nSur un sentier de lumi\u00e8re<br \/>\nSurface molle<br \/>\nSurprise au parc d\u2019amusement<br \/>\nSursauts<br \/>\nSuspects (le)*<br \/>\nSylvio et Pedro partent en p\u00e9dalo<br \/>\nSymbole d&#8217;une d\u00e9rive<br \/>\nSympa et anonyme<br \/>\nSyst\u00e8me anti-vol<br \/>\nSyst\u00e8me d\u2019alarme<\/p>\n","protected":false},"excerpt":{"rendered":"<p>L&#8217;ultime banque de th\u00e8mes !!! D\u00e9couvrez dans ces pages une liste tr\u00e8s compl\u00e8te de th\u00e8mes d&#8217;improvisation ! \u00c0 utiliser sans retenue !!! NAVIGATION : A | B | C | D | E | F | G | H | I | J | K | L | M | N | O | P [&hellip;]<\/p>\n","protected":false},"author":22,"featured_media":0,"parent":422,"menu_order":435,"comment_status":"open","ping_status":"open","template":"","meta":{"footnotes":""},"class_list":["post-1598","page","type-page","status-publish","hentry"],"jetpack_sharing_enabled":true,"_links":{"self":[{"href":"https:\/\/www.dramaction.qc.ca\/fr\/wp-json\/wp\/v2\/pages\/1598","targetHints":{"allow":["GET"]}}],"collection":[{"href":"https:\/\/www.dramaction.qc.ca\/fr\/wp-json\/wp\/v2\/pages"}],"about":[{"href":"https:\/\/www.dramaction.qc.ca\/fr\/wp-json\/wp\/v2\/types\/page"}],"author":[{"embeddable":true,"href":"https:\/\/www.dramaction.qc.ca\/fr\/wp-json\/wp\/v2\/users\/22"}],"replies":[{"embeddable":true,"href":"https:\/\/www.dramaction.qc.ca\/fr\/wp-json\/wp\/v2\/comments?post=1598"}],"version-history":[{"count":0,"href":"https:\/\/www.dramaction.qc.ca\/fr\/wp-json\/wp\/v2\/pages\/1598\/revisions"}],"up":[{"embeddable":true,"href":"https:\/\/www.dramaction.qc.ca\/fr\/wp-json\/wp\/v2\/pages\/422"}],"wp:attachment":[{"href":"https:\/\/www.dramaction.qc.ca\/fr\/wp-json\/wp\/v2\/media?parent=1598"}],"curies":[{"name":"wp","href":"https:\/\/api.w.org\/{rel}","templated":true}]}}