{"id":1596,"date":"2011-01-07T13:53:49","date_gmt":"2011-01-07T18:53:49","guid":{"rendered":"http:\/\/www.dramaction.qc.ca\/fr\/"},"modified":"2017-02-01T08:14:26","modified_gmt":"2017-02-01T13:14:26","slug":"r","status":"publish","type":"page","link":"https:\/\/www.dramaction.qc.ca\/fr\/improvisation\/themes-dimprovisation\/r\/","title":{"rendered":"r"},"content":{"rendered":"<h2>L&#8217;ultime banque de th\u00e8mes !!!<\/h2>\n<p>D\u00e9couvrez dans ces pages une liste tr\u00e8s compl\u00e8te de th\u00e8mes d&#8217;improvisation ! \u00c0 utiliser sans retenue !!!<\/p>\n<p><strong>NAVIGATION :<\/strong><\/p>\n<p><a href=\"http:\/\/www.dramaction.qc.ca\/fr\/improvisation\/themes-dimprovisation\/a\/\">A<\/a> | <a href=\"http:\/\/www.dramaction.qc.ca\/fr\/improvisation\/themes-dimprovisation\/b\/\">B<\/a> | <a href=\"http:\/\/www.dramaction.qc.ca\/fr\/improvisation\/themes-dimprovisation\/c\/\">C<\/a> | <a href=\"http:\/\/www.dramaction.qc.ca\/fr\/improvisation\/themes-dimprovisation\/d\/\">D<\/a> | <a href=\"http:\/\/www.dramaction.qc.ca\/fr\/improvisation\/themes-dimprovisation\/e\/\">E<\/a> | <a href=\"http:\/\/www.dramaction.qc.ca\/fr\/improvisation\/themes-dimprovisation\/f\/\">F<\/a> | <a href=\"http:\/\/www.dramaction.qc.ca\/fr\/improvisation\/themes-dimprovisation\/g\/\">G<\/a> | <a href=\"http:\/\/www.dramaction.qc.ca\/fr\/improvisation\/themes-dimprovisation\/h\/\">H<\/a> | <a href=\"http:\/\/www.dramaction.qc.ca\/fr\/improvisation\/themes-dimprovisation\/i\/\">I<\/a> | <a href=\"http:\/\/www.dramaction.qc.ca\/fr\/improvisation\/themes-dimprovisation\/j\/\">J<\/a> | <a href=\"http:\/\/www.dramaction.qc.ca\/fr\/improvisation\/themes-dimprovisation\/k\/\">K<\/a> | <a href=\"http:\/\/www.dramaction.qc.ca\/fr\/improvisation\/themes-dimprovisation\/l\/\">L<\/a> | <a href=\"http:\/\/www.dramaction.qc.ca\/fr\/improvisation\/themes-dimprovisation\/m\/\">M<\/a> | <a href=\"http:\/\/www.dramaction.qc.ca\/fr\/improvisation\/themes-dimprovisation\/n\/\">N<\/a> | <a href=\"http:\/\/www.dramaction.qc.ca\/fr\/improvisation\/themes-dimprovisation\/o\/\">O<\/a> | <a href=\"http:\/\/www.dramaction.qc.ca\/fr\/improvisation\/themes-dimprovisation\/p\/\">P<\/a> | <a href=\"http:\/\/www.dramaction.qc.ca\/fr\/improvisation\/themes-dimprovisation\/q\/\">Q<\/a> | <a href=\"http:\/\/www.dramaction.qc.ca\/fr\/improvisation\/themes-dimprovisation\/r\/\">R<\/a> | <a href=\"http:\/\/www.dramaction.qc.ca\/fr\/improvisation\/themes-dimprovisation\/s\/\">S<\/a> | <a href=\"http:\/\/www.dramaction.qc.ca\/fr\/improvisation\/themes-dimprovisation\/t\/\">T<\/a> | <a href=\"http:\/\/www.dramaction.qc.ca\/fr\/improvisation\/themes-dimprovisation\/u\/\">U<\/a> | <a href=\"http:\/\/www.dramaction.qc.ca\/fr\/improvisation\/themes-dimprovisation\/v\/\">V<\/a> | <a href=\"http:\/\/www.dramaction.qc.ca\/fr\/improvisation\/themes-dimprovisation\/w\/\">W<\/a> | <a href=\"http:\/\/www.dramaction.qc.ca\/fr\/improvisation\/themes-dimprovisation\/x\/\">X<\/a> | <a href=\"http:\/\/www.dramaction.qc.ca\/fr\/improvisation\/themes-dimprovisation\/y\/\">Y<\/a> | <a href=\"http:\/\/www.dramaction.qc.ca\/fr\/improvisation\/themes-dimprovisation\/z\/\">Z<\/a><\/p>\n<hr \/>\n<p>Raccourci vers l\u2019\u00e9ternit\u00e9<br \/>\nRadical<br \/>\nRafale<br \/>\nRaffinement d\u00e9moniaque<br \/>\nRage du d\u00e9sespoir (la)<br \/>\nRaison du plus faible (la)<br \/>\nRallye Trazegnies-Hamoir<br \/>\nRamasseur d&#8217;\u00e9pingles (le)*<br \/>\nRamifications<br \/>\nRan\u00e7on du silence<br \/>\nRandonn\u00e9 sur l\u2019arc-en-ciel<br \/>\nRapatriement d&#8217;urgence<br \/>\nRapide et efficace<br \/>\nRapide, simple, efficace<br \/>\nRapidit\u00e9 insupportable (une)<br \/>\nRappel 2<br \/>\nRasade de trop (une)<br \/>\nRat et la vip\u00e8re (le)<br \/>\nR\u00e9actions en cha\u00eene<br \/>\nR\u00e9alit\u00e9 ou fiction<br \/>\nRe-belote<br \/>\nRebondissements inattendus<br \/>\nRebrousse-poil (\u00e0)<br \/>\nRecette (la)<br \/>\nRecette du bonheur<br \/>\nRecette du bonheur (la)<br \/>\nRecette du jour (la)<br \/>\nRecette du meurtre<br \/>\nRecette manqu\u00e9e<br \/>\nRecherchons talents, d\u00e9butants bienvenue<br \/>\nRechute<br \/>\nR\u00e9cit d&#8217;anciens<br \/>\nR\u00e9colte sauvage (la)<br \/>\nR\u00e9compense (la)<br \/>\nR\u00e9conciliation<br \/>\nR\u00e9conciliation<br \/>\nReconstitution<br \/>\nRecontre des trois \u00e9l\u00e9ments (la)<br \/>\nReconversion de centurion<br \/>\nReconversion g\u00e9niale<br \/>\nRecord de fidelit\u00e9<br \/>\nRecours en justice<br \/>\nRecto-verso<br \/>\nReculez les cibles de trente pieds<br \/>\nReculons tous<br \/>\nR\u00e9cup\u00e9ration<br \/>\nR\u00e9cup\u00e8re le sac, tu auras la fille<br \/>\nRecyclage express<br \/>\nReddition<br \/>\nReddition strat\u00e9gique<br \/>\nRed\u00e9finir l&#8217;\u00e9quilibre<br \/>\nRedoutable (la)<br \/>\nR\u00e9f\u00e9rendum de plus (un)<br \/>\nReflet du bonheur (le)<br \/>\nR\u00e9flexe (le)<br \/>\nR\u00e9flexion sur l&#8217;amour<br \/>\nR\u00e9flexions anthropologiques<br \/>\nR\u00e9forme des m\u00e9contents (la)<br \/>\nR\u00e9forme souhait\u00e9e<br \/>\nRefoul\u00e9<br \/>\nRefrain<br \/>\nR\u00e9fugi\u00e9s (les)<br \/>\nRegain d&#8217;espoir<br \/>\nRegard \u00e0 l&#8217;\u00e9cart pour mieux voir (un)<br \/>\nRegard fertil (le)<br \/>\nRegard, un sourire et c&#8217;est parti (un)<br \/>\nRegarde dans la boule de cristal<br \/>\nRegarde les femmes passer<br \/>\nRegarde plus loin que le bout de ton nez<br \/>\nRegardez-vous<br \/>\nRegards enamour\u00e9s et baisers ardents<br \/>\nR\u00e9gates<br \/>\nR\u00e9gime de Pie XVIII (le)<br \/>\nR\u00e9gime sans elle<br \/>\nR\u00e8gl\u00e9 comme une horloge<br \/>\nR\u00e8glement de compte mensuel<br \/>\nR\u00e9habilitation du grand m\u00e9chant loup*<br \/>\nReine de la ruche (la)<br \/>\nReine des ordures (la)<br \/>\nReine des tartes (la)<br \/>\nRemake et parodie<br \/>\nRemarriage de ma soeur (le)<br \/>\nRenaissance fatale<br \/>\nRenard du d\u00e9sert arrive \u00e0 pied (le)<br \/>\nRencontre au sommet<br \/>\nRencontre dans le lave-vaisselle<br \/>\nRencontre dans les bas-fonds<br \/>\nRencontre de rebelles<br \/>\nRencontre de vacances<br \/>\nRencontre des trois \u00e9l\u00e9ments (la)<br \/>\nRencontre du dessin et de la litt\u00e9rature*<br \/>\nRencontre du premier type<br \/>\nRencontre familiale extra-terrestre<br \/>\nRencontre insolite<br \/>\nRencontre sur la corde \u00e0 linge<br \/>\nRencontres inattendues (des)<br \/>\nRendez-vous<br \/>\nRendez-vous \u00e0 Dream Castel<br \/>\nRendez-vous \u00e0 l\u2019h\u00f4pital<br \/>\nRendez-vous \u00e0 Matapolo<br \/>\nRendez-vous avec Zarya<br \/>\nRendez-vous chez l\u2019orienteur<br \/>\nRendez-vous dans les bois<br \/>\nRendez-vous des gens sympas (le)<br \/>\nRendez-vous manqu\u00e9<br \/>\nRendez-vous rue Renci<br \/>\nRendez-vous secret<br \/>\nRendez-vous sous l&#8217;orage<br \/>\nRenouveau<br \/>\nRenseignements utiles aux personnes qui attendent<br \/>\nRente de vieillesse (la)<br \/>\nRenvoi de la bonne (le)<br \/>\nRepaire de brigands<br \/>\nR\u00e9parties<br \/>\nRepas de deuil<br \/>\nR\u00e9ponse \u00e0 tout<br \/>\nReportage en direct<br \/>\nRepos<br \/>\nRepos du sifflet (le)<br \/>\nReprise de l&#8217;escalade<br \/>\nReproche vivant (le)<br \/>\nReproduction interdite<br \/>\nR\u00e9pugnant<br \/>\nRequiem pour un rascal<br \/>\nRequiem pour une conne<br \/>\nR\u00e9sistance<br \/>\nR\u00e9solument optimiste<br \/>\nR\u00e9solutionnaire<br \/>\nR\u00e9solutions pour le si\u00e8cle nouveau (des)<br \/>\nRespectant la tradition (en)<br \/>\nRespectez notre chef<br \/>\nRestaurant du coeur<br \/>\nReste une journ\u00e9e pour sauver l&#8217;humanit\u00e9 (il)<br \/>\nRestons calmes<br \/>\nRestons dignes<br \/>\nRetenu par les glaces<br \/>\nRetenue (la)<br \/>\nRetour \u00e0 l\u2019enfer<br \/>\nRetour \u00e0 l&#8217;authenticit\u00e9<br \/>\nRetour au pays<br \/>\nRetour au point de d\u00e9part<br \/>\nRetour au troc<br \/>\nRetour aux sources<br \/>\nRetour dans le temps<br \/>\nRetour de femme<\/p>\n<hr \/>\n<h2>Obtenez les 5557 th\u00e8mes dans un seul fichier<\/h2>\n<p>Pour obtenir tous les th\u00e8mes d&#8217;improvisation dans un seul fichier Excel, veuillez faire parvenir un don de 2 $ \u00e0 la communaut\u00e9 Dramaction, nous vous enverrons par courriel le ficheir afin de faciliter votre vie !<br \/>\n<div class=\"woocommerce \"><div class=\"products row columns-4\">\n<div class=\"col-md-3 col-sm-6 product type-product post-3792 status-publish first instock product_cat-exercices-et-ressources has-post-thumbnail featured downloadable sold-individually shipping-taxable purchasable product-type-simple\">\n\t<div class=\"project-item margin-bottom-20\">\n\t\t\t<figure>\n\t\t\t<a href=\"https:\/\/www.dramaction.qc.ca\/fr\/produit\/5557-titre-dimprovisation-de-dramaction\/\">\n\t\t\t\t<img decoding=\"async\" width=\"200\" height=\"200\" src=\"https:\/\/www.dramaction.qc.ca\/fr\/wp-content\/uploads\/2016\/12\/AdobeStock_56203799-200x200.jpeg\" class=\"attachment-woocommerce_thumbnail size-woocommerce_thumbnail\" alt=\"5557 titres d&#039;improvisation de Dramaction\" srcset=\"https:\/\/www.dramaction.qc.ca\/fr\/wp-content\/uploads\/2016\/12\/AdobeStock_56203799-200x200.jpeg 200w, https:\/\/www.dramaction.qc.ca\/fr\/wp-content\/uploads\/2016\/12\/AdobeStock_56203799-100x100.jpeg 100w, https:\/\/www.dramaction.qc.ca\/fr\/wp-content\/uploads\/2016\/12\/AdobeStock_56203799-150x150.jpeg 150w, https:\/\/www.dramaction.qc.ca\/fr\/wp-content\/uploads\/2016\/12\/AdobeStock_56203799-300x300.jpeg 300w, https:\/\/www.dramaction.qc.ca\/fr\/wp-content\/uploads\/2016\/12\/AdobeStock_56203799-1024x1024.jpeg 1024w\" sizes=\"(max-width: 200px) 100vw, 200px\" \/>\t\t\t<\/a>\n\t\t<\/figure>\n\t\t<div class=\"info\">\t\n\t\t\t<p class=\"product-title\">\n\t\t\t\t<a href=\"https:\/\/www.dramaction.qc.ca\/fr\/produit\/5557-titre-dimprovisation-de-dramaction\/\">\t\t\n\t\t\t\t\t5557 titres d&#8217;improvisation de Dramaction\t\t\t\t<\/a>\n\t\t\t<\/p>\n\t\t\t<div class=\"star-rating\" role=\"img\" aria-label=\"Note 5.00 sur 5\"><span style=\"width:100%\">Note <strong class=\"rating\">5.00<\/strong> sur 5<\/span><\/div>\n\t<span class=\"price\"><span class=\"woocommerce-Price-amount amount\"><bdi><span class=\"woocommerce-Price-currencySymbol\">&#36;<\/span>2.00<\/bdi><\/span><\/span>\n<a href=\"\/fr\/wp-json\/wp\/v2\/pages\/1596?add-to-cart=3792\" aria-describedby=\"woocommerce_loop_add_to_cart_link_describedby_3792\" data-quantity=\"1\" class=\"button product_type_simple add_to_cart_button ajax_add_to_cart\" data-product_id=\"3792\" data-product_sku=\"\" aria-label=\"Ajouter au panier\u00a0: &ldquo;5557 titres d&#039;improvisation de Dramaction&rdquo;\" rel=\"nofollow\" data-success_message=\"\u00ab\u00a05557 titres d&#039;improvisation de Dramaction\u00a0\u00bb a \u00e9t\u00e9 ajout\u00e9 \u00e0 votre panier\" role=\"button\">Ajouter au panier<\/a>\t<span id=\"woocommerce_loop_add_to_cart_link_describedby_3792\" class=\"screen-reader-text\">\n\t\t\t<\/span>\n\t\t\t\n\t\t<\/div>\t\n\t<\/div>\t\n<\/div>\n<\/div>\n<\/div>\n<p>Merci de contribuer au succ\u00e8s de ce site !<\/p>\n<hr \/>\n<p>Retour de l&#8217;ermite (le)<br \/>\nRetour de vacances<br \/>\nRetour des bannis (le)<br \/>\nRetour des dinosaures (le)<br \/>\nRetour du cracra (le)<br \/>\nRetour du grand roux (le)<br \/>\nRetour du jet d&#8217;eau (le)<br \/>\nRetour du printemps (le)<br \/>\nRetour du printemps (le)<br \/>\nRetour du printemps (le)<br \/>\nRetour du retour du cracra (le)<br \/>\nRetour en force<br \/>\nRetour fait aimer l&#8217;adieu (le)<br \/>\nRetraite anticip\u00e9e<br \/>\nRetransmission infid\u00e8le de la r\u00e9alit\u00e9<br \/>\nR\u00e9trospective<br \/>\nR\u00e9trospectivement sans importance<br \/>\nRetrouvailles<br \/>\nR\u00e9union au club des Amis des mouches<br \/>\nR\u00e9union de famille<br \/>\nR\u00e9union des gros nuls (la)<br \/>\nR\u00e9ussite possible<br \/>\nRevanche (la)<br \/>\nR\u00eave (le)<br \/>\nR\u00eave de chien<br \/>\nR\u00eave de femme<br \/>\nR\u00eave de l&#8217;architecte (dans)<br \/>\nR\u00eave et l&#8217;action (le)<br \/>\nR\u00eave europ\u00e9en (le)<br \/>\nR\u00eave olfactif<br \/>\nR\u00eave ou l&#8217;enfer (le)<br \/>\nR\u00eave plus long que la nuit (un)<br \/>\nR\u00eave sid\u00e9ral d&#8217;un na\u00eff id\u00e9al<br \/>\nR\u00e9veil (le)<br \/>\nR\u00e9veille-toi berg\u00e8re<br \/>\nR\u00e9v\u00e9lation<br \/>\nR\u00e9verb\u00e8re amoureux (le)<br \/>\nRevers de la main (d&#8217;)<br \/>\nR\u00eaves grandioses et vaisselle sale<br \/>\nReviens-nous Maurice Car\u00e8me<br \/>\nRevivez la l\u00e9gende<br \/>\nRevoir Damme et son clocher<br \/>\nR\u00e9volte des laids (la)<br \/>\nR\u00e9volte des oiseaux-mouches<br \/>\nR\u00e9volt\u00e9s dun frigo (les)<br \/>\nR\u00e9volution \u00e0 l&#8217;eau de rose<br \/>\nR\u00e9volution de chiffons<br \/>\nR\u00e9volution touristique<br \/>\nRevue de l\u2019ann\u00e9e<br \/>\nRevue de presse<br \/>\nRevue de presse<br \/>\nRibambelle de crustac\u00e9s<br \/>\nRichesse nomm\u00e9e beaut\u00e9 (une)<br \/>\nRicochets<br \/>\nRid\u00e9, chauve et sans dents<br \/>\nRideau<br \/>\nRideaux ne cachent rien (les)<br \/>\nRides sont le tombeau de l&#8217;amour (les)<br \/>\nRidicule ne tue plus (le)<br \/>\nRien c&#8217;est bien<br \/>\nRien de ce qui est humain ne lui \u00e9tait \u00e9tranger<br \/>\nRien qu&#8217;avec les yeux<br \/>\nRien que du sable<br \/>\nRien qu&#8217;un surhomme*<br \/>\nRiffifi au bois de la Cambre<br \/>\nRigueurs moyenn\u00e2geuses<br \/>\nRimes et chuchotement<br \/>\nRince-bouche biologique<br \/>\nRira bien qui rira le dernier<br \/>\nRire contagieux<br \/>\nRire de la gargouille (le)<br \/>\nRire est de rigueur (le)<br \/>\nRire qui d\u00e9range (un)<br \/>\nRires et sentiments<br \/>\nRisque \u00e0 prendre c\u00f4t\u00e9 coeur (un)*<br \/>\nRisque calcul\u00e9<br \/>\nRivi\u00e8re au c\u0153ur double (la)<br \/>\nRivi\u00e8re de perles (la)<br \/>\nRivi\u00e8re des ratons laveurs (la)<br \/>\nRiz (le)*<br \/>\nRobe rouge (La)<br \/>\nRobes noires (les)*<br \/>\nRobots et l&#8217;ouvrier (les)<br \/>\nRoche, Papier, pas de Ciseaux<br \/>\nRod\u00e9o et Juliette*<br \/>\nRoi a perdu son premier ministre (le)<br \/>\nRoi de la trempoline (le)*<br \/>\nRoi des gu\u00eapes (le)<br \/>\nRoi du siphon (le)<br \/>\nRoi sans valet (un)*<br \/>\nRois de la boue (les)<br \/>\nRois du ragot<br \/>\nRom\u00e9o et Juliette<br \/>\nRonds de cuir (les)<br \/>\nRonfleur et compagnie<br \/>\nRose et l&#8217;ortie (la)<br \/>\nRose infid\u00e8le (la)<br \/>\nRose pour la nuit (une)<br \/>\nRos\u00e9e nocturne<br \/>\nRouet de Madeleine (le)<br \/>\nRouge sang<br \/>\nRouleau de papier<br \/>\nRoute 66<br \/>\nRoute de la joie (la)<br \/>\nRoute de l&#8217;oubli (la)*<br \/>\nRoute des \u00e9pices (la)<br \/>\nRoute fant\u00f4me (la)<br \/>\nRoute quatre-cent vingt et un<br \/>\nRoute sans fin (la)<br \/>\nRoyal*<br \/>\nRoyaume immobile (le)<br \/>\nRuban nationaliste (le)<br \/>\nRue de Lilas<br \/>\nRue d\u00e9serte peut \u00eatre peupl\u00e9e d&#8217;un sourire (un)<br \/>\nRue est son royaume (la)<br \/>\nRu\u00e9e du matin (la)*<br \/>\nRu\u00e9e vers l&#8217;ordre<br \/>\nRuines et du m\u00e9tal tordu (des)<br \/>\nRumeur venue du nord (une)<br \/>\nRumeurs chez les lavandi\u00e8res<br \/>\nRupture de stock<br \/>\nRustines (les)<br \/>\nRythmes instinctifs<\/p>\n","protected":false},"excerpt":{"rendered":"<p>L&#8217;ultime banque de th\u00e8mes !!! D\u00e9couvrez dans ces pages une liste tr\u00e8s compl\u00e8te de th\u00e8mes d&#8217;improvisation ! \u00c0 utiliser sans retenue !!! NAVIGATION : A | B | C | D | E | F | G | H | I | J | K | L | M | N | O | P [&hellip;]<\/p>\n","protected":false},"author":22,"featured_media":0,"parent":422,"menu_order":434,"comment_status":"open","ping_status":"open","template":"","meta":{"footnotes":""},"class_list":["post-1596","page","type-page","status-publish","hentry"],"jetpack_sharing_enabled":true,"_links":{"self":[{"href":"https:\/\/www.dramaction.qc.ca\/fr\/wp-json\/wp\/v2\/pages\/1596","targetHints":{"allow":["GET"]}}],"collection":[{"href":"https:\/\/www.dramaction.qc.ca\/fr\/wp-json\/wp\/v2\/pages"}],"about":[{"href":"https:\/\/www.dramaction.qc.ca\/fr\/wp-json\/wp\/v2\/types\/page"}],"author":[{"embeddable":true,"href":"https:\/\/www.dramaction.qc.ca\/fr\/wp-json\/wp\/v2\/users\/22"}],"replies":[{"embeddable":true,"href":"https:\/\/www.dramaction.qc.ca\/fr\/wp-json\/wp\/v2\/comments?post=1596"}],"version-history":[{"count":0,"href":"https:\/\/www.dramaction.qc.ca\/fr\/wp-json\/wp\/v2\/pages\/1596\/revisions"}],"up":[{"embeddable":true,"href":"https:\/\/www.dramaction.qc.ca\/fr\/wp-json\/wp\/v2\/pages\/422"}],"wp:attachment":[{"href":"https:\/\/www.dramaction.qc.ca\/fr\/wp-json\/wp\/v2\/media?parent=1596"}],"curies":[{"name":"wp","href":"https:\/\/api.w.org\/{rel}","templated":true}]}}