{"id":1594,"date":"2011-01-07T13:53:11","date_gmt":"2011-01-07T18:53:11","guid":{"rendered":"http:\/\/www.dramaction.qc.ca\/fr\/"},"modified":"2017-02-01T08:14:20","modified_gmt":"2017-02-01T13:14:20","slug":"q","status":"publish","type":"page","link":"https:\/\/www.dramaction.qc.ca\/fr\/improvisation\/themes-dimprovisation\/q\/","title":{"rendered":"q"},"content":{"rendered":"<h2>L&#8217;ultime banque de th\u00e8mes !!!<\/h2>\n<p>D\u00e9couvrez dans ces pages une liste tr\u00e8s compl\u00e8te de th\u00e8mes d&#8217;improvisation ! \u00c0 utiliser sans retenue !!!<\/p>\n<p><strong>NAVIGATION :<\/strong><\/p>\n<p><a href=\"http:\/\/www.dramaction.qc.ca\/fr\/improvisation\/themes-dimprovisation\/a\/\">A<\/a> | <a href=\"http:\/\/www.dramaction.qc.ca\/fr\/improvisation\/themes-dimprovisation\/b\/\">B<\/a> | <a href=\"http:\/\/www.dramaction.qc.ca\/fr\/improvisation\/themes-dimprovisation\/c\/\">C<\/a> | <a href=\"http:\/\/www.dramaction.qc.ca\/fr\/improvisation\/themes-dimprovisation\/d\/\">D<\/a> | <a href=\"http:\/\/www.dramaction.qc.ca\/fr\/improvisation\/themes-dimprovisation\/e\/\">E<\/a> | <a href=\"http:\/\/www.dramaction.qc.ca\/fr\/improvisation\/themes-dimprovisation\/f\/\">F<\/a> | <a href=\"http:\/\/www.dramaction.qc.ca\/fr\/improvisation\/themes-dimprovisation\/g\/\">G<\/a> | <a href=\"http:\/\/www.dramaction.qc.ca\/fr\/improvisation\/themes-dimprovisation\/h\/\">H<\/a> | <a href=\"http:\/\/www.dramaction.qc.ca\/fr\/improvisation\/themes-dimprovisation\/i\/\">I<\/a> | <a href=\"http:\/\/www.dramaction.qc.ca\/fr\/improvisation\/themes-dimprovisation\/j\/\">J<\/a> | <a href=\"http:\/\/www.dramaction.qc.ca\/fr\/improvisation\/themes-dimprovisation\/k\/\">K<\/a> | <a href=\"http:\/\/www.dramaction.qc.ca\/fr\/improvisation\/themes-dimprovisation\/l\/\">L<\/a> | <a href=\"http:\/\/www.dramaction.qc.ca\/fr\/improvisation\/themes-dimprovisation\/m\/\">M<\/a> | <a href=\"http:\/\/www.dramaction.qc.ca\/fr\/improvisation\/themes-dimprovisation\/n\/\">N<\/a> | <a href=\"http:\/\/www.dramaction.qc.ca\/fr\/improvisation\/themes-dimprovisation\/o\/\">O<\/a> | <a href=\"http:\/\/www.dramaction.qc.ca\/fr\/improvisation\/themes-dimprovisation\/p\/\">P<\/a> | <a href=\"http:\/\/www.dramaction.qc.ca\/fr\/improvisation\/themes-dimprovisation\/q\/\">Q<\/a> | <a href=\"http:\/\/www.dramaction.qc.ca\/fr\/improvisation\/themes-dimprovisation\/r\/\">R<\/a> | <a href=\"http:\/\/www.dramaction.qc.ca\/fr\/improvisation\/themes-dimprovisation\/s\/\">S<\/a> | <a href=\"http:\/\/www.dramaction.qc.ca\/fr\/improvisation\/themes-dimprovisation\/t\/\">T<\/a> | <a href=\"http:\/\/www.dramaction.qc.ca\/fr\/improvisation\/themes-dimprovisation\/u\/\">U<\/a> | <a href=\"http:\/\/www.dramaction.qc.ca\/fr\/improvisation\/themes-dimprovisation\/v\/\">V<\/a> | <a href=\"http:\/\/www.dramaction.qc.ca\/fr\/improvisation\/themes-dimprovisation\/w\/\">W<\/a> | <a href=\"http:\/\/www.dramaction.qc.ca\/fr\/improvisation\/themes-dimprovisation\/x\/\">X<\/a> | <a href=\"http:\/\/www.dramaction.qc.ca\/fr\/improvisation\/themes-dimprovisation\/y\/\">Y<\/a> | <a href=\"http:\/\/www.dramaction.qc.ca\/fr\/improvisation\/themes-dimprovisation\/z\/\">Z<\/a><\/p>\n<hr \/>\n<p>Qu\u2019est ce que la normalit\u00e9<br \/>\nQuai 3 20h21<br \/>\nQuai des oiseleurs<br \/>\nQualit\u00e9 am\u00e9lior\u00e9e<br \/>\nQuand il y a de la g\u00eane<br \/>\nQuand j\u2019\u00e9tais soldat<br \/>\nQuand je parle \u00e0 mon ordi<br \/>\nQuand j&#8217;\u00e9tais dans la r\u00e9sistance<br \/>\nQuand la famille pilchard&#8230;<br \/>\nQuand la mer se retire<br \/>\nQuand la montagne accouche&#8230;<br \/>\nQuand la moutarde est bonne<br \/>\nQuand la nature se venge<br \/>\nQuand le hoquet cesse d&#8217;\u00eatre rigolo<br \/>\nQuand le peuple perd ses mots<br \/>\nQuand le prof s\u2019en m\u00eale<br \/>\nQuand le public fait pression<br \/>\nQuand le t\u00e9l\u00e9phone sonne<br \/>\nQuand les chats miaulent, que fait la caravane<br \/>\nQuand les chats sont&#8230;<br \/>\nQuand les enfants s\u2019en m\u00ealent<br \/>\nQuand les femmes s&#8217;en m\u00ealent<br \/>\nQuand les mots d\u00e9passent la pens\u00e9e<br \/>\nQuand les murs disent vrai<br \/>\nQuand l&#8217;incomp\u00e9tence tue<br \/>\nQuand plus rien ne&#8230;<br \/>\nQuand Robin rencontra L\u00e9opold<br \/>\nQuand s&#8217;arr\u00eate la musique<br \/>\nQuand s&#8217;\u00e9teignent les projecteurs<br \/>\nQuand tout est redevenu calme<br \/>\nQuatre g\u00e9n\u00e9rations pour une assiette de soupe<br \/>\nQuatre mains (\u00e0)<br \/>\nQuatre m\u00e9nages et un accouchement<br \/>\nQuatre mille deux cent quatre-vingt en dix-sept mois<br \/>\nQuatre pistoles, trois sequins n&#8217;est pas fortune pour un ancien<br \/>\nQuatre points cardinaux (aux)<br \/>\nQue c&#8217;est beau l&#8217;amour<br \/>\nQue du beau linge<br \/>\nQue la f\u00eate commence!<br \/>\nQuel corps<br \/>\nQuel corps !<br \/>\nQuelle arri\u00e8re-saison<br \/>\nQuelle poisse !<br \/>\nQuelle semaine!<br \/>\nQuelle vitrine !<br \/>\nQuelque chose de cass\u00e9<br \/>\nQuelques gouttes dans le nez<br \/>\nQuelques heures de patience<br \/>\nQuelques instants arrach\u00e9s au d\u00e9sespoir*<br \/>\nQuelques mots pour tout dire<br \/>\nQuelques pens\u00e9es aimables<br \/>\nQuerelle de poubelle<br \/>\nQu&#8217;est-ce qui pourrait sauver l&#8217;amour<\/p>\n<hr \/>\n<h2>Obtenez les 5557 th\u00e8mes dans un seul fichier<\/h2>\n<p>Pour obtenir tous les th\u00e8mes d&#8217;improvisation dans un seul fichier Excel, veuillez faire parvenir un don de 2 $ \u00e0 la communaut\u00e9 Dramaction, nous vous enverrons par courriel le ficheir afin de faciliter votre vie !<br \/>\n<div class=\"woocommerce \"><div class=\"products row columns-4\">\n<div class=\"col-md-3 col-sm-6 product type-product post-3792 status-publish first instock product_cat-exercices-et-ressources has-post-thumbnail featured downloadable sold-individually shipping-taxable purchasable product-type-simple\">\n\t<div class=\"project-item margin-bottom-20\">\n\t\t\t<figure>\n\t\t\t<a href=\"https:\/\/www.dramaction.qc.ca\/fr\/produit\/5557-titre-dimprovisation-de-dramaction\/\">\n\t\t\t\t<img decoding=\"async\" width=\"200\" height=\"200\" src=\"https:\/\/www.dramaction.qc.ca\/fr\/wp-content\/uploads\/2016\/12\/AdobeStock_56203799-200x200.jpeg\" class=\"attachment-woocommerce_thumbnail size-woocommerce_thumbnail\" alt=\"5557 titres d&#039;improvisation de Dramaction\" srcset=\"https:\/\/www.dramaction.qc.ca\/fr\/wp-content\/uploads\/2016\/12\/AdobeStock_56203799-200x200.jpeg 200w, https:\/\/www.dramaction.qc.ca\/fr\/wp-content\/uploads\/2016\/12\/AdobeStock_56203799-100x100.jpeg 100w, https:\/\/www.dramaction.qc.ca\/fr\/wp-content\/uploads\/2016\/12\/AdobeStock_56203799-150x150.jpeg 150w, https:\/\/www.dramaction.qc.ca\/fr\/wp-content\/uploads\/2016\/12\/AdobeStock_56203799-300x300.jpeg 300w, https:\/\/www.dramaction.qc.ca\/fr\/wp-content\/uploads\/2016\/12\/AdobeStock_56203799-1024x1024.jpeg 1024w\" sizes=\"(max-width: 200px) 100vw, 200px\" \/>\t\t\t<\/a>\n\t\t<\/figure>\n\t\t<div class=\"info\">\t\n\t\t\t<p class=\"product-title\">\n\t\t\t\t<a href=\"https:\/\/www.dramaction.qc.ca\/fr\/produit\/5557-titre-dimprovisation-de-dramaction\/\">\t\t\n\t\t\t\t\t5557 titres d&#8217;improvisation de Dramaction\t\t\t\t<\/a>\n\t\t\t<\/p>\n\t\t\t<div class=\"star-rating\" role=\"img\" aria-label=\"Note 5.00 sur 5\"><span style=\"width:100%\">Note <strong class=\"rating\">5.00<\/strong> sur 5<\/span><\/div>\n\t<span class=\"price\"><span class=\"woocommerce-Price-amount amount\"><bdi><span class=\"woocommerce-Price-currencySymbol\">&#36;<\/span>2.00<\/bdi><\/span><\/span>\n<a href=\"\/fr\/wp-json\/wp\/v2\/pages\/1594?add-to-cart=3792\" aria-describedby=\"woocommerce_loop_add_to_cart_link_describedby_3792\" data-quantity=\"1\" class=\"button product_type_simple add_to_cart_button ajax_add_to_cart\" data-product_id=\"3792\" data-product_sku=\"\" aria-label=\"Ajouter au panier\u00a0: &ldquo;5557 titres d&#039;improvisation de Dramaction&rdquo;\" rel=\"nofollow\" data-success_message=\"\u00ab\u00a05557 titres d&#039;improvisation de Dramaction\u00a0\u00bb a \u00e9t\u00e9 ajout\u00e9 \u00e0 votre panier\" role=\"button\">Ajouter au panier<\/a>\t<span id=\"woocommerce_loop_add_to_cart_link_describedby_3792\" class=\"screen-reader-text\">\n\t\t\t<\/span>\n\t\t\t\n\t\t<\/div>\t\n\t<\/div>\t\n<\/div>\n<\/div>\n<\/div>\n<p>Merci de contribuer au succ\u00e8s de ce site !<\/p>\n<hr \/>\n<p>Qu&#8217;est-ce qu&#8217;on est quand m\u00eame une fois bien chez soi<br \/>\nQuestion de bol<br \/>\nQuestion de caract\u00e8re<br \/>\nQuestion de comp\u00e9tence<br \/>\nQuestion de confiance<br \/>\nQuestion de confiance<br \/>\nQuestion de go\u00fbt<br \/>\nQuestion de go\u00fbt<br \/>\nQuestion de point de vue<br \/>\nQuestion de principe<br \/>\nQuestion de survie<br \/>\nQuestion de trop (une)<br \/>\nQuestion de vocabulaire<br \/>\nQuestion d&#8217;\u00e9quilibre<br \/>\nQuestion essentielle<br \/>\nQuestions apr\u00e8s la crise<br \/>\nQuestions et soup\u00e7ons<br \/>\nQueue de peloton<br \/>\nQui a mis ce camion dans mon frigo ?<br \/>\nQui a peur de Fernand Gazou ?<br \/>\nQui croire ?<br \/>\nQui cueille une fleur d\u00e9range une \u00e9toile<br \/>\nQui cueille une fleur d\u00e9range une \u00e9toile<br \/>\nQui est ce qui nous succ\u00e8dera<br \/>\nQui est n\u00e9 \u00e0 Yucatapa en mille sept-cent douze ?<br \/>\nQui est qui ?<br \/>\nQui l&#8217;e\u00fbt cru ?<br \/>\nQui marche sur ma tombe ?<br \/>\nQui mourra, verra<br \/>\nQui perd gagne<br \/>\nQui regarde les cieux doit&#8230;<br \/>\nQui sera mon prince charmant?<br \/>\nQui trop embrase mal \u00e9teint<br \/>\nQui voit ses veines, voit ses peines<br \/>\nQu&#8217;ils se d\u00e9brouillent<br \/>\nQuinze ans de souffrance<br \/>\nQuitte-moi<\/p>\n","protected":false},"excerpt":{"rendered":"<p>L&#8217;ultime banque de th\u00e8mes !!! D\u00e9couvrez dans ces pages une liste tr\u00e8s compl\u00e8te de th\u00e8mes d&#8217;improvisation ! \u00c0 utiliser sans retenue !!! NAVIGATION : A | B | C | D | E | F | G | H | I | J | K | L | M | N | O | P [&hellip;]<\/p>\n","protected":false},"author":22,"featured_media":0,"parent":422,"menu_order":433,"comment_status":"open","ping_status":"open","template":"","meta":{"footnotes":""},"class_list":["post-1594","page","type-page","status-publish","hentry"],"jetpack_sharing_enabled":true,"_links":{"self":[{"href":"https:\/\/www.dramaction.qc.ca\/fr\/wp-json\/wp\/v2\/pages\/1594","targetHints":{"allow":["GET"]}}],"collection":[{"href":"https:\/\/www.dramaction.qc.ca\/fr\/wp-json\/wp\/v2\/pages"}],"about":[{"href":"https:\/\/www.dramaction.qc.ca\/fr\/wp-json\/wp\/v2\/types\/page"}],"author":[{"embeddable":true,"href":"https:\/\/www.dramaction.qc.ca\/fr\/wp-json\/wp\/v2\/users\/22"}],"replies":[{"embeddable":true,"href":"https:\/\/www.dramaction.qc.ca\/fr\/wp-json\/wp\/v2\/comments?post=1594"}],"version-history":[{"count":0,"href":"https:\/\/www.dramaction.qc.ca\/fr\/wp-json\/wp\/v2\/pages\/1594\/revisions"}],"up":[{"embeddable":true,"href":"https:\/\/www.dramaction.qc.ca\/fr\/wp-json\/wp\/v2\/pages\/422"}],"wp:attachment":[{"href":"https:\/\/www.dramaction.qc.ca\/fr\/wp-json\/wp\/v2\/media?parent=1594"}],"curies":[{"name":"wp","href":"https:\/\/api.w.org\/{rel}","templated":true}]}}