{"id":1592,"date":"2011-01-07T13:52:12","date_gmt":"2011-01-07T18:52:12","guid":{"rendered":"http:\/\/www.dramaction.qc.ca\/fr\/"},"modified":"2020-09-23T16:09:43","modified_gmt":"2020-09-23T20:09:43","slug":"p","status":"publish","type":"page","link":"https:\/\/www.dramaction.qc.ca\/fr\/improvisation\/themes-dimprovisation\/p\/","title":{"rendered":"p"},"content":{"rendered":"<h2>L&#8217;ultime banque de th\u00e8mes !!!<\/h2>\n<p>D\u00e9couvrez dans ces pages une liste tr\u00e8s compl\u00e8te de th\u00e8mes d&#8217;improvisation ! \u00c0 utiliser sans retenue !!!<\/p>\n<p><strong>NAVIGATION :<\/strong><\/p>\n<p><a href=\"http:\/\/www.dramaction.qc.ca\/fr\/improvisation\/themes-dimprovisation\/a\/\">A<\/a> | <a href=\"http:\/\/www.dramaction.qc.ca\/fr\/improvisation\/themes-dimprovisation\/b\/\">B<\/a> | <a href=\"http:\/\/www.dramaction.qc.ca\/fr\/improvisation\/themes-dimprovisation\/c\/\">C<\/a> | <a href=\"http:\/\/www.dramaction.qc.ca\/fr\/improvisation\/themes-dimprovisation\/d\/\">D<\/a> | <a href=\"http:\/\/www.dramaction.qc.ca\/fr\/improvisation\/themes-dimprovisation\/e\/\">E<\/a> | <a href=\"http:\/\/www.dramaction.qc.ca\/fr\/improvisation\/themes-dimprovisation\/f\/\">F<\/a> | <a href=\"http:\/\/www.dramaction.qc.ca\/fr\/improvisation\/themes-dimprovisation\/g\/\">G<\/a> | <a href=\"http:\/\/www.dramaction.qc.ca\/fr\/improvisation\/themes-dimprovisation\/h\/\">H<\/a> | <a href=\"http:\/\/www.dramaction.qc.ca\/fr\/improvisation\/themes-dimprovisation\/i\/\">I<\/a> | <a href=\"http:\/\/www.dramaction.qc.ca\/fr\/improvisation\/themes-dimprovisation\/j\/\">J<\/a> | <a href=\"http:\/\/www.dramaction.qc.ca\/fr\/improvisation\/themes-dimprovisation\/k\/\">K<\/a> | <a href=\"http:\/\/www.dramaction.qc.ca\/fr\/improvisation\/themes-dimprovisation\/l\/\">L<\/a> | <a href=\"http:\/\/www.dramaction.qc.ca\/fr\/improvisation\/themes-dimprovisation\/m\/\">M<\/a> | <a href=\"http:\/\/www.dramaction.qc.ca\/fr\/improvisation\/themes-dimprovisation\/n\/\">N<\/a> | <a href=\"http:\/\/www.dramaction.qc.ca\/fr\/improvisation\/themes-dimprovisation\/o\/\">O<\/a> | <a href=\"http:\/\/www.dramaction.qc.ca\/fr\/improvisation\/themes-dimprovisation\/p\/\">P<\/a> | <a href=\"http:\/\/www.dramaction.qc.ca\/fr\/improvisation\/themes-dimprovisation\/q\/\">Q<\/a> | <a href=\"http:\/\/www.dramaction.qc.ca\/fr\/improvisation\/themes-dimprovisation\/r\/\">R<\/a> | <a href=\"http:\/\/www.dramaction.qc.ca\/fr\/improvisation\/themes-dimprovisation\/s\/\">S<\/a> | <a href=\"http:\/\/www.dramaction.qc.ca\/fr\/improvisation\/themes-dimprovisation\/t\/\">T<\/a> | <a href=\"http:\/\/www.dramaction.qc.ca\/fr\/improvisation\/themes-dimprovisation\/u\/\">U<\/a> | <a href=\"http:\/\/www.dramaction.qc.ca\/fr\/improvisation\/themes-dimprovisation\/v\/\">V<\/a> | <a href=\"http:\/\/www.dramaction.qc.ca\/fr\/improvisation\/themes-dimprovisation\/w\/\">W<\/a> | <a href=\"http:\/\/www.dramaction.qc.ca\/fr\/improvisation\/themes-dimprovisation\/x\/\">X<\/a> | <a href=\"http:\/\/www.dramaction.qc.ca\/fr\/improvisation\/themes-dimprovisation\/y\/\">Y<\/a> | <a href=\"http:\/\/www.dramaction.qc.ca\/fr\/improvisation\/themes-dimprovisation\/z\/\">Z<\/a><\/p>\n<hr \/>\n<p>Page qui se tourne (une)<br \/>\nPain des sages (le)<br \/>\nPain sur la planche (du)*<br \/>\nPaire de m\u00e8res<br \/>\nPaix \u00e0 du bon (la)<br \/>\nPalais des sables (le)<br \/>\nPalmiers de la gloire (les)<br \/>\nPanique au campus<br \/>\nPanique au Delhaize<br \/>\nPanique chez les commer\u00e7ants<br \/>\nPanne de Coran en Arabie<br \/>\nPanne de Mayonnaise<br \/>\nPanne de secteur<br \/>\nPanorama inattendu (un)<br \/>\nPapa n\u2019a pas tout dit<br \/>\nPapa*<br \/>\nPapa, je veux devenir vidangeuse<br \/>\nPape est mort (un)<br \/>\nPapi Collard, bonne journ\u00e9e \u00e0 tous<br \/>\nPapier peint *<br \/>\nPar amour<br \/>\nPar del\u00e0 les m\u00e9andres<br \/>\nPar la barbe d&#8217;Odin<br \/>\nPar le hublot<br \/>\nPar les narines<br \/>\nPar les yeux d&#8217;une maison<br \/>\nPar tous les moyens<br \/>\nPar une belle journ\u00e9e de juin<br \/>\nParabole*<br \/>\nParadis \u00e0 perpetuit\u00e9 (le)<br \/>\nParadis artificiel<br \/>\nParadis des scaphandriers (le)*<br \/>\nParadis miniature (le)<br \/>\nParadis perdu<br \/>\nParadis selon Landru (le)<br \/>\nParavent<br \/>\nParce que je m\u2019appelle Lion<br \/>\nParchemin (le)<br \/>\nParcours de la combattante (le)<br \/>\nParcours initiatique<br \/>\nParcours sans faute<br \/>\nParents, si vous saviez<br \/>\nParfait salaud (un)<br \/>\nParfaitement inefficace<br \/>\nParfum de bonheur (le)<br \/>\nParfums de fleur<br \/>\nParis de Simenon (le)<br \/>\nParking des illusions (le)<br \/>\nParkm\u00e8tres en folie<br \/>\nParlez-moi d&#8217;amour<br \/>\nParlez-vous italien?<br \/>\nParlons-en<br \/>\nParole de voyou<br \/>\nParole d&#8217;esclave<br \/>\nParole est \u00e0 la m\u00e9fiance (La)<br \/>\nParroissiens aux pieds fourchus (les)<br \/>\nPart d&#8217;impr\u00e9visible (une)<br \/>\nPart du lion (la)<br \/>\nPart du lion (La)<br \/>\nPart en trop (la)<br \/>\nPartage \u00e0 six<br \/>\nPartage de fr\u00e8res (un)<br \/>\nPartage des vivants (le)<br \/>\nPartage du g\u00e2teau (le)<br \/>\nPartage du travail (le)<br \/>\nPartage logique (un)<br \/>\nParti sans laisser d&#8217;adresse<br \/>\nParticuli\u00e8res aptitudes (de)<br \/>\nPartir la t\u00eate haut<br \/>\nPartir pour le fin fond de la jungle<br \/>\nParty de varicelle<br \/>\nPas besoin de mentir<br \/>\nPas de chapeau dans l\u2019\u00e9cole<br \/>\nPas de fum\u00e9e sans feu<br \/>\nPas de fum\u00e9e sans feu<br \/>\nPas de no\u00ebl pour les clowns<br \/>\nPas de panique<br \/>\nPas de quoi pavoiser<br \/>\nPas de r\u00e9ponse \u00e7a veut dire oui<br \/>\nPas de temps \u00e0 perdre<br \/>\nPas de trop (un)<br \/>\nPas facile de stationner Place du Jeu de Balle<br \/>\nPas facile d&#8217;\u00eatre un h\u00e9ros<br \/>\nPas les dents en avant<br \/>\nPas n\u00e9cessaire (Le)<br \/>\nPas si s\u00fbr<br \/>\nPas un record mais&#8230;<br \/>\nPas vu pas pris<br \/>\nPassage (Le)<br \/>\nPassage \u00e0 vide<br \/>\nPassage en douceur<br \/>\nPassage secret<br \/>\nPassagers europ\u00e9ens (les)<br \/>\nPass\u00e9 d&#8217;une allusion (le)<br \/>\nPass\u00e9 mouvement\u00e9 et color\u00e9 (un)<br \/>\nPass\u00e9 radieux (un)<br \/>\nPass\u00e9 simple<br \/>\nPasserelle (la)<br \/>\nPasserelle entre les \u00e9poques<br \/>\nPasseur d&#8217;eau (le)<br \/>\nPassion de la pr\u00e9cision (la)<br \/>\nPassion du rien (la)<br \/>\nPassion plus forte que la raison (la)<br \/>\nPassion selon F. Gazoo (la)<br \/>\nPassionn\u00e9s recherch\u00e9s<br \/>\nPatinoire \u00e0 l&#8217;heure de pointe<br \/>\nPatrimoine du pauvre (le)<br \/>\nPatton et les Gorgonzola<br \/>\nPauvre France<br \/>\nPauvre tache<br \/>\nPauvres fumeurs !<br \/>\nPavillon de la reine (le)<br \/>\nPays aux 2 soleils (le)<br \/>\nPays de la truffe (au)<br \/>\nPays des neiges (au)<br \/>\nPays des stars (le)<br \/>\nPays du sourire (le)<br \/>\nPays du sucre (le)<br \/>\nPaysage<br \/>\nPaysan et son vieux cheval (le)<br \/>\nPeau neuve<br \/>\nPeau noire<br \/>\nP\u00eache aux moules (la)<br \/>\nP\u00eache dans mon lavabo<br \/>\nP\u00e9ch\u00e9 de gourmandise*<br \/>\nP\u00e9ch\u00e9 de jeunesse*<br \/>\nP\u00eache miraculeuse<br \/>\nP\u00eache priv\u00e9e<br \/>\nP\u00eache priv\u00e9e*<br \/>\nP\u00eacheurs en d\u00e9tresse<br \/>\nP\u00e9dale plus vite<br \/>\nPeintre amateur<br \/>\nPeinture fraiche<br \/>\nP\u00e9l\u00e9rinage \u00e0 Kajurah\u00f4<br \/>\nP\u00e9l\u00e9rinage de l&#8217;idiot (le)<br \/>\nPelle de Ferdinand (la)*<br \/>\nPeluche et camouflage<br \/>\nPendant que les autres&#8230;<br \/>\nPendant que tu bronzais<br \/>\nPens\u00e9e chronologique<br \/>\nPenser diff\u00e9remment<br \/>\nPension des Edelweis (la)<br \/>\nPension des edelweiss<br \/>\nPension du fant\u00f4me (la)<br \/>\nPerdu dans la cordilli\u00e8re des Andes<br \/>\nPerdu dans le centre d\u2019achat<br \/>\nPerdu dans le fond du bois<br \/>\nPerdu sous terre<br \/>\nP\u00e8re-la-terreur<br \/>\nPerle au fond du pr\u00e9cipice<br \/>\nPerle de la semaine (la)<br \/>\nPerles de lune<br \/>\nPerles de pluie<br \/>\nPerles ont roul\u00e9s (les)<br \/>\nPermis de d\u00e9truire<br \/>\nPerruque sans cheveu<br \/>\nPersona non grata<br \/>\nPersonnalit\u00e9 myst\u00e8re<br \/>\nPersonne ne savait<br \/>\nPerte de contr\u00f4le<br \/>\nPertes de m\u00e9moire<br \/>\nP\u00e9tage de plombs<br \/>\nP\u00e9tanque cosaque<br \/>\nP\u00e9tard dans la bouillabaise<br \/>\nPetit chaperon rouge (le)<br \/>\nPetit cimeti\u00e8re sous la lune (un)<br \/>\nPetit d\u00e9jeuner au champagne<br \/>\nPetit go\u00fbt d&#8217;Am\u00e9rique (un)<br \/>\nPetit martyr (le)<br \/>\nPetit matin glaucque<br \/>\nPetit mouton a grand app\u00e9tit (le)<br \/>\nPetit pas de danss (un)<br \/>\nPetit renne peureux<br \/>\nPetit tour d&#8217;horizon (un)<br \/>\nPetit trot (au)<br \/>\nPetit week-end o\u00f9 tout aurait pu \u00eatre parfait<br \/>\nPetite augmentation (Une)<br \/>\nPetite bavure<br \/>\nPetite boule qui tourne (la)<br \/>\nPetite bouteille (une)<br \/>\nPetite chose \u00e0 manger (une)<br \/>\nPetite faiblesse*<br \/>\nPetite fille trouv\u00e9e (une)<br \/>\nPetite folie<br \/>\nPetite fugue (ma)<br \/>\nPetite larme dans un sourire (une)<br \/>\nPetite mis\u00e8re, grande mis\u00e8re<br \/>\nPetite pub pour l&#8217;arm\u00e9e (une)<br \/>\nPetite sieste entre amies<br \/>\nPetite tradition cherche belle image*<br \/>\nPetite vie pour grands projets<br \/>\nPetites annonces<br \/>\nPetites b\u00eates noires<br \/>\nPetites filles en danger<br \/>\nPetites manies<br \/>\nPetites manies, grands effets<br \/>\nPetites nouvelles du stade (les)<br \/>\nPetits cailloux (des)<br \/>\nPetits g\u00e9nies (les)<br \/>\nPetits mots (les)<br \/>\nPetits moyens, grands effets<br \/>\nPetits pas (les)*<br \/>\nPetits plats dans les grands (les)<br \/>\nPetits riens qui changent une vie (ces)<br \/>\nP\u00e9trole dans les Fourons (du)<br \/>\nPeu de poussi\u00e8re sur les meubles (un)<br \/>\nPeu d&#8217;histoire (un)<br \/>\nPeuple du froid (le)\u00b0<br \/>\nPeuples de la gaulle (de tous les)<br \/>\nPeur de la v\u00e9rit\u00e9 (la)<br \/>\nPeur est partout (la)*<br \/>\nPeur mortelle<br \/>\nPeur se tapit derri\u00e8re les fen\u00eatres (la)<br \/>\nPeurs du soirs (les)<br \/>\nPeut-\u00eatre le plus petit<br \/>\nPffft<br \/>\nPh\u00e9nom\u00e8ne boule de neige<br \/>\nPhilosophe d&#8217;Auswitch de retour au village (le)<br \/>\nPhilosophie de Watman<br \/>\nPhilosophie du terroir<br \/>\nPhilosophie r\u00e9volutionnaire<br \/>\nPhoto de classe<br \/>\nPhoto de famille<br \/>\nPhotocopieuse de pens\u00e9es<br \/>\nPhotographie de B. Peeters (une)<br \/>\nPhotos du scandale (les)<br \/>\nPhysique d\u00e9cr\u00e9t\u00e9 romantique(un)<br \/>\nPhysiquement intelligent<br \/>\nPiano \u00e0 queue<br \/>\nPied (\u00e0)*<br \/>\nPied (le)<br \/>\nPied de grue<br \/>\nPied sur la mine (le)<br \/>\nPieds dans le p\u00e9trole (les)<br \/>\nPieds dans le plat (les)<br \/>\nPieds dans l&#8217;eau (Les)<br \/>\nPieds dans l&#8217;eau au r\u00e9veil (les)<br \/>\nPieds dans les nuages (les)<br \/>\nPieds nus en plein hiver<br \/>\nPi\u00e8ge \u00e0 bus<br \/>\nPi\u00e8ge \u00e0 soumis (le)<br \/>\nPierre Laroche, g\u00e9ologue<br \/>\nPierre qui roule<br \/>\nPierre volante<br \/>\nPigeons (les)<br \/>\nPignon rouge comestible<br \/>\nPiles non-comprises<br \/>\nPillules de pluie (les)<br \/>\nPinaillage<br \/>\nPince \u00e0 cheveux<br \/>\nPionniers du surgel\u00e9 (les)*<br \/>\nPipe miraculeuse (La)<br \/>\nPique nique existencielle au bord d&#8217;un lit<br \/>\nPique-nique<br \/>\nPiquet de gr\u00e8ve<br \/>\nPirate (la)<br \/>\nPirate en cravate<br \/>\nPirouette dans les \u00e9toiles<br \/>\nPiste aux \u00e9toiles (La)<br \/>\nPistons<br \/>\nPiti\u00e9 dangereuse<br \/>\nPitreries philosophiques*<br \/>\nPlace aux autres<br \/>\nPlace m&#8217;as tu vu<br \/>\nPlafond de la chapelle Sixtine (au)<br \/>\nPlage \u00e0 la montagne (de)<br \/>\nPlage anti-drague (la)<br \/>\nPlaidoirie du dossier SB 280 864<br \/>\nPlaintes d&#8217;une possed\u00e9e<br \/>\nPlaisir bien innocent (un)<br \/>\nPlaisir de l&#8217;\u00e9ph\u00e9m\u00e8re (le)<br \/>\nPlaisir de pinailler (du)<br \/>\nPlaisir d&#8217;\u00eatre indispensable (Du)<br \/>\nPlaisir du quotidien (le)<br \/>\nPlaisir guide ma vie (le)<br \/>\nPlaisirs de vacances<br \/>\nPlan Anticorruption<br \/>\nPlan foireux (un)<br \/>\nPlanche \u00e0 repasser comme bouclier (la)<br \/>\nPlanche \u00e0 roulette<br \/>\nPlan\u00e8te bleue<br \/>\nPlan\u00e8te des sages (la)<br \/>\nPlan\u00e8te provisoire<br \/>\nPlantation de pancarte<br \/>\nPlante carnivore<br \/>\nPlantons en coeur<br \/>\nPl\u00e2tre ou brique ?<br \/>\nPlein de bonnes intentions<br \/>\nPlein la bouche, plein les yeux<br \/>\nPlein les yeux<br \/>\nPlein mouvement (en)<br \/>\nPleine mutation (en)<br \/>\nPleurs en couleurs<br \/>\nPleurs sur ordinateur<br \/>\nPlongeur demand\u00e9<br \/>\nPlublic restreint mais&#8230; (un)<br \/>\nPluie bienvenue (une)<br \/>\nPluie de m\u00e9t\u00e9ores<br \/>\nPlume d&#8217;Or<br \/>\nPlus beau m\u00e9tier du monde (le)<br \/>\nPlus beau r\u00f4le (mon)<br \/>\nPlus belle chambre du monde (la)<br \/>\nPlus belle fille du monde (la)<br \/>\nPlus belle vitrine (la)<br \/>\nPlus \u00e7a va, moins \u00e7a va<br \/>\nPlus c&#8217;est dur, plus c&#8217;est agr\u00e9able<br \/>\nPlus de volume<br \/>\nPlus d&#8217;eau<br \/>\nPlus dur reste \u00e0 venir (le)<br \/>\nPlus jamais sans toi<br \/>\nPlus petite temp\u00eate de neige jamais recens\u00e9e (la)<br \/>\nPlus propre, moins cher<br \/>\nPlus riche du cimeti\u00e8re (le)<br \/>\nPlus rien ne sera comme avant<br \/>\nPlus tard je serai&#8230;<br \/>\nPlus tout \u00e0 fait adolescent mais pas encore adulte<br \/>\nPodium<br \/>\nPo\u00e8me de la vitesse<br \/>\nPo\u00e9sie clandestine<br \/>\nPo\u00e8tes en pagaille<br \/>\nPoids des jours (le)<br \/>\nPoil dans la main et ta main dans la mienne (un)<br \/>\nPoin\u00e7onneuse carnivore<br \/>\nPoint c&#8217;est tout (un)<br \/>\nPoint de convergence<br \/>\nPoint de non-retour<br \/>\nPoint de vue masculin sur sujet f\u00e9minin<br \/>\nPoint faible (le)<br \/>\nPoint n\u00e9vralgique*<br \/>\nPoints sensibles (les)<br \/>\nPoisson de mai<br \/>\nPolice des plages<br \/>\nPolicier pour un jour<br \/>\nPolitically correct<br \/>\nPolitique d&#8217;atmosph\u00e8re<br \/>\nPollution a\u00e9rienne<br \/>\nPollution sur la plage<br \/>\nPolyglote averti (le)<br \/>\nPont Thieu (le)<br \/>\nPonts et passerelles<br \/>\nPort du casque obligatoire<br \/>\nPort ill\u00e9gal<br \/>\nPort-Arthur B2-1905<br \/>\nPorte bleue (la)<br \/>\nPorte d\u00e9vergondante (la)<br \/>\nPorte du ciel (la)<br \/>\nPorte vers le futur<br \/>\nPortes coulissantes<br \/>\nPortes de toujours (aux)<br \/>\nPortes ouvertes aux repentis<br \/>\nPorteur d&#8217;eau (le)*<br \/>\nPorteurs de valises (les)*<br \/>\nPortrait<br \/>\nPortrait<br \/>\nPortrait<br \/>\nPortrait de groupe avec Dame<br \/>\nPortrait de groupe avec dame<br \/>\nPortrait robot<br \/>\nPortrait robot<br \/>\nPoseur de voix<br \/>\nPosition inconfortable<br \/>\nPositivons<br \/>\nPoss\u00e9d\u00e9s de Wall-Street (les)<br \/>\nPoste de garde<br \/>\nPoubelle aux souvenirs (la)<br \/>\nPouce (sur le)<br \/>\nPouding ch\u00f4meur<br \/>\nPoudre aux yeux (de la)<br \/>\nPoudre classique<br \/>\nPoulet \u00e0 l&#8217;anglaise<br \/>\nPoulou, quel nom ridicule<br \/>\nPour aucun homme l&#8217;aube ne vient deux fois<br \/>\nPour cent balles<br \/>\nPour Cl\u00e9mentine et Marie-Fran\u00e7oise<br \/>\nPour en savoir plus<br \/>\nPour la bonne cause<br \/>\nPour la paix<br \/>\nPour la paix<br \/>\nPour l&#8217;amour d&#8217;Eug\u00e9nie<br \/>\nPour l&#8217;amour d&#8217;un arbre<br \/>\nPour l&#8217;amour d&#8217;un bateau*<br \/>\nPour l&#8217;amour d&#8217;un vampire<br \/>\nPour le meilleur<br \/>\nPour le pire seulement<br \/>\nPour le plaisir de la d\u00e9couverte<br \/>\nPour les intimes<br \/>\nPour l&#8217;\u00e9ternit\u00e9<br \/>\nPour mieux vous servir<br \/>\nPour ou contre le printemps<br \/>\nPour que fleurisse la libert\u00e9<br \/>\nPour que fleurisse la libert\u00e9<br \/>\nPour qui sonne le glas<br \/>\nPour savoir qui nous sommes<br \/>\nPour tous ceux qui sont<br \/>\nPour tout l&#8217;or du Katanga<br \/>\nPour tuer le temps<br \/>\nPour un ami perdu*<br \/>\nPour un bouquet de renoncules<br \/>\nPour un pardon ou une cons\u00e9cration<br \/>\nPour un verre de Blumenkopf<br \/>\nPour une fois, sois naturel<br \/>\nPour une poign\u00e9e de carambars<br \/>\nPour une poign\u00e9e du ducats<br \/>\nPourquoi ?<br \/>\nPourquoi les trous&#8230;<br \/>\nPourquoi ma voiture vaut\u00a0 millions<br \/>\nPourquoi pas l\u2019hibernation?<br \/>\nPourquoi tant de haine ?<br \/>\nPourquoi tant de haine?<br \/>\nPourriez-vous r\u00e9p\u00e9ter la question?<br \/>\nPoursuite (la)<br \/>\nPoursuivre la tradition<br \/>\nPoussez pas<br \/>\nPoussi\u00e8re diplomatique<br \/>\nPoussi\u00e8re du temps (la)<br \/>\nPouvoir aux imb\u00e9ciles (le)<br \/>\nPouvoir de dire oui (le)*<br \/>\nPouvoir de la source (le)<br \/>\nPouvoir des fleurs<br \/>\nPouvoir des jupes (le)<br \/>\nPouvoir des petits (le)<br \/>\nPouvoir d&#8217;une illusion (le)<br \/>\nPouvoirs sp\u00e9ciaux<br \/>\nPow\u00e9sie sur Bruxelles<br \/>\nPratique ancestrale<br \/>\nPr\u00e9f\u00e9rablement grand<br \/>\nPr\u00e9mices d&#8217;une troisi\u00e8me guerre mondiale<br \/>\nPremier cheveu blanc<br \/>\nPremier frimas<br \/>\nPremier harpon<br \/>\nPremier mercredi du mois (le)<br \/>\nPremier objet de haine<br \/>\nPremier silence<br \/>\nPremier tour de France de Max choupard (le)<br \/>\nPremi\u00e8re \u00e0 droite, deuxi\u00e8me \u00e0 gauche<br \/>\nPremi\u00e8re course de boucs<br \/>\nPremi\u00e8re dimension (la)<br \/>\nPremi\u00e8re fois qu&#8217;on t&#8217;encourage (la)<br \/>\nPremi\u00e8re greffe cardiaque (la)<br \/>\nPremi\u00e8re maladie v\u00e9n\u00e9rienne<br \/>\nPremi\u00e8re olympiade<br \/>\nPremi\u00e8re position<br \/>\nPremiers amours<br \/>\nPremiers pas<br \/>\nPremiers pas vers l&#8217;\u00e2ge adulte<br \/>\nPremiers pas vers le respect (les)<br \/>\nPremiers symptomes<br \/>\nPrendre la r\u00e9alit\u00e9 en farce<br \/>\nPrends le gouvernail<br \/>\nPrends une minute pour y penser<br \/>\nPr\u00e9occupations<br \/>\nPr\u00e9occup\u00e9e par des consid\u00e9rations m\u00e9nag\u00e8res<br \/>\nPr\u00e9parez vos questions<br \/>\nPrescription<br \/>\nPr\u00e9sence d\u00e9sol\u00e9e (la)<br \/>\nPr\u00e9sent et pass\u00e9 d&#8217;une calomnie<br \/>\nPr\u00e9sentation des \u00e9quipes<br \/>\nPr\u00e9sentement \u00e0 l\u2019affiche<br \/>\nPr\u00e9sentez larmes<br \/>\nPresque humain<br \/>\nPr\u00eat \u00e0 partir<br \/>\nPr\u00eate-moi ta plume<br \/>\nPr\u00e9texte<br \/>\nPreuve par trois (la)<br \/>\nPreuves \u00e0 l&#8217;appui<br \/>\nPreuves flagrantes (des)<br \/>\nPri\u00e8re de riche<br \/>\nPrime (la)<br \/>\nPrince de la dellation<br \/>\nPrince de vos nuits blanches (Le)<br \/>\nPrincesse Bouton d\u2019or<br \/>\nPrintemps chez les ombres<br \/>\nPrintemps f\u00e9roce<br \/>\nPris dans l&#8217;engrenage*<br \/>\nPris de chez vous<br \/>\nPrise de position<br \/>\nPrise de pouvoir<br \/>\nPrise d&#8217;\u00e9lan<br \/>\nPrison<br \/>\nPrison de la libert\u00e9 (la)<br \/>\nPrison dor\u00e9e (une)<br \/>\nPrison provisoire (une)<br \/>\nPrisonni\u00e8re d\u2019un ch\u00e2teau de cartes<br \/>\nPrisonni\u00e8re espagnole (la)<br \/>\nPrivations sensorielles<br \/>\nPriv\u00e9 de d\u00e9sert<br \/>\nPrivil\u00e8ge des exclus (le)<br \/>\nPrix du mensonge (le)<br \/>\nPrix du temps (le)<br \/>\nPrix exceptionnel*<br \/>\nProbl\u00e8me d&#8217;Aladin (le)*<br \/>\nProbl\u00e8me d&#8217;image<br \/>\nProbl\u00e8mes \u00e0 la r\u00e9servation<br \/>\nProbl\u00e8mes d\u2019acrobate<br \/>\nProbl\u00e8mes de discipline<br \/>\nProbl\u00e8mes de sant\u00e9<br \/>\nProbl\u00e8mes de souliers<br \/>\nProc\u00e8s des Lewis (le)*<br \/>\nProc\u00e8s romantique pour un meurtrier de charme<br \/>\nProc\u00e8s romantique&#8230;<br \/>\nProcession (la)*<br \/>\nProdigieuse agonie (la)<br \/>\nProduction d\u2019iceberg<br \/>\nProduit nouveau<br \/>\nProduits du terroir (les)<br \/>\nProfession : chauffeur d\u2019autobus<br \/>\nProfession : ch\u00f4meur par excellence<br \/>\nProfession d\u00e9codeur<br \/>\nProfession: menteur<br \/>\nProfession: portier<br \/>\nProfil gagnant<br \/>\nProjet ambitieux (un)<br \/>\nProjets plein la t\u00eate (des)<br \/>\nPromenade amoureuse<br \/>\nPromenade des Anglais (la)<br \/>\nPromenade sur le magma<br \/>\nPromenons-nous dans le&#8230;<br \/>\nPromesse (la) 2<br \/>\nPromesse du papillon (la)<br \/>\nPromesse qui ne vaut rien (une)<br \/>\nPromotion au Dollarama<br \/>\nPropos d&#8217;exil<br \/>\nPropri\u00e9t\u00e9 familliale<br \/>\nPropulser dans le cosmos<br \/>\nProse caf\u00e9<br \/>\nProtection rapproch\u00e9e<br \/>\nProut<br \/>\nProvocation*<br \/>\nPS : Tout ceci n\u2019est que mensonge<br \/>\nPsychologie d&#8217;un jaloux mythe<br \/>\nPublicit\u00e9 mensong\u00e8re<br \/>\nPuce \u00e0 l&#8217;oreille (la)<br \/>\nPuce savante (la)*<br \/>\nPudeur intellectuelle<br \/>\nPuis-je vous aider?<br \/>\nPuisque je vous le dis<br \/>\nPuit aux trois v\u00e9rit\u00e9s (le)<br \/>\nPulsion<br \/>\nPur d\u00e9lice (un)<br \/>\nPustule invisible<br \/>\nPyramide \u00e0 louer<br \/>\nPyramide des glaces (la)<\/p>\n","protected":false},"excerpt":{"rendered":"<p>L&#8217;ultime banque de th\u00e8mes !!! D\u00e9couvrez dans ces pages une liste tr\u00e8s compl\u00e8te de th\u00e8mes d&#8217;improvisation ! \u00c0 utiliser sans retenue !!! NAVIGATION : A | B | C | D | E | F | G | H | I | J | K | L | M | N | O | P [&hellip;]<\/p>\n","protected":false},"author":22,"featured_media":0,"parent":422,"menu_order":432,"comment_status":"open","ping_status":"open","template":"","meta":{"footnotes":""},"class_list":["post-1592","page","type-page","status-publish","hentry"],"jetpack_sharing_enabled":true,"_links":{"self":[{"href":"https:\/\/www.dramaction.qc.ca\/fr\/wp-json\/wp\/v2\/pages\/1592","targetHints":{"allow":["GET"]}}],"collection":[{"href":"https:\/\/www.dramaction.qc.ca\/fr\/wp-json\/wp\/v2\/pages"}],"about":[{"href":"https:\/\/www.dramaction.qc.ca\/fr\/wp-json\/wp\/v2\/types\/page"}],"author":[{"embeddable":true,"href":"https:\/\/www.dramaction.qc.ca\/fr\/wp-json\/wp\/v2\/users\/22"}],"replies":[{"embeddable":true,"href":"https:\/\/www.dramaction.qc.ca\/fr\/wp-json\/wp\/v2\/comments?post=1592"}],"version-history":[{"count":1,"href":"https:\/\/www.dramaction.qc.ca\/fr\/wp-json\/wp\/v2\/pages\/1592\/revisions"}],"predecessor-version":[{"id":7554,"href":"https:\/\/www.dramaction.qc.ca\/fr\/wp-json\/wp\/v2\/pages\/1592\/revisions\/7554"}],"up":[{"embeddable":true,"href":"https:\/\/www.dramaction.qc.ca\/fr\/wp-json\/wp\/v2\/pages\/422"}],"wp:attachment":[{"href":"https:\/\/www.dramaction.qc.ca\/fr\/wp-json\/wp\/v2\/media?parent=1592"}],"curies":[{"name":"wp","href":"https:\/\/api.w.org\/{rel}","templated":true}]}}