{"id":1590,"date":"2011-01-07T13:50:52","date_gmt":"2011-01-07T18:50:52","guid":{"rendered":"http:\/\/www.dramaction.qc.ca\/fr\/"},"modified":"2017-02-01T08:14:11","modified_gmt":"2017-02-01T13:14:11","slug":"o","status":"publish","type":"page","link":"https:\/\/www.dramaction.qc.ca\/fr\/improvisation\/themes-dimprovisation\/o\/","title":{"rendered":"o"},"content":{"rendered":"<h2>L&#8217;ultime banque de th\u00e8mes !!!<\/h2>\n<p>D\u00e9couvrez dans ces pages une liste tr\u00e8s compl\u00e8te de th\u00e8mes d&#8217;improvisation ! \u00c0 utiliser sans retenue !!!<\/p>\n<p><strong>NAVIGATION :<\/strong><\/p>\n<p><a href=\"http:\/\/www.dramaction.qc.ca\/fr\/improvisation\/themes-dimprovisation\/a\/\">A<\/a> | <a href=\"http:\/\/www.dramaction.qc.ca\/fr\/improvisation\/themes-dimprovisation\/b\/\">B<\/a> | <a href=\"http:\/\/www.dramaction.qc.ca\/fr\/improvisation\/themes-dimprovisation\/c\/\">C<\/a> | <a href=\"http:\/\/www.dramaction.qc.ca\/fr\/improvisation\/themes-dimprovisation\/d\/\">D<\/a> | <a href=\"http:\/\/www.dramaction.qc.ca\/fr\/improvisation\/themes-dimprovisation\/e\/\">E<\/a> | <a href=\"http:\/\/www.dramaction.qc.ca\/fr\/improvisation\/themes-dimprovisation\/f\/\">F<\/a> | <a href=\"http:\/\/www.dramaction.qc.ca\/fr\/improvisation\/themes-dimprovisation\/g\/\">G<\/a> | <a href=\"http:\/\/www.dramaction.qc.ca\/fr\/improvisation\/themes-dimprovisation\/h\/\">H<\/a> | <a href=\"http:\/\/www.dramaction.qc.ca\/fr\/improvisation\/themes-dimprovisation\/i\/\">I<\/a> | <a href=\"http:\/\/www.dramaction.qc.ca\/fr\/improvisation\/themes-dimprovisation\/j\/\">J<\/a> | <a href=\"http:\/\/www.dramaction.qc.ca\/fr\/improvisation\/themes-dimprovisation\/k\/\">K<\/a> | <a href=\"http:\/\/www.dramaction.qc.ca\/fr\/improvisation\/themes-dimprovisation\/l\/\">L<\/a> | <a href=\"http:\/\/www.dramaction.qc.ca\/fr\/improvisation\/themes-dimprovisation\/m\/\">M<\/a> | <a href=\"http:\/\/www.dramaction.qc.ca\/fr\/improvisation\/themes-dimprovisation\/n\/\">N<\/a> | <a href=\"http:\/\/www.dramaction.qc.ca\/fr\/improvisation\/themes-dimprovisation\/o\/\">O<\/a> | <a href=\"http:\/\/www.dramaction.qc.ca\/fr\/improvisation\/themes-dimprovisation\/p\/\">P<\/a> | <a href=\"http:\/\/www.dramaction.qc.ca\/fr\/improvisation\/themes-dimprovisation\/q\/\">Q<\/a> | <a href=\"http:\/\/www.dramaction.qc.ca\/fr\/improvisation\/themes-dimprovisation\/r\/\">R<\/a> | <a href=\"http:\/\/www.dramaction.qc.ca\/fr\/improvisation\/themes-dimprovisation\/s\/\">S<\/a> | <a href=\"http:\/\/www.dramaction.qc.ca\/fr\/improvisation\/themes-dimprovisation\/t\/\">T<\/a> | <a href=\"http:\/\/www.dramaction.qc.ca\/fr\/improvisation\/themes-dimprovisation\/u\/\">U<\/a> | <a href=\"http:\/\/www.dramaction.qc.ca\/fr\/improvisation\/themes-dimprovisation\/v\/\">V<\/a> | <a href=\"http:\/\/www.dramaction.qc.ca\/fr\/improvisation\/themes-dimprovisation\/w\/\">W<\/a> | <a href=\"http:\/\/www.dramaction.qc.ca\/fr\/improvisation\/themes-dimprovisation\/x\/\">X<\/a> | <a href=\"http:\/\/www.dramaction.qc.ca\/fr\/improvisation\/themes-dimprovisation\/y\/\">Y<\/a> | <a href=\"http:\/\/www.dramaction.qc.ca\/fr\/improvisation\/themes-dimprovisation\/z\/\">Z<\/a><\/p>\n<hr \/>\n<p>Objectif bistrot<br \/>\nObjets perdus<br \/>\nObjets rares<br \/>\nOblig\u00e9 de le garder<br \/>\nObservations sur la lumi\u00e8re<br \/>\nObservatoire des libert\u00e9s (l&#8217;)<br \/>\nObsession blanche<br \/>\nObsession nomm\u00e9e Fernand Gazou (une)<br \/>\nObstacle de taille (un)<br \/>\nObstacle invisible<br \/>\nOc\u00e9an de mensonges (un)<br \/>\nOde \u00e0 la d\u00e9raison<br \/>\nOde \u00e0 l&#8217;arbitre<br \/>\nOde \u00e0 mon tabouret<br \/>\nOde \u00e0 mon tabouret<br \/>\nOdeur de catastrophe (une)<br \/>\nOdeur de cigare (une)*<br \/>\nOdeur de coriandre et d&#8217;herbes fra\u00eeches (Une)<br \/>\nOdeur de souffre dans le b\u00e9nitier<br \/>\nOdeur de soupe monte toujours (l&#8217;)<br \/>\nOdeur des bl\u00e9s murs (l&#8217;)<br \/>\nOdeur du bonheur (l&#8217;)<br \/>\nOdeur \u00e9trange de Monsieur Jean (l&#8217;)<br \/>\nOdyss\u00e9e am\u00e9ricaine (l&#8217;)<br \/>\nOeil de cristal (l&#8217;)<br \/>\nOeil de la momie (l&#8217;)<br \/>\nOeil de pro (un)<br \/>\nOeil du tigre (l&#8217;)<br \/>\nOeufs sans fronti\u00e8res<br \/>\nOeuvre clandestine<br \/>\nOeuvre d\u2019une vie (l\u2019)<br \/>\nOffre exclusive<br \/>\nOh Brian<br \/>\nOl\u00e9<br \/>\nOlympiade des beurr\u00e9s (l&#8217;)<br \/>\nOmbre de Fernand Gazou (l&#8217;)<br \/>\nOmbre des passants (l&#8217;)<br \/>\nOmbre d&#8217;un doute (L&#8217;)<br \/>\nOmbre jalouse du corps (l&#8217;)<br \/>\nOmbre noire<br \/>\nOmbre port\u00e9e<br \/>\nOmbres de la m\u00e9moire (les)<br \/>\nOmbres et Lumi\u00e8res<br \/>\nOmbres et lumi\u00e8res<br \/>\nOn a encore perdu<br \/>\nOn a l&#8217;air d&#8217;un imb\u00e9cile tout seul devant un rosbeef de 4kg tandis que 2 belles tranches c&#8217;est formi<br \/>\nOn a march\u00e9 sur mars<br \/>\nOn a pas tous les jours 20 ans<br \/>\nOn ach\u00e8ve bien les chauves<br \/>\nOn apprend une comptine!!!<br \/>\nOn connait la chanson<br \/>\nOn entend voler les girafes<br \/>\nOn est pas bien l\u00e0 ?<br \/>\nOn est quelle ann\u00e9e d\u00e9j\u00e0?<br \/>\nOn est toujours l&#8217;enfant qu&#8217;on \u00e0 \u00e9t\u00e9<br \/>\nOn finira tous par crever<br \/>\nOn l&#8217;appelait t\u00eate de noeud<br \/>\nOn le sait, on l&#8217;a vu<br \/>\nOn ne le dirait pas, mais je suis tr\u00e8s sportive!<br \/>\nOn ne marche pas sur l\u2019herbe<br \/>\nOn prend une grenadine et&#8230;<br \/>\nOn risque de tuer le fantasme<br \/>\nOn se calme<\/p>\n<hr \/>\n<h2>Obtenez les 5557 th\u00e8mes dans un seul fichier<\/h2>\n<p>Pour obtenir tous les th\u00e8mes d&#8217;improvisation dans un seul fichier Excel, veuillez faire parvenir un don de 2 $ \u00e0 la communaut\u00e9 Dramaction, nous vous enverrons par courriel le ficheir afin de faciliter votre vie !<br \/>\n<div class=\"woocommerce \"><div class=\"products row columns-4\">\n<div class=\"col-md-3 col-sm-6 product type-product post-3792 status-publish first instock product_cat-exercices-et-ressources has-post-thumbnail featured downloadable sold-individually shipping-taxable purchasable product-type-simple\">\n\t<div class=\"project-item margin-bottom-20\">\n\t\t\t<figure>\n\t\t\t<a href=\"https:\/\/www.dramaction.qc.ca\/fr\/produit\/5557-titre-dimprovisation-de-dramaction\/\">\n\t\t\t\t<img decoding=\"async\" width=\"200\" height=\"200\" src=\"https:\/\/www.dramaction.qc.ca\/fr\/wp-content\/uploads\/2016\/12\/AdobeStock_56203799-200x200.jpeg\" class=\"attachment-woocommerce_thumbnail size-woocommerce_thumbnail\" alt=\"5557 titres d&#039;improvisation de Dramaction\" srcset=\"https:\/\/www.dramaction.qc.ca\/fr\/wp-content\/uploads\/2016\/12\/AdobeStock_56203799-200x200.jpeg 200w, https:\/\/www.dramaction.qc.ca\/fr\/wp-content\/uploads\/2016\/12\/AdobeStock_56203799-100x100.jpeg 100w, https:\/\/www.dramaction.qc.ca\/fr\/wp-content\/uploads\/2016\/12\/AdobeStock_56203799-150x150.jpeg 150w, https:\/\/www.dramaction.qc.ca\/fr\/wp-content\/uploads\/2016\/12\/AdobeStock_56203799-300x300.jpeg 300w, https:\/\/www.dramaction.qc.ca\/fr\/wp-content\/uploads\/2016\/12\/AdobeStock_56203799-1024x1024.jpeg 1024w\" sizes=\"(max-width: 200px) 100vw, 200px\" \/>\t\t\t<\/a>\n\t\t<\/figure>\n\t\t<div class=\"info\">\t\n\t\t\t<p class=\"product-title\">\n\t\t\t\t<a href=\"https:\/\/www.dramaction.qc.ca\/fr\/produit\/5557-titre-dimprovisation-de-dramaction\/\">\t\t\n\t\t\t\t\t5557 titres d&#8217;improvisation de Dramaction\t\t\t\t<\/a>\n\t\t\t<\/p>\n\t\t\t<div class=\"star-rating\" role=\"img\" aria-label=\"Note 5.00 sur 5\"><span style=\"width:100%\">Note <strong class=\"rating\">5.00<\/strong> sur 5<\/span><\/div>\n\t<span class=\"price\"><span class=\"woocommerce-Price-amount amount\"><bdi><span class=\"woocommerce-Price-currencySymbol\">&#36;<\/span>2.00<\/bdi><\/span><\/span>\n<a href=\"\/fr\/wp-json\/wp\/v2\/pages\/1590?add-to-cart=3792\" aria-describedby=\"woocommerce_loop_add_to_cart_link_describedby_3792\" data-quantity=\"1\" class=\"button product_type_simple add_to_cart_button ajax_add_to_cart\" data-product_id=\"3792\" data-product_sku=\"\" aria-label=\"Ajouter au panier\u00a0: &ldquo;5557 titres d&#039;improvisation de Dramaction&rdquo;\" rel=\"nofollow\" data-success_message=\"\u00ab\u00a05557 titres d&#039;improvisation de Dramaction\u00a0\u00bb a \u00e9t\u00e9 ajout\u00e9 \u00e0 votre panier\" role=\"button\">Ajouter au panier<\/a>\t<span id=\"woocommerce_loop_add_to_cart_link_describedby_3792\" class=\"screen-reader-text\">\n\t\t\t<\/span>\n\t\t\t\n\t\t<\/div>\t\n\t<\/div>\t\n<\/div>\n<\/div>\n<\/div>\n<p>Merci de contribuer au succ\u00e8s de ce site !<\/p>\n<hr \/>\n<p>On s&#8217;\u00e9tait dit rendez-vous dans 10 ans<br \/>\nOn voit rouge \u00e0 la quinzaine du blanc<br \/>\nOn vous salue Mariette<br \/>\nOnde de choc<br \/>\nOne day in Wallonia<br \/>\nOntdekking (de)<br \/>\nOp\u00e9ra dans la rue<br \/>\nOp\u00e9ration charme<br \/>\nOp\u00e9ration en or (une)<br \/>\nOp\u00e9ration facile<br \/>\nOp\u00e9ration nounours<br \/>\nOp\u00e9ration risqu\u00e9e<br \/>\nOp\u00e9ration Saint Esprit<br \/>\nOph\u00e9lie Labourette joue au golf miniature<br \/>\nOpinion tranch\u00e9e<br \/>\nOr dans les mains (de l&#8217;)<br \/>\nOr des marais (l&#8217;)<br \/>\nOr du vizir (l&#8217;)<br \/>\nOrage<br \/>\nOraison du plus fort (l&#8217;)<br \/>\nOral de philo<br \/>\nOrchestration des platitudes (l&#8217;)<br \/>\nOrchestre de cornemuses<br \/>\nOrdinaire ou super<br \/>\nOrdinateur exp\u00e9riment\u00e9 cherche disquette vierge pour week-end programm\u00e9<br \/>\nOrdre et m\u00e9thode<br \/>\nOrdre regne (l&#8217;)<br \/>\nOrdres sont les ordres (les)<br \/>\nOreille d\u00e9chir\u00e9e (l&#8217;)*<br \/>\nOrganisme grandement massacr\u00e9<br \/>\nOrganiste demand\u00e9 pour match de hockey<br \/>\nOrgue du galopant (l&#8217;)<br \/>\nOrient-Occident<br \/>\nOrphelin (l&#8217;)*<br \/>\nOser d\u00e9marrer<br \/>\nOsmose intellectuelle<br \/>\nOsons<br \/>\nOtage de la vaisselle<br \/>\nO\u00f9 sont les grands blonds?<br \/>\nOu va l&#8217;argent du beurre<br \/>\nOubli (l&#8217;)<br \/>\nOubli malencontreux (un)<br \/>\nOubli\u00e9s de la f\u00eate (les)<br \/>\nOubli\u00e9s de la quarantaine (les)<br \/>\nOui Monsieur le loup<br \/>\nOups, il y a un morceau de trop<br \/>\nOups, je l\u2019ai \u00e9chapp\u00e9<br \/>\nOuragan<br \/>\nOutrage \u00e0 magistrat<br \/>\nOuvrir les ailes du d\u00e9sir<br \/>\nOvaire contre tous<br \/>\nOVNI aurait \u00e9t\u00e9 apper\u00e7u \u00e0 Saint-Josse-Tennode (un)<br \/>\nOxford-Cambridge*<\/p>\n","protected":false},"excerpt":{"rendered":"<p>L&#8217;ultime banque de th\u00e8mes !!! D\u00e9couvrez dans ces pages une liste tr\u00e8s compl\u00e8te de th\u00e8mes d&#8217;improvisation ! \u00c0 utiliser sans retenue !!! NAVIGATION : A | B | C | D | E | F | G | H | I | J | K | L | M | N | O | P [&hellip;]<\/p>\n","protected":false},"author":22,"featured_media":0,"parent":422,"menu_order":431,"comment_status":"open","ping_status":"open","template":"","meta":{"footnotes":""},"class_list":["post-1590","page","type-page","status-publish","hentry"],"jetpack_sharing_enabled":true,"_links":{"self":[{"href":"https:\/\/www.dramaction.qc.ca\/fr\/wp-json\/wp\/v2\/pages\/1590","targetHints":{"allow":["GET"]}}],"collection":[{"href":"https:\/\/www.dramaction.qc.ca\/fr\/wp-json\/wp\/v2\/pages"}],"about":[{"href":"https:\/\/www.dramaction.qc.ca\/fr\/wp-json\/wp\/v2\/types\/page"}],"author":[{"embeddable":true,"href":"https:\/\/www.dramaction.qc.ca\/fr\/wp-json\/wp\/v2\/users\/22"}],"replies":[{"embeddable":true,"href":"https:\/\/www.dramaction.qc.ca\/fr\/wp-json\/wp\/v2\/comments?post=1590"}],"version-history":[{"count":0,"href":"https:\/\/www.dramaction.qc.ca\/fr\/wp-json\/wp\/v2\/pages\/1590\/revisions"}],"up":[{"embeddable":true,"href":"https:\/\/www.dramaction.qc.ca\/fr\/wp-json\/wp\/v2\/pages\/422"}],"wp:attachment":[{"href":"https:\/\/www.dramaction.qc.ca\/fr\/wp-json\/wp\/v2\/media?parent=1590"}],"curies":[{"name":"wp","href":"https:\/\/api.w.org\/{rel}","templated":true}]}}