{"id":1586,"date":"2011-01-07T13:49:23","date_gmt":"2011-01-07T18:49:23","guid":{"rendered":"http:\/\/www.dramaction.qc.ca\/fr\/"},"modified":"2017-02-01T08:14:05","modified_gmt":"2017-02-01T13:14:05","slug":"n","status":"publish","type":"page","link":"https:\/\/www.dramaction.qc.ca\/fr\/improvisation\/themes-dimprovisation\/n\/","title":{"rendered":"n"},"content":{"rendered":"<h2>L&#8217;ultime banque de th\u00e8mes !!!<\/h2>\n<p>D\u00e9couvrez dans ces pages une liste tr\u00e8s compl\u00e8te de th\u00e8mes d&#8217;improvisation ! \u00c0 utiliser sans retenue !!!<\/p>\n<p><strong>NAVIGATION :<\/strong><\/p>\n<p><a href=\"http:\/\/www.dramaction.qc.ca\/fr\/improvisation\/themes-dimprovisation\/a\/\">A<\/a> | <a href=\"http:\/\/www.dramaction.qc.ca\/fr\/improvisation\/themes-dimprovisation\/b\/\">B<\/a> | <a href=\"http:\/\/www.dramaction.qc.ca\/fr\/improvisation\/themes-dimprovisation\/c\/\">C<\/a> | <a href=\"http:\/\/www.dramaction.qc.ca\/fr\/improvisation\/themes-dimprovisation\/d\/\">D<\/a> | <a href=\"http:\/\/www.dramaction.qc.ca\/fr\/improvisation\/themes-dimprovisation\/e\/\">E<\/a> | <a href=\"http:\/\/www.dramaction.qc.ca\/fr\/improvisation\/themes-dimprovisation\/f\/\">F<\/a> | <a href=\"http:\/\/www.dramaction.qc.ca\/fr\/improvisation\/themes-dimprovisation\/g\/\">G<\/a> | <a href=\"http:\/\/www.dramaction.qc.ca\/fr\/improvisation\/themes-dimprovisation\/h\/\">H<\/a> | <a href=\"http:\/\/www.dramaction.qc.ca\/fr\/improvisation\/themes-dimprovisation\/i\/\">I<\/a> | <a href=\"http:\/\/www.dramaction.qc.ca\/fr\/improvisation\/themes-dimprovisation\/j\/\">J<\/a> | <a href=\"http:\/\/www.dramaction.qc.ca\/fr\/improvisation\/themes-dimprovisation\/k\/\">K<\/a> | <a href=\"http:\/\/www.dramaction.qc.ca\/fr\/improvisation\/themes-dimprovisation\/l\/\">L<\/a> | <a href=\"http:\/\/www.dramaction.qc.ca\/fr\/improvisation\/themes-dimprovisation\/m\/\">M<\/a> | <a href=\"http:\/\/www.dramaction.qc.ca\/fr\/improvisation\/themes-dimprovisation\/n\/\">N<\/a> | <a href=\"http:\/\/www.dramaction.qc.ca\/fr\/improvisation\/themes-dimprovisation\/o\/\">O<\/a> | <a href=\"http:\/\/www.dramaction.qc.ca\/fr\/improvisation\/themes-dimprovisation\/p\/\">P<\/a> | <a href=\"http:\/\/www.dramaction.qc.ca\/fr\/improvisation\/themes-dimprovisation\/q\/\">Q<\/a> | <a href=\"http:\/\/www.dramaction.qc.ca\/fr\/improvisation\/themes-dimprovisation\/r\/\">R<\/a> | <a href=\"http:\/\/www.dramaction.qc.ca\/fr\/improvisation\/themes-dimprovisation\/s\/\">S<\/a> | <a href=\"http:\/\/www.dramaction.qc.ca\/fr\/improvisation\/themes-dimprovisation\/t\/\">T<\/a> | <a href=\"http:\/\/www.dramaction.qc.ca\/fr\/improvisation\/themes-dimprovisation\/u\/\">U<\/a> | <a href=\"http:\/\/www.dramaction.qc.ca\/fr\/improvisation\/themes-dimprovisation\/v\/\">V<\/a> | <a href=\"http:\/\/www.dramaction.qc.ca\/fr\/improvisation\/themes-dimprovisation\/w\/\">W<\/a> | <a href=\"http:\/\/www.dramaction.qc.ca\/fr\/improvisation\/themes-dimprovisation\/x\/\">X<\/a> | <a href=\"http:\/\/www.dramaction.qc.ca\/fr\/improvisation\/themes-dimprovisation\/y\/\">Y<\/a> | <a href=\"http:\/\/www.dramaction.qc.ca\/fr\/improvisation\/themes-dimprovisation\/z\/\">Z<\/a><\/p>\n<hr \/>\n<p>N\u00b02 Mondial<br \/>\nNa\u00eetre ou ne pas na\u00eetre<br \/>\nNature morte*<br \/>\nNaufrage au comptoir<br \/>\nNaufrag\u00e9s du silence (les)<br \/>\nNavire suisse (le)<br \/>\nNazdorovi\u00e9<br \/>\nN\u00e9 avec le don du rire<br \/>\nNe ferme pas les yeux<br \/>\nNe jamais perdre l&#8217;occasion de faire la f\u00eate<br \/>\nNe me r\u00e9veillez surtout pas<br \/>\nNe pars pas avec mon oreiller pr\u00e9f\u00e9r\u00e9<br \/>\nNe pas d\u00e9passer la dose&#8230;<br \/>\nNe pas d\u00e9ranger<br \/>\nNe pas mettre au four micro-ondes<br \/>\nNe pas plier<br \/>\nNe passez pas par la case d\u00e9part<br \/>\nNe recule surtout pas<br \/>\nNe regarde pas maintenant<br \/>\nNe tenant plus qu&#8217;\u00e0 un fil<br \/>\nNeandertal cherche bon emploi, bien r\u00e9mun\u00e9r\u00e9<br \/>\nN\u00e9gociations<br \/>\nN\u00e9gresse blanche (la)<br \/>\nNeige grecque<br \/>\nNeiges d&#8217;antan (les)<br \/>\nNerfs \u00e0 vif (les)<br \/>\nNerfs en pelote (les)<br \/>\nNerfs solides (les)<br \/>\nNez du Nil (le)<br \/>\nNez en l&#8217;air<br \/>\nNi cendres, ni cercueils<br \/>\nNid d&#8217;aigle (le)*<br \/>\nNieuwport-bains: particulier loue appartement<br \/>\nNoble conqu\u00eate<br \/>\nNoble vertu<br \/>\nNoblesse oblige<br \/>\nNoce des p\u00eacheurs (la)<br \/>\nNoces d&#8217;Amadeus (les)*<br \/>\nNoces pygm\u00e9es chez les Watutsi<br \/>\nNo\u00ebl des nutritionnistes<br \/>\nNoeud de vip\u00e8re (le)<br \/>\nNoir (le)<br \/>\nNoir de noir<br \/>\nNoir devient gris, fatigu\u00e9 par le blanc (le)<br \/>\nNoir en couleur (le)<br \/>\nNoir et blanc passionn\u00e9ment<br \/>\nNomades des temps modernes<br \/>\nNoms d&#8217;oiseaux<br \/>\nNon pas moi, j&#8217;ai pas voulu !<br \/>\nNon, pas par derri\u00e8re<br \/>\nNos parents<br \/>\nNostalgie de gendarme<br \/>\nNostalgiques du service militaire (les)<br \/>\nNotice jointe sur\u2026 (la)<br \/>\nNotre corps est l&#8217;instrument de notre coeur<br \/>\nNotre maison de vacances<br \/>\nNotre premier carnaval de Rio<\/p>\n<hr \/>\n<h2>Obtenez les 5557 th\u00e8mes dans un seul fichier<\/h2>\n<p>Pour obtenir tous les th\u00e8mes d&#8217;improvisation dans un seul fichier Excel, veuillez faire parvenir un don de 2 $ \u00e0 la communaut\u00e9 Dramaction, nous vous enverrons par courriel le ficheir afin de faciliter votre vie !<br \/>\n<div class=\"woocommerce \"><div class=\"products row columns-4\">\n<div class=\"col-md-3 col-sm-6 product type-product post-3792 status-publish first instock product_cat-exercices-et-ressources has-post-thumbnail featured downloadable sold-individually shipping-taxable purchasable product-type-simple\">\n\t<div class=\"project-item margin-bottom-20\">\n\t\t\t<figure>\n\t\t\t<a href=\"https:\/\/www.dramaction.qc.ca\/fr\/produit\/5557-titre-dimprovisation-de-dramaction\/\">\n\t\t\t\t<img decoding=\"async\" width=\"200\" height=\"200\" src=\"https:\/\/www.dramaction.qc.ca\/fr\/wp-content\/uploads\/2016\/12\/AdobeStock_56203799-200x200.jpeg\" class=\"attachment-woocommerce_thumbnail size-woocommerce_thumbnail\" alt=\"5557 titres d&#039;improvisation de Dramaction\" srcset=\"https:\/\/www.dramaction.qc.ca\/fr\/wp-content\/uploads\/2016\/12\/AdobeStock_56203799-200x200.jpeg 200w, https:\/\/www.dramaction.qc.ca\/fr\/wp-content\/uploads\/2016\/12\/AdobeStock_56203799-100x100.jpeg 100w, https:\/\/www.dramaction.qc.ca\/fr\/wp-content\/uploads\/2016\/12\/AdobeStock_56203799-150x150.jpeg 150w, https:\/\/www.dramaction.qc.ca\/fr\/wp-content\/uploads\/2016\/12\/AdobeStock_56203799-300x300.jpeg 300w, https:\/\/www.dramaction.qc.ca\/fr\/wp-content\/uploads\/2016\/12\/AdobeStock_56203799-1024x1024.jpeg 1024w\" sizes=\"(max-width: 200px) 100vw, 200px\" \/>\t\t\t<\/a>\n\t\t<\/figure>\n\t\t<div class=\"info\">\t\n\t\t\t<p class=\"product-title\">\n\t\t\t\t<a href=\"https:\/\/www.dramaction.qc.ca\/fr\/produit\/5557-titre-dimprovisation-de-dramaction\/\">\t\t\n\t\t\t\t\t5557 titres d&#8217;improvisation de Dramaction\t\t\t\t<\/a>\n\t\t\t<\/p>\n\t\t\t<div class=\"star-rating\" role=\"img\" aria-label=\"Note 5.00 sur 5\"><span style=\"width:100%\">Note <strong class=\"rating\">5.00<\/strong> sur 5<\/span><\/div>\n\t<span class=\"price\"><span class=\"woocommerce-Price-amount amount\"><bdi><span class=\"woocommerce-Price-currencySymbol\">&#36;<\/span>2.00<\/bdi><\/span><\/span>\n<a href=\"\/fr\/wp-json\/wp\/v2\/pages\/1586?add-to-cart=3792\" aria-describedby=\"woocommerce_loop_add_to_cart_link_describedby_3792\" data-quantity=\"1\" class=\"button product_type_simple add_to_cart_button ajax_add_to_cart\" data-product_id=\"3792\" data-product_sku=\"\" aria-label=\"Ajouter au panier\u00a0: &ldquo;5557 titres d&#039;improvisation de Dramaction&rdquo;\" rel=\"nofollow\" data-success_message=\"\u00ab\u00a05557 titres d&#039;improvisation de Dramaction\u00a0\u00bb a \u00e9t\u00e9 ajout\u00e9 \u00e0 votre panier\" role=\"button\">Ajouter au panier<\/a>\t<span id=\"woocommerce_loop_add_to_cart_link_describedby_3792\" class=\"screen-reader-text\">\n\t\t\t<\/span>\n\t\t\t\n\t\t<\/div>\t\n\t<\/div>\t\n<\/div>\n<\/div>\n<\/div>\n<p>Merci de contribuer au succ\u00e8s de ce site !<\/p>\n<hr \/>\n<p>Nourri \u00e0 la poussi\u00e8re<br \/>\nNourritures terrestres (les)<br \/>\nNous avons la solution<br \/>\nNous irons loin ensemble<br \/>\nNous ne sommes pas des trafiquants<br \/>\nNous ne sommes que des num\u00e9ros<br \/>\nNous nous retrouverons dans un monde meilleur<br \/>\nNous nous sommes tant aim\u00e9s<br \/>\nNous sommes l\u00e0 pour nous d\u00e9tendre<br \/>\nNous, c&#8217;est un soir par semaine<br \/>\nNouveau chef de service (le)*<br \/>\nNouveau miracle japonnais (le)<br \/>\nNouveau monde*<br \/>\nNouveau pr\u00e9sident (un)<br \/>\nNouveau prof de polonais<br \/>\nNouveau regard<br \/>\nNouveau rep\u00e8re<br \/>\nNouveau statut pour la stagiaire (un)<br \/>\nNouveaut\u00e9 au milieu de la route<br \/>\nNouveaut\u00e9 de Ren\u00e9 (la)*<br \/>\nNouveaux missionnaires (les)<br \/>\nNouveaux p\u00e8res (les)<br \/>\nNouvel ami<br \/>\nNouvelle direction<br \/>\nNouvelle du jour (la)<br \/>\nNouvelle \u00e9preuve<br \/>\nNouvelle famille<br \/>\nNouvelle g\u00e9n\u00e9ration<br \/>\nNouvelle mode entre amies<br \/>\nNouvelle s\u00e9rie<br \/>\nNouvelle vague d&#8217;euphorie<br \/>\nNouvelles interrogations, nouvelles r\u00e9ponses (\u00e0)<br \/>\nNouvelles normes du travail<br \/>\nNoyade dans le sable<br \/>\nNoy\u00e9 sous les appels<br \/>\nNuages noirs<br \/>\nNuages sur l&#8217;Egypte*<br \/>\nNuit d\u2019horreur \u00e0 la mine de charbon<br \/>\nNuit d&#8217;angoisse \u00e0 Thul\u00e9<br \/>\nNuit d&#8217;angoisse au cimeti\u00e8re (une)<br \/>\nNuit de noces en fanfare<br \/>\nNuit d&#8217;\u00e9tape en Terre Sainte<br \/>\nNuit d&#8217;ivresse \u00e0 Shanga\u00ef<br \/>\nNuit du Maya (la)<br \/>\nNuit exceptionnelle (une)<br \/>\nNuit gourmande (la)*<br \/>\nNuit sans lune \u00e0 Harlem, 118\u00e8me rue<br \/>\nNuit sur terre (une)<br \/>\nNuit tous les gars sont gris (la)<br \/>\nNuits noires et blanches (mes)<br \/>\nNul ne peut refuser cette initiative<br \/>\nNul n&#8217;est athl\u00e8te en son parvis<br \/>\nNum\u00e9ro diabolique (le)<br \/>\nNumismate et l&#8217;alpiniste (le)<\/p>\n","protected":false},"excerpt":{"rendered":"<p>L&#8217;ultime banque de th\u00e8mes !!! D\u00e9couvrez dans ces pages une liste tr\u00e8s compl\u00e8te de th\u00e8mes d&#8217;improvisation ! \u00c0 utiliser sans retenue !!! NAVIGATION : A | B | C | D | E | F | G | H | I | J | K | L | M | N | O | P [&hellip;]<\/p>\n","protected":false},"author":22,"featured_media":0,"parent":422,"menu_order":429,"comment_status":"open","ping_status":"open","template":"","meta":{"footnotes":""},"class_list":["post-1586","page","type-page","status-publish","hentry"],"jetpack_sharing_enabled":true,"_links":{"self":[{"href":"https:\/\/www.dramaction.qc.ca\/fr\/wp-json\/wp\/v2\/pages\/1586","targetHints":{"allow":["GET"]}}],"collection":[{"href":"https:\/\/www.dramaction.qc.ca\/fr\/wp-json\/wp\/v2\/pages"}],"about":[{"href":"https:\/\/www.dramaction.qc.ca\/fr\/wp-json\/wp\/v2\/types\/page"}],"author":[{"embeddable":true,"href":"https:\/\/www.dramaction.qc.ca\/fr\/wp-json\/wp\/v2\/users\/22"}],"replies":[{"embeddable":true,"href":"https:\/\/www.dramaction.qc.ca\/fr\/wp-json\/wp\/v2\/comments?post=1586"}],"version-history":[{"count":0,"href":"https:\/\/www.dramaction.qc.ca\/fr\/wp-json\/wp\/v2\/pages\/1586\/revisions"}],"up":[{"embeddable":true,"href":"https:\/\/www.dramaction.qc.ca\/fr\/wp-json\/wp\/v2\/pages\/422"}],"wp:attachment":[{"href":"https:\/\/www.dramaction.qc.ca\/fr\/wp-json\/wp\/v2\/media?parent=1586"}],"curies":[{"name":"wp","href":"https:\/\/api.w.org\/{rel}","templated":true}]}}