{"id":1584,"date":"2011-01-07T13:48:32","date_gmt":"2011-01-07T18:48:32","guid":{"rendered":"http:\/\/www.dramaction.qc.ca\/fr\/"},"modified":"2016-12-02T13:01:21","modified_gmt":"2016-12-02T18:01:21","slug":"m","status":"publish","type":"page","link":"https:\/\/www.dramaction.qc.ca\/fr\/improvisation\/themes-dimprovisation\/m\/","title":{"rendered":"m"},"content":{"rendered":"<h2>L&#8217;ultime banque de th\u00e8mes !!!<\/h2>\n<p>D\u00e9couvrez dans ces pages une liste tr\u00e8s compl\u00e8te de th\u00e8mes d&#8217;improvisation ! \u00c0 utiliser sans retenue !!!<\/p>\n<p><strong>NAVIGATION :<\/strong><\/p>\n<p><a href=\"http:\/\/www.dramaction.qc.ca\/fr\/improvisation\/themes-dimprovisation\/a\/\">A<\/a> | <a href=\"http:\/\/www.dramaction.qc.ca\/fr\/improvisation\/themes-dimprovisation\/b\/\">B<\/a> | <a href=\"http:\/\/www.dramaction.qc.ca\/fr\/improvisation\/themes-dimprovisation\/c\/\">C<\/a> | <a href=\"http:\/\/www.dramaction.qc.ca\/fr\/improvisation\/themes-dimprovisation\/d\/\">D<\/a> | <a href=\"http:\/\/www.dramaction.qc.ca\/fr\/improvisation\/themes-dimprovisation\/e\/\">E<\/a> | <a href=\"http:\/\/www.dramaction.qc.ca\/fr\/improvisation\/themes-dimprovisation\/f\/\">F<\/a> | <a href=\"http:\/\/www.dramaction.qc.ca\/fr\/improvisation\/themes-dimprovisation\/g\/\">G<\/a> | <a href=\"http:\/\/www.dramaction.qc.ca\/fr\/improvisation\/themes-dimprovisation\/h\/\">H<\/a> | <a href=\"http:\/\/www.dramaction.qc.ca\/fr\/improvisation\/themes-dimprovisation\/i\/\">I<\/a> | <a href=\"http:\/\/www.dramaction.qc.ca\/fr\/improvisation\/themes-dimprovisation\/j\/\">J<\/a> | <a href=\"http:\/\/www.dramaction.qc.ca\/fr\/improvisation\/themes-dimprovisation\/k\/\">K<\/a> | <a href=\"http:\/\/www.dramaction.qc.ca\/fr\/improvisation\/themes-dimprovisation\/l\/\">L<\/a> | <a href=\"http:\/\/www.dramaction.qc.ca\/fr\/improvisation\/themes-dimprovisation\/m\/\">M<\/a> | <a href=\"http:\/\/www.dramaction.qc.ca\/fr\/improvisation\/themes-dimprovisation\/n\/\">N<\/a> | <a href=\"http:\/\/www.dramaction.qc.ca\/fr\/improvisation\/themes-dimprovisation\/o\/\">O<\/a> | <a href=\"http:\/\/www.dramaction.qc.ca\/fr\/improvisation\/themes-dimprovisation\/p\/\">P<\/a> | <a href=\"http:\/\/www.dramaction.qc.ca\/fr\/improvisation\/themes-dimprovisation\/q\/\">Q<\/a> | <a href=\"http:\/\/www.dramaction.qc.ca\/fr\/improvisation\/themes-dimprovisation\/r\/\">R<\/a> | <a href=\"http:\/\/www.dramaction.qc.ca\/fr\/improvisation\/themes-dimprovisation\/s\/\">S<\/a> | <a href=\"http:\/\/www.dramaction.qc.ca\/fr\/improvisation\/themes-dimprovisation\/t\/\">T<\/a> | <a href=\"http:\/\/www.dramaction.qc.ca\/fr\/improvisation\/themes-dimprovisation\/u\/\">U<\/a> | <a href=\"http:\/\/www.dramaction.qc.ca\/fr\/improvisation\/themes-dimprovisation\/v\/\">V<\/a> | <a href=\"http:\/\/www.dramaction.qc.ca\/fr\/improvisation\/themes-dimprovisation\/w\/\">W<\/a> | <a href=\"http:\/\/www.dramaction.qc.ca\/fr\/improvisation\/themes-dimprovisation\/x\/\">X<\/a> | <a href=\"http:\/\/www.dramaction.qc.ca\/fr\/improvisation\/themes-dimprovisation\/y\/\">Y<\/a> | <a href=\"http:\/\/www.dramaction.qc.ca\/fr\/improvisation\/themes-dimprovisation\/z\/\">Z<\/a><\/p>\n<hr \/>\n<p>M le v\u00e9t\u00e9rinaire, j\u2019ai un probl\u00e8me<br \/>\nMa allez, das kapot !<br \/>\nMa cabane dans les arbres<br \/>\nMa d\u00e9coratrice int\u00e9rieure et moi<br \/>\nMa grand-m\u00e8re m\u2019attend<br \/>\nMa m\u00e8re m&#8217;a \u00e9lev\u00e9 pour \u00eatre star<br \/>\nMa poup\u00e9e est meilleure que la tienne<br \/>\nMa premi\u00e8re moto<br \/>\nMa soeur ne veut plus me parler<br \/>\nMa sorci\u00e8re bien aim\u00e9e<br \/>\nMa voisine \u00e9l\u00e8ve des bisons<br \/>\nMacadam cowboy<br \/>\nMachines po\u00e8tiques (les)<br \/>\nMadame Lemieux a un probl\u00e8me de tuyaux<br \/>\nMadame Piquette<br \/>\nMade in Lichtenstein<br \/>\nMaffiosi, spaghetti et Chianti<br \/>\nMagasin de ceintures<br \/>\nMagicien<br \/>\nMagicien de la couleur<br \/>\nMagie des miroirs<br \/>\nMagie d&#8217;un instant (la)<br \/>\nMaginot casemate<br \/>\nMain \u00e0 la p\u00e2te (la)<br \/>\nMain ferm\u00e9e, main ouverte<br \/>\nMain innocente (la)<br \/>\nMain innocente (La)<br \/>\nMains qui r\u00eavent (des)<br \/>\nMains vides (les)<br \/>\nMaintenant ou jamais*<br \/>\nMais o\u00f9 est pass\u00e9 le directeur?<br \/>\nMais que c&#8217;est-il r\u00e9ellement pass\u00e9 le soir du 15 d\u00e9cembre 1972 pendant cette coupure d&#8217;\u00e9lectricit\u00e9 ?<br \/>\nMaison des sourds-muets (la)<br \/>\nMaison du pays des collines (La)<br \/>\nMaison du souvenir (la)<br \/>\nMaison en enfer (une)*<br \/>\nMaison mod\u00e8le<br \/>\nMaison sans miroir (la)<br \/>\nMaison, mon r\u00eave (ma)<br \/>\nMa\u00eetre du temps*<br \/>\nMa\u00eetrise de soi<br \/>\nMal de l\u2019air<br \/>\nMal de p\u00e8re (le)<br \/>\nMal qui r\u00e9pand la terreur (un)<br \/>\nMaladresse de f\u00e9e<br \/>\nMaladresse de trouv\u00e8re<br \/>\nMalbrough s&#8217;en va t&#8217;en paix<br \/>\nMal\u00e9diction de la mer (la)*<br \/>\nMal\u00e9diction de l&#8217;Inca (la)<br \/>\nMal\u00e9diction de Toutan Kamon (la)<br \/>\nMal\u00e9dictions de la grande \u00eele (une)<br \/>\nMalette de l&#8217;investisseur (la)<br \/>\nMaman cherche travail<br \/>\nMaman est de retour<br \/>\nMan\u00e8ges, bolides et smoutebollen<br \/>\nManger dans le noir<br \/>\nMangez bien, buvez bien, vivez bien<br \/>\nManifestons demain!<br \/>\nMannequin grossier (un)<br \/>\nManoir des destins crois\u00e9s (au)<br \/>\nManque d&#8217;air<br \/>\nManque de discr\u00e9tion<br \/>\nManucure mexicaine<br \/>\nManuel de recettes, version originale, sous-titres bilingues (le)<br \/>\nManuel, petit prince des Favelas<br \/>\nManufacture de plumes<br \/>\nMarathon agricole<br \/>\nMarchand d&#8217;histoires<br \/>\nMarche dans la temp\u00eate (une)<br \/>\nMarch\u00e9 noir*<br \/>\nMarche triomphale (la)<br \/>\nMar\u00e9chal ferrand, faut le fer !<br \/>\nMar\u00e9e ne riait pas (la)<br \/>\nMar\u00e9e noire<br \/>\nMargarine et huile d\u2019olive<br \/>\nMarguerite, reine sanguinaire*<br \/>\nMariage au chateau&#8230;<br \/>\nMariage blanc<br \/>\nMariage dans une autre galaxie<br \/>\nMariage de Max Choupard (le)<br \/>\nMariage de poids lourds<br \/>\nMariage de race<br \/>\nMariage en noir<br \/>\nMariage mirage<br \/>\nMari\u00e9e ne riait pas (la)<br \/>\nMarie-h\u00e9l\u00e8ne Ch\u00e2teaulatour, journaliste reporter<br \/>\nMarin fant\u00f4me<br \/>\nMarinette, 6 chemin des Accacias<br \/>\nMarqu\u00e9 d&#8217;une croix<br \/>\nMarquises (aux)<br \/>\nMarre de voter<br \/>\nMars en vue<br \/>\nMartine \u00e0 la caserne<br \/>\nMascarade<br \/>\nMascarade inqui\u00e9tante (une)<br \/>\nMasculin pluriel<br \/>\nMasque de la honte (le)<br \/>\nMasque de terre (le)<br \/>\nMasques de l&#8217;histoire (les)<br \/>\nMassacre \u00e0 l&#8217;agrafeuse<br \/>\nMatch de la vie (le)<br \/>\nMati\u00e8re \u00e0 r\u00e9flexion<br \/>\nMati\u00e8re grise, mati\u00e8re rose<br \/>\nMatraque attaque<br \/>\nMatricule quatre cent dix-neuf<br \/>\nMaudit grain de sable<br \/>\nMauvais perdant<br \/>\nMauvaise foi<br \/>\nMauvaise fr\u00e9quentation<br \/>\nMauvaise herbe (la)<br \/>\nMauvaise nouvelle d&#8217;un souvenir<br \/>\nMauvaise r\u00e9colte<br \/>\nMauvaise r\u00e9putation<br \/>\nMax Choupard \u00e0 la ferme<br \/>\nMax Choupard \u00e0 la montagne<br \/>\nMax Choupard: le grand come back<br \/>\nMaximilien-Antoine, est-ce bien toi?<br \/>\nM\u00e9daill\u00e9s (les)*<br \/>\nM\u00e9diation<br \/>\nM\u00e9faits de l&#8217;acupuncture (les)<br \/>\nM\u00e9got responsable (le)<br \/>\nMeilleur ami sur demande<br \/>\nMeilleure id\u00e9e (la)<br \/>\nM\u00e9lancolie de gargouilles<br \/>\nM\u00e9lange d\u00e9tonnant<br \/>\nM\u00e9lodie du bonheur (La)<br \/>\nM\u00e9lodie sanglante (la)<br \/>\nM\u00eame \u00e0 la caf\u00e9t\u00e9ria<br \/>\nM\u00eame les \u00e9rables ont des faiblesses*<br \/>\nM\u00eame pour les chiens<br \/>\nM\u00eame si j\u2019\u00e9tais oblig\u00e9, je ne le ferais pas<br \/>\nM\u00e9m\u00e8re fait des poids et halt\u00e8res<br \/>\nM\u00e9moire de nos oublis (la)<br \/>\nM\u00e9moire des Indiens (en)<br \/>\nM\u00e9moire du sang (la)<br \/>\nM\u00e9moire d&#8217;un casse-t\u00eate<br \/>\nM\u00e9moire vive et choucroute<br \/>\nM\u00e9moires d&#8217;un jeune homme rang\u00e9<br \/>\nM\u00e9moires d&#8217;une groupie (les)<br \/>\nM\u00e9moires qui sentent la jungle et l&#8217;amertume (des)<br \/>\nMenace sous la tour de Pise<br \/>\nM\u00e9nage du printemps<br \/>\nMendiant de l&#8217;\u00e9glise (le)<br \/>\nMendiants mais orgueilleux<br \/>\nMensonge au petit d\u00e9jeuner (un)<br \/>\nMensonge interdit<br \/>\nMenu trois \u00e9toiles<br \/>\nMer (la)<br \/>\nMer de glace (une)<br \/>\nMer d&#8217;huile (une)<br \/>\nMer du silence (la)<br \/>\nMerci papa, merci maman<br \/>\nMercredi, samedi, 2 chances&#8230;<br \/>\nM\u00e8re des \u00e9toiles (la)<br \/>\nM\u00e8re la mer (ma)<br \/>\nM\u00e8res fondatrices (les)<br \/>\nMerveilleux village (ce)<br \/>\nMes cartes deviennent folles<br \/>\nMes muscles m\u2019\u00e9touffent<br \/>\nMes parents sont f\u00e2ch\u00e9s<br \/>\nM\u00e9saventures du roi Louis (les)<br \/>\nMessage brouill\u00e9*<br \/>\nMessage cod\u00e9<\/p>\n<hr \/>\n<h2>Obtenez les 5557 th\u00e8mes dans un seul fichier<\/h2>\n<p>Pour obtenir tous les th\u00e8mes d&#8217;improvisation dans un seul fichier Excel, veuillez faire parvenir un don de 2 $ \u00e0 la communaut\u00e9 Dramaction, nous vous enverrons par courriel le ficheir afin de faciliter votre vie !<br \/>\n<div class=\"woocommerce \"><div class=\"products row columns-4\">\n<div class=\"col-md-3 col-sm-6 product type-product post-3792 status-publish first instock product_cat-exercices-et-ressources has-post-thumbnail featured downloadable sold-individually shipping-taxable purchasable product-type-simple\">\n\t<div class=\"project-item margin-bottom-20\">\n\t\t\t<figure>\n\t\t\t<a href=\"https:\/\/www.dramaction.qc.ca\/fr\/produit\/5557-titre-dimprovisation-de-dramaction\/\">\n\t\t\t\t<img decoding=\"async\" width=\"200\" height=\"200\" src=\"https:\/\/www.dramaction.qc.ca\/fr\/wp-content\/uploads\/2016\/12\/AdobeStock_56203799-200x200.jpeg\" class=\"attachment-woocommerce_thumbnail size-woocommerce_thumbnail\" alt=\"5557 titres d&#039;improvisation de Dramaction\" srcset=\"https:\/\/www.dramaction.qc.ca\/fr\/wp-content\/uploads\/2016\/12\/AdobeStock_56203799-200x200.jpeg 200w, https:\/\/www.dramaction.qc.ca\/fr\/wp-content\/uploads\/2016\/12\/AdobeStock_56203799-100x100.jpeg 100w, https:\/\/www.dramaction.qc.ca\/fr\/wp-content\/uploads\/2016\/12\/AdobeStock_56203799-150x150.jpeg 150w, https:\/\/www.dramaction.qc.ca\/fr\/wp-content\/uploads\/2016\/12\/AdobeStock_56203799-300x300.jpeg 300w, https:\/\/www.dramaction.qc.ca\/fr\/wp-content\/uploads\/2016\/12\/AdobeStock_56203799-1024x1024.jpeg 1024w\" sizes=\"(max-width: 200px) 100vw, 200px\" \/>\t\t\t<\/a>\n\t\t<\/figure>\n\t\t<div class=\"info\">\t\n\t\t\t<p class=\"product-title\">\n\t\t\t\t<a href=\"https:\/\/www.dramaction.qc.ca\/fr\/produit\/5557-titre-dimprovisation-de-dramaction\/\">\t\t\n\t\t\t\t\t5557 titres d&#8217;improvisation de Dramaction\t\t\t\t<\/a>\n\t\t\t<\/p>\n\t\t\t<div class=\"star-rating\" role=\"img\" aria-label=\"Note 5.00 sur 5\"><span style=\"width:100%\">Note <strong class=\"rating\">5.00<\/strong> sur 5<\/span><\/div>\n\t<span class=\"price\"><span class=\"woocommerce-Price-amount amount\"><bdi><span class=\"woocommerce-Price-currencySymbol\">&#36;<\/span>2.00<\/bdi><\/span><\/span>\n<a href=\"\/fr\/wp-json\/wp\/v2\/pages\/1584?add-to-cart=3792\" aria-describedby=\"woocommerce_loop_add_to_cart_link_describedby_3792\" data-quantity=\"1\" class=\"button product_type_simple add_to_cart_button ajax_add_to_cart\" data-product_id=\"3792\" data-product_sku=\"\" aria-label=\"Ajouter au panier\u00a0: &ldquo;5557 titres d&#039;improvisation de Dramaction&rdquo;\" rel=\"nofollow\" data-success_message=\"\u00ab\u00a05557 titres d&#039;improvisation de Dramaction\u00a0\u00bb a \u00e9t\u00e9 ajout\u00e9 \u00e0 votre panier\" role=\"button\">Ajouter au panier<\/a>\t<span id=\"woocommerce_loop_add_to_cart_link_describedby_3792\" class=\"screen-reader-text\">\n\t\t\t<\/span>\n\t\t\t\n\t\t<\/div>\t\n\t<\/div>\t\n<\/div>\n<\/div>\n<\/div>\n<p>Merci de contribuer au succ\u00e8s de ce site !<\/p>\n<hr \/>\n<p>Message cod\u00e9<br \/>\nMesse rouge<br \/>\nMesurer l\u2019incomp\u00e9tence<br \/>\nM\u00e9tamorphoses<br \/>\nM\u00e9tamorphoses de Cendrillon (les)<br \/>\nM\u00e9taphore d&#8217;amour<br \/>\nM\u00e9thode Buldair (la)<br \/>\nM\u00e9thode douce<br \/>\nM\u00e9thode perfide<br \/>\nM\u00e9tier \u00e0 risque (un)<br \/>\nM\u00e9tier de jardinier<br \/>\nM\u00e9tier \u00e9patant (un)<br \/>\nM\u00e9tro c&#8217;est plus facile (le)<br \/>\nMets du soleil dans ma vie<br \/>\nMeuf, les motards et le truand (la)<br \/>\nMeurtre annonc\u00e9 d&#8217;un poisson rouge<br \/>\nMic-mac chez les macs<br \/>\nMicro-diplomatie<br \/>\nMiettes d&#8217;indiff\u00e9rence (des)<br \/>\nMieux vaut en rire<br \/>\nMigration<br \/>\nMilk-shake<br \/>\nMille et une fa\u00e7on de dire je t&#8217;aime<br \/>\nMille et une vie d&#8217;une seule \u00e2me (les)<br \/>\nMille neuf cent cinq, trait\u00e9 de Karlstadt<br \/>\nMilles photos pour un mot<br \/>\nMimi pinson<br \/>\nMimi-trip<br \/>\nMini jupe et mise en plis<br \/>\nMini-monde (le)<br \/>\nMinimum vital (le)<br \/>\nMinist\u00e8re en p\u00e9ril<br \/>\nMinute de flic obtus (une)<br \/>\nMinute pour un d\u00e9sastre (une)<br \/>\nMiracle (Le)<br \/>\nMiracle au petit d\u00e9jeuner<br \/>\nMiradors (les)*<br \/>\nMiroir de folie<br \/>\nMiroir du pass\u00e9 (le)<br \/>\nMiroir se brisa (et le)<br \/>\nMiroirs du jardin (les)<br \/>\nMise au point<br \/>\nMise en bi\u00e8re<br \/>\nMise sur moi<br \/>\nMisoginie<br \/>\nMission cam\u00e9l\u00e9on<br \/>\nMission tuperware<br \/>\nMitig\u00e9<br \/>\nMobilisez-vous que diable !<br \/>\nMode de vie fait pour durer (un)<br \/>\nMode pour rire (une)<br \/>\nMod\u00e8le int\u00e9ressant (un)<br \/>\nModus vivendi<br \/>\nMoi, j&#8217;aime encourager<br \/>\nMoi, jeune, pauvre et sans r\u00eave<br \/>\nMoins d&#8217;astreinte et plus de conciliation<br \/>\nMoissoneuses de la mer (les)<br \/>\nMolusque chinois (le)<br \/>\nMoment \u00e0 choisir, un endoit \u00e0 privil\u00e9gi\u00e9 (un)<br \/>\nMoment de v\u00e9rit\u00e9<br \/>\nMoment du choix (le)<br \/>\nMoment fort<br \/>\nMoments cruels<br \/>\nMoments tendres (les)<br \/>\nMon ailier a disparu<br \/>\nMon chauffeur<br \/>\nMon chien, ma maison<br \/>\nMon cinqui\u00e8me mariage<br \/>\nMon d\u00e9sir: passer de l&#8217;autre c\u00f4t\u00e9<br \/>\nMon efface de collection<br \/>\nMon enfance avec Rufus<br \/>\nMon enfance, c&#8217;est un gros tas de sciure<br \/>\nMon fils est un dauphin<br \/>\nMon frigo, ma galaxie<br \/>\nMon patron c\u2019est le pire<br \/>\nMon p\u00e8re m\u2019a appris \u00e0 le faire<br \/>\nMon perroquet sait japper<br \/>\nMon plus beau r\u00f4le<br \/>\nMon premier dessin<br \/>\nMon premier livre \u00e0 colorier en noir et blanc<br \/>\nMon premier milliard<br \/>\nMon premier voilier sur la Meuse<br \/>\nMon r\u00eave : \u00eatre conducteur de taxi<br \/>\nMon secret<br \/>\nMonde \u00e0 coups de p\u00e9dales (le)<br \/>\nMonde \u00e0 l&#8217;autre (d&#8217;un)<br \/>\nMonde \u00e0 l&#8217;envers (le)*<br \/>\nMonde autour d&#8217;un caf\u00e9 (le)<br \/>\nMonde autour d&#8217;un caf\u00e9 (le)<br \/>\nMonde d&#8217;all\u00e9es et venues (un)<br \/>\nMonde de diff\u00e9rence (un)<br \/>\nMonde des trois tr\u00e9sors (le)<br \/>\nMonde du silence (le)<br \/>\nMonde ne serait pas ce qu&#8217;il est sans une vieille dame du Borinage, ancienne cantatrice, vivant ses<br \/>\nMonde qui joue (un)<br \/>\nMonique<br \/>\nMonsieur \u00e0 gauche, madame \u00e0 droite<br \/>\nMonsieur est servi<br \/>\nMonsieur X, client myst\u00e8re<br \/>\nMonstre de porcelaine<br \/>\nMonstre mignon (le)<br \/>\nMontagne \u00e0 la plaine (de la)*<br \/>\nMontagne affam\u00e9e (la)<br \/>\nMontagne de pluie (la)<br \/>\nMontagne du pluie (la)<br \/>\nMont\u00e9e \u00e0 Paris, descente aux enfers<br \/>\nMont\u00e9e aux alpages (la)<br \/>\nMont\u00e9e d&#8217;adr\u00e9naline<br \/>\nMont\u00e9e de la s\u00e8ve (la)<br \/>\nMont\u00e9e de s\u00e8ve<br \/>\nMont\u00e9e fulgurante, une descente vertigineuse (une)<br \/>\nMonuments aux morts<br \/>\nMoral dans les chaussettes (le)<br \/>\nMorceau de paradis (un)<br \/>\nMorceaux de vie<br \/>\nMordant<br \/>\nMordre la glace de mon igloo<br \/>\nMorsures de l&#8217;aube (les)<br \/>\nMort aux poils<br \/>\nMort de l&#8217;eau (la)<br \/>\nMort du boeuf (la)<br \/>\nMort d&#8217;une ville (la)<br \/>\nMort quotidienne<br \/>\nMort tragique (une)<br \/>\nMot cl\u00e9 (le)<br \/>\nMot d&#8217;excuse<br \/>\nMot secret (le)<br \/>\nMotifs d&#8217;absence<br \/>\nMots comme des corps (des)<br \/>\nMots pour le dire (les)<br \/>\nMots sous les mots (les)<br \/>\nMouchoir de dentelle (le)<br \/>\nMouchoir de la peur (le)<br \/>\nMouchoir ultra-doux<br \/>\nMoulin de Martinrive (le)<br \/>\nMulet (le)*<br \/>\nMur de lumi\u00e8re (le)<br \/>\nMurmure des ombres (le)<br \/>\nMurmures sur l\u2019eau<br \/>\nMururoa pour toujours<br \/>\nMuse des gratte-ciel (la)<br \/>\nMuse des gratte-ciels (la)<br \/>\nMus\u00e9e du bruit (le)<br \/>\nMusique de chambre<br \/>\nMustapha ne pleure jamais*<br \/>\nMutant, que ton r\u00e8gne arrive<br \/>\nMutation salutaire (Une)<br \/>\nMutisme hivernal<br \/>\nMyst\u00e8re en Russie<br \/>\nMyst\u00e9rieuse d\u00e9couverte dans le grenier<br \/>\nMyst\u00e9rieux t\u00e9l\u00e9phone<br \/>\nMyst\u00e9rieux voisins (de)<br \/>\nMythe \u00e0 la r\u00e9alit\u00e9 (du)<\/p>\n","protected":false},"excerpt":{"rendered":"<p>L&#8217;ultime banque de th\u00e8mes !!! D\u00e9couvrez dans ces pages une liste tr\u00e8s compl\u00e8te de th\u00e8mes d&#8217;improvisation ! \u00c0 utiliser sans retenue !!! NAVIGATION : A | B | C | D | E | F | G | H | I | J | K | L | M | N | O | P [&hellip;]<\/p>\n","protected":false},"author":22,"featured_media":0,"parent":422,"menu_order":428,"comment_status":"open","ping_status":"open","template":"","meta":{"footnotes":""},"class_list":["post-1584","page","type-page","status-publish","hentry"],"jetpack_sharing_enabled":true,"_links":{"self":[{"href":"https:\/\/www.dramaction.qc.ca\/fr\/wp-json\/wp\/v2\/pages\/1584","targetHints":{"allow":["GET"]}}],"collection":[{"href":"https:\/\/www.dramaction.qc.ca\/fr\/wp-json\/wp\/v2\/pages"}],"about":[{"href":"https:\/\/www.dramaction.qc.ca\/fr\/wp-json\/wp\/v2\/types\/page"}],"author":[{"embeddable":true,"href":"https:\/\/www.dramaction.qc.ca\/fr\/wp-json\/wp\/v2\/users\/22"}],"replies":[{"embeddable":true,"href":"https:\/\/www.dramaction.qc.ca\/fr\/wp-json\/wp\/v2\/comments?post=1584"}],"version-history":[{"count":0,"href":"https:\/\/www.dramaction.qc.ca\/fr\/wp-json\/wp\/v2\/pages\/1584\/revisions"}],"up":[{"embeddable":true,"href":"https:\/\/www.dramaction.qc.ca\/fr\/wp-json\/wp\/v2\/pages\/422"}],"wp:attachment":[{"href":"https:\/\/www.dramaction.qc.ca\/fr\/wp-json\/wp\/v2\/media?parent=1584"}],"curies":[{"name":"wp","href":"https:\/\/api.w.org\/{rel}","templated":true}]}}