{"id":1582,"date":"2011-01-07T13:47:21","date_gmt":"2011-01-07T18:47:21","guid":{"rendered":"http:\/\/www.dramaction.qc.ca\/fr\/"},"modified":"2017-02-01T08:13:55","modified_gmt":"2017-02-01T13:13:55","slug":"l","status":"publish","type":"page","link":"https:\/\/www.dramaction.qc.ca\/fr\/improvisation\/themes-dimprovisation\/l\/","title":{"rendered":"l"},"content":{"rendered":"<h2>L&#8217;ultime banque de th\u00e8mes !!!<\/h2>\n<p>D\u00e9couvrez dans ces pages une liste tr\u00e8s compl\u00e8te de th\u00e8mes d&#8217;improvisation ! \u00c0 utiliser sans retenue !!!<\/p>\n<p><strong>NAVIGATION :<\/strong><\/p>\n<p><a href=\"http:\/\/www.dramaction.qc.ca\/fr\/improvisation\/themes-dimprovisation\/a\/\">A<\/a> | <a href=\"http:\/\/www.dramaction.qc.ca\/fr\/improvisation\/themes-dimprovisation\/b\/\">B<\/a> | <a href=\"http:\/\/www.dramaction.qc.ca\/fr\/improvisation\/themes-dimprovisation\/c\/\">C<\/a> | <a href=\"http:\/\/www.dramaction.qc.ca\/fr\/improvisation\/themes-dimprovisation\/d\/\">D<\/a> | <a href=\"http:\/\/www.dramaction.qc.ca\/fr\/improvisation\/themes-dimprovisation\/e\/\">E<\/a> | <a href=\"http:\/\/www.dramaction.qc.ca\/fr\/improvisation\/themes-dimprovisation\/f\/\">F<\/a> | <a href=\"http:\/\/www.dramaction.qc.ca\/fr\/improvisation\/themes-dimprovisation\/g\/\">G<\/a> | <a href=\"http:\/\/www.dramaction.qc.ca\/fr\/improvisation\/themes-dimprovisation\/h\/\">H<\/a> | <a href=\"http:\/\/www.dramaction.qc.ca\/fr\/improvisation\/themes-dimprovisation\/i\/\">I<\/a> | <a href=\"http:\/\/www.dramaction.qc.ca\/fr\/improvisation\/themes-dimprovisation\/j\/\">J<\/a> | <a href=\"http:\/\/www.dramaction.qc.ca\/fr\/improvisation\/themes-dimprovisation\/k\/\">K<\/a> | <a href=\"http:\/\/www.dramaction.qc.ca\/fr\/improvisation\/themes-dimprovisation\/l\/\">L<\/a> | <a href=\"http:\/\/www.dramaction.qc.ca\/fr\/improvisation\/themes-dimprovisation\/m\/\">M<\/a> | <a href=\"http:\/\/www.dramaction.qc.ca\/fr\/improvisation\/themes-dimprovisation\/n\/\">N<\/a> | <a href=\"http:\/\/www.dramaction.qc.ca\/fr\/improvisation\/themes-dimprovisation\/o\/\">O<\/a> | <a href=\"http:\/\/www.dramaction.qc.ca\/fr\/improvisation\/themes-dimprovisation\/p\/\">P<\/a> | <a href=\"http:\/\/www.dramaction.qc.ca\/fr\/improvisation\/themes-dimprovisation\/q\/\">Q<\/a> | <a href=\"http:\/\/www.dramaction.qc.ca\/fr\/improvisation\/themes-dimprovisation\/r\/\">R<\/a> | <a href=\"http:\/\/www.dramaction.qc.ca\/fr\/improvisation\/themes-dimprovisation\/s\/\">S<\/a> | <a href=\"http:\/\/www.dramaction.qc.ca\/fr\/improvisation\/themes-dimprovisation\/t\/\">T<\/a> | <a href=\"http:\/\/www.dramaction.qc.ca\/fr\/improvisation\/themes-dimprovisation\/u\/\">U<\/a> | <a href=\"http:\/\/www.dramaction.qc.ca\/fr\/improvisation\/themes-dimprovisation\/v\/\">V<\/a> | <a href=\"http:\/\/www.dramaction.qc.ca\/fr\/improvisation\/themes-dimprovisation\/w\/\">W<\/a> | <a href=\"http:\/\/www.dramaction.qc.ca\/fr\/improvisation\/themes-dimprovisation\/x\/\">X<\/a> | <a href=\"http:\/\/www.dramaction.qc.ca\/fr\/improvisation\/themes-dimprovisation\/y\/\">Y<\/a> | <a href=\"http:\/\/www.dramaction.qc.ca\/fr\/improvisation\/themes-dimprovisation\/z\/\">Z<\/a><\/p>\n<hr \/>\n<p>L\u2019\u00e2ge d\u2019or<br \/>\nL\u2019amour rend aveugle<br \/>\nL\u2019appel de la montagne<br \/>\nL\u2019apprenti repasseur de linge<br \/>\nL\u2019arme au poing<br \/>\nL\u2019artiste<br \/>\nL\u2019attaque des concombres<br \/>\nL\u2019autographe<br \/>\nL\u2019\u00e9clipse lunaire<br \/>\nL\u2019\u00e9cole des balayeurs<br \/>\nL\u2019\u00e9cole des vers de terre<br \/>\nL\u2019\u00e9criture d\u2019un roman savon<br \/>\nL\u2019\u00e9cusson<br \/>\nL\u2019effaceur de m\u00e9moire<br \/>\nL\u2019emprunt<br \/>\nL\u2019enveloppe, le myst\u00e8re, Le retour<br \/>\nL\u2019\u00e9pave<br \/>\nL\u2019essence co\u00fbte trop cher<br \/>\nL\u2019\u00e9table de mon oncle Ron<br \/>\nL\u2019\u00e9trange miroir de Mme Latouche<br \/>\nL\u2019examen de trottinette<br \/>\nL\u2019exp\u00e9rience de science<br \/>\nL\u2019explosion de la machine \u00e0 tricoter<br \/>\nL\u2019heure de la pause<br \/>\nL\u2019hiver frappe \u00e0 ta porte<br \/>\nL\u2019hiver interminable<br \/>\nL\u2019homme araign\u00e9e<br \/>\nL\u2019h\u00f4pital des gens en sant\u00e9<br \/>\nL\u2019h\u00f4pital des souliers<br \/>\nL\u2019horloge \u00e0 reculons<br \/>\nL\u2019horloge de l\u2019\u00e9ternit\u00e9<br \/>\nL\u2019horrible orange bleue<br \/>\nL\u2019inconnu dans mon jardin<br \/>\nL\u2019incroyable voyage d\u2019un pou<br \/>\nL\u2019invention de la roue<br \/>\nL\u2019odeur de mon pied droit<br \/>\nL\u2019oeuf ou la poule<br \/>\nL\u2019ombre de mon jumeau me poursuit<br \/>\nL\u2019or, l\u2019argent, le bronze<br \/>\nL\u2019orage<br \/>\nL\u2019ours palm\u00e9<br \/>\nL\u2019unisourcil<br \/>\nL\u2019usine d\u2019ongles d\u2019orteils<br \/>\nLa \u00ab craque \u00bb dans le mur<br \/>\nLa ballade des \u00ab Pop-sicles \u00bb<br \/>\nLa barbapapa me colle aux doigts<br \/>\nLa blessure fatidique<br \/>\nLa bou\u00e9e de sauvetage<br \/>\nLa boule de cire<br \/>\nLa carie dentaire<br \/>\nLa ceinture dor\u00e9e<br \/>\nLa chemin\u00e9e du coeur<br \/>\nLa ch\u00e8vre de M Seguin<br \/>\nLa chorale<br \/>\nLa chose la plus importante<br \/>\nLa clef du paradis<br \/>\nLa cloche infernale<br \/>\nLa commande<br \/>\nLa course la plus folle<br \/>\nLa cr\u00e9ation d\u2019un film \u00e0 grand d\u00e9ploiement<br \/>\nLa crevette et ses multiples usages<br \/>\nLa cuiller de l\u2019anc\u00eatre<br \/>\nLa danse des l\u00e9gumes<br \/>\nLa d\u00e9couverte du nouveau monde<br \/>\nLa d\u00e9couverte du si\u00e8cle<br \/>\nLa d\u00e9mission<br \/>\nLa derni\u00e8re goutte<br \/>\nLa digestion<br \/>\nLa disparition<br \/>\nLa femme de chambre est \u00ab sp\u00e9ciale \u00bb<br \/>\nLa feuille volante<br \/>\nLa flamme de mon coeur<br \/>\nLa folle du quartier<br \/>\nLa fourmi paresseuse<br \/>\nLa garde-robe de Mme la Pr\u00e9sidente<br \/>\nLa glaci\u00e8re \u00e0 manivelle<br \/>\nLa grammaire expliqu\u00e9e<br \/>\nLa grande descente<br \/>\nLa grippe me tue<br \/>\nLa grippe mexicaine<br \/>\nLa guerre des pacifistes<br \/>\nLa ligne<br \/>\nLa loi du coll\u00e8ge<br \/>\nLa lumi\u00e8re au bout du tunnel<br \/>\nLa lumi\u00e8re verte<br \/>\nLa main d\u2019argile<br \/>\nLa maison qui penchait un peu<br \/>\nLa maison vivante<br \/>\nLa meilleure photo<br \/>\nLa meilleure poutine au monde<br \/>\nLa mode, mon amie<br \/>\nLa montagne affam\u00e9e<br \/>\nLa motocyclette \u00e0 Hector<br \/>\nLa multimilliardaire et le cireur de planchers<br \/>\nLa naissance d\u2019une star<br \/>\nLa noblesse du peuple<br \/>\nLa nouvelle prof est arriv\u00e9e<br \/>\nL\u00e0 o\u00f9 est le Dieu vivant<br \/>\nL\u00e0 o\u00f9 la mort est rapide<br \/>\nLa p\u2019tite bo\u00eete de plastique jaune<br \/>\nLa page suivante<br \/>\nLa parade du carnaval<br \/>\nLa passion de grand-maman Rita<br \/>\nLa passion du sport nain<br \/>\nLa passoire<br \/>\nLa patte cass\u00e9e<br \/>\nLa p\u00eache \u00e0 la baleine<br \/>\nLa perle rare<br \/>\nLa perte du rire<br \/>\nLa piscine du voisin d\u2019\u00e0 c\u00f4t\u00e9<br \/>\nLa planche \u00e0 l\u00e9gumes<br \/>\nLa plantation d\u2019ananas<br \/>\nLa poign\u00e9e de main<br \/>\nLa poursuite<br \/>\nLa poutre de support<br \/>\nLa premi\u00e8re partie<br \/>\nLa pr\u00e9paration royale<br \/>\nLa recette des petits g\u00e2teaux<br \/>\nLa recrue<br \/>\nLa r\u00e9g\u00e9n\u00e9ration<br \/>\nLa r\u00e9putation de ce scientifique<br \/>\nLa revanche des cerceaux<br \/>\nLa revanche du toaster \u00e0 gaz<br \/>\nLa rivalit\u00e9<br \/>\nLa rue sans fin<br \/>\nLa ru\u00e9e vers l\u2019or<br \/>\nLa saison des boutons bleus<br \/>\nLa saveur du mois<br \/>\nLa soir\u00e9e folklorique<br \/>\nLa solution miracle<br \/>\nLa soupe aux yeux de tortue<br \/>\nLa souplesse de ma grand-m\u00e8re<br \/>\nLa souris orpheline<br \/>\nLa surprenante chirurgienne<br \/>\nLa surprise de M le Premier Ministre<br \/>\nLa survie des baleines<br \/>\nLa taupe au nez \u00e9toil\u00e9<br \/>\nLa t\u00e9l\u00e9-r\u00e9alit\u00e9<br \/>\nLa tirelire de D\u00e9d\u00e9<br \/>\nLa tondeuse magique<br \/>\nLa trottinette<br \/>\nLa valse des pissenlits<br \/>\nLa v\u00e9rit\u00e9 d\u2019\u00e0 c\u00f4t\u00e9<br \/>\nLa v\u00e9rit\u00e9 juste la v\u00e9rit\u00e9, je le jure<br \/>\nLa vie de mon l\u00e9zard<br \/>\nLa vie sur Pluton<br \/>\nLa vie tumultueuse d\u2019un poisson rouge<br \/>\nLa voiture est l\u00e0<br \/>\nL\u00e0-bas, au bout de ma longue vue<br \/>\nLabyrinthe de la lune p\u00e2le (Le)<br \/>\nLabyrinthe des soupirs (le)<br \/>\nLacet de cuir (le)<br \/>\nLafontaine-d\u00e9lire<br \/>\nLait de vache*<br \/>\nLambada \u00e0 Charleroi<br \/>\nLampe de poche<br \/>\nLandeau de la courtisane (le)<br \/>\nLangage des \u00e9tiquettes (le)<br \/>\nLangue des pompiers (la)<br \/>\nLangueur sur le Nil<br \/>\nLanterne chinoise<br \/>\nLanterne chinoise (la)<br \/>\nLanterne rouge<br \/>\nLarme gel\u00e9e (une)<br \/>\nLarme impossible \u00e0 essuyer (une)<br \/>\nLarme lib\u00e9ratrice<br \/>\nLarmes de l&#8217;Empereur (les)<br \/>\nLarmes du roi (les)<br \/>\nLauriers du laur\u00e9at (les)<br \/>\nLave-toi et marche<br \/>\nLaveuse-s\u00e9cheuse<br \/>\nLe bal masqu\u00e9<br \/>\nLe bien et le mal<br \/>\nLe bon vieux temps<br \/>\nLe bout du monde<br \/>\nLe cahier anneaux<br \/>\nLe calendrier m\u00e9canique<br \/>\nLe canot de la rivi\u00e8re sans retour<br \/>\nLe carr\u00e9 magique<br \/>\nLe casseur de brique<br \/>\nLe Centenaire de notre village<br \/>\nLe cercle polaire<br \/>\nLe championnat<br \/>\nLe chant miraculeux<br \/>\nLe chaton boiteux<br \/>\nLe chemin de l&#8217;eau<br \/>\nLe chien du voisin<br \/>\nLe cirque d\u00e9prim\u00e9<br \/>\nLe classeur<br \/>\nLe concours de beaut\u00e9<br \/>\nLe concours de menteurs<br \/>\nLe concours des d\u00e9pressifs<br \/>\nLe constructeur<br \/>\nLe cordier<br \/>\nLe coup de t\u00e9l\u00e9phone<br \/>\nLe couple de l\u2019ann\u00e9e<br \/>\nLe cours de r\u00e9cr\u00e9ation<br \/>\nLe co\u00fbt de la vie continue d\u2019augmenter<br \/>\nLe cow-boy sifflera trois fois<br \/>\nLe crabe aux pinces d\u2019or<br \/>\nLe cueilleur<br \/>\nLe Dalmatien qui n\u2019avait pas de taches<br \/>\nLe dernier argument<br \/>\nLe dernier espoir d\u2019Hector<br \/>\nLe dialogue des chaises<br \/>\nLe fant\u00f4me du futur<br \/>\nLe festival des cro\u00fbtes de Ste-Agathe-du-fond-des-bois<br \/>\nLe fil coup\u00e9<br \/>\nLe gars de l\u2019ascenseur<br \/>\nLe go\u00fbt de la mangue<br \/>\nLe grand livre des r\u00e9ponses<br \/>\nLe grand mur de brique<br \/>\nLe grand supplice<br \/>\nLe grelot au pays des pouliches<br \/>\nLe guide des connaisseurs<br \/>\nLe hockey pour \u00e2mes sensibles<br \/>\nLe hublot<br \/>\nLe jardin du bonheur<br \/>\nLe jardin secret<br \/>\nLe jardinier en hiver<br \/>\nLe jeu de croquet<br \/>\nLe journal des vieilles nouvelles<br \/>\nLe kit complet pour albinos<br \/>\nLe laboratoire de chimie<br \/>\nLe Lapin de P\u00e2ques et le P\u00e8re No\u00ebl<\/p>\n<hr \/>\n<h2>Obtenez les 5557 th\u00e8mes dans un seul fichier<\/h2>\n<p>Pour obtenir tous les th\u00e8mes d&#8217;improvisation dans un seul fichier Excel, veuillez faire parvenir un don de 2 $ \u00e0 la communaut\u00e9 Dramaction, nous vous enverrons par courriel le ficheir afin de faciliter votre vie !<br \/>\n<div class=\"woocommerce \"><div class=\"products row columns-4\">\n<div class=\"col-md-3 col-sm-6 product type-product post-3792 status-publish first instock product_cat-exercices-et-ressources has-post-thumbnail featured downloadable sold-individually shipping-taxable purchasable product-type-simple\">\n\t<div class=\"project-item margin-bottom-20\">\n\t\t\t<figure>\n\t\t\t<a href=\"https:\/\/www.dramaction.qc.ca\/fr\/produit\/5557-titre-dimprovisation-de-dramaction\/\">\n\t\t\t\t<img decoding=\"async\" width=\"200\" height=\"200\" src=\"https:\/\/www.dramaction.qc.ca\/fr\/wp-content\/uploads\/2016\/12\/AdobeStock_56203799-200x200.jpeg\" class=\"attachment-woocommerce_thumbnail size-woocommerce_thumbnail\" alt=\"5557 titres d&#039;improvisation de Dramaction\" srcset=\"https:\/\/www.dramaction.qc.ca\/fr\/wp-content\/uploads\/2016\/12\/AdobeStock_56203799-200x200.jpeg 200w, https:\/\/www.dramaction.qc.ca\/fr\/wp-content\/uploads\/2016\/12\/AdobeStock_56203799-100x100.jpeg 100w, https:\/\/www.dramaction.qc.ca\/fr\/wp-content\/uploads\/2016\/12\/AdobeStock_56203799-150x150.jpeg 150w, https:\/\/www.dramaction.qc.ca\/fr\/wp-content\/uploads\/2016\/12\/AdobeStock_56203799-300x300.jpeg 300w, https:\/\/www.dramaction.qc.ca\/fr\/wp-content\/uploads\/2016\/12\/AdobeStock_56203799-1024x1024.jpeg 1024w\" sizes=\"(max-width: 200px) 100vw, 200px\" \/>\t\t\t<\/a>\n\t\t<\/figure>\n\t\t<div class=\"info\">\t\n\t\t\t<p class=\"product-title\">\n\t\t\t\t<a href=\"https:\/\/www.dramaction.qc.ca\/fr\/produit\/5557-titre-dimprovisation-de-dramaction\/\">\t\t\n\t\t\t\t\t5557 titres d&#8217;improvisation de Dramaction\t\t\t\t<\/a>\n\t\t\t<\/p>\n\t\t\t<div class=\"star-rating\" role=\"img\" aria-label=\"Note 5.00 sur 5\"><span style=\"width:100%\">Note <strong class=\"rating\">5.00<\/strong> sur 5<\/span><\/div>\n\t<span class=\"price\"><span class=\"woocommerce-Price-amount amount\"><bdi><span class=\"woocommerce-Price-currencySymbol\">&#36;<\/span>2.00<\/bdi><\/span><\/span>\n<a href=\"\/fr\/wp-json\/wp\/v2\/pages\/1582?add-to-cart=3792\" aria-describedby=\"woocommerce_loop_add_to_cart_link_describedby_3792\" data-quantity=\"1\" class=\"button product_type_simple add_to_cart_button ajax_add_to_cart\" data-product_id=\"3792\" data-product_sku=\"\" aria-label=\"Ajouter au panier\u00a0: &ldquo;5557 titres d&#039;improvisation de Dramaction&rdquo;\" rel=\"nofollow\" data-success_message=\"\u00ab\u00a05557 titres d&#039;improvisation de Dramaction\u00a0\u00bb a \u00e9t\u00e9 ajout\u00e9 \u00e0 votre panier\" role=\"button\">Ajouter au panier<\/a>\t<span id=\"woocommerce_loop_add_to_cart_link_describedby_3792\" class=\"screen-reader-text\">\n\t\t\t<\/span>\n\t\t\t\n\t\t<\/div>\t\n\t<\/div>\t\n<\/div>\n<\/div>\n<\/div>\n<p>Merci de contribuer au succ\u00e8s de ce site !<\/p>\n<hr \/>\n<p>Le laveur de vitres cogne toujours deux fois<br \/>\nLe mal de mer<br \/>\nLe mariage de l\u2019ing\u00e9nieur routier<br \/>\nLe m\u00e9decin et l\u2019infirmi\u00e8re<br \/>\nLe meilleur pour plus tard<br \/>\nLe m\u00e9lange de colle<br \/>\nLe m\u00e9nage \u00e0 la piscine<br \/>\nLe mois de novembre, c\u2019est trippant!<br \/>\nLe monde dans un grain de sable<br \/>\nle mouchoir ultra-doux parlant<br \/>\nLe mur de ma\u00efs<br \/>\nLe mur du silence<br \/>\nLe mus\u00e9e des c\u00e9r\u00e9ales<br \/>\nLe nain de jardin, une arme efficace<br \/>\nLe nouveau de l\u2019\u00e9quipe de ballon-volant<br \/>\nLe nouveau divan<br \/>\nLe nouveau programme<br \/>\nLe nouveau Roi des rats<br \/>\nLe p\u00e9pin<br \/>\nLe plan \u00ab Chapeau blanc \u00bb<br \/>\nLe plus gros pou du monde<br \/>\nLe postier perdu<br \/>\nLe poussin poilu<br \/>\nLe pr\u00e9-Big Bang<br \/>\nLe premier gel<br \/>\nLe psy a besoin d\u2019un psy<br \/>\nLe pupitre de mon enfance<br \/>\nLe questionnaire<br \/>\nLe raccourci<br \/>\nLe ramasse-boulette<br \/>\nLe r\u00e9parateur de coupe-ongles<br \/>\nLe respect de la tradition<br \/>\nLe retour du z\u00e9ro<br \/>\nLe r\u00e9veille-matin diabolique<br \/>\nLe robot anti-cambrioleur<br \/>\nLe roi de la montagne<br \/>\nLe roi des singes<br \/>\nLe -roues \u00e9cologique<br \/>\nLe sac du concierge<br \/>\nLe sapin rose \u00ab nanane \u00bb<br \/>\nLe savon \u00e0 narines<br \/>\nLe savon qui ne glissait pas<br \/>\nLe secret le mieux gard\u00e9 du village<br \/>\nLe siffleur qui ne savait pas siffler<br \/>\nLe soleil brille pour toi<br \/>\nLe soleil se l\u00e8ve sur Hong-Kong<br \/>\nLe sondage public<br \/>\nLe souper de mon ami<br \/>\nLe sourd, l\u2019aveugle et la pomme de terre<br \/>\nLe tabouret de Joseph<br \/>\nLe temps c\u2019est invisible<br \/>\nLe tour du monde en camion<br \/>\nLe train du nord<br \/>\nLe troisi\u00e8me oeil<br \/>\nLe tr\u00f4ne de Cl\u00e9op\u00e2tre<br \/>\nLe trou sans fond<br \/>\nLe trousseau de cl\u00e9<br \/>\nLe vendeur de sous-marins<br \/>\nLe vieux barbu<br \/>\nLe vieux monsieur schizophr\u00e8ne<br \/>\nLe visage du sphinx<br \/>\nLe vol<br \/>\nLe voleur vol\u00e9<br \/>\nLe\u00a0 d\u00e9cembre n\u2019existe plus<br \/>\nLeaders du monde libre (les)<br \/>\nLe\u00e7on \u00e0 m\u00e9diter (une)<br \/>\nLe\u00e7on d&#8217;histoire naturelle*<br \/>\nLecture pour chat<br \/>\nL\u00e9gende du bonimenteur (la)<br \/>\nL\u00e9gende du Cazatchok (la)<br \/>\nL\u00e9gende prol\u00e9taire<br \/>\nLendemain (le)*<br \/>\nLendemain de la veille (le)<br \/>\nLendemains de l&#8217;histoire (les)<br \/>\nLendemains de l&#8217;utopie (les)<br \/>\nLequel des deux ?<br \/>\nLes arbres parlent<br \/>\nLes baisers qui font pop<br \/>\nLes ballounes<br \/>\nLes beaux jours<br \/>\nLes b\u00e9gonias sont en fleurs<br \/>\nLes bienfaits de l\u2019informatique<br \/>\nLes bigoudis de tante Lily<br \/>\nLes bonbons ensorcel\u00e9s<br \/>\nLes bruits du soir<br \/>\nLes bulles<br \/>\nLes chameaux d\u00e9m\u00e9nagent<br \/>\nLes champs de coquelicots fleurissent au printemps<br \/>\nLes cons\u00e9quences du r\u00e9chauffement de la plan\u00e8te<br \/>\nLes copains du mardi soir<br \/>\nLes cravates en folie<br \/>\nLes criquets contre-attaquent<br \/>\nLes d\u00e9boires d\u2019une coccinelle<br \/>\nLes \u00e9clairs<br \/>\nLes effets d\u2019une piq\u00fbre<br \/>\nLes exploits de Super-Hamster<br \/>\nLes jeux olympiques de nuit<br \/>\nLes lignes jaunes<br \/>\nLes lunettes magiques<br \/>\nLes mille et un usages de l\u2019eau<br \/>\nLes motifs imprim\u00e9s sur le tapis<br \/>\nLes myst\u00e8res de la couture<br \/>\nLes myst\u00e8res de la ville<br \/>\nLes nouvelles am\u00e9lior\u00e9es<br \/>\nLes papiers multicolores<br \/>\nLes petits pois sauteurs<br \/>\nLes pirates retrait\u00e9s<br \/>\nLes poils de chameau<br \/>\nLes pouvoirs de l\u2019\u00eele<br \/>\nLes quatre forces de la nature<br \/>\nLes rouages d\u2019une campagne anti-tabac<br \/>\nLes sales dessous de la politique municipale<br \/>\nLes secrets de la machine \u00e0 caf\u00e9<br \/>\nLes souris sont dans le divan<br \/>\nLes supercarottes<br \/>\nLes syndromes de la vache folle<br \/>\nLes tableaux de ma grand-m\u00e8re<br \/>\nLes traditions de chez nous<br \/>\nLes vendus<br \/>\nLes yeux bleus des rats d\u2019Australie<br \/>\nLessive c\u00e9leste<br \/>\nLettre \u00e0 ma m\u00e8re<br \/>\nLettre anonyme<br \/>\nLettre aux hommes<br \/>\nLettres majuscules (en)<br \/>\nLettres rescap\u00e9es<br \/>\nL\u00e8vres merveilles (les)<br \/>\nLexique de vent de roc et d&#8217;eau<br \/>\nLiaison bien particuli\u00e8re (une)<br \/>\nLiaison externe<br \/>\nLibertine en qu\u00eate de libert\u00e9<br \/>\nLibre arbitre<br \/>\nLiens affectifs<br \/>\nLiens internet dangereux<br \/>\nLieu de cr\u00e9ation<br \/>\nLigne ouverte<br \/>\nLigne verte (la)<br \/>\nLigue des Vengeurs de Trottoirs<br \/>\nLiquidation totale*<br \/>\nLire pages huit et neuf<br \/>\nLivraison \u00e0 domicile\u00b0<br \/>\nLivraison fortuite<br \/>\nLivre de la honte(le)<br \/>\nLivre du vieux cur\u00e9 (le)<br \/>\nLivre noir (le)<br \/>\nLivres fous (les)<br \/>\nLivreur de g\u00e2teaux (le)*<br \/>\nLocation est ouverte (la)<br \/>\nLoge royale (la)<br \/>\nLoi du milieu (la)<br \/>\nLoi du plus laid (la)<br \/>\nLoi du progr\u00e8s (la)*<br \/>\nLoi du silence (La)<br \/>\nLoi vieille de cent quatorze ans (une)<br \/>\nLoin des oeufs, loin du beurre<br \/>\nLoin des yeux, loin du coeur<br \/>\nLongue distance<br \/>\nLongue marche (une)<br \/>\nLoup et le chameau (le)<br \/>\nLumi\u00e8re fut (et)<br \/>\nLumi\u00e8re verte \u00e9clairait sinistrement son corps f\u00e9lin (une)<br \/>\nLumi\u00e8res de Flandres<br \/>\nLune de miel<br \/>\nLune rousse<br \/>\nLunettes noires pour nuits blanches<br \/>\nLunettes sp\u00e9ciales<br \/>\nLutte acharn\u00e9e<br \/>\nLutte de la fourmi (la)<br \/>\nLutte fait rage (La)<br \/>\nLutteurs de foire sobres et efficaces<\/p>\n","protected":false},"excerpt":{"rendered":"<p>L&#8217;ultime banque de th\u00e8mes !!! D\u00e9couvrez dans ces pages une liste tr\u00e8s compl\u00e8te de th\u00e8mes d&#8217;improvisation ! \u00c0 utiliser sans retenue !!! NAVIGATION : A | B | C | D | E | F | G | H | I | J | K | L | M | N | O | P [&hellip;]<\/p>\n","protected":false},"author":22,"featured_media":0,"parent":422,"menu_order":427,"comment_status":"open","ping_status":"open","template":"","meta":{"footnotes":""},"class_list":["post-1582","page","type-page","status-publish","hentry"],"jetpack_sharing_enabled":true,"_links":{"self":[{"href":"https:\/\/www.dramaction.qc.ca\/fr\/wp-json\/wp\/v2\/pages\/1582","targetHints":{"allow":["GET"]}}],"collection":[{"href":"https:\/\/www.dramaction.qc.ca\/fr\/wp-json\/wp\/v2\/pages"}],"about":[{"href":"https:\/\/www.dramaction.qc.ca\/fr\/wp-json\/wp\/v2\/types\/page"}],"author":[{"embeddable":true,"href":"https:\/\/www.dramaction.qc.ca\/fr\/wp-json\/wp\/v2\/users\/22"}],"replies":[{"embeddable":true,"href":"https:\/\/www.dramaction.qc.ca\/fr\/wp-json\/wp\/v2\/comments?post=1582"}],"version-history":[{"count":0,"href":"https:\/\/www.dramaction.qc.ca\/fr\/wp-json\/wp\/v2\/pages\/1582\/revisions"}],"up":[{"embeddable":true,"href":"https:\/\/www.dramaction.qc.ca\/fr\/wp-json\/wp\/v2\/pages\/422"}],"wp:attachment":[{"href":"https:\/\/www.dramaction.qc.ca\/fr\/wp-json\/wp\/v2\/media?parent=1582"}],"curies":[{"name":"wp","href":"https:\/\/api.w.org\/{rel}","templated":true}]}}