{"id":1576,"date":"2011-01-07T13:45:20","date_gmt":"2011-01-07T18:45:20","guid":{"rendered":"http:\/\/www.dramaction.qc.ca\/fr\/"},"modified":"2020-09-23T16:09:10","modified_gmt":"2020-09-23T20:09:10","slug":"i","status":"publish","type":"page","link":"https:\/\/www.dramaction.qc.ca\/fr\/improvisation\/themes-dimprovisation\/i\/","title":{"rendered":"i"},"content":{"rendered":"<h2>L&#8217;ultime banque de th\u00e8mes !!!<\/h2>\n<p>D\u00e9couvrez dans ces pages une liste tr\u00e8s compl\u00e8te de th\u00e8mes d&#8217;improvisation ! \u00c0 utiliser sans retenue !!!<\/p>\n<p><strong>NAVIGATION :<\/strong><\/p>\n<p><a href=\"http:\/\/www.dramaction.qc.ca\/fr\/improvisation\/themes-dimprovisation\/a\/\">A<\/a> | <a href=\"http:\/\/www.dramaction.qc.ca\/fr\/improvisation\/themes-dimprovisation\/b\/\">B<\/a> | <a href=\"http:\/\/www.dramaction.qc.ca\/fr\/improvisation\/themes-dimprovisation\/c\/\">C<\/a> | <a href=\"http:\/\/www.dramaction.qc.ca\/fr\/improvisation\/themes-dimprovisation\/d\/\">D<\/a> | <a href=\"http:\/\/www.dramaction.qc.ca\/fr\/improvisation\/themes-dimprovisation\/e\/\">E<\/a> | <a href=\"http:\/\/www.dramaction.qc.ca\/fr\/improvisation\/themes-dimprovisation\/f\/\">F<\/a> | <a href=\"http:\/\/www.dramaction.qc.ca\/fr\/improvisation\/themes-dimprovisation\/g\/\">G<\/a> | <a href=\"http:\/\/www.dramaction.qc.ca\/fr\/improvisation\/themes-dimprovisation\/h\/\">H<\/a> | <a href=\"http:\/\/www.dramaction.qc.ca\/fr\/improvisation\/themes-dimprovisation\/i\/\">I<\/a> | <a href=\"http:\/\/www.dramaction.qc.ca\/fr\/improvisation\/themes-dimprovisation\/j\/\">J<\/a> | <a href=\"http:\/\/www.dramaction.qc.ca\/fr\/improvisation\/themes-dimprovisation\/k\/\">K<\/a> | <a href=\"http:\/\/www.dramaction.qc.ca\/fr\/improvisation\/themes-dimprovisation\/l\/\">L<\/a> | <a href=\"http:\/\/www.dramaction.qc.ca\/fr\/improvisation\/themes-dimprovisation\/m\/\">M<\/a> | <a href=\"http:\/\/www.dramaction.qc.ca\/fr\/improvisation\/themes-dimprovisation\/n\/\">N<\/a> | <a href=\"http:\/\/www.dramaction.qc.ca\/fr\/improvisation\/themes-dimprovisation\/o\/\">O<\/a> | <a href=\"http:\/\/www.dramaction.qc.ca\/fr\/improvisation\/themes-dimprovisation\/p\/\">P<\/a> | <a href=\"http:\/\/www.dramaction.qc.ca\/fr\/improvisation\/themes-dimprovisation\/q\/\">Q<\/a> | <a href=\"http:\/\/www.dramaction.qc.ca\/fr\/improvisation\/themes-dimprovisation\/r\/\">R<\/a> | <a href=\"http:\/\/www.dramaction.qc.ca\/fr\/improvisation\/themes-dimprovisation\/s\/\">S<\/a> | <a href=\"http:\/\/www.dramaction.qc.ca\/fr\/improvisation\/themes-dimprovisation\/t\/\">T<\/a> | <a href=\"http:\/\/www.dramaction.qc.ca\/fr\/improvisation\/themes-dimprovisation\/u\/\">U<\/a> | <a href=\"http:\/\/www.dramaction.qc.ca\/fr\/improvisation\/themes-dimprovisation\/v\/\">V<\/a> | <a href=\"http:\/\/www.dramaction.qc.ca\/fr\/improvisation\/themes-dimprovisation\/w\/\">W<\/a> | <a href=\"http:\/\/www.dramaction.qc.ca\/fr\/improvisation\/themes-dimprovisation\/x\/\">X<\/a> | <a href=\"http:\/\/www.dramaction.qc.ca\/fr\/improvisation\/themes-dimprovisation\/y\/\">Y<\/a> | <a href=\"http:\/\/www.dramaction.qc.ca\/fr\/improvisation\/themes-dimprovisation\/z\/\">Z<\/a><\/p>\n<hr \/>\n<p>IBM contre McIntosh<br \/>\nIci nous recyclons tout!<br \/>\nIci, c&#8217;est la crise du logement<br \/>\nId\u00e9e lui est venue d&#8217;un coup (l&#8217;)<br \/>\nId\u00e9es en b\u00e9ton (des)<br \/>\nIdole de jeunesse*<br \/>\nIdole des vieux (l&#8217;)<br \/>\nIdylle alpestre<br \/>\nIl avait les pieds plats<br \/>\nIl cherche quelque chose qui le fera devenir quelqu&#8217;un<br \/>\nIl en faudrait encore<br \/>\nIl est finalement parti<br \/>\nIl est n\u00e9 le divin enfant<br \/>\nIl est peut-\u00eatre mignon<br \/>\nIl est venu le temps du carnaval<br \/>\nIl \u00e9tait deux fois<br \/>\nIl \u00e9tait grand, bien s\u00fbr<br \/>\nIl \u00e9tait minuit moins cinq<br \/>\nIl \u00e9tait mon idole<br \/>\nIl \u00e9tait peintre&#8230;<br \/>\nIl \u00e9tait une fois les rides<br \/>\nIl existe, je l&#8217;ai rencontr\u00e9<br \/>\nIl fait trop calme<br \/>\nIl faudra attendre la mar\u00e9e basse<br \/>\nIl faudra s\u2019en contenter<br \/>\nIl faut changer de secr\u00e9taire<br \/>\nIl faut croire au p\u00e8re no\u00ebl<br \/>\nIl faut faire rire Juliette<br \/>\nIl faut qu&#8217;il soit d&#8217;\u00e9querre !<br \/>\nIl faut sauver les apparences<br \/>\nIl faut vivre dangereusement<br \/>\nIl m\u2019\u00e9nerve, lui!<br \/>\nIl me vient une envie<br \/>\nIl n\u2019y en aura pas assez pour tout le monde<br \/>\nIl ne pleuvait m\u00eame pas<br \/>\nIl ne rentre pas ce soir<br \/>\nIl n&#8217;y a pas d&#8217;\u00e2ge pour les b\u00eatises<br \/>\nIl pleut depuis des mois<br \/>\nIl pleut il mouille, c\u2019est la f\u00eate \u00e0 la grenouille<br \/>\nIl pleuvait ce soir-l\u00e0<br \/>\nIl sait seulement qu&#8217;il m&#8217;aime<br \/>\nIl suffira d&#8217;un signe<br \/>\nIl suffisait d&#8217;y penser<br \/>\nIl y a comme une brise<br \/>\nIl y a de grands voyages&#8230;<br \/>\nIl y a des signes qui ne trompent pas<br \/>\nIl y a un fou dans la chemin\u00e9e<br \/>\nIle au coeur (une)<br \/>\nIle de la d\u00e9sunion (L&#8217;)<br \/>\nIle des bienheureux (l&#8217;)<br \/>\nIle des hommes perdus (l&#8217;)<br \/>\nIle suspendue (l&#8217;)<br \/>\nIle suspendue (l&#8217;)<br \/>\nIllettr\u00e9 (l&#8217;)<br \/>\nIllusion de pouvoir<br \/>\nIllusion f\u00e9minine<br \/>\nIllusioniste<br \/>\nIls ne savaient se parler<br \/>\nIls reviennent<br \/>\nImage et voix du sud<br \/>\nImitation de vitesse<br \/>\nImmigr\u00e9s n&#8217;iront plus au bois (les)<br \/>\nImmobilis\u00e9 aux douanes<br \/>\nImpitoyable neuroleptique (un)<br \/>\nImplacable logique flan (l&#8217;)<br \/>\nImportance des d\u00e9tails (de l&#8217;)<br \/>\nImportant, c&#8217;est de voir gris (l&#8217;)<br \/>\nImportant, c&#8217;est d&#8217;y croire (l&#8217;)<br \/>\nImpossible de s&#8217;en passer<br \/>\nImpossible de trouver un stationnement<br \/>\nImpossible dialogue<br \/>\nImposture \u00e0 Wounded Kneck<br \/>\nImpression<br \/>\nImpressions am\u00e9ricaines<br \/>\nImpr\u00e9vu<br \/>\nImpro avec un porte-voix<br \/>\nImprovisation<br \/>\nImprovisation avec un drap noir<br \/>\nImprovisation avec une b\u00e9quille<br \/>\nImprovisation mixte<br \/>\nImprudentes<br \/>\nIn extr\u00e9mis<br \/>\nIn m\u00e9moriam<br \/>\nIncendie dans le grille pain<br \/>\nIncomp\u00e9tence syst\u00e9matique<br \/>\nInconnue allemande (l&#8217;)<br \/>\nInconscient de la m\u00e9nag\u00e8re (l&#8217;)<br \/>\nIncroyable aventure de Yable Ravin (l&#8217;)<br \/>\nIncroyable docteur habibi (l&#8217;)*<br \/>\nIncroyable \u00e9pop\u00e9e de Jo (l&#8217;)<br \/>\nInd\u00e9cences<br \/>\nInd\u00e9licatesse<br \/>\nIndice de pollution<br \/>\nIndice de protection num\u00e9ro 10<br \/>\nIndiens aux semelles de vent (des)<br \/>\nIndiens contraires<br \/>\nIndiff\u00e9rence r\u00e9ciproque<br \/>\nIndiscr\u00e9tion<br \/>\nIndispensable<br \/>\nIndivision<br \/>\nInfernal partage du quotidien (un)<br \/>\nInfiltration<br \/>\nInfinie galaxie<br \/>\nInfo ou intox<br \/>\nInimitables<br \/>\nInitiation au trap\u00e8ze<br \/>\nInitiative<br \/>\nInjuste et scandaleux<br \/>\nInsaisissable (l&#8217;)<br \/>\nIns\u00e9parables (les)<br \/>\nInsoutenable<br \/>\nInspecteur m\u00e8ne l&#8217;enqu\u00eate (l&#8217;)<br \/>\nInspection des ruines<br \/>\nInspection vigoureuse<br \/>\nInspiration me poursuit (l&#8217;)<br \/>\nInstance de d\u00e9m\u00e9nagement (en)<br \/>\nInstant de recueillement<br \/>\nInstant sacr\u00e9 (un)<br \/>\nInstar de Machiavel (\u00e0 l&#8217;)*<br \/>\nInstitut technique du gruy\u00e8re (l&#8217;)*<br \/>\nInstitution (l&#8217;)<br \/>\nInsulte pour le regard<br \/>\nIntense vertige<br \/>\nInterdiction de fumer<br \/>\nInterdiction de marcher sur le trottoir<br \/>\nInterdit en dessous de la ceinture<br \/>\nInt\u00e9rimaire<br \/>\nInterlude<br \/>\nInterrogatoire<br \/>\nInterroger, s&#8217;informer, comprendre&#8230; (s&#8217;)<br \/>\nIntervention qualifi\u00e9e*<br \/>\nInterview avec Dieu<br \/>\nInterview posthume*<br \/>\nIntimidation<br \/>\nIntrigue et soupe \u00e0 l&#8217;oignon<br \/>\nIntrigues et soupe \u00e0 l&#8217;oignon<br \/>\nIntrouvable<br \/>\nInvasion<br \/>\nInvente-moi du temps<br \/>\nInventions et autres machines \u00e0 rire<br \/>\nInvestissement dans un ascenseur<br \/>\nInvestissement rentable<br \/>\nInvitation (l&#8217;)*<br \/>\nInvitation au pays (l&#8217;)<br \/>\nInvit\u00e9 surprise (l&#8217;)<br \/>\nInvit\u00e9e mysr\u00e8re (l&#8217;)<br \/>\nIra, ira pas<br \/>\nIrma, Diseuse de bonne aventure<br \/>\nIronie du sport (l&#8217;)<br \/>\nIrr\u00e9sistible attraction<br \/>\nIrresponsabilit\u00e9 collective<br \/>\nItalian dream part gagnant<br \/>\nItin\u00e9raire d&#8217;un autodidacte<\/p>\n","protected":false},"excerpt":{"rendered":"<p>L&#8217;ultime banque de th\u00e8mes !!! D\u00e9couvrez dans ces pages une liste tr\u00e8s compl\u00e8te de th\u00e8mes d&#8217;improvisation ! \u00c0 utiliser sans retenue !!! NAVIGATION : A | B | C | D | E | F | G | H | I | J | K | L | M | N | O | P [&hellip;]<\/p>\n","protected":false},"author":22,"featured_media":0,"parent":422,"menu_order":424,"comment_status":"open","ping_status":"open","template":"","meta":{"footnotes":""},"class_list":["post-1576","page","type-page","status-publish","hentry"],"jetpack_sharing_enabled":true,"_links":{"self":[{"href":"https:\/\/www.dramaction.qc.ca\/fr\/wp-json\/wp\/v2\/pages\/1576","targetHints":{"allow":["GET"]}}],"collection":[{"href":"https:\/\/www.dramaction.qc.ca\/fr\/wp-json\/wp\/v2\/pages"}],"about":[{"href":"https:\/\/www.dramaction.qc.ca\/fr\/wp-json\/wp\/v2\/types\/page"}],"author":[{"embeddable":true,"href":"https:\/\/www.dramaction.qc.ca\/fr\/wp-json\/wp\/v2\/users\/22"}],"replies":[{"embeddable":true,"href":"https:\/\/www.dramaction.qc.ca\/fr\/wp-json\/wp\/v2\/comments?post=1576"}],"version-history":[{"count":1,"href":"https:\/\/www.dramaction.qc.ca\/fr\/wp-json\/wp\/v2\/pages\/1576\/revisions"}],"predecessor-version":[{"id":7552,"href":"https:\/\/www.dramaction.qc.ca\/fr\/wp-json\/wp\/v2\/pages\/1576\/revisions\/7552"}],"up":[{"embeddable":true,"href":"https:\/\/www.dramaction.qc.ca\/fr\/wp-json\/wp\/v2\/pages\/422"}],"wp:attachment":[{"href":"https:\/\/www.dramaction.qc.ca\/fr\/wp-json\/wp\/v2\/media?parent=1576"}],"curies":[{"name":"wp","href":"https:\/\/api.w.org\/{rel}","templated":true}]}}