{"id":1574,"date":"2011-01-07T13:44:42","date_gmt":"2011-01-07T18:44:42","guid":{"rendered":"http:\/\/www.dramaction.qc.ca\/fr\/"},"modified":"2017-02-01T08:13:36","modified_gmt":"2017-02-01T13:13:36","slug":"h","status":"publish","type":"page","link":"https:\/\/www.dramaction.qc.ca\/fr\/improvisation\/themes-dimprovisation\/h\/","title":{"rendered":"h"},"content":{"rendered":"<h2>L&#8217;ultime banque de th\u00e8mes !!!<\/h2>\n<p>D\u00e9couvrez dans ces pages une liste tr\u00e8s compl\u00e8te de th\u00e8mes d&#8217;improvisation ! \u00c0 utiliser sans retenue !!!<\/p>\n<p><strong>NAVIGATION :<\/strong><\/p>\n<p><a href=\"http:\/\/www.dramaction.qc.ca\/fr\/improvisation\/themes-dimprovisation\/a\/\">A<\/a> | <a href=\"http:\/\/www.dramaction.qc.ca\/fr\/improvisation\/themes-dimprovisation\/b\/\">B<\/a> | <a href=\"http:\/\/www.dramaction.qc.ca\/fr\/improvisation\/themes-dimprovisation\/c\/\">C<\/a> | <a href=\"http:\/\/www.dramaction.qc.ca\/fr\/improvisation\/themes-dimprovisation\/d\/\">D<\/a> | <a href=\"http:\/\/www.dramaction.qc.ca\/fr\/improvisation\/themes-dimprovisation\/e\/\">E<\/a> | <a href=\"http:\/\/www.dramaction.qc.ca\/fr\/improvisation\/themes-dimprovisation\/f\/\">F<\/a> | <a href=\"http:\/\/www.dramaction.qc.ca\/fr\/improvisation\/themes-dimprovisation\/g\/\">G<\/a> | <a href=\"http:\/\/www.dramaction.qc.ca\/fr\/improvisation\/themes-dimprovisation\/h\/\">H<\/a> | <a href=\"http:\/\/www.dramaction.qc.ca\/fr\/improvisation\/themes-dimprovisation\/i\/\">I<\/a> | <a href=\"http:\/\/www.dramaction.qc.ca\/fr\/improvisation\/themes-dimprovisation\/j\/\">J<\/a> | <a href=\"http:\/\/www.dramaction.qc.ca\/fr\/improvisation\/themes-dimprovisation\/k\/\">K<\/a> | <a href=\"http:\/\/www.dramaction.qc.ca\/fr\/improvisation\/themes-dimprovisation\/l\/\">L<\/a> | <a href=\"http:\/\/www.dramaction.qc.ca\/fr\/improvisation\/themes-dimprovisation\/m\/\">M<\/a> | <a href=\"http:\/\/www.dramaction.qc.ca\/fr\/improvisation\/themes-dimprovisation\/n\/\">N<\/a> | <a href=\"http:\/\/www.dramaction.qc.ca\/fr\/improvisation\/themes-dimprovisation\/o\/\">O<\/a> | <a href=\"http:\/\/www.dramaction.qc.ca\/fr\/improvisation\/themes-dimprovisation\/p\/\">P<\/a> | <a href=\"http:\/\/www.dramaction.qc.ca\/fr\/improvisation\/themes-dimprovisation\/q\/\">Q<\/a> | <a href=\"http:\/\/www.dramaction.qc.ca\/fr\/improvisation\/themes-dimprovisation\/r\/\">R<\/a> | <a href=\"http:\/\/www.dramaction.qc.ca\/fr\/improvisation\/themes-dimprovisation\/s\/\">S<\/a> | <a href=\"http:\/\/www.dramaction.qc.ca\/fr\/improvisation\/themes-dimprovisation\/t\/\">T<\/a> | <a href=\"http:\/\/www.dramaction.qc.ca\/fr\/improvisation\/themes-dimprovisation\/u\/\">U<\/a> | <a href=\"http:\/\/www.dramaction.qc.ca\/fr\/improvisation\/themes-dimprovisation\/v\/\">V<\/a> | <a href=\"http:\/\/www.dramaction.qc.ca\/fr\/improvisation\/themes-dimprovisation\/w\/\">W<\/a> | <a href=\"http:\/\/www.dramaction.qc.ca\/fr\/improvisation\/themes-dimprovisation\/x\/\">X<\/a> | <a href=\"http:\/\/www.dramaction.qc.ca\/fr\/improvisation\/themes-dimprovisation\/y\/\">Y<\/a> | <a href=\"http:\/\/www.dramaction.qc.ca\/fr\/improvisation\/themes-dimprovisation\/z\/\">Z<\/a><\/p>\n<hr \/>\n<p>Habitudes de c\u00e9libataire<br \/>\nHallucin\u00e9s de la voie oblique (les)<br \/>\nHambourgeois au chocolat<br \/>\nHandicap socio culturel<br \/>\nHant\u00e9 par des f\u00e9es d\u00e9fonc\u00e9es<br \/>\nHantise de la routine (la)<br \/>\nHantise \u00e9ternelle<br \/>\nHara-Kiri<br \/>\nHarass\u00e9 par un long voyage*<br \/>\nHarc\u00e8lements<br \/>\nHareng sort (le)<br \/>\nHarmonie<br \/>\nHarmonie des coeurs<br \/>\nHarpe ensorcel\u00e9e (la)<br \/>\nHarpe ensorcel\u00e9e (la)*<br \/>\nHasard ou co\u00efncidence ?<br \/>\nHaut et court<br \/>\nHaut les mains<br \/>\nHaut, tr\u00e8s haut sur un trap\u00e8ze (la)<br \/>\nHaute tension<br \/>\nHerbe mauve dans mon pr\u00e9 (de l&#8217;)<br \/>\nH\u00e9ritage surprenant (un)<br \/>\nH\u00e9ritage surprenant (un)<br \/>\nH\u00e9ro d&#8217;un jour, chomeur pour toujours<br \/>\nH\u00e9ros (mon)*<br \/>\nH\u00e9ros de mon enfance<br \/>\nH\u00e9ros du sud*<br \/>\nH\u00e9ros du troisi\u00e8me mill\u00e9naire<br \/>\nH\u00e9ros fin de parcours<br \/>\nH\u00e9sitations divines<br \/>\nHeure de la m\u00e9fiance (l&#8217;)<br \/>\nHeure de pointe au village fant\u00f4me<br \/>\nHeure de route (une)<br \/>\nHeure des aveux (l&#8217;)<br \/>\nHeure des bilans (l&#8217;)<br \/>\nHeure du choix (l&#8217;)<br \/>\nHeure du choix (l&#8217;)<br \/>\nHeure du th\u00e9 chez Madame Smith \u00e0 Bombay (l&#8217;)<br \/>\nHeures de pointe (les)<br \/>\nHeures exquises<br \/>\nHeureusement j&#8217;\u00e9tais l\u00e0, comme d&#8217;habitude<br \/>\nHi\u00e9rarchie<br \/>\nHisoire de Jacques (l&#8217;)<br \/>\nHistoire d\u2019amour sur l\u2019autoroute<br \/>\nHistoire de briser la glace<br \/>\nHistoire de go\u00fbt<br \/>\nHistoire de l&#8217;oncle Fernand<br \/>\nHistoire de mur<br \/>\nHistoire de parall\u00e9lisme<br \/>\nHistoire de parapluie<br \/>\nHistoire de pierres<br \/>\nHistoire d&#8217;errance<br \/>\nHistoire du gage oubli\u00e9<br \/>\nHistoire du gant (l&#8217;)<br \/>\nHistoire d&#8217;un fourgon et d&#8217;une fourgonnette<br \/>\nHistoire d&#8217;un retour<br \/>\nHistoire eternelle de l&#8217;utopie<br \/>\nHistoire ordinaire<br \/>\nHistoire sans fin<br \/>\nHistoire sans h\u00e9ros<br \/>\nHistoire triste mais fausse (une)<br \/>\nHistoires d&#8217;eau (Des)<br \/>\nHiver breughelien<br \/>\nHiver de toutes les surprises (l&#8217;)<br \/>\nHiver plein de frissons (un)<br \/>\nHiver tardif<br \/>\nHo ho ho, le P\u00e8re No\u00ebl s\u2019est tromp\u00e9 de date<br \/>\nHo il diritto di saperlo\u00b0<br \/>\nHollywood, j\u2019arrive!<br \/>\nHomicide par chien<br \/>\nHommage au grand Schtroumpf<br \/>\nHommage d&#8217;un fils libre<br \/>\nHomme \u00e0 domicile (un)<br \/>\nHomme \u00e0 la chemise (l&#8217;)<br \/>\nHomme \u00e0 terre (un)<br \/>\nHomme de l&#8217;ombre&#8230; (un)<br \/>\nHomme de velours (l&#8217;)*<br \/>\nHomme des tavernes (l&#8217;)<br \/>\nHomme du grand \u00e9cart (l&#8217;)<br \/>\nHomme en loterie (un)*<br \/>\nHomme en solde<br \/>\nHomme nomm\u00e9 n\u00e9ant (un)<br \/>\nHomme passe (un)<br \/>\nHomme providenciel (l&#8217;)<br \/>\nHomme qui tirait le premier (l&#8217;)*<br \/>\nHomme sans lumi\u00e8re (l&#8217;)\u00b0<br \/>\nHomme simple (un)<br \/>\nHomme, une femme, un tire-bouchon (un)<br \/>\nHommes aussi (les)<br \/>\nHommes d\u00e9voil\u00e9s (les)<br \/>\nHommes s\u00fbrs (Des)<br \/>\nHomme-sandwich pass\u00e9 date<br \/>\nHonteuse disproportion<br \/>\nH\u00f4pital du futur (l&#8217;)<br \/>\nHoquet \u00e0 l\u2019\u00e9glise<br \/>\nHorloge du grand-p\u00e8re (l&#8217;)<br \/>\nHorloge du temps qui ne p\u00e2sse pas (l&#8217;)<br \/>\nHorrible fiction (une)<br \/>\nHorrible m\u00e9prise<br \/>\nHors connexion<br \/>\nHors saison<br \/>\nHors service<br \/>\nH\u00f4tel de glace (l&#8217;)<br \/>\nH\u00f4tel des amours rat\u00e9es (l&#8217;)<br \/>\nHuile de patates frites<br \/>\nHuiti\u00e8me merveille du monde (la)<br \/>\nHumeurs crois\u00e9es<br \/>\nHumour piqu\u00e9 d&#8217;amour<br \/>\nHumour salutaire (un)<br \/>\nHumour t\u00e9l\u00e9phon\u00e9<br \/>\nHymne au bonheur<br \/>\nHymne national<\/p>\n<hr \/>\n<h2>Obtenez les 5557 th\u00e8mes dans un seul fichier<\/h2>\n<p>Pour obtenir tous les th\u00e8mes d&#8217;improvisation dans un seul fichier Excel, veuillez faire parvenir un don de 2 $ \u00e0 la communaut\u00e9 Dramaction, nous vous enverrons par courriel le ficheir afin de faciliter votre vie !<br \/>\n<div class=\"woocommerce \"><div class=\"products row columns-4\">\n<div class=\"col-md-3 col-sm-6 product type-product post-3792 status-publish first instock product_cat-exercices-et-ressources has-post-thumbnail featured downloadable sold-individually shipping-taxable purchasable product-type-simple\">\n\t<div class=\"project-item margin-bottom-20\">\n\t\t\t<figure>\n\t\t\t<a href=\"https:\/\/www.dramaction.qc.ca\/fr\/produit\/5557-titre-dimprovisation-de-dramaction\/\">\n\t\t\t\t<img decoding=\"async\" width=\"200\" height=\"200\" src=\"https:\/\/www.dramaction.qc.ca\/fr\/wp-content\/uploads\/2016\/12\/AdobeStock_56203799-200x200.jpeg\" class=\"attachment-woocommerce_thumbnail size-woocommerce_thumbnail\" alt=\"5557 titres d&#039;improvisation de Dramaction\" srcset=\"https:\/\/www.dramaction.qc.ca\/fr\/wp-content\/uploads\/2016\/12\/AdobeStock_56203799-200x200.jpeg 200w, https:\/\/www.dramaction.qc.ca\/fr\/wp-content\/uploads\/2016\/12\/AdobeStock_56203799-100x100.jpeg 100w, https:\/\/www.dramaction.qc.ca\/fr\/wp-content\/uploads\/2016\/12\/AdobeStock_56203799-150x150.jpeg 150w, https:\/\/www.dramaction.qc.ca\/fr\/wp-content\/uploads\/2016\/12\/AdobeStock_56203799-300x300.jpeg 300w, https:\/\/www.dramaction.qc.ca\/fr\/wp-content\/uploads\/2016\/12\/AdobeStock_56203799-1024x1024.jpeg 1024w\" sizes=\"(max-width: 200px) 100vw, 200px\" \/>\t\t\t<\/a>\n\t\t<\/figure>\n\t\t<div class=\"info\">\t\n\t\t\t<p class=\"product-title\">\n\t\t\t\t<a href=\"https:\/\/www.dramaction.qc.ca\/fr\/produit\/5557-titre-dimprovisation-de-dramaction\/\">\t\t\n\t\t\t\t\t5557 titres d&#8217;improvisation de Dramaction\t\t\t\t<\/a>\n\t\t\t<\/p>\n\t\t\t<div class=\"star-rating\" role=\"img\" aria-label=\"Note 5.00 sur 5\"><span style=\"width:100%\">Note <strong class=\"rating\">5.00<\/strong> sur 5<\/span><\/div>\n\t<span class=\"price\"><span class=\"woocommerce-Price-amount amount\"><bdi><span class=\"woocommerce-Price-currencySymbol\">&#36;<\/span>2.00<\/bdi><\/span><\/span>\n<a href=\"\/fr\/wp-json\/wp\/v2\/pages\/1574?add-to-cart=3792\" aria-describedby=\"woocommerce_loop_add_to_cart_link_describedby_3792\" data-quantity=\"1\" class=\"button product_type_simple add_to_cart_button ajax_add_to_cart\" data-product_id=\"3792\" data-product_sku=\"\" aria-label=\"Ajouter au panier\u00a0: &ldquo;5557 titres d&#039;improvisation de Dramaction&rdquo;\" rel=\"nofollow\" data-success_message=\"\u00ab\u00a05557 titres d&#039;improvisation de Dramaction\u00a0\u00bb a \u00e9t\u00e9 ajout\u00e9 \u00e0 votre panier\" role=\"button\">Ajouter au panier<\/a>\t<span id=\"woocommerce_loop_add_to_cart_link_describedby_3792\" class=\"screen-reader-text\">\n\t\t\t<\/span>\n\t\t\t\n\t\t<\/div>\t\n\t<\/div>\t\n<\/div>\n<\/div>\n<\/div>\n<p>Merci de contribuer au succ\u00e8s de ce site !<\/p>\n<hr \/>\n","protected":false},"excerpt":{"rendered":"<p>L&#8217;ultime banque de th\u00e8mes !!! D\u00e9couvrez dans ces pages une liste tr\u00e8s compl\u00e8te de th\u00e8mes d&#8217;improvisation ! \u00c0 utiliser sans retenue !!! NAVIGATION : A | B | C | D | E | F | G | H | I | J | K | L | M | N | O | P [&hellip;]<\/p>\n","protected":false},"author":22,"featured_media":0,"parent":422,"menu_order":423,"comment_status":"open","ping_status":"open","template":"","meta":{"footnotes":""},"class_list":["post-1574","page","type-page","status-publish","hentry"],"jetpack_sharing_enabled":true,"_links":{"self":[{"href":"https:\/\/www.dramaction.qc.ca\/fr\/wp-json\/wp\/v2\/pages\/1574","targetHints":{"allow":["GET"]}}],"collection":[{"href":"https:\/\/www.dramaction.qc.ca\/fr\/wp-json\/wp\/v2\/pages"}],"about":[{"href":"https:\/\/www.dramaction.qc.ca\/fr\/wp-json\/wp\/v2\/types\/page"}],"author":[{"embeddable":true,"href":"https:\/\/www.dramaction.qc.ca\/fr\/wp-json\/wp\/v2\/users\/22"}],"replies":[{"embeddable":true,"href":"https:\/\/www.dramaction.qc.ca\/fr\/wp-json\/wp\/v2\/comments?post=1574"}],"version-history":[{"count":0,"href":"https:\/\/www.dramaction.qc.ca\/fr\/wp-json\/wp\/v2\/pages\/1574\/revisions"}],"up":[{"embeddable":true,"href":"https:\/\/www.dramaction.qc.ca\/fr\/wp-json\/wp\/v2\/pages\/422"}],"wp:attachment":[{"href":"https:\/\/www.dramaction.qc.ca\/fr\/wp-json\/wp\/v2\/media?parent=1574"}],"curies":[{"name":"wp","href":"https:\/\/api.w.org\/{rel}","templated":true}]}}