{"id":1572,"date":"2011-01-07T13:43:59","date_gmt":"2011-01-07T18:43:59","guid":{"rendered":"http:\/\/www.dramaction.qc.ca\/fr\/"},"modified":"2017-02-01T08:13:30","modified_gmt":"2017-02-01T13:13:30","slug":"g","status":"publish","type":"page","link":"https:\/\/www.dramaction.qc.ca\/fr\/improvisation\/themes-dimprovisation\/g\/","title":{"rendered":"g"},"content":{"rendered":"<h2>L&#8217;ultime banque de th\u00e8mes !!!<\/h2>\n<p>D\u00e9couvrez dans ces pages une liste tr\u00e8s compl\u00e8te de th\u00e8mes d&#8217;improvisation ! \u00c0 utiliser sans retenue !!!<\/p>\n<p><strong>NAVIGATION :<\/strong><\/p>\n<p><a href=\"http:\/\/www.dramaction.qc.ca\/fr\/improvisation\/themes-dimprovisation\/a\/\">A<\/a> | <a href=\"http:\/\/www.dramaction.qc.ca\/fr\/improvisation\/themes-dimprovisation\/b\/\">B<\/a> | <a href=\"http:\/\/www.dramaction.qc.ca\/fr\/improvisation\/themes-dimprovisation\/c\/\">C<\/a> | <a href=\"http:\/\/www.dramaction.qc.ca\/fr\/improvisation\/themes-dimprovisation\/d\/\">D<\/a> | <a href=\"http:\/\/www.dramaction.qc.ca\/fr\/improvisation\/themes-dimprovisation\/e\/\">E<\/a> | <a href=\"http:\/\/www.dramaction.qc.ca\/fr\/improvisation\/themes-dimprovisation\/f\/\">F<\/a> | <a href=\"http:\/\/www.dramaction.qc.ca\/fr\/improvisation\/themes-dimprovisation\/g\/\">G<\/a> | <a href=\"http:\/\/www.dramaction.qc.ca\/fr\/improvisation\/themes-dimprovisation\/h\/\">H<\/a> | <a href=\"http:\/\/www.dramaction.qc.ca\/fr\/improvisation\/themes-dimprovisation\/i\/\">I<\/a> | <a href=\"http:\/\/www.dramaction.qc.ca\/fr\/improvisation\/themes-dimprovisation\/j\/\">J<\/a> | <a href=\"http:\/\/www.dramaction.qc.ca\/fr\/improvisation\/themes-dimprovisation\/k\/\">K<\/a> | <a href=\"http:\/\/www.dramaction.qc.ca\/fr\/improvisation\/themes-dimprovisation\/l\/\">L<\/a> | <a href=\"http:\/\/www.dramaction.qc.ca\/fr\/improvisation\/themes-dimprovisation\/m\/\">M<\/a> | <a href=\"http:\/\/www.dramaction.qc.ca\/fr\/improvisation\/themes-dimprovisation\/n\/\">N<\/a> | <a href=\"http:\/\/www.dramaction.qc.ca\/fr\/improvisation\/themes-dimprovisation\/o\/\">O<\/a> | <a href=\"http:\/\/www.dramaction.qc.ca\/fr\/improvisation\/themes-dimprovisation\/p\/\">P<\/a> | <a href=\"http:\/\/www.dramaction.qc.ca\/fr\/improvisation\/themes-dimprovisation\/q\/\">Q<\/a> | <a href=\"http:\/\/www.dramaction.qc.ca\/fr\/improvisation\/themes-dimprovisation\/r\/\">R<\/a> | <a href=\"http:\/\/www.dramaction.qc.ca\/fr\/improvisation\/themes-dimprovisation\/s\/\">S<\/a> | <a href=\"http:\/\/www.dramaction.qc.ca\/fr\/improvisation\/themes-dimprovisation\/t\/\">T<\/a> | <a href=\"http:\/\/www.dramaction.qc.ca\/fr\/improvisation\/themes-dimprovisation\/u\/\">U<\/a> | <a href=\"http:\/\/www.dramaction.qc.ca\/fr\/improvisation\/themes-dimprovisation\/v\/\">V<\/a> | <a href=\"http:\/\/www.dramaction.qc.ca\/fr\/improvisation\/themes-dimprovisation\/w\/\">W<\/a> | <a href=\"http:\/\/www.dramaction.qc.ca\/fr\/improvisation\/themes-dimprovisation\/x\/\">X<\/a> | <a href=\"http:\/\/www.dramaction.qc.ca\/fr\/improvisation\/themes-dimprovisation\/y\/\">Y<\/a> | <a href=\"http:\/\/www.dramaction.qc.ca\/fr\/improvisation\/themes-dimprovisation\/z\/\">Z<\/a><\/p>\n<hr \/>\n<p>Gagarine en solo<br \/>\nGagn\u00e9<br \/>\nGala des maudits (le)<br \/>\nGalerie commer\u00e7ante<br \/>\nGalette des Rois (la)<br \/>\nGamine de l&#8217;impasse (La)<br \/>\nGrand cru<br \/>\nGang des gigolos (le)<br \/>\nGants contre moufles<br \/>\nGaragiste honn\u00eate<br \/>\nGarance, c&#8217;est un nom de fleur<br \/>\nGar\u00e7on ou fille, cruelle tension<br \/>\nGarde meurt mais ne se rend pas (la)<br \/>\nGarden party<br \/>\nGarderie pour parents<br \/>\nGardes du palais (les)<br \/>\nGardien (le)<br \/>\nGardien de nuit \u00e0 la poste<br \/>\nGardien des chaises<br \/>\nGardien d&#8217;\u00e9ternit\u00e9<br \/>\nGardien du matin du monde (le)<br \/>\nGare aux chauffards<br \/>\nGare aux chenilles<br \/>\nGare du Nord (la)<br \/>\nGaucher<br \/>\nGaucher de droite (le)<br \/>\nGazette cruelle (la)<br \/>\nGazouillis inhabituel (un)<br \/>\nGel<br \/>\nG\u00eane<br \/>\nG\u00e9n\u00e9ration cathodique<br \/>\nG\u00e9n\u00e9ration solitude<br \/>\nG\u00e9n\u00e9ration, G.S.M.<br \/>\nG\u00e9n\u00e9rosit\u00e9 infatigable (d&#8217;une)<br \/>\nG\u00e9nie de l\u2019hygi\u00e8ne personnelle<br \/>\nG\u00e9nie de l&#8217;\u00e9cole maternelle (le)<br \/>\nG\u00e9nie humain et barbarie<br \/>\nG\u00e9nie militaire (le)<br \/>\nGens de Forchies-les-enclumes (Les)<br \/>\nGens de l\u00e9gende (les)<br \/>\nGens du brouillard (les)<br \/>\nGens du voyage (les)<br \/>\nGens face \u00e0 face (les)<br \/>\nGens sans importance (les)<br \/>\nGens tellement sympas (des)<br \/>\nGentleman-sourcier<br \/>\nG\u00e9ographe de l\u2019infiniment petit<br \/>\nG\u00e9om\u00e9trie variable<br \/>\nG\u00e9rard, 40 ans, masseur<br \/>\nG\u00e9rard, camionneur-artiste<br \/>\nGeste majeur (un)<br \/>\nGestes qui font gagner du temps (les)<br \/>\nGestes qui sauvent<br \/>\nGestes symboliques*<br \/>\nGibier en vue<br \/>\nGiboul\u00e9e de mars<br \/>\nGirafe (la)*<br \/>\nGlissement de terrain<br \/>\nGlissement progressif vers le plaisir solitaire<br \/>\nGloire de la famille (la)<br \/>\nGnomehallucin\u00e9 (le)<br \/>\nGoal<br \/>\nGorby, Bush et moi<br \/>\nGouffre fantastique (le)<\/p>\n<hr \/>\n<h2>Obtenez les 5557 th\u00e8mes dans un seul fichier<\/h2>\n<p>Pour obtenir tous les th\u00e8mes d&#8217;improvisation dans un seul fichier Excel, veuillez faire parvenir un don de 2 $ \u00e0 la communaut\u00e9 Dramaction, nous vous enverrons par courriel le ficheir afin de faciliter votre vie !<br \/>\n<div class=\"woocommerce \"><div class=\"products row columns-4\">\n<div class=\"col-md-3 col-sm-6 product type-product post-3792 status-publish first instock product_cat-exercices-et-ressources has-post-thumbnail featured downloadable sold-individually shipping-taxable purchasable product-type-simple\">\n\t<div class=\"project-item margin-bottom-20\">\n\t\t\t<figure>\n\t\t\t<a href=\"https:\/\/www.dramaction.qc.ca\/fr\/produit\/5557-titre-dimprovisation-de-dramaction\/\">\n\t\t\t\t<img decoding=\"async\" width=\"200\" height=\"200\" src=\"https:\/\/www.dramaction.qc.ca\/fr\/wp-content\/uploads\/2016\/12\/AdobeStock_56203799-200x200.jpeg\" class=\"attachment-woocommerce_thumbnail size-woocommerce_thumbnail\" alt=\"5557 titres d&#039;improvisation de Dramaction\" srcset=\"https:\/\/www.dramaction.qc.ca\/fr\/wp-content\/uploads\/2016\/12\/AdobeStock_56203799-200x200.jpeg 200w, https:\/\/www.dramaction.qc.ca\/fr\/wp-content\/uploads\/2016\/12\/AdobeStock_56203799-100x100.jpeg 100w, https:\/\/www.dramaction.qc.ca\/fr\/wp-content\/uploads\/2016\/12\/AdobeStock_56203799-150x150.jpeg 150w, https:\/\/www.dramaction.qc.ca\/fr\/wp-content\/uploads\/2016\/12\/AdobeStock_56203799-300x300.jpeg 300w, https:\/\/www.dramaction.qc.ca\/fr\/wp-content\/uploads\/2016\/12\/AdobeStock_56203799-1024x1024.jpeg 1024w\" sizes=\"(max-width: 200px) 100vw, 200px\" \/>\t\t\t<\/a>\n\t\t<\/figure>\n\t\t<div class=\"info\">\t\n\t\t\t<p class=\"product-title\">\n\t\t\t\t<a href=\"https:\/\/www.dramaction.qc.ca\/fr\/produit\/5557-titre-dimprovisation-de-dramaction\/\">\t\t\n\t\t\t\t\t5557 titres d&#8217;improvisation de Dramaction\t\t\t\t<\/a>\n\t\t\t<\/p>\n\t\t\t<div class=\"star-rating\" role=\"img\" aria-label=\"Note 5.00 sur 5\"><span style=\"width:100%\">Note <strong class=\"rating\">5.00<\/strong> sur 5<\/span><\/div>\n\t<span class=\"price\"><span class=\"woocommerce-Price-amount amount\"><bdi><span class=\"woocommerce-Price-currencySymbol\">&#36;<\/span>2.00<\/bdi><\/span><\/span>\n<a href=\"\/fr\/wp-json\/wp\/v2\/pages\/1572?add-to-cart=3792\" aria-describedby=\"woocommerce_loop_add_to_cart_link_describedby_3792\" data-quantity=\"1\" class=\"button product_type_simple add_to_cart_button ajax_add_to_cart\" data-product_id=\"3792\" data-product_sku=\"\" aria-label=\"Ajouter au panier\u00a0: &ldquo;5557 titres d&#039;improvisation de Dramaction&rdquo;\" rel=\"nofollow\" data-success_message=\"\u00ab\u00a05557 titres d&#039;improvisation de Dramaction\u00a0\u00bb a \u00e9t\u00e9 ajout\u00e9 \u00e0 votre panier\" role=\"button\">Ajouter au panier<\/a>\t<span id=\"woocommerce_loop_add_to_cart_link_describedby_3792\" class=\"screen-reader-text\">\n\t\t\t<\/span>\n\t\t\t\n\t\t<\/div>\t\n\t<\/div>\t\n<\/div>\n<\/div>\n<\/div>\n<p>Merci de contribuer au succ\u00e8s de ce site !<\/p>\n<hr \/>\n<p>&nbsp;<\/p>\n<p>Gourmet du crime<br \/>\nGo\u00fbt certain pour la luxure (un)<br \/>\nGo\u00fbt de la fin (le)<br \/>\nGo\u00fbt de vin de flammes (un)<br \/>\nGo\u00fbt du secret (le)<br \/>\nGo\u00fbteur (le)*<br \/>\nGoutte de sang dans le sak\u00e9 (une)<br \/>\nGouvernante et l&#8217;agriculteur (la)<br \/>\nGr\u00e2ce \u00e0 elles<br \/>\nGr\u00e2ce perdue*<br \/>\nGraffitis en folie<br \/>\nGrain de tournesol (le)<br \/>\nGraine de bonheur<br \/>\nGramme pour six mille francs (un)<br \/>\nGrand canon<br \/>\nGrand combat (le)<br \/>\nGrand d\u00e9part (le)<br \/>\nGrand \u00e9cart (le)<br \/>\nGrand froid \u00e0 Miami<br \/>\nGrand lac, vertes colines<br \/>\nGrand loup retourne&#8230; (le)<br \/>\nGrand march\u00e9 (le)*<br \/>\nGrand merci (le)<br \/>\nGrand moment de civilisation (un)<br \/>\nGrand nettoyage<br \/>\nGrand nettoyage (le)<br \/>\nGrand reportage<br \/>\nGrand salon du cr\u00e9dit*<br \/>\nGrand saut (le)<br \/>\nGrand succ\u00e8s, petit malheur<br \/>\nGrand voyage (le)<br \/>\nGrande allusion (la)<br \/>\nGrande chemin\u00e9e<br \/>\nGrande classe (la)<br \/>\nGrande corv\u00e9e (la)*<br \/>\nGrande d\u00e9couverte (une)<br \/>\nGrande pompe (en)<br \/>\nGrandes occasions (les)<br \/>\nGrandeur et d\u00e9cadence de la nation<br \/>\nGrandeur nature<br \/>\nGrand-p\u00e8re, emm\u00e8ne-moi!<br \/>\nGratin savoyard<br \/>\nGratte-ciel o\u00f9 il fait bon vivre (un)<br \/>\nGratuit pour vous<br \/>\nGrav\u00e9 sur l&#8217;arbre<br \/>\nGr\u00e9 du vent (au)*<br \/>\nGreffe de la moelle osseuse<br \/>\nGrenouilles et crapauds<br \/>\nGr\u00e8ve des rois n&#8217;aura (la)<br \/>\nGriffe de feu (la)<br \/>\nGrimace qui tue (la)<br \/>\nGrimaces<br \/>\nGros c\u00e2lins<br \/>\nGros effort (un)<br \/>\nGros sac<br \/>\nGrosse connerie (une)<br \/>\nGrosses t\u00eates (les)<br \/>\nGrotte aux f\u00e9es (la)<br \/>\nGroupe d\u2019entraide<br \/>\nGroupe soud\u00e9 (un)<br \/>\nGroupuscule cannibale*<br \/>\nGruy\u00e8re connexion<br \/>\nGSM, SMS, MST<br \/>\nGuerre des classes (la)<br \/>\nGuerre des hommes, la douleur des femmes (La)<br \/>\nGuerre des trois coups*<br \/>\nGueule d&#8217;amour et pisse vinaigre<br \/>\nGueule d&#8217;ange*<br \/>\nGueule de l&#8217;emploi (La)<br \/>\nGuide du p\u00e9tard (le)<br \/>\nGuide du taulard (le)<br \/>\nGuide pratique du courage (le)<br \/>\nGymnastique du regard<\/p>\n","protected":false},"excerpt":{"rendered":"<p>L&#8217;ultime banque de th\u00e8mes !!! D\u00e9couvrez dans ces pages une liste tr\u00e8s compl\u00e8te de th\u00e8mes d&#8217;improvisation ! \u00c0 utiliser sans retenue !!! NAVIGATION : A | B | C | D | E | F | G | H | I | J | K | L | M | N | O | P [&hellip;]<\/p>\n","protected":false},"author":22,"featured_media":0,"parent":422,"menu_order":422,"comment_status":"open","ping_status":"open","template":"","meta":{"footnotes":""},"class_list":["post-1572","page","type-page","status-publish","hentry"],"jetpack_sharing_enabled":true,"_links":{"self":[{"href":"https:\/\/www.dramaction.qc.ca\/fr\/wp-json\/wp\/v2\/pages\/1572","targetHints":{"allow":["GET"]}}],"collection":[{"href":"https:\/\/www.dramaction.qc.ca\/fr\/wp-json\/wp\/v2\/pages"}],"about":[{"href":"https:\/\/www.dramaction.qc.ca\/fr\/wp-json\/wp\/v2\/types\/page"}],"author":[{"embeddable":true,"href":"https:\/\/www.dramaction.qc.ca\/fr\/wp-json\/wp\/v2\/users\/22"}],"replies":[{"embeddable":true,"href":"https:\/\/www.dramaction.qc.ca\/fr\/wp-json\/wp\/v2\/comments?post=1572"}],"version-history":[{"count":0,"href":"https:\/\/www.dramaction.qc.ca\/fr\/wp-json\/wp\/v2\/pages\/1572\/revisions"}],"up":[{"embeddable":true,"href":"https:\/\/www.dramaction.qc.ca\/fr\/wp-json\/wp\/v2\/pages\/422"}],"wp:attachment":[{"href":"https:\/\/www.dramaction.qc.ca\/fr\/wp-json\/wp\/v2\/media?parent=1572"}],"curies":[{"name":"wp","href":"https:\/\/api.w.org\/{rel}","templated":true}]}}