{"id":1570,"date":"2011-01-07T13:43:16","date_gmt":"2011-01-07T18:43:16","guid":{"rendered":"http:\/\/www.dramaction.qc.ca\/fr\/"},"modified":"2017-02-01T08:12:44","modified_gmt":"2017-02-01T13:12:44","slug":"f","status":"publish","type":"page","link":"https:\/\/www.dramaction.qc.ca\/fr\/improvisation\/themes-dimprovisation\/f\/","title":{"rendered":"f"},"content":{"rendered":"<h2>L&#8217;ultime banque de th\u00e8mes !!!<\/h2>\n<p>D\u00e9couvrez dans ces pages une liste tr\u00e8s compl\u00e8te de th\u00e8mes d&#8217;improvisation ! \u00c0 utiliser sans retenue !!!<\/p>\n<p><strong>NAVIGATION :<\/strong><\/p>\n<p><a href=\"http:\/\/www.dramaction.qc.ca\/fr\/improvisation\/themes-dimprovisation\/a\/\">A<\/a> | <a href=\"http:\/\/www.dramaction.qc.ca\/fr\/improvisation\/themes-dimprovisation\/b\/\">B<\/a> | <a href=\"http:\/\/www.dramaction.qc.ca\/fr\/improvisation\/themes-dimprovisation\/c\/\">C<\/a> | <a href=\"http:\/\/www.dramaction.qc.ca\/fr\/improvisation\/themes-dimprovisation\/d\/\">D<\/a> | <a href=\"http:\/\/www.dramaction.qc.ca\/fr\/improvisation\/themes-dimprovisation\/e\/\">E<\/a> | <a href=\"http:\/\/www.dramaction.qc.ca\/fr\/improvisation\/themes-dimprovisation\/f\/\">F<\/a> | <a href=\"http:\/\/www.dramaction.qc.ca\/fr\/improvisation\/themes-dimprovisation\/g\/\">G<\/a> | <a href=\"http:\/\/www.dramaction.qc.ca\/fr\/improvisation\/themes-dimprovisation\/h\/\">H<\/a> | <a href=\"http:\/\/www.dramaction.qc.ca\/fr\/improvisation\/themes-dimprovisation\/i\/\">I<\/a> | <a href=\"http:\/\/www.dramaction.qc.ca\/fr\/improvisation\/themes-dimprovisation\/j\/\">J<\/a> | <a href=\"http:\/\/www.dramaction.qc.ca\/fr\/improvisation\/themes-dimprovisation\/k\/\">K<\/a> | <a href=\"http:\/\/www.dramaction.qc.ca\/fr\/improvisation\/themes-dimprovisation\/l\/\">L<\/a> | <a href=\"http:\/\/www.dramaction.qc.ca\/fr\/improvisation\/themes-dimprovisation\/m\/\">M<\/a> | <a href=\"http:\/\/www.dramaction.qc.ca\/fr\/improvisation\/themes-dimprovisation\/n\/\">N<\/a> | <a href=\"http:\/\/www.dramaction.qc.ca\/fr\/improvisation\/themes-dimprovisation\/o\/\">O<\/a> | <a href=\"http:\/\/www.dramaction.qc.ca\/fr\/improvisation\/themes-dimprovisation\/p\/\">P<\/a> | <a href=\"http:\/\/www.dramaction.qc.ca\/fr\/improvisation\/themes-dimprovisation\/q\/\">Q<\/a> | <a href=\"http:\/\/www.dramaction.qc.ca\/fr\/improvisation\/themes-dimprovisation\/r\/\">R<\/a> | <a href=\"http:\/\/www.dramaction.qc.ca\/fr\/improvisation\/themes-dimprovisation\/s\/\">S<\/a> | <a href=\"http:\/\/www.dramaction.qc.ca\/fr\/improvisation\/themes-dimprovisation\/t\/\">T<\/a> | <a href=\"http:\/\/www.dramaction.qc.ca\/fr\/improvisation\/themes-dimprovisation\/u\/\">U<\/a> | <a href=\"http:\/\/www.dramaction.qc.ca\/fr\/improvisation\/themes-dimprovisation\/v\/\">V<\/a> | <a href=\"http:\/\/www.dramaction.qc.ca\/fr\/improvisation\/themes-dimprovisation\/w\/\">W<\/a> | <a href=\"http:\/\/www.dramaction.qc.ca\/fr\/improvisation\/themes-dimprovisation\/x\/\">X<\/a> | <a href=\"http:\/\/www.dramaction.qc.ca\/fr\/improvisation\/themes-dimprovisation\/y\/\">Y<\/a> | <a href=\"http:\/\/www.dramaction.qc.ca\/fr\/improvisation\/themes-dimprovisation\/z\/\">Z<\/a><\/p>\n<hr \/>\n<p>Fabrication de tubes<br \/>\nFabriqu\u00e9 de toutes pi\u00e8ces<br \/>\nFace \u00e0 face de g\u00e9ants*<br \/>\nFace aux \u00e9toiles<br \/>\nFace cach\u00e9e de la tarte (la)<br \/>\nF\u00e2cheuse tendance au rire (une)<br \/>\nFacile \u00e0 dire quand on est mince<br \/>\nFacile, facile, facile<br \/>\nFacteur de risques<br \/>\nFacture est sal\u00e9e (la)<br \/>\nFaible probabilit\u00e9<br \/>\nFaim de droit<br \/>\nFaire bon m\u00e9nage<br \/>\nFaire et refaire<br \/>\nFaire le point<br \/>\nFaire le train<br \/>\nFais dispara\u00eetre tes chaussures<br \/>\nFais la ligne et tu verras<br \/>\nFais un pas dans l\u2019avenir<br \/>\nFais un tour sur toi-m\u00eame<br \/>\nFais une croix sur ta peine, petite sir\u00e8ne<br \/>\nFaiseur de d\u00e9sert (le)<br \/>\nFaiseur de pluie<br \/>\nFait d&#8217;hiver<br \/>\nFaites sauter les pr\u00e9jug\u00e9s<br \/>\nFaites votre devoir<br \/>\nFakir cherche emploi<br \/>\nFallait pas<br \/>\nFallait pas, j&#8217;y aurais \u00e9t\u00e9<br \/>\nFameuse bande (une)<br \/>\nFameuse boulette (une)<br \/>\nFameuse couche (une)<br \/>\nFameuse r\u00e9plique d&#8217;avance de Fernand Gazou (la)<br \/>\nFameux coup de rateau (un)<br \/>\nFameux coup du sort (un)<br \/>\nFamille \u00e0 vendre<br \/>\nFamille en voyage (la)<br \/>\nFamily trophy<br \/>\nFamine en Alaska<br \/>\nFan de nos femmes<br \/>\nFancy fair<br \/>\nFantasme vert<br \/>\nFarce tragique (une)<br \/>\nFardeau de la dynastie (le)<br \/>\nFatale attraction<br \/>\nFatigant, mais fatigant!<br \/>\nFatiguant, mais fatiguant !<br \/>\nFatigu\u00e9 d&#8217;attendre<br \/>\nFaucon de Soho (le)<br \/>\nFaucons<br \/>\nFausse mis\u00e8re*<br \/>\nFausse r\u00e9ponse \u00e0 vraie question<br \/>\nFausse v\u00e9rit\u00e9<br \/>\nFausses promesses du P\u00e8re No\u00ebl<br \/>\nFaut \u00eatre logique<br \/>\nFaut que \u00e7a roule<br \/>\nFaut que \u00e7a saigne<br \/>\nFaute de go\u00fbt<br \/>\nFaute de grives, on mange des merles<br \/>\nFaux d\u00e9part<br \/>\nFaux vieux (les)<br \/>\nFaveur<br \/>\nF\u00e9e des dents cong\u00e9di\u00e9e<br \/>\nF\u00e9e des dents en gr\u00e8ve<br \/>\nF\u00e9lure discr\u00e8te<br \/>\nFemme au nombril perc\u00e9 (la)<br \/>\nFemme de m\u00e9nage passe toujors deux fois (la)<br \/>\nFemme de personne (la)<br \/>\nFemme du pirate (la)<br \/>\nFemme est un homme comme les autres (la)<br \/>\nFemme et le pantin (la)\u00b0<br \/>\nFemme qui se levait t\u00f4t (la)<br \/>\nFemme sur le dos (une)<br \/>\nFemmes aussi (les)<br \/>\nFemmes et les enfants d&#8217;abord (les))<br \/>\nFemmes qui balaient les larmes (Ces)<br \/>\nFen\u00eatre dans la nuit (une)<br \/>\nFen\u00eatre sur l&#8217;avenir<br \/>\nFera, fera pas<br \/>\nFerme la lumi\u00e8re, Gaspard<br \/>\nFermement engag\u00e9<br \/>\nFermentation des esprits (la)<br \/>\nFermeture \u00e9clair d\u2019enfer<br \/>\nFernand Gazou \u00e0 la mer<br \/>\nFernand Gazou au bord du gouffre<br \/>\nFernand Gazou contre Ben l&#8217;Andouille<br \/>\nFernand Gazou contre tous<br \/>\nFernand Gazou en sait trop<br \/>\nFernand Gazou et le boulet sauce lapin<br \/>\nFernand Gazou et le lutin farceur<br \/>\nFernand Gazou fan-club<br \/>\nFernand Gazou gazouille entre gaz et houille<br \/>\nFernand Gazou is watching you<br \/>\nFernand Gazou ou la perfection modeste (comme son auteur)<br \/>\nFernand Gazou sifflera trois fois<br \/>\nFernand Gazou, le retour<br \/>\nFernand Gazou, premi\u00e8re !<br \/>\nFernand Gazou, une histoire d&#8217;amour<br \/>\nFerveur des ic\u00f4nes (la)<br \/>\nFestival de films plates<br \/>\nFestival de la d\u00e9sillusion (le)<br \/>\nFestival du court m\u00e9trage<br \/>\nF\u00eate agricole ou le carnaval du fermier<br \/>\nF\u00eate d\u2019amis \u00e0 Miami<br \/>\nF\u00eate des reines<br \/>\nF\u00eate d&#8217;hiver<br \/>\nF\u00e9tichiste (le)<br \/>\nFeu \u00e0 la bouche (le)<br \/>\nFeu \u00e0 la m\u00e9moire (le)<br \/>\nFeu \u00e0 volont\u00e9<br \/>\nFeu de camp au secr\u00e9tariat<br \/>\nFeuilles de th\u00e9<br \/>\nFianc\u00e9e des cieux (la)<br \/>\nFian\u00e7\u00e9e du Gange (la)<br \/>\nFianc\u00e9e lunaire (la)<br \/>\nFiche technique<br \/>\nFiches du jardinier (les)<br \/>\nFichtre, quel fardeau !<br \/>\nFid\u00e8le compagnon (le)<br \/>\nFier \u00e0 bras (le)<br \/>\nFiert\u00e9 proven\u00e7ale<br \/>\nFi\u00e8vre des \u00e9checs (la)<br \/>\nFi\u00e8vre guerri\u00e8re<br \/>\nFifre et flonflons<br \/>\nFigure de proue<br \/>\nFil \u00e0 couper le beurre (Le)<\/p>\n<hr \/>\n<h2>Obtenez les 5557 th\u00e8mes dans un seul fichier<\/h2>\n<p>Pour obtenir tous les th\u00e8mes d&#8217;improvisation dans un seul fichier Excel, veuillez faire parvenir un don de 2 $ \u00e0 la communaut\u00e9 Dramaction, nous vous enverrons par courriel le ficheir afin de faciliter votre vie !<br \/>\n<div class=\"woocommerce \"><div class=\"products row columns-4\">\n<div class=\"col-md-3 col-sm-6 product type-product post-3792 status-publish first instock product_cat-exercices-et-ressources has-post-thumbnail featured downloadable sold-individually shipping-taxable purchasable product-type-simple\">\n\t<div class=\"project-item margin-bottom-20\">\n\t\t\t<figure>\n\t\t\t<a href=\"https:\/\/www.dramaction.qc.ca\/fr\/produit\/5557-titre-dimprovisation-de-dramaction\/\">\n\t\t\t\t<img decoding=\"async\" width=\"200\" height=\"200\" src=\"https:\/\/www.dramaction.qc.ca\/fr\/wp-content\/uploads\/2016\/12\/AdobeStock_56203799-200x200.jpeg\" class=\"attachment-woocommerce_thumbnail size-woocommerce_thumbnail\" alt=\"5557 titres d&#039;improvisation de Dramaction\" srcset=\"https:\/\/www.dramaction.qc.ca\/fr\/wp-content\/uploads\/2016\/12\/AdobeStock_56203799-200x200.jpeg 200w, https:\/\/www.dramaction.qc.ca\/fr\/wp-content\/uploads\/2016\/12\/AdobeStock_56203799-100x100.jpeg 100w, https:\/\/www.dramaction.qc.ca\/fr\/wp-content\/uploads\/2016\/12\/AdobeStock_56203799-150x150.jpeg 150w, https:\/\/www.dramaction.qc.ca\/fr\/wp-content\/uploads\/2016\/12\/AdobeStock_56203799-300x300.jpeg 300w, https:\/\/www.dramaction.qc.ca\/fr\/wp-content\/uploads\/2016\/12\/AdobeStock_56203799-1024x1024.jpeg 1024w\" sizes=\"(max-width: 200px) 100vw, 200px\" \/>\t\t\t<\/a>\n\t\t<\/figure>\n\t\t<div class=\"info\">\t\n\t\t\t<p class=\"product-title\">\n\t\t\t\t<a href=\"https:\/\/www.dramaction.qc.ca\/fr\/produit\/5557-titre-dimprovisation-de-dramaction\/\">\t\t\n\t\t\t\t\t5557 titres d&#8217;improvisation de Dramaction\t\t\t\t<\/a>\n\t\t\t<\/p>\n\t\t\t<div class=\"star-rating\" role=\"img\" aria-label=\"Note 5.00 sur 5\"><span style=\"width:100%\">Note <strong class=\"rating\">5.00<\/strong> sur 5<\/span><\/div>\n\t<span class=\"price\"><span class=\"woocommerce-Price-amount amount\"><bdi><span class=\"woocommerce-Price-currencySymbol\">&#36;<\/span>2.00<\/bdi><\/span><\/span>\n<a href=\"\/fr\/wp-json\/wp\/v2\/pages\/1570?add-to-cart=3792\" aria-describedby=\"woocommerce_loop_add_to_cart_link_describedby_3792\" data-quantity=\"1\" class=\"button product_type_simple add_to_cart_button ajax_add_to_cart\" data-product_id=\"3792\" data-product_sku=\"\" aria-label=\"Ajouter au panier\u00a0: &ldquo;5557 titres d&#039;improvisation de Dramaction&rdquo;\" rel=\"nofollow\" data-success_message=\"\u00ab\u00a05557 titres d&#039;improvisation de Dramaction\u00a0\u00bb a \u00e9t\u00e9 ajout\u00e9 \u00e0 votre panier\" role=\"button\">Ajouter au panier<\/a>\t<span id=\"woocommerce_loop_add_to_cart_link_describedby_3792\" class=\"screen-reader-text\">\n\t\t\t<\/span>\n\t\t\t\n\t\t<\/div>\t\n\t<\/div>\t\n<\/div>\n<\/div>\n<\/div>\n<p>Merci de contribuer au succ\u00e8s de ce site !<\/p>\n<hr \/>\n<p>Fil de l&#8217;eau (au)*<br \/>\nFil filou qui se faufille partout (le)<br \/>\nFile d&#8217;attente<br \/>\nFilm de la veille (le)<br \/>\nFils de pauvre<br \/>\nFils de V\u00e9nus<br \/>\nFin de carri\u00e8re<br \/>\nFin de la premi\u00e8re \u00e9tape<br \/>\nFin de l&#8217;impunit\u00e9 (la)<br \/>\nFin de parcours<br \/>\nFin de programme<br \/>\nFin de session au parlement<br \/>\nFin de Soir\u00e9e<br \/>\nFin des haricots (la)<br \/>\nFin des illusions (la)<br \/>\nFin du cauchemar (la)<br \/>\nFin d&#8217;un privil\u00e8ge<br \/>\nFini les cadeaux<br \/>\nFlagada rock<br \/>\nFlagrant d\u00e9lire<br \/>\nFlash de v\u00e9rit\u00e9 (un)<br \/>\nFl\u00e9au du monde<br \/>\nFl\u00e8che noire (la)<br \/>\nFleur au fusil (la)<br \/>\nFleur au multiple visage (une)<br \/>\nFleur qu&#8217;on cueille une fois (la)<br \/>\nFleurs du m\u00e2le (les)<br \/>\nFleurs pour Dominique (des)<br \/>\nFleuve sans fronti\u00e8res<br \/>\nFlic flac tout en prenant mon bain<br \/>\nFlon flon et cotillons<br \/>\nFlop<br \/>\nFlop sur flop<br \/>\nFlot de dentelles (un)<br \/>\nFl\u00fbtiste recherch\u00e9<br \/>\nFoi<br \/>\nFois la t\u00e2che accomplie (une)<br \/>\nFois mais pas deux (une)<br \/>\nFois par jour (une)<br \/>\nFois par semaine (une)<br \/>\nFois pour toutes (une)<br \/>\nFolie noble et g\u00e9n\u00e9reuse (une)<br \/>\nFonci\u00e8rement gentil<br \/>\nFonctionnaire au bureau des sentiments<br \/>\nFonctionnaires de l&#8217;aventure (les)<br \/>\nFond des yeux (au)<br \/>\nFond du tiroir (le)<br \/>\nFondue nocturne \u00e0 la Costa de Almaria<br \/>\nForce de dire non (la)<br \/>\nForce de l&#8217;exp\u00e9rience (la)<br \/>\nForce de l&#8217;ordre, faiblesse du d\u00e9sordre<br \/>\nFor\u00eat condamn\u00e9e (la)<br \/>\nFor\u00eat de soigne (en)<br \/>\nFor\u00eat de spatules<br \/>\nFor\u00eat des surprises (la)<br \/>\nFor\u00eats aromatiques*<br \/>\nForfait ou pourcentage<br \/>\nForme mais pas les formes (la)<br \/>\nFormulaire \u00e0 remplir (un)<br \/>\nFormule byzantine (la)*<br \/>\nFormule d&#8217;avenir (une)<br \/>\nFormule norv\u00e9gienne<br \/>\nFormule sp\u00e9ciale<br \/>\nFort en tout (Le)<br \/>\nForte envie<br \/>\nForte nature<br \/>\nForteresse de carton (une)<br \/>\nFortune du pauvre (La)*<br \/>\nFortune du pot (la)<br \/>\nForum de pens\u00e9es positives<br \/>\nFoss\u00e9 aux loups (le)<br \/>\nFoudre apprivois\u00e9e (la)<br \/>\nFoule assoiff\u00e9es de savoir (les)<br \/>\nFour et au moulin (au)*<br \/>\nFous du soleil (les)<br \/>\nFragments d&#8217;un discours amoureux<br \/>\nFran\u00e7ais \u00e0 New-York (un)<br \/>\nFraude dans la petite caisse du comit\u00e9<br \/>\nFraude fiesta<br \/>\nFr\u00e9gate corsaire (la)<br \/>\nFr\u00e8re et soeur<br \/>\nFr\u00e8res de la terre<br \/>\nFresque inachev\u00e9e<br \/>\nFrigorifi\u00e9s vivants<br \/>\nFrime (la)<br \/>\nFrisson de sable et de vent (un)<br \/>\nFrissons<br \/>\nFrissons \u00e0 l&#8217;ombre d&#8217;un oui<br \/>\nFrissons, poussi\u00e8re et alambics<br \/>\nFr\u00f4lant Glycine (en)<br \/>\nFromage du p\u00e8re Andr\u00e9 (le)<br \/>\nFronti\u00e8re du bien et du mal (\u00e0 la)<br \/>\nFronti\u00e8res du r\u00e9el (aux)<br \/>\nFugitifs de l&#8217;Au-del\u00e0 (les)<br \/>\nFuite pr\u00e9cipit\u00e9e (une)<br \/>\nFum\u00e9e noire<br \/>\nFun\u00e9railles blanches<br \/>\nFun\u00e9railles en rose<br \/>\nFun\u00e9rarium en f\u00eate<\/p>\n","protected":false},"excerpt":{"rendered":"<p>L&#8217;ultime banque de th\u00e8mes !!! D\u00e9couvrez dans ces pages une liste tr\u00e8s compl\u00e8te de th\u00e8mes d&#8217;improvisation ! \u00c0 utiliser sans retenue !!! NAVIGATION : A | B | C | D | E | F | G | H | I | J | K | L | M | N | O | P [&hellip;]<\/p>\n","protected":false},"author":22,"featured_media":0,"parent":422,"menu_order":421,"comment_status":"open","ping_status":"open","template":"","meta":{"footnotes":""},"class_list":["post-1570","page","type-page","status-publish","hentry"],"jetpack_sharing_enabled":true,"_links":{"self":[{"href":"https:\/\/www.dramaction.qc.ca\/fr\/wp-json\/wp\/v2\/pages\/1570","targetHints":{"allow":["GET"]}}],"collection":[{"href":"https:\/\/www.dramaction.qc.ca\/fr\/wp-json\/wp\/v2\/pages"}],"about":[{"href":"https:\/\/www.dramaction.qc.ca\/fr\/wp-json\/wp\/v2\/types\/page"}],"author":[{"embeddable":true,"href":"https:\/\/www.dramaction.qc.ca\/fr\/wp-json\/wp\/v2\/users\/22"}],"replies":[{"embeddable":true,"href":"https:\/\/www.dramaction.qc.ca\/fr\/wp-json\/wp\/v2\/comments?post=1570"}],"version-history":[{"count":0,"href":"https:\/\/www.dramaction.qc.ca\/fr\/wp-json\/wp\/v2\/pages\/1570\/revisions"}],"up":[{"embeddable":true,"href":"https:\/\/www.dramaction.qc.ca\/fr\/wp-json\/wp\/v2\/pages\/422"}],"wp:attachment":[{"href":"https:\/\/www.dramaction.qc.ca\/fr\/wp-json\/wp\/v2\/media?parent=1570"}],"curies":[{"name":"wp","href":"https:\/\/api.w.org\/{rel}","templated":true}]}}