{"id":1568,"date":"2011-01-07T13:42:33","date_gmt":"2011-01-07T18:42:33","guid":{"rendered":"http:\/\/www.dramaction.qc.ca\/fr\/"},"modified":"2017-02-01T08:12:40","modified_gmt":"2017-02-01T13:12:40","slug":"e","status":"publish","type":"page","link":"https:\/\/www.dramaction.qc.ca\/fr\/improvisation\/themes-dimprovisation\/e\/","title":{"rendered":"e"},"content":{"rendered":"<h2>L&#8217;ultime banque de th\u00e8mes !!!<\/h2>\n<p>D\u00e9couvrez dans ces pages une liste tr\u00e8s compl\u00e8te de th\u00e8mes d&#8217;improvisation ! \u00c0 utiliser sans retenue !!!<\/p>\n<p><strong>NAVIGATION :<\/strong><\/p>\n<p><a href=\"http:\/\/www.dramaction.qc.ca\/fr\/improvisation\/themes-dimprovisation\/a\/\">A<\/a> | <a href=\"http:\/\/www.dramaction.qc.ca\/fr\/improvisation\/themes-dimprovisation\/b\/\">B<\/a> | <a href=\"http:\/\/www.dramaction.qc.ca\/fr\/improvisation\/themes-dimprovisation\/c\/\">C<\/a> | <a href=\"http:\/\/www.dramaction.qc.ca\/fr\/improvisation\/themes-dimprovisation\/d\/\">D<\/a> | <a href=\"http:\/\/www.dramaction.qc.ca\/fr\/improvisation\/themes-dimprovisation\/e\/\">E<\/a> | <a href=\"http:\/\/www.dramaction.qc.ca\/fr\/improvisation\/themes-dimprovisation\/f\/\">F<\/a> | <a href=\"http:\/\/www.dramaction.qc.ca\/fr\/improvisation\/themes-dimprovisation\/g\/\">G<\/a> | <a href=\"http:\/\/www.dramaction.qc.ca\/fr\/improvisation\/themes-dimprovisation\/h\/\">H<\/a> | <a href=\"http:\/\/www.dramaction.qc.ca\/fr\/improvisation\/themes-dimprovisation\/i\/\">I<\/a> | <a href=\"http:\/\/www.dramaction.qc.ca\/fr\/improvisation\/themes-dimprovisation\/j\/\">J<\/a> | <a href=\"http:\/\/www.dramaction.qc.ca\/fr\/improvisation\/themes-dimprovisation\/k\/\">K<\/a> | <a href=\"http:\/\/www.dramaction.qc.ca\/fr\/improvisation\/themes-dimprovisation\/l\/\">L<\/a> | <a href=\"http:\/\/www.dramaction.qc.ca\/fr\/improvisation\/themes-dimprovisation\/m\/\">M<\/a> | <a href=\"http:\/\/www.dramaction.qc.ca\/fr\/improvisation\/themes-dimprovisation\/n\/\">N<\/a> | <a href=\"http:\/\/www.dramaction.qc.ca\/fr\/improvisation\/themes-dimprovisation\/o\/\">O<\/a> | <a href=\"http:\/\/www.dramaction.qc.ca\/fr\/improvisation\/themes-dimprovisation\/p\/\">P<\/a> | <a href=\"http:\/\/www.dramaction.qc.ca\/fr\/improvisation\/themes-dimprovisation\/q\/\">Q<\/a> | <a href=\"http:\/\/www.dramaction.qc.ca\/fr\/improvisation\/themes-dimprovisation\/r\/\">R<\/a> | <a href=\"http:\/\/www.dramaction.qc.ca\/fr\/improvisation\/themes-dimprovisation\/s\/\">S<\/a> | <a href=\"http:\/\/www.dramaction.qc.ca\/fr\/improvisation\/themes-dimprovisation\/t\/\">T<\/a> | <a href=\"http:\/\/www.dramaction.qc.ca\/fr\/improvisation\/themes-dimprovisation\/u\/\">U<\/a> | <a href=\"http:\/\/www.dramaction.qc.ca\/fr\/improvisation\/themes-dimprovisation\/v\/\">V<\/a> | <a href=\"http:\/\/www.dramaction.qc.ca\/fr\/improvisation\/themes-dimprovisation\/w\/\">W<\/a> | <a href=\"http:\/\/www.dramaction.qc.ca\/fr\/improvisation\/themes-dimprovisation\/x\/\">X<\/a> | <a href=\"http:\/\/www.dramaction.qc.ca\/fr\/improvisation\/themes-dimprovisation\/y\/\">Y<\/a> | <a href=\"http:\/\/www.dramaction.qc.ca\/fr\/improvisation\/themes-dimprovisation\/z\/\">Z<\/a><\/p>\n<hr \/>\n<p>Eblouissement<br \/>\nEboueurs ne passeront pas (les)<br \/>\nEcartellement<br \/>\nEchange (L&#8217;)<br \/>\nEchange de bons proc\u00e9d\u00e9s<br \/>\nEchanges<br \/>\nEchap\u00e9e vers la folie (l&#8217;)*<br \/>\nEchapp\u00e9e belle<br \/>\nEchec<br \/>\nEchec au roi<br \/>\nEchec et math<br \/>\nEchelle de pluie*<br \/>\nEchos d&#8217;ailleurs, \u00e9chos de peur<br \/>\nEclipse contre attaque (l&#8217;)<br \/>\nEclipse momentan\u00e9e<br \/>\nEcluse n\u00b02<br \/>\nEcole de survie<br \/>\nEcole id\u00e9ale (une)<br \/>\nEcolier d&#8217;un jour<br \/>\n\u00c9cologiste, terroriste et po\u00e8te<br \/>\nEconomie d&#8217;\u00e9nergie<br \/>\nEcoute ton corps encore et encore<br \/>\n\u00c9coute-le en sourdine<br \/>\nEcrit dans le sable<br \/>\nEcrivain voyageur (L&#8217;)<br \/>\nEcrivains blancs, musiciens noirs<br \/>\nEcume de l&#8217;amour (l&#8217;)<br \/>\n\u00c9cureuil volant<br \/>\nEducation de spartiates<br \/>\nEducation permanente*<br \/>\nEducation sans faille<br \/>\nEffervescences dans le monde des plantes<br \/>\nEffet boomerang<br \/>\nEffet dissuasif<br \/>\nEfficacit\u00e9 redoutable (une)<br \/>\nEffort sentimental (un)<br \/>\nEffort, c&#8217;est bon (l&#8217;)<br \/>\nEgal de Dieu (l&#8217;)<br \/>\nEgalit\u00e9 des sexes<br \/>\nEgar\u00e9<br \/>\nEgarements \u00e9go\u00efstes<br \/>\nEgoutier et le rat (l&#8217;)<br \/>\nEgouts de la d\u00e9livrance (les)<br \/>\n\u00c9gratignure terrible<br \/>\nEgypte au temps des pharaons (l&#8217;)<br \/>\nEl rancho grande<br \/>\nElargir son horizon<br \/>\nElastiquement v\u00f4tre<br \/>\n\u00c9lections \u00e0 la maternelle<br \/>\nElectro-choc<br \/>\nEl\u00e9gance en toute circonstance<br \/>\nElle aime que les gla\u00e7ons<br \/>\nElle avait une voix de pt\u00e9rodactyle<br \/>\nElle sentait le muguet et l\u2019huile de frites<br \/>\nElles venaient de loin ces t\u00eates de Turc<br \/>\nEloge de la bi\u00e8re<br \/>\nEloge de la fess\u00e9e<br \/>\nEloge de la tarte Al Djotte<br \/>\nEloge de l&#8217;aller simple<br \/>\nEloge hypocrite<br \/>\nEmbarque sur mon yacht<br \/>\nEmbarquement imm\u00e9diat<br \/>\nEmbarquement imm\u00e9diat<br \/>\nEmbouteillage*<br \/>\nEmbrase-moi avec les pierres secr\u00e8tes<br \/>\nEmbrassade \u00e0 l&#8217;ambassade<br \/>\n\u00c9mission sp\u00e9ciale<br \/>\nEmmerdeur et insomniaque<br \/>\nEmmitouffl\u00e9<br \/>\nEmotion instantan\u00e9e<br \/>\nEmp\u00eachement majeur<br \/>\nEmpire des interrupteurs (l&#8217;)<br \/>\nEmpire des lumi\u00e8res (l&#8217;)<br \/>\nEmpire du roi joueur (l&#8217;)*<br \/>\nEmport\u00e9 par le vent de l&#8217;\u00e9criture*<br \/>\nEmpreinte myst\u00e9rieuse (une)<br \/>\nEmpreintes dans la neige<br \/>\nEn<br \/>\nEn attendant la pluie<br \/>\nEn attendant l&#8217;h\u00e9ritage<br \/>\nEn bref<br \/>\nEn bref<br \/>\nEn campagne, c\u2019est pas comme en ville<br \/>\nEn cas de reprise<br \/>\nEn cas d&#8217;urgence<br \/>\nEn chacun de nous se cache un petit tyran<br \/>\nEn communication avec une intelligence sup\u00e9rieure<br \/>\nEn courrant autour du monde<br \/>\nEn dessous de tout<br \/>\nEn deuil pour la vie<br \/>\nEn deux mots<br \/>\nEn devenir<br \/>\nEn direct<br \/>\nEn doublant le cap de Bonne-Esp\u00e9rance<br \/>\nEn explorant le son<br \/>\nEn explorant le sucrier<br \/>\nEn face de moi<br \/>\nEn frottant, cela partira<br \/>\nEn grande pompe<br \/>\nEn jouant au contraire<br \/>\nEn lieu s\u00fbr<br \/>\nEn montagne<br \/>\nEn orbite<br \/>\nEn ordre de mutuelle<br \/>\nEn phase avec l&#8217;univers f\u00e9minin<br \/>\nEn plein dans le mille<br \/>\nEn pr\u00e9vision des&#8230;<br \/>\nEn qu\u00eate d&#8217;\u00e9lectricit\u00e9<br \/>\nEn route vers l\u2019Afrique<br \/>\nEn savoir pluscom<br \/>\nEn sortant de la coquille<br \/>\nEn sursis de bonheur<br \/>\nEn toute bonne foi<br \/>\nEn toute discr\u00e9tion<br \/>\nEn toute franchise<br \/>\nEn un coup d&#8217;oeil<br \/>\nEn vente d\u00e8s aujourd\u2019hui<br \/>\nEn voil\u00e0 un !<br \/>\nEn votre \u00e2me et conscience<br \/>\nEn vrac<br \/>\nEncan chez l\u2019Ami de la Proth\u00e8se<br \/>\nEncha\u00eene les invit\u00e9s<br \/>\nEnclume de cristal (l&#8217;)<br \/>\nEncore dimanche<br \/>\nEncore toi<br \/>\nEncore un naufrage<br \/>\nEncre invisible<br \/>\nEndroit propre et bien \u00e9clair\u00e9 (un)<br \/>\nEndroits dangereux (les)<br \/>\nEnergie solaire<br \/>\nEnfance de dauphin (une)<br \/>\nEnfance de Haroun Tazieff (l&#8217;)<br \/>\nEnfance de l&#8217;Art (l&#8217;)<br \/>\nEnfant du malheur (l&#8217;)*<br \/>\nEnfant nomm\u00e9 merci (un)<br \/>\nEnfants dans les pattes (des)<br \/>\nEnfants de la nuit rouge (les)<br \/>\nEnfants de l&#8217;impasse (les)<br \/>\nEnfants du deuxi\u00e8me lit (les)<br \/>\nEnfants, nous r\u00eavions de paix<br \/>\nEnfer d&#8217;infamie<br \/>\nEnfer du d\u00e9cor (l&#8217;)<br \/>\nEnfer me ment (l&#8217;)<br \/>\nEnfile tes gants<br \/>\nEnfin la rel\u00e8ve<br \/>\nEnfin la solution !<br \/>\nEnfin la v\u00e9rit\u00e9<br \/>\nEnfin seuls<br \/>\nEnfin une belle histoire d&#8217;amour<br \/>\nEngagement solennel<br \/>\nEnigme du chapeau bleu (l&#8217;)<br \/>\nEnigme du Chevalier au Corbeau (l&#8217;)<br \/>\nEnjeu crucial<br \/>\nEnjeu diabolique*<br \/>\nEnjeu majeur<br \/>\nEnnemi int\u00e9rieur (l&#8217;)<br \/>\nEnnui \u00e0 l&#8217;ombre du voile*<br \/>\nEnnuis en s\u00e9rie<br \/>\nEnqu\u00eate de sens<br \/>\nEnqu\u00eate sur demain<br \/>\nEnqu\u00eate sur un trouble moment exquis<br \/>\nEnrag\u00e9s (les)<br \/>\nEnterrement d&#8217;un esquimau (l&#8217;)<br \/>\nEnterrement d&#8217;Yvette (l&#8217;)<br \/>\nEntorse au r\u00e8glement (une)<br \/>\nEntre chien et loup<br \/>\nEntre chienne et louve<br \/>\nEntre ciel et terre*<br \/>\nEntre copains<br \/>\nEntre deux feux<br \/>\nEntre Dinant et Trois Rivi\u00e8res<\/p>\n<hr \/>\n<h2>Obtenez les 5557 th\u00e8mes dans un seul fichier<\/h2>\n<p>Pour obtenir tous les th\u00e8mes d&#8217;improvisation dans un seul fichier Excel, veuillez faire parvenir un don de 2 $ \u00e0 la communaut\u00e9 Dramaction, nous vous enverrons par courriel le ficheir afin de faciliter votre vie !<br \/>\n<div class=\"woocommerce \"><div class=\"products row columns-4\">\n<div class=\"col-md-3 col-sm-6 product type-product post-3792 status-publish first instock product_cat-exercices-et-ressources has-post-thumbnail featured downloadable sold-individually shipping-taxable purchasable product-type-simple\">\n\t<div class=\"project-item margin-bottom-20\">\n\t\t\t<figure>\n\t\t\t<a href=\"https:\/\/www.dramaction.qc.ca\/fr\/produit\/5557-titre-dimprovisation-de-dramaction\/\">\n\t\t\t\t<img decoding=\"async\" width=\"200\" height=\"200\" src=\"https:\/\/www.dramaction.qc.ca\/fr\/wp-content\/uploads\/2016\/12\/AdobeStock_56203799-200x200.jpeg\" class=\"attachment-woocommerce_thumbnail size-woocommerce_thumbnail\" alt=\"5557 titres d&#039;improvisation de Dramaction\" srcset=\"https:\/\/www.dramaction.qc.ca\/fr\/wp-content\/uploads\/2016\/12\/AdobeStock_56203799-200x200.jpeg 200w, https:\/\/www.dramaction.qc.ca\/fr\/wp-content\/uploads\/2016\/12\/AdobeStock_56203799-100x100.jpeg 100w, https:\/\/www.dramaction.qc.ca\/fr\/wp-content\/uploads\/2016\/12\/AdobeStock_56203799-150x150.jpeg 150w, https:\/\/www.dramaction.qc.ca\/fr\/wp-content\/uploads\/2016\/12\/AdobeStock_56203799-300x300.jpeg 300w, https:\/\/www.dramaction.qc.ca\/fr\/wp-content\/uploads\/2016\/12\/AdobeStock_56203799-1024x1024.jpeg 1024w\" sizes=\"(max-width: 200px) 100vw, 200px\" \/>\t\t\t<\/a>\n\t\t<\/figure>\n\t\t<div class=\"info\">\t\n\t\t\t<p class=\"product-title\">\n\t\t\t\t<a href=\"https:\/\/www.dramaction.qc.ca\/fr\/produit\/5557-titre-dimprovisation-de-dramaction\/\">\t\t\n\t\t\t\t\t5557 titres d&#8217;improvisation de Dramaction\t\t\t\t<\/a>\n\t\t\t<\/p>\n\t\t\t<div class=\"star-rating\" role=\"img\" aria-label=\"Note 5.00 sur 5\"><span style=\"width:100%\">Note <strong class=\"rating\">5.00<\/strong> sur 5<\/span><\/div>\n\t<span class=\"price\"><span class=\"woocommerce-Price-amount amount\"><bdi><span class=\"woocommerce-Price-currencySymbol\">&#36;<\/span>2.00<\/bdi><\/span><\/span>\n<a href=\"\/fr\/wp-json\/wp\/v2\/pages\/1568?add-to-cart=3792\" aria-describedby=\"woocommerce_loop_add_to_cart_link_describedby_3792\" data-quantity=\"1\" class=\"button product_type_simple add_to_cart_button ajax_add_to_cart\" data-product_id=\"3792\" data-product_sku=\"\" aria-label=\"Ajouter au panier\u00a0: &ldquo;5557 titres d&#039;improvisation de Dramaction&rdquo;\" rel=\"nofollow\" data-success_message=\"\u00ab\u00a05557 titres d&#039;improvisation de Dramaction\u00a0\u00bb a \u00e9t\u00e9 ajout\u00e9 \u00e0 votre panier\" role=\"button\">Ajouter au panier<\/a>\t<span id=\"woocommerce_loop_add_to_cart_link_describedby_3792\" class=\"screen-reader-text\">\n\t\t\t<\/span>\n\t\t\t\n\t\t<\/div>\t\n\t<\/div>\t\n<\/div>\n<\/div>\n<\/div>\n<p>Merci de contribuer au succ\u00e8s de ce site !<\/p>\n<hr \/>\n<p>Entre femmes<br \/>\nEntre gens s\u00e9rieux*<br \/>\nEntre la plume et le pinceau<br \/>\nEntre la terre et la lune<br \/>\nEntre lac et rivi\u00e8re<br \/>\nEntre l&#8217;air et la terre<br \/>\nEntre les s\u00e9ances<br \/>\nEntre l&#8217;\u00e9toile et les tuiles<br \/>\nEntre mer et montagne<br \/>\nEntre plaisir et abandon<br \/>\nEntre Sambre et Meuse mon coeur balance<br \/>\nEntre vide et n\u00e9ant<br \/>\nEntr\u00e9e dans la carri\u00e8re<br \/>\nEntr\u00e9e facile, sortie difficile<br \/>\nEntreprise courageuse (une)<br \/>\nEntreprise de location d&#8217;oeuvres d&#8217;art<br \/>\nEntrevue avec l\u2019arbitre<br \/>\nEntrevue en duplex<br \/>\nEntrez dans la danse<br \/>\nEnveloppe et le timbre (l&#8217;)<br \/>\nEnveloppe noire sous la porte (une)<br \/>\nEnvers des l\u00e9gendes (l&#8217;)<br \/>\nEnvironnement sans risques (un)<br \/>\nEnvoi anonyme<br \/>\nEpaves urbaines<br \/>\n\u00c9pice fantastique<br \/>\nEpine hors du pied (une)<br \/>\n\u00c9pingl\u00e9 sur le mur<br \/>\nEpisode de la bise (L&#8217;)<br \/>\nEpouvantable histoire d&#8217;amour*<br \/>\nEpreuve trop lourde (une)<br \/>\nEquilibre<br \/>\nEquilibre inh\u00e9rent du monde (l&#8217;)<br \/>\nEquipe de professionnels (une)<br \/>\nEquipe des perdants (l&#8217;)<br \/>\nEquipe remani\u00e9e<br \/>\nEre du cerceau (l&#8217;)<br \/>\nEre du cerceau (l&#8217;)<br \/>\nErosion int\u00e9rieure (l&#8217;)<br \/>\nErreur classique<br \/>\nErreur de calcul<br \/>\nErreur de jugement<br \/>\nErreur d&#8217;\u00e9valuation<br \/>\nEscale anversoise<br \/>\nEscale au Bois des R\u00eaves<br \/>\nEscalier de service<br \/>\nEscalier pour la gloire*<br \/>\nEscarmouche dans le deuxi\u00e8me chapitre<br \/>\nEspace de libert\u00e9 (un)<br \/>\nEsp\u00e8ce en voie d\u2019extinction<br \/>\nEsp\u00e8ce en voie de disparition (une)<br \/>\nEsp\u00e8ce menac\u00e9e<br \/>\nEspionnage amoureux*<br \/>\nEspoirs divers<br \/>\nEsprit critique<br \/>\nEsprit de sel<br \/>\nEsprit du buffle (l&#8217;)<br \/>\nEsprit du Sequoia (l&#8217;)<br \/>\nEsprit tordu<br \/>\nEsprit, es-tu l\u00e0 ?<br \/>\nEsquisse d&#8217;une femme fatale<br \/>\nEssais sur l&#8217;homme<br \/>\nEssayage<br \/>\nEssayer, c&#8217;est l&#8217;adopter (l&#8217;)<br \/>\nEssence dans les \u00e9gouts<br \/>\nEst en Ouest (d&#8217;)<br \/>\nEst-ce qu\u2019on se conna\u00eet?<br \/>\nEst-ce que je pourrais emprunter ton\u2026<br \/>\nEst-ce que mon nom appara\u00eet sur votre liste?<br \/>\nEstomac en mouvement (l&#8217;)<br \/>\nEt Dieu cr\u00e9a ma femme<br \/>\nEt Dieu ne cr\u00e9a pas de femmes<br \/>\nEt encore deux autres<br \/>\nEt la lumi\u00e8re fut<br \/>\nEt le soleil se leva<br \/>\nEt maintenant un mot de la direction<br \/>\nEt moi et moi<br \/>\nEt on a chaud apr\u00e8s<br \/>\nEt plouf<br \/>\nEt pourquoi pas Zeebrugge ?<br \/>\nEt pourtant, ils disaient vrai<br \/>\nEt pourtant, Lily, elle danse*<br \/>\nEt quand tu reviendras, tu seras bilingue<br \/>\nEt que se gonfle ta voile<br \/>\nEt si c&#8217;\u00e9tait \u00e0 refaire<br \/>\nEt si c&#8217;\u00e9tait vrai*<br \/>\nEt si on avait des yeux au bout des doigts ?<br \/>\nEt si on regardait le mundial ce soir \u00e0 la t\u00e9l\u00e9<br \/>\nEt si on s&#8217;adoptait<br \/>\nEt s&#8217;il avait vraiment exist\u00e9 ?<br \/>\nEt s&#8217;il n&#8217;en restait qu&#8217;un<br \/>\nEt s&#8217;il suffisait d&#8217;une minute<br \/>\nEt trois mois plus tard<br \/>\nEt tu restes polie !<br \/>\nEt vive la libert\u00e9<br \/>\nEtape gourmande<br \/>\nEtape indispensable (l&#8217;)<br \/>\nEtat de veille<br \/>\nEtats d&#8217;\u00e2me<br \/>\nEt\u00e9 \u00e0 Eaton (un)<br \/>\nEt\u00e9 de toutes les chances (l&#8217;)<br \/>\nEt\u00e9 du grand bluff (l&#8217;)<br \/>\nEternel promesse (l&#8217;)<br \/>\nEternel retour (l&#8217;)<br \/>\nEternelle incomprise<br \/>\nEternit\u00e9 en partage (l&#8217;)<br \/>\nEthique de l&#8217;espion (l&#8217;)<br \/>\nEtoile de Bertrix (l&#8217;)<br \/>\nEtoile du matin*<br \/>\nEtoile du Nord (l&#8217;)<br \/>\nEtoile qui voulait d\u00e9crocher la lune (l&#8217;)<br \/>\nEtoiles discr\u00e8tes<br \/>\nEtoiles sans lumi\u00e8re<br \/>\nEtrange aventure d&#8217;ici-bas (l&#8217;)<br \/>\nEtrange ch\u00e2teau (un)<br \/>\nEtrange odeur des r\u00eaves (l&#8217;)<br \/>\nEtrange solution (une)<br \/>\nEtranger de l&#8217;ascenseur (l&#8217;)*<br \/>\nEtre ou ne pas \u00eatre<br \/>\nEtre ou ne pas \u00eatre<br \/>\nEtre pr\u00eatre et aimer une femme<br \/>\nEtroite marge de manoeuvre<br \/>\nEtude sur le mouvement des foules<br \/>\nEtude sur un cadavre datant de 200 ans avant J\u00e9sus-Christ<br \/>\nEtudiant, \u00e7a bosse \u00e9norm\u00e9ment (un)<br \/>\nEurophorique<br \/>\nEux<br \/>\nEvacuation rapide<br \/>\nEviter le coup de chaud<br \/>\nEx ouvrier<br \/>\nEx societaire du parc Astrid<br \/>\nExamen complexe (un)<br \/>\nExamen de sous-marin<br \/>\nExc\u00e9dent de douceur<br \/>\nExclusif<br \/>\nExcursion de quinze jours dans la vie des autres<br \/>\nEx\u00e9cution publique<br \/>\nExemplaire<br \/>\nExemple anglais<br \/>\nExempt de tout<br \/>\nExercice de la mer (l&#8217;)<br \/>\nExercice de pi\u00e9t\u00e9<br \/>\nExercice pratique<br \/>\nExhaltante aventure humaine (une)<br \/>\nExigeances de la vie conjugale (les)<br \/>\nExp\u00e9dition dangereuse<br \/>\nExp\u00e9rience<br \/>\nExp\u00e9rience exig\u00e9e<br \/>\nExp\u00e9rience inoubliable (une)<br \/>\nExplosif<br \/>\nExplosion (l&#8217;)<br \/>\nExplosion de joie<br \/>\nExpress<br \/>\nExpressions d&#8217;impressions<br \/>\nExquis<br \/>\nExtincteur (l&#8217;)*<\/p>\n","protected":false},"excerpt":{"rendered":"<p>L&#8217;ultime banque de th\u00e8mes !!! D\u00e9couvrez dans ces pages une liste tr\u00e8s compl\u00e8te de th\u00e8mes d&#8217;improvisation ! \u00c0 utiliser sans retenue !!! NAVIGATION : A | B | C | D | E | F | G | H | I | J | K | L | M | N | O | P [&hellip;]<\/p>\n","protected":false},"author":22,"featured_media":0,"parent":422,"menu_order":420,"comment_status":"open","ping_status":"open","template":"","meta":{"footnotes":""},"class_list":["post-1568","page","type-page","status-publish","hentry"],"jetpack_sharing_enabled":true,"_links":{"self":[{"href":"https:\/\/www.dramaction.qc.ca\/fr\/wp-json\/wp\/v2\/pages\/1568","targetHints":{"allow":["GET"]}}],"collection":[{"href":"https:\/\/www.dramaction.qc.ca\/fr\/wp-json\/wp\/v2\/pages"}],"about":[{"href":"https:\/\/www.dramaction.qc.ca\/fr\/wp-json\/wp\/v2\/types\/page"}],"author":[{"embeddable":true,"href":"https:\/\/www.dramaction.qc.ca\/fr\/wp-json\/wp\/v2\/users\/22"}],"replies":[{"embeddable":true,"href":"https:\/\/www.dramaction.qc.ca\/fr\/wp-json\/wp\/v2\/comments?post=1568"}],"version-history":[{"count":0,"href":"https:\/\/www.dramaction.qc.ca\/fr\/wp-json\/wp\/v2\/pages\/1568\/revisions"}],"up":[{"embeddable":true,"href":"https:\/\/www.dramaction.qc.ca\/fr\/wp-json\/wp\/v2\/pages\/422"}],"wp:attachment":[{"href":"https:\/\/www.dramaction.qc.ca\/fr\/wp-json\/wp\/v2\/media?parent=1568"}],"curies":[{"name":"wp","href":"https:\/\/api.w.org\/{rel}","templated":true}]}}