{"id":1564,"date":"2011-01-07T13:41:03","date_gmt":"2011-01-07T18:41:03","guid":{"rendered":"http:\/\/www.dramaction.qc.ca\/fr\/"},"modified":"2017-02-01T08:12:35","modified_gmt":"2017-02-01T13:12:35","slug":"d","status":"publish","type":"page","link":"https:\/\/www.dramaction.qc.ca\/fr\/improvisation\/themes-dimprovisation\/d\/","title":{"rendered":"d"},"content":{"rendered":"<h2>L&#8217;ultime banque de th\u00e8mes !!!<\/h2>\n<p>D\u00e9couvrez dans ces pages une liste tr\u00e8s compl\u00e8te de th\u00e8mes d&#8217;improvisation ! \u00c0 utiliser sans retenue !!!<\/p>\n<p><strong>NAVIGATION :<\/strong><\/p>\n<p><a href=\"http:\/\/www.dramaction.qc.ca\/fr\/improvisation\/themes-dimprovisation\/a\/\">A<\/a> | <a href=\"http:\/\/www.dramaction.qc.ca\/fr\/improvisation\/themes-dimprovisation\/b\/\">B<\/a> | <a href=\"http:\/\/www.dramaction.qc.ca\/fr\/improvisation\/themes-dimprovisation\/c\/\">C<\/a> | <a href=\"http:\/\/www.dramaction.qc.ca\/fr\/improvisation\/themes-dimprovisation\/d\/\">D<\/a> | <a href=\"http:\/\/www.dramaction.qc.ca\/fr\/improvisation\/themes-dimprovisation\/e\/\">E<\/a> | <a href=\"http:\/\/www.dramaction.qc.ca\/fr\/improvisation\/themes-dimprovisation\/f\/\">F<\/a> | <a href=\"http:\/\/www.dramaction.qc.ca\/fr\/improvisation\/themes-dimprovisation\/g\/\">G<\/a> | <a href=\"http:\/\/www.dramaction.qc.ca\/fr\/improvisation\/themes-dimprovisation\/h\/\">H<\/a> | <a href=\"http:\/\/www.dramaction.qc.ca\/fr\/improvisation\/themes-dimprovisation\/i\/\">I<\/a> | <a href=\"http:\/\/www.dramaction.qc.ca\/fr\/improvisation\/themes-dimprovisation\/j\/\">J<\/a> | <a href=\"http:\/\/www.dramaction.qc.ca\/fr\/improvisation\/themes-dimprovisation\/k\/\">K<\/a> | <a href=\"http:\/\/www.dramaction.qc.ca\/fr\/improvisation\/themes-dimprovisation\/l\/\">L<\/a> | <a href=\"http:\/\/www.dramaction.qc.ca\/fr\/improvisation\/themes-dimprovisation\/m\/\">M<\/a> | <a href=\"http:\/\/www.dramaction.qc.ca\/fr\/improvisation\/themes-dimprovisation\/n\/\">N<\/a> | <a href=\"http:\/\/www.dramaction.qc.ca\/fr\/improvisation\/themes-dimprovisation\/o\/\">O<\/a> | <a href=\"http:\/\/www.dramaction.qc.ca\/fr\/improvisation\/themes-dimprovisation\/p\/\">P<\/a> | <a href=\"http:\/\/www.dramaction.qc.ca\/fr\/improvisation\/themes-dimprovisation\/q\/\">Q<\/a> | <a href=\"http:\/\/www.dramaction.qc.ca\/fr\/improvisation\/themes-dimprovisation\/r\/\">R<\/a> | <a href=\"http:\/\/www.dramaction.qc.ca\/fr\/improvisation\/themes-dimprovisation\/s\/\">S<\/a> | <a href=\"http:\/\/www.dramaction.qc.ca\/fr\/improvisation\/themes-dimprovisation\/t\/\">T<\/a> | <a href=\"http:\/\/www.dramaction.qc.ca\/fr\/improvisation\/themes-dimprovisation\/u\/\">U<\/a> | <a href=\"http:\/\/www.dramaction.qc.ca\/fr\/improvisation\/themes-dimprovisation\/v\/\">V<\/a> | <a href=\"http:\/\/www.dramaction.qc.ca\/fr\/improvisation\/themes-dimprovisation\/w\/\">W<\/a> | <a href=\"http:\/\/www.dramaction.qc.ca\/fr\/improvisation\/themes-dimprovisation\/x\/\">X<\/a> | <a href=\"http:\/\/www.dramaction.qc.ca\/fr\/improvisation\/themes-dimprovisation\/y\/\">Y<\/a> | <a href=\"http:\/\/www.dramaction.qc.ca\/fr\/improvisation\/themes-dimprovisation\/z\/\">Z<\/a><\/p>\n<hr \/>\n<p>D\u2019un oc\u00e9an \u00e0 l\u2019autre en trottinette<br \/>\nDakar d&#8217;un insomniaque dans un h\u00f4tel (le)<br \/>\nDame de Brume (la)<br \/>\nDame de carreau (la)<br \/>\nDame de soie (la)<br \/>\nDame du dimanche (la)<br \/>\nDame pour deux \u00e9p\u00e9es (une)<br \/>\nDangereuse uniformisation<br \/>\nDans de beaux draps<br \/>\nDans deux mois, le Goncourt !<br \/>\nDans l\u2019atelier du sculpteur<br \/>\nDans la douceur d&#8217;un soir d&#8217;\u00e9t\u00e9*<br \/>\nDans la folie des nuits<br \/>\nDans la fraicheur du Sous-bois<br \/>\nDans la mire d\u2019une mitrailleuse<br \/>\nDans la nuit de jeudi \u00e0 vendredi<br \/>\nDans la peau de ma femme<br \/>\nDans la salle d&#8217;attente de St Pierre<br \/>\nDans la t\u00eate (c&#8217;est)<br \/>\nDans la t\u00eate ou sur la t\u00eate<br \/>\nDans la vie priv\u00e9e<br \/>\nDans la ville<br \/>\nDans l&#8217;anonymat<br \/>\nDans le chapeau<br \/>\nDans le creux de la vague<br \/>\nDans le fond d&#8217;une grotte<br \/>\nDans le grenier<br \/>\nDans le peloton de t\u00eate<br \/>\nDans le r\u00e9troviseur de ma mobylette<br \/>\nDans le temple, c\u2019est silence!<br \/>\nDans le tiroir de la commode<br \/>\nDans le ventre d&#8217;une l\u00e9gende<br \/>\nDans le vif du sujet<br \/>\nDans les bas-fonds de Honk-Hong<br \/>\nDans les bras de Morph\u00e9e<br \/>\nDans les brumes du Gange<br \/>\nDans les chardons, les ronces et les orties<br \/>\nDans les cordes<br \/>\nDans les \u00e9toiles<br \/>\nDans les fjords immenses<br \/>\nDans les rires du ciel<br \/>\nDans les vapes<br \/>\nDans les vapeurs de l&#8217;alcool<br \/>\nDans l&#8217;ombre<br \/>\nDans mon bain avec un bon livre<br \/>\nDans mon zoo, il n\u2019y a que des tigres<br \/>\nDans un aquarium<br \/>\nDans un laboratoire pr\u00e8s de chez-vous<br \/>\nDans un monde alternatif<br \/>\nDans un tourbillon de nobles sentiments<br \/>\nDans une profonde grotte<br \/>\nDanse avec la vie<br \/>\nDanse des mots (la)<br \/>\nDanse du soleil (la)<br \/>\nDanse guerri\u00e8re*<br \/>\nDe concert<br \/>\nDe fil en aiguille<br \/>\nDe la part du dauphin<br \/>\nDe la part du dauphin<br \/>\nDe la plage, \u00e0 l&#8217;est du village, on aper\u00e7oit un temple&#8230;<br \/>\nDe la r\u00e9signation \u00e0 l&#8217;espoir<br \/>\nDe la terre aux \u00e9toiles<br \/>\nDe la trag\u00e9die au vaudeville<br \/>\nDe la vodka dans le&#8230;<br \/>\nDe l&#8217;\u00e9volution \u00e0 la condition de la femme<br \/>\nDe ma soeur sa main la demande<br \/>\nDe notre envoy\u00e9 sp\u00e9cial<br \/>\nDe notre envoy\u00e9 sp\u00e9cial au mus\u00e9e Gr\u00e9vin<br \/>\nDe notre mieux<br \/>\nDe quoi je me m\u00eale<br \/>\nDe retour \u00e0 h<br \/>\nDe se tendres liens<br \/>\nDe tous les peuples de la Gaule<br \/>\nDe tous les peuples de l&#8217;empire&#8230;<br \/>\nDe toute justesse<br \/>\nDealer d&#8217;opinion<br \/>\nD\u00e9banaliser les pr\u00e9ludes<br \/>\nD\u00e9banaliser les pr\u00e9ludes<br \/>\nD\u00e9barcadaire huit<br \/>\nD\u00e9bat de soci\u00e9t\u00e9<br \/>\nDebout<br \/>\nD\u00e9bris de boisson (le)<br \/>\nD\u00e9but de communication (un)<br \/>\nD\u00e9calage horaire<br \/>\nD\u00e9callage horaire<br \/>\nD\u00e9chirure<br \/>\nD\u00e9cision difficile \u00e0 prendre (une)<br \/>\nD\u00e9cisions de l&#8217;\u00e9t\u00e9<br \/>\nD\u00e9claration d&#8217;amour<br \/>\nD\u00e9clic<br \/>\nD\u00e9clic de la claque (le)<br \/>\nD\u00e9codage<br \/>\nD\u00e9confiture<br \/>\nD\u00e9contraction absolue<br \/>\nD\u00e9cor dantesque*<br \/>\nD\u00e9couverte d\u2019un dinosaure<br \/>\nD\u00e9couverte d\u2019une mine de ketchup<br \/>\nD\u00e9couverte de la libert\u00e9<br \/>\nD\u00e9couverte exceptionnelle<br \/>\nD\u00e9couverte un rien sal\u00e9e<br \/>\nD\u00e9fense de s&#8217;afficher<br \/>\nD\u00e9fi de Fifi (le)<br \/>\nD\u00e9fil\u00e9 de mode<br \/>\nD\u00e9gats innestimables (des)<br \/>\nD\u00e9gustation maison<br \/>\nDehors la temp\u00eate fait rage<br \/>\nD\u00e9j\u00e0 un classique<br \/>\nD\u00e9jeuner en paix<br \/>\nD\u00e9lai minuscule (un)<br \/>\nDelfinarium<br \/>\nD\u00e9licatement envelopp\u00e9<br \/>\nD\u00e9licatesse du style (la)<br \/>\nD\u00e9licieux pr\u00e9cipice (un)<br \/>\nD\u00e9lire d&#8217;un pacifiste (le)<br \/>\nD\u00e9lit mineur<br \/>\nDemain c\u2019est trop tard<br \/>\nDemain enfin J\u00e9rusalem<br \/>\nDemain, je lui parlerai<br \/>\nDemain, la pension<br \/>\nDemande masseuse, m\u00eame d\u00e9butante<br \/>\nDemande par jour (une)<br \/>\nD\u00e9maquillage<br \/>\nD\u00e9marrage en deux temps<br \/>\nD\u00e9masqu\u00e9<br \/>\nD\u00e9m\u00e9nagements<br \/>\nD\u00e9m\u00e9nageons<br \/>\nDemi-si\u00e8cle de lune de miel (un)* (2)<br \/>\nDemoiselle aux deux regards (la)<br \/>\nDemoiselles de chiffon (les)<br \/>\nD\u00e9mons et merveilles<br \/>\nD\u00e9monstration triviale<br \/>\nDeng Xiao Ping, mon voisin<br \/>\nDeni-mots (\u00e0)*<br \/>\nDentier d\u2019acier<br \/>\nD\u00e9paysement garanti<br \/>\nD\u00e9p\u00eache de derni\u00e8re minute<br \/>\nD\u00e9pistage<br \/>\nD\u00e9possession (La)<br \/>\nD\u00e9potoir communal (sur le)<br \/>\nD\u00e9pression nerveuse<br \/>\nD\u00e9rangement t\u00e9l\u00e9phonique<br \/>\nD\u00e9rapage<br \/>\nD\u00e9rapage incontr\u00f4l\u00e9<br \/>\nDernier coup de marteau<br \/>\nDernier des justes (le)<br \/>\nDernier ouvrage<br \/>\nDernier refuge (Le)<br \/>\nDernier repas (le)<br \/>\nDernier round*<br \/>\nDernier sauvage (le)<br \/>\nDernier soir de mon enfance (le)*<br \/>\nDernier soupir dans les \u00e9toiles (un)<br \/>\nDernier spectacle au Cirque des \u00c9toiles<br \/>\nDernier spectacle du cirque Zamouza (Le)<br \/>\nDernier spectacle du cirque Zazari\u00b0<br \/>\nDernier tour de piste<br \/>\nDernier voyage (le)<br \/>\nDerni\u00e8re allumette (la)<br \/>\nDerni\u00e8re auberge du voyageur (la)*<br \/>\nDerni\u00e8re cha\u00eene (La)<br \/>\nDerni\u00e8re chance<br \/>\nDerni\u00e8re cigarette (la)<br \/>\nDerni\u00e8re douloureuse<br \/>\nDerni\u00e8re \u00e9pave (La)<br \/>\nDerni\u00e8re goutte d\u2019eau<br \/>\nDerni\u00e8re journ\u00e9e sur terre de Fernand Gazou (la)<br \/>\nDerni\u00e8re ligne droite<br \/>\nDerni\u00e8re ligne droite (la)<br \/>\nDerni\u00e8re livraison<br \/>\nDerni\u00e8re nuit de la terre (la)<br \/>\nDerni\u00e8re promenade sans haine<br \/>\nDerni\u00e8re province (la)<br \/>\nDerni\u00e8re retouche (ANNULE)<br \/>\nDerni\u00e8re semaine<br \/>\nDerni\u00e8re tartine (La)<br \/>\nDerniers humains (Les)<br \/>\nDerniers jours de la for\u00eat (Les)<br \/>\nDerri\u00e8re la vitre de l\u2019aquarium<br \/>\nDerri\u00e8re le mur bleu<br \/>\nDerri\u00e8re le strass, le stress<br \/>\nDerri\u00e8re l&#8217;\u00e9glise<br \/>\nDerri\u00e8re les barreaux<br \/>\nDerri\u00e8re l&#8217;obscurit\u00e9<br \/>\nDes arbres pour faire joli<br \/>\nDes boucliers de porcelaines<br \/>\nDes bruits dans la cuisine<br \/>\nDes chiffres et des lettres<br \/>\nDes gens comme il faut<\/p>\n<hr \/>\n<h2>Obtenez les 5557 th\u00e8mes dans un seul fichier<\/h2>\n<p>Pour obtenir tous les th\u00e8mes d&#8217;improvisation dans un seul fichier Excel, veuillez faire parvenir un don de 2 $ \u00e0 la communaut\u00e9 Dramaction, nous vous enverrons par courriel le ficheir afin de faciliter votre vie !<br \/>\n<div class=\"woocommerce \"><div class=\"products row columns-4\">\n<div class=\"col-md-3 col-sm-6 product type-product post-3792 status-publish first instock product_cat-exercices-et-ressources has-post-thumbnail featured downloadable sold-individually shipping-taxable purchasable product-type-simple\">\n\t<div class=\"project-item margin-bottom-20\">\n\t\t\t<figure>\n\t\t\t<a href=\"https:\/\/www.dramaction.qc.ca\/fr\/produit\/5557-titre-dimprovisation-de-dramaction\/\">\n\t\t\t\t<img decoding=\"async\" width=\"200\" height=\"200\" src=\"https:\/\/www.dramaction.qc.ca\/fr\/wp-content\/uploads\/2016\/12\/AdobeStock_56203799-200x200.jpeg\" class=\"attachment-woocommerce_thumbnail size-woocommerce_thumbnail\" alt=\"5557 titres d&#039;improvisation de Dramaction\" srcset=\"https:\/\/www.dramaction.qc.ca\/fr\/wp-content\/uploads\/2016\/12\/AdobeStock_56203799-200x200.jpeg 200w, https:\/\/www.dramaction.qc.ca\/fr\/wp-content\/uploads\/2016\/12\/AdobeStock_56203799-100x100.jpeg 100w, https:\/\/www.dramaction.qc.ca\/fr\/wp-content\/uploads\/2016\/12\/AdobeStock_56203799-150x150.jpeg 150w, https:\/\/www.dramaction.qc.ca\/fr\/wp-content\/uploads\/2016\/12\/AdobeStock_56203799-300x300.jpeg 300w, https:\/\/www.dramaction.qc.ca\/fr\/wp-content\/uploads\/2016\/12\/AdobeStock_56203799-1024x1024.jpeg 1024w\" sizes=\"(max-width: 200px) 100vw, 200px\" \/>\t\t\t<\/a>\n\t\t<\/figure>\n\t\t<div class=\"info\">\t\n\t\t\t<p class=\"product-title\">\n\t\t\t\t<a href=\"https:\/\/www.dramaction.qc.ca\/fr\/produit\/5557-titre-dimprovisation-de-dramaction\/\">\t\t\n\t\t\t\t\t5557 titres d&#8217;improvisation de Dramaction\t\t\t\t<\/a>\n\t\t\t<\/p>\n\t\t\t<div class=\"star-rating\" role=\"img\" aria-label=\"Note 5.00 sur 5\"><span style=\"width:100%\">Note <strong class=\"rating\">5.00<\/strong> sur 5<\/span><\/div>\n\t<span class=\"price\"><span class=\"woocommerce-Price-amount amount\"><bdi><span class=\"woocommerce-Price-currencySymbol\">&#36;<\/span>2.00<\/bdi><\/span><\/span>\n<a href=\"\/fr\/wp-json\/wp\/v2\/pages\/1564?add-to-cart=3792\" aria-describedby=\"woocommerce_loop_add_to_cart_link_describedby_3792\" data-quantity=\"1\" class=\"button product_type_simple add_to_cart_button ajax_add_to_cart\" data-product_id=\"3792\" data-product_sku=\"\" aria-label=\"Ajouter au panier\u00a0: &ldquo;5557 titres d&#039;improvisation de Dramaction&rdquo;\" rel=\"nofollow\" data-success_message=\"\u00ab\u00a05557 titres d&#039;improvisation de Dramaction\u00a0\u00bb a \u00e9t\u00e9 ajout\u00e9 \u00e0 votre panier\" role=\"button\">Ajouter au panier<\/a>\t<span id=\"woocommerce_loop_add_to_cart_link_describedby_3792\" class=\"screen-reader-text\">\n\t\t\t<\/span>\n\t\t\t\n\t\t<\/div>\t\n\t<\/div>\t\n<\/div>\n<\/div>\n<\/div>\n<p>Merci de contribuer au succ\u00e8s de ce site !<\/p>\n<hr \/>\n<p>Des lunettes pour les animaux<br \/>\nDes odeurs suspectes<br \/>\nDes phares dans la nuit<br \/>\nD\u00e8s potron-minet<br \/>\nDescendant du walkman (le)<br \/>\nDescendant le Nil (en)<br \/>\nDescente infernale<br \/>\nD\u00e9sert dans le gymnase<br \/>\nD\u00e9sespoir policier<br \/>\nD\u00e9sir ardent<br \/>\nD\u00e9sir proven\u00e7al<br \/>\nDessert nocturne<br \/>\nDessinatrice myope (la)<br \/>\nDessous de table<br \/>\nDessous le strass, le stress<br \/>\nD&#8217;est en ouest<br \/>\nDestin de pionni\u00e8re (un)<br \/>\nDestins contrari\u00e9s<br \/>\nDestins parall\u00e8les<br \/>\nDestruction de la propri\u00e9t\u00e9 publique<br \/>\nD\u00e9tails et minutie<br \/>\nD\u00e9tecteur de v\u00e9rit\u00e9s<br \/>\nD\u00e9termin\u00e9 \u00e0 y passer la nuit<br \/>\nD\u00e9testable<br \/>\nD\u00e9tournement<br \/>\nD\u00e9trousseurs d&#8217;\u00e9paves<br \/>\nDette pour m\u00e9tier (La)<br \/>\nDeux centim\u00e8tres pr\u00e8s (\u00e0)<br \/>\nDeux clochers pour un village<br \/>\nDeux coeurs et quatre mains<br \/>\nDeux dindons sauvages<br \/>\nDeux \u00e9l\u00e9phants \u00e0 la di\u00e8te<br \/>\nDeux explications valent mieux qu&#8217;une<br \/>\nDeux femmes, deux destins, deux combats<br \/>\nDeux grandes oreilles et une carotte<br \/>\nDeux hommes (mes)*<br \/>\nDeux hommes et un destin<br \/>\nDeux kilos de moules<br \/>\nDeux modes de vie sur un quai de m\u00e9tro<br \/>\nDeux mots avant l&#8217;infini*<br \/>\nDeux moutards huit ans plus tard<br \/>\nDeux p\u00e9riodes bien distinctes<br \/>\nDeux pistolets, trois sequins n&#8217;est pas fortune pour un ancien<br \/>\nDeux poids, deux mesures*<br \/>\nDeux pour cent de Belges<br \/>\nDeux voix, deux mesures<br \/>\nDeuxi\u00e8me (mon)*<br \/>\nDeuxi\u00e8me \u00e9toile \u00e0 gauche puis droit devant jusqu&#8217;au matin<br \/>\nDevant le feu de bois<br \/>\nDevenez propri\u00e9taire<br \/>\nDevises<br \/>\nD\u00e9voil\u00e9es<br \/>\nD\u00e9voilement<br \/>\nDevoir d&#8217;archivage<br \/>\nDevoir de d\u00e9sob\u00e9issance<br \/>\nDiab\u00e9tique \u00e0 la cabane \u00e0 sucre<br \/>\nDiad\u00e8me de la Joconde (le)<br \/>\nDialogue \u00e0 trois variations<br \/>\nDialogues de puces<br \/>\nDialogues nuls mais sinc\u00e8res<br \/>\nDiamant noir (le)<br \/>\nDiaments sont paternels (les)<br \/>\nDidier Durand, d\u00e9corateur<br \/>\nDifficile d&#8217;arr\u00eater de fumer<br \/>\nDifficile d&#8217;imaginer mieux<br \/>\nDifficile et patiente enqu\u00eate pour rechercher l&#8217;intelligence(la)<br \/>\nDifficile le chemin qui m\u00e8ne \u00e0 toi<br \/>\nDifficult\u00e9 de l&#8217;anodin (de)<br \/>\nDimanche (Le)<br \/>\nDimanche apr\u00e8s la guerre (un)<br \/>\nDimanche c&#8217;est sacr\u00e9 (le)<br \/>\nDimanche dans les \u00e9gouts (un)<br \/>\nDimanche maudit<br \/>\nD\u00eener \u00e0 l&#8217;aveuglette (un)<br \/>\nD\u00eener officiel (Un)<br \/>\nDirect de la source (en)*<br \/>\nDirection la porte SSparde<br \/>\nDis \u00e0 ta femme que\u2026<br \/>\nDiscipline d&#8217;acier (une)<br \/>\nDiscours autour d&#8217;un sanglier*<br \/>\nDiscours muscl\u00e9<br \/>\nDiscours peu convaincant<br \/>\nDiscrimination positive<br \/>\nDispersion ordonn\u00e9e<br \/>\nDispute avec des mots aimables (une)<br \/>\nDispute chez la coiffeuse<br \/>\nDissuasion*<br \/>\nDites A<br \/>\nDites AH<br \/>\nDites-le avec des fleurs<br \/>\nDivins secrets (les)<br \/>\nDivorce \u00e0 l&#8217;italienne<br \/>\nDix ans d\u00e9j\u00e0<br \/>\nDix ans qu&#8217;on p\u00eache le hareng<br \/>\nDix minutes par jour<br \/>\nDix minutes par jour<br \/>\nDix petits maigres (les)<br \/>\nDix pour cent de risque<br \/>\nDix r\u00e9pliques du Misanthrope<br \/>\nDix-huiti\u00e8me jour, les pluies torrentielles ralentissaient l&#8217;avanc\u00e9e de l&#8217;exp\u00e9dition (le)<br \/>\nDix-huiti\u00e8me trou (le)<br \/>\nDixi\u00e8me bain, dixi\u00e8me whisky<br \/>\nDocteur, docteur, on a un probl\u00e8me<br \/>\nDomaine des g\u00e9ants (le)<br \/>\nDompteurs de vent (les)<br \/>\nDon du Roi et de la Reine<br \/>\nDonjons et poupons<br \/>\nDos au mur<br \/>\nDouane flottante<br \/>\nDouble casquette<br \/>\nDouble foyer<br \/>\nDouble jeu<br \/>\nDouble tentation<br \/>\nDouce nuit de plus (une)<br \/>\nDoucement gratte le bureaucrate<br \/>\nDouceur \u00e0 l&#8217;\u00e9tat pur (la)<br \/>\nDouceur des mots (la)<br \/>\nDouche (la)<br \/>\nDouche froide<br \/>\nDouleur \u00e9trange venue d&#8217;ailleurs<br \/>\nDouves \u00e9taient vides (les)<br \/>\nDouze bastos dans le calendos<br \/>\nDrache (la)<br \/>\nDragon tatou\u00e9 (le)*<br \/>\nDrame de la jalousie<br \/>\nDrame essentiel de Lancelot du lac (le)<br \/>\nDrame et gloire<br \/>\nDrap noir (avec un)<br \/>\nDrapeau du conquistadore (le)<br \/>\nDroit \u00e0 l&#8217;indiff\u00e9rence (le)<br \/>\nDroit de visites<br \/>\nDroit d&#8217;\u00eatre conforme (le)<br \/>\nDroit d&#8217;\u00eatre gay (Le)<br \/>\nDr\u00f4le d\u2019animal!<br \/>\nDr\u00f4le de drache<br \/>\nDr\u00f4le de maladie (une)<br \/>\nDr\u00f4le de surprise<br \/>\nDr\u00f4le et l\u00e9g\u00e8re<br \/>\nDu d\u00e9sastre au sauvetage<br \/>\nDu fond du bois<br \/>\nDu jamais vu<br \/>\nDu jour au lendemain<br \/>\nDu jus de pomme s\u2019il vous pla\u00eet<br \/>\nDu lait, du sucre et une cuill\u00e8re<br \/>\nDu r\u00e9alisme au surr\u00e9alisme<br \/>\nDu sable dans les dents<br \/>\nDu sang sur les cactus<br \/>\nDuc revient \u00e0 l&#8217;aube (le)<br \/>\nDuel : Air Climatis\u00e9, Chauffage<br \/>\nDuel de g\u00e9n\u00e9ration<br \/>\nDuel de papparazzi<br \/>\nDuel d&#8217;enfants<br \/>\nDuel gazeux<br \/>\nDuel*<br \/>\nDulcicime dulcin\u00e9e<br \/>\nD&#8217;un naturel gentil<br \/>\nD&#8217;une mani\u00e8re rapide et rigoureuse<br \/>\nD&#8217;une pierre deux coups<br \/>\nD&#8217;une vanit\u00e9 \u00e0 l&#8217;autre<br \/>\nDunes de Fiel<br \/>\nDunes de neige<br \/>\nDuo comique<br \/>\nDuo d&#8217;un jour<br \/>\nDuo gagnant (le)<br \/>\nDur mais juste<br \/>\nDura lex, sed lex<br \/>\nDure loi du talon (La)<br \/>\nDynastie des malpropres (la)<\/p>\n","protected":false},"excerpt":{"rendered":"<p>L&#8217;ultime banque de th\u00e8mes !!! D\u00e9couvrez dans ces pages une liste tr\u00e8s compl\u00e8te de th\u00e8mes d&#8217;improvisation ! \u00c0 utiliser sans retenue !!! NAVIGATION : A | B | C | D | E | F | G | H | I | J | K | L | M | N | O | P [&hellip;]<\/p>\n","protected":false},"author":22,"featured_media":0,"parent":422,"menu_order":418,"comment_status":"open","ping_status":"open","template":"","meta":{"footnotes":""},"class_list":["post-1564","page","type-page","status-publish","hentry"],"jetpack_sharing_enabled":true,"_links":{"self":[{"href":"https:\/\/www.dramaction.qc.ca\/fr\/wp-json\/wp\/v2\/pages\/1564","targetHints":{"allow":["GET"]}}],"collection":[{"href":"https:\/\/www.dramaction.qc.ca\/fr\/wp-json\/wp\/v2\/pages"}],"about":[{"href":"https:\/\/www.dramaction.qc.ca\/fr\/wp-json\/wp\/v2\/types\/page"}],"author":[{"embeddable":true,"href":"https:\/\/www.dramaction.qc.ca\/fr\/wp-json\/wp\/v2\/users\/22"}],"replies":[{"embeddable":true,"href":"https:\/\/www.dramaction.qc.ca\/fr\/wp-json\/wp\/v2\/comments?post=1564"}],"version-history":[{"count":0,"href":"https:\/\/www.dramaction.qc.ca\/fr\/wp-json\/wp\/v2\/pages\/1564\/revisions"}],"up":[{"embeddable":true,"href":"https:\/\/www.dramaction.qc.ca\/fr\/wp-json\/wp\/v2\/pages\/422"}],"wp:attachment":[{"href":"https:\/\/www.dramaction.qc.ca\/fr\/wp-json\/wp\/v2\/media?parent=1564"}],"curies":[{"name":"wp","href":"https:\/\/api.w.org\/{rel}","templated":true}]}}