{"id":1554,"date":"2011-01-07T13:31:55","date_gmt":"2011-01-07T18:31:55","guid":{"rendered":"http:\/\/www.dramaction.qc.ca\/fr\/"},"modified":"2017-02-01T08:12:07","modified_gmt":"2017-02-01T13:12:07","slug":"b","status":"publish","type":"page","link":"https:\/\/www.dramaction.qc.ca\/fr\/improvisation\/themes-dimprovisation\/b\/","title":{"rendered":"b"},"content":{"rendered":"<h2>L&#8217;ultime banque de th\u00e8mes !!!<\/h2>\n<p>D\u00e9couvrez dans ces pages une liste tr\u00e8s compl\u00e8te de th\u00e8mes d&#8217;improvisation !\u00a0 \u00c0 utiliser sans retenue !!!<\/p>\n<p><strong>NAVIGATION :<\/strong><\/p>\n<p><a href=\"http:\/\/www.dramaction.qc.ca\/fr\/improvisation\/themes-dimprovisation\/a\/\">A<\/a> | <a href=\"http:\/\/www.dramaction.qc.ca\/fr\/improvisation\/themes-dimprovisation\/b\/\">B<\/a> | <a href=\"http:\/\/www.dramaction.qc.ca\/fr\/improvisation\/themes-dimprovisation\/c\/\">C<\/a> | <a href=\"http:\/\/www.dramaction.qc.ca\/fr\/improvisation\/themes-dimprovisation\/d\/\">D<\/a> | <a href=\"http:\/\/www.dramaction.qc.ca\/fr\/improvisation\/themes-dimprovisation\/e\/\">E<\/a> | <a href=\"http:\/\/www.dramaction.qc.ca\/fr\/improvisation\/themes-dimprovisation\/f\/\">F<\/a> | <a href=\"http:\/\/www.dramaction.qc.ca\/fr\/improvisation\/themes-dimprovisation\/g\/\">G<\/a> | <a href=\"http:\/\/www.dramaction.qc.ca\/fr\/improvisation\/themes-dimprovisation\/h\/\">H<\/a> | <a href=\"http:\/\/www.dramaction.qc.ca\/fr\/improvisation\/themes-dimprovisation\/i\/\">I<\/a> | <a href=\"http:\/\/www.dramaction.qc.ca\/fr\/improvisation\/themes-dimprovisation\/j\/\">J<\/a> | <a href=\"http:\/\/www.dramaction.qc.ca\/fr\/improvisation\/themes-dimprovisation\/k\/\">K<\/a> | <a href=\"http:\/\/www.dramaction.qc.ca\/fr\/improvisation\/themes-dimprovisation\/l\/\">L<\/a> | <a href=\"http:\/\/www.dramaction.qc.ca\/fr\/improvisation\/themes-dimprovisation\/m\/\">M<\/a> | <a href=\"http:\/\/www.dramaction.qc.ca\/fr\/improvisation\/themes-dimprovisation\/n\/\">N<\/a> | <a href=\"http:\/\/www.dramaction.qc.ca\/fr\/improvisation\/themes-dimprovisation\/o\/\">O<\/a> | <a href=\"http:\/\/www.dramaction.qc.ca\/fr\/improvisation\/themes-dimprovisation\/p\/\">P<\/a> | <a href=\"http:\/\/www.dramaction.qc.ca\/fr\/improvisation\/themes-dimprovisation\/q\/\">Q<\/a> | <a href=\"http:\/\/www.dramaction.qc.ca\/fr\/improvisation\/themes-dimprovisation\/r\/\">R<\/a> | <a href=\"http:\/\/www.dramaction.qc.ca\/fr\/improvisation\/themes-dimprovisation\/s\/\">S<\/a> | <a href=\"http:\/\/www.dramaction.qc.ca\/fr\/improvisation\/themes-dimprovisation\/t\/\">T<\/a> | <a href=\"http:\/\/www.dramaction.qc.ca\/fr\/improvisation\/themes-dimprovisation\/u\/\">U<\/a> | <a href=\"http:\/\/www.dramaction.qc.ca\/fr\/improvisation\/themes-dimprovisation\/v\/\">V<\/a> | <a href=\"http:\/\/www.dramaction.qc.ca\/fr\/improvisation\/themes-dimprovisation\/w\/\">W<\/a> | <a href=\"http:\/\/www.dramaction.qc.ca\/fr\/improvisation\/themes-dimprovisation\/x\/\">X<\/a> | <a href=\"http:\/\/www.dramaction.qc.ca\/fr\/improvisation\/themes-dimprovisation\/y\/\">Y<\/a> | <a href=\"http:\/\/www.dramaction.qc.ca\/fr\/improvisation\/themes-dimprovisation\/z\/\">Z<\/a><\/p>\n<hr \/>\n<p>B.A.<br \/>\nB.A. ba du Baobab (le)<br \/>\nB.A. ba du Baobab (le)<br \/>\nBabil et fum\u00e9e<br \/>\nBabil et fum\u00e9e<br \/>\nBache plastique<br \/>\nBache plastique<br \/>\nBadinage b\u00fbcheron<br \/>\nBadinage b\u00fbcheron<br \/>\nBafouillages<br \/>\nBafouillages<br \/>\nBains turcs (les)<br \/>\nBaiser de la mort (le)<br \/>\nBaisers cach\u00e9s<br \/>\nBal des d\u00e9butants (Le)<br \/>\nBal des d\u00e9masqu\u00e9s (le)<br \/>\nBal des vampires (le)<br \/>\nBallade des gros dindons (la)<br \/>\nBallade des pendus<br \/>\nBallade du caf\u00e9 triste (la)<br \/>\nBallade lyrique<br \/>\nBallade meurtri\u00e8re<br \/>\nBallade pour un bleu<br \/>\nBalle dans le ventre<br \/>\nBallons<br \/>\nBanc des vieux (le)<br \/>\nBanc d&#8217;essai<br \/>\nBanc d&#8217;essai<br \/>\nBanque du souvenir (la)<br \/>\nBanquet des inventeurs (le)*<br \/>\nBanquet du gal\u00e9rien (le)<br \/>\nBapt\u00eame du feu (Le)<br \/>\nBapt\u00eame du petit Charles-Henri-Emmanuel<br \/>\nBapt\u00eame et messe basse<br \/>\nBar des flots flous<br \/>\nBaraka (la)<br \/>\nBardait ce soir-l\u00e0 chez les trappistes (\u00e7a)*<br \/>\nBarouf \u00e0 Laeken<br \/>\nBarque sur l&#8217;Ambl\u00e8ve (une)<br \/>\nBarrage routier<br \/>\nBasse saison<br \/>\nBataille de chiffres<br \/>\nBataille de Waterzooi (la)<br \/>\nBateau ivre<br \/>\nBateau louche (le)<br \/>\nBatisseurs de cath\u00e9drales (les)<br \/>\nBatisseurs de papier (les)<br \/>\nB\u00e2tisseurs de ponts (Les)<br \/>\nB\u00e2ton rouge<br \/>\nBeau cancer (un)<br \/>\nBeau captif (le)<br \/>\nBeau contrat (un)<br \/>\nBeau dimanche \u00e0 Barvaux (un)<br \/>\nBeau dimanche \u00e0 Blankenberghe (un)<br \/>\nBeau jour (un)<br \/>\nBeau quart de tarte au flan (un)<br \/>\nBeaucoup de bruit pour rien*<br \/>\nBeaucoup d&#8217;\u00e9tonnement sur la c\u00f4te ouest<br \/>\nBeau-p\u00e8re<br \/>\nBeaut\u00e9 du crime (La)<br \/>\nBeaut\u00e9 d&#8217;une journ\u00e9e (la)<br \/>\nBeaut\u00e9 formelle du quotidien (la)<br \/>\nBeaut\u00e9 perdue<br \/>\nB\u00e9b\u00e9 a disparu (le)<br \/>\nB\u00e9b\u00e9 \u00e0 l\u2019universit\u00e9<br \/>\nB\u00e9b\u00e9 a le hoquet<br \/>\nB\u00e9b\u00e9 \u00e0 vendre<br \/>\nB\u00e9b\u00e9s press\u00e9s<br \/>\nBeersel \u00e0 Reet (de)<br \/>\nB\u00e9k\u00e9 bobo<br \/>\nBel Antonio (le)*<br \/>\nBelgathon (le)<br \/>\nBelges parlent aux belges (les)<br \/>\nBelgique de demain (la)<br \/>\nBelle action<br \/>\nBelle au couvent (la)<br \/>\nBelle construction<br \/>\nBelle du lac (la)<br \/>\nBelle et le savant (la)<br \/>\nBelle journ\u00e9e de juin (par une)<br \/>\nBelle premi\u00e8re moisson (Une)<br \/>\nBelv\u00e9d\u00e8re (le)*<br \/>\nBerceau de la joie (le)<br \/>\nB\u00e9r\u00e9zina (La)<br \/>\nBertha et le flave pey<br \/>\nBesoin d&#8217;affection<br \/>\nBesoin de certitudes<br \/>\nBesoin de solitude<br \/>\nBesoin des autres (le)<br \/>\nBesoin pressant<\/p>\n<hr \/>\n<h2>Obtenez les 5557 th\u00e8mes dans un seul fichier<\/h2>\n<p>Pour obtenir tous les th\u00e8mes d&#8217;improvisation dans un seul fichier Excel, veuillez faire parvenir un don de 2 $ \u00e0 la communaut\u00e9 Dramaction, nous vous enverrons par courriel le ficheir afin de faciliter votre vie !<br \/>\n<div class=\"woocommerce \"><div class=\"products row columns-4\">\n<div class=\"col-md-3 col-sm-6 product type-product post-3792 status-publish first instock product_cat-exercices-et-ressources has-post-thumbnail featured downloadable sold-individually shipping-taxable purchasable product-type-simple\">\n\t<div class=\"project-item margin-bottom-20\">\n\t\t\t<figure>\n\t\t\t<a href=\"https:\/\/www.dramaction.qc.ca\/fr\/produit\/5557-titre-dimprovisation-de-dramaction\/\">\n\t\t\t\t<img decoding=\"async\" width=\"200\" height=\"200\" src=\"https:\/\/www.dramaction.qc.ca\/fr\/wp-content\/uploads\/2016\/12\/AdobeStock_56203799-200x200.jpeg\" class=\"attachment-woocommerce_thumbnail size-woocommerce_thumbnail\" alt=\"5557 titres d&#039;improvisation de Dramaction\" srcset=\"https:\/\/www.dramaction.qc.ca\/fr\/wp-content\/uploads\/2016\/12\/AdobeStock_56203799-200x200.jpeg 200w, https:\/\/www.dramaction.qc.ca\/fr\/wp-content\/uploads\/2016\/12\/AdobeStock_56203799-100x100.jpeg 100w, https:\/\/www.dramaction.qc.ca\/fr\/wp-content\/uploads\/2016\/12\/AdobeStock_56203799-150x150.jpeg 150w, https:\/\/www.dramaction.qc.ca\/fr\/wp-content\/uploads\/2016\/12\/AdobeStock_56203799-300x300.jpeg 300w, https:\/\/www.dramaction.qc.ca\/fr\/wp-content\/uploads\/2016\/12\/AdobeStock_56203799-1024x1024.jpeg 1024w\" sizes=\"(max-width: 200px) 100vw, 200px\" \/>\t\t\t<\/a>\n\t\t<\/figure>\n\t\t<div class=\"info\">\t\n\t\t\t<p class=\"product-title\">\n\t\t\t\t<a href=\"https:\/\/www.dramaction.qc.ca\/fr\/produit\/5557-titre-dimprovisation-de-dramaction\/\">\t\t\n\t\t\t\t\t5557 titres d&#8217;improvisation de Dramaction\t\t\t\t<\/a>\n\t\t\t<\/p>\n\t\t\t<div class=\"star-rating\" role=\"img\" aria-label=\"Note 5.00 sur 5\"><span style=\"width:100%\">Note <strong class=\"rating\">5.00<\/strong> sur 5<\/span><\/div>\n\t<span class=\"price\"><span class=\"woocommerce-Price-amount amount\"><bdi><span class=\"woocommerce-Price-currencySymbol\">&#36;<\/span>2.00<\/bdi><\/span><\/span>\n<a href=\"\/fr\/wp-json\/wp\/v2\/pages\/1554?add-to-cart=3792\" aria-describedby=\"woocommerce_loop_add_to_cart_link_describedby_3792\" data-quantity=\"1\" class=\"button product_type_simple add_to_cart_button ajax_add_to_cart\" data-product_id=\"3792\" data-product_sku=\"\" aria-label=\"Ajouter au panier\u00a0: &ldquo;5557 titres d&#039;improvisation de Dramaction&rdquo;\" rel=\"nofollow\" data-success_message=\"\u00ab\u00a05557 titres d&#039;improvisation de Dramaction\u00a0\u00bb a \u00e9t\u00e9 ajout\u00e9 \u00e0 votre panier\" role=\"button\">Ajouter au panier<\/a>\t<span id=\"woocommerce_loop_add_to_cart_link_describedby_3792\" class=\"screen-reader-text\">\n\t\t\t<\/span>\n\t\t\t\n\t\t<\/div>\t\n\t<\/div>\t\n<\/div>\n<\/div>\n<\/div>\n<p>Merci de contribuer au succ\u00e8s de ce site !<\/p>\n<hr \/>\n<p>B\u00eate accident (un)<br \/>\nB\u00eate comme chou<br \/>\nB\u00eatises ador\u00e9es<br \/>\nBeulemans, notre papa \u00e0 tous<br \/>\nBiberon intellectuel<br \/>\nBiblioth\u00e9caire de Rugby (le)<br \/>\nBien beau mariage (un)<br \/>\nBien beau spectacle (un)<br \/>\nBien encadr\u00e9<br \/>\nBient\u00f4t chez vous<br \/>\nBient\u00f4t Dakar<br \/>\nBienvenue \u00e0 l\u2019H\u00f4tel \u00ab \u00c7a fait dur \u00bb<br \/>\nBienvenue aux n\u00e9vros\u00e9s chroniques<br \/>\nBienvenue chez Tony Ravioli<br \/>\nBienvenue dans la ronde<br \/>\nBienvenue dans mon monde<br \/>\nBi\u00e8re b\u00e9nite<br \/>\nBi\u00e8re pr\u00e9cieuse<br \/>\nBig bug (le)<br \/>\nBilan<br \/>\nBilan atroce<br \/>\nBilan est plut\u00f4t bon (Le)<br \/>\nBilly tiroir-caisse<br \/>\nBinam\u00e9 bon Dieu<br \/>\nBingo extr\u00eame<br \/>\nBiographie des Dieux (la)<br \/>\nBis<br \/>\nBlanc N\u00e9pal<br \/>\nBlessures d&#8217;homme<br \/>\nBleu comme une orange<br \/>\nBleu, jaune, rouge<br \/>\nBleut\u00e9 du cr\u00e9puscule (dans le)*<br \/>\nBlockhaus Marguerite<br \/>\nBlocus<br \/>\nBlonde<br \/>\nBlues de l&#8217;astronome (le)<br \/>\nBlues des crocodiles (le)<br \/>\nBob<br \/>\nBody-building<br \/>\nBois de notre cercueil se trouve d\u00e9j\u00e0 dans une for\u00eat (Le)<br \/>\nBois et d&#8217;ardoise (de)<br \/>\nBo\u00eete \u00e0 photos<br \/>\nBo\u00eete \u00e0 questions<br \/>\nBo\u00eete noire (La)<br \/>\nBolides en randonn\u00e9e<br \/>\nBombe \u00e0 retardement<br \/>\nBon usage (Le)<br \/>\nBonheur au petit d\u00e9jeuner (le)<br \/>\nBonheur des chineurs (au)<br \/>\nBonheur des ogres (Au)<br \/>\nBonheur des simples (le)<br \/>\nBonheur des tristes (le)<br \/>\nBonheur en horreur (le)<br \/>\nBonheur est dans l&#8217;escalier (le)<br \/>\nBonheur v\u00e9nitien*<br \/>\nBonjour d&#8217;Alfred (le)<br \/>\nBonjour l\u00e9gumes, adieu fortune<br \/>\nBonne affaire (la)<br \/>\nBonne ann\u00e9e<br \/>\nBonne constitution (de)<br \/>\nBonne d\u00e9finition (la)<br \/>\nBonne franquette (\u00e0 la )<br \/>\nBonne nouvelle des \u00e9toiles<br \/>\nBonne nouvelle pour tous ceux qui souffrent<br \/>\nBonne planque (la)<br \/>\nBonne poire (une)<br \/>\nBonne raison<br \/>\nBonne raison de ne pas regretter (une)<br \/>\nBonne raison de se battre (une)<br \/>\nBonnes adresses (les)<br \/>\nBons amis<br \/>\nBons et les mauvais (Les)<br \/>\nBons noirs (les)<br \/>\nBotte secr\u00e8te (la)<br \/>\nBouc (le)<br \/>\nBouchant les trous(en)<br \/>\nBoucher de Malines (le)<br \/>\nBouddha en Wallonie<br \/>\nBouf bourguignon, c&#8217;est moi (le)<br \/>\nBouge-toi de mon soleil<br \/>\nBoule dans la gorge (une)<br \/>\nBoum de Jo\u00eblle (la)<br \/>\nBouquet final (le)*<br \/>\nBourdon bougon (le)<br \/>\nBourreaux impunis<br \/>\nBourse aux illusions perdues<br \/>\nBousculade (la)<br \/>\nBout des doigts (du)<br \/>\nBout du couloir (au)<br \/>\nBout du monde ne tourne pas rond (le)<br \/>\nBout du tunnel (le)<br \/>\nBouteille de l&#8217;espoir (la)<br \/>\nBoutique de la denteli\u00e8re (la)<br \/>\nBoutique des pouvoirs (la)<br \/>\nBouton mal plac\u00e9 (un)<br \/>\nBouton vagabond (le)<br \/>\nBoutonn\u00e9 jusqu\u2019aux yeux<br \/>\nBras de fer<br \/>\nBras de fer<br \/>\nBras droit (le)<br \/>\nBraves gens qui s&#8217;aiment de d\u00e9tester ensemble<br \/>\nBredouille<br \/>\nBretelle ou ceinture?<br \/>\nBr\u00e8ve et radieuse embellie (une)<br \/>\nBricolage maison<br \/>\nBricoleurs de po\u00e9sir (les)<br \/>\nBrigade des zombies (la)<br \/>\nBrigade rose<br \/>\nBrin de folie(un)<br \/>\nBrin de noblesse (un)<br \/>\nBrin d&#8217;\u00e9thique, un zeste de fair-play et tout ira mieux (un)<br \/>\nBrique apr\u00e8s brique<br \/>\nBrise-larmes<br \/>\nBriser la glace<br \/>\nBronzage en bouteille<br \/>\nBrouillard au pont de Lussac<br \/>\nBrouillard au pont de Lussac<br \/>\nBrouillard dans ma t\u00eate (du)<br \/>\nBrouillard et spleen<br \/>\nBruit de couloir<br \/>\nBruit qui court (un)<br \/>\nBr\u00fblure de tapis<br \/>\nBruxelles by night<br \/>\nBruxelles, plat par plat<br \/>\nBruxelles, ville lunaire<br \/>\nBruyant d\u00e9sert<br \/>\nBucheron et la f\u00e9e (le)<br \/>\nBuffet chinois<br \/>\nBugati du cr\u00e9puscule (la)<br \/>\nBulles du bonheur (les)<br \/>\nBulletin de nouvelles pour aveugles<br \/>\nBulletin m\u00e9t\u00e9o<br \/>\nBulletin m\u00e9t\u00e9o<br \/>\nButin de prise<\/p>\n","protected":false},"excerpt":{"rendered":"<p>L&#8217;ultime banque de th\u00e8mes !!! D\u00e9couvrez dans ces pages une liste tr\u00e8s compl\u00e8te de th\u00e8mes d&#8217;improvisation !\u00a0 \u00c0 utiliser sans retenue !!! NAVIGATION : A | B | C | D | E | F | G | H | I | J | K | L | M | N | O | P [&hellip;]<\/p>\n","protected":false},"author":22,"featured_media":0,"parent":422,"menu_order":416,"comment_status":"open","ping_status":"open","template":"","meta":{"footnotes":""},"class_list":["post-1554","page","type-page","status-publish","hentry"],"jetpack_sharing_enabled":true,"_links":{"self":[{"href":"https:\/\/www.dramaction.qc.ca\/fr\/wp-json\/wp\/v2\/pages\/1554","targetHints":{"allow":["GET"]}}],"collection":[{"href":"https:\/\/www.dramaction.qc.ca\/fr\/wp-json\/wp\/v2\/pages"}],"about":[{"href":"https:\/\/www.dramaction.qc.ca\/fr\/wp-json\/wp\/v2\/types\/page"}],"author":[{"embeddable":true,"href":"https:\/\/www.dramaction.qc.ca\/fr\/wp-json\/wp\/v2\/users\/22"}],"replies":[{"embeddable":true,"href":"https:\/\/www.dramaction.qc.ca\/fr\/wp-json\/wp\/v2\/comments?post=1554"}],"version-history":[{"count":0,"href":"https:\/\/www.dramaction.qc.ca\/fr\/wp-json\/wp\/v2\/pages\/1554\/revisions"}],"up":[{"embeddable":true,"href":"https:\/\/www.dramaction.qc.ca\/fr\/wp-json\/wp\/v2\/pages\/422"}],"wp:attachment":[{"href":"https:\/\/www.dramaction.qc.ca\/fr\/wp-json\/wp\/v2\/media?parent=1554"}],"curies":[{"name":"wp","href":"https:\/\/api.w.org\/{rel}","templated":true}]}}