{"id":1552,"date":"2011-01-07T13:30:26","date_gmt":"2011-01-07T18:30:26","guid":{"rendered":"http:\/\/www.dramaction.qc.ca\/fr\/"},"modified":"2017-02-01T08:12:02","modified_gmt":"2017-02-01T13:12:02","slug":"a","status":"publish","type":"page","link":"https:\/\/www.dramaction.qc.ca\/fr\/improvisation\/themes-dimprovisation\/a\/","title":{"rendered":"a"},"content":{"rendered":"<h2>L&#8217;ultime banque de th\u00e8mes !!!<\/h2>\n<p>D\u00e9couvrez dans ces pages une liste tr\u00e8s compl\u00e8te de th\u00e8mes d&#8217;improvisation !\u00a0 \u00c0 utiliser sans retenue !!!<\/p>\n<p><strong>NAVIGATION :<\/strong><\/p>\n<p><a href=\"http:\/\/www.dramaction.qc.ca\/fr\/improvisation\/themes-dimprovisation\/a\/\">A<\/a> | <a href=\"http:\/\/www.dramaction.qc.ca\/fr\/improvisation\/themes-dimprovisation\/b\/\">B<\/a> | <a href=\"http:\/\/www.dramaction.qc.ca\/fr\/improvisation\/themes-dimprovisation\/c\/\">C<\/a> | <a href=\"http:\/\/www.dramaction.qc.ca\/fr\/improvisation\/themes-dimprovisation\/d\/\">D<\/a> | <a href=\"http:\/\/www.dramaction.qc.ca\/fr\/improvisation\/themes-dimprovisation\/e\/\">E<\/a> | <a href=\"http:\/\/www.dramaction.qc.ca\/fr\/improvisation\/themes-dimprovisation\/f\/\">F<\/a> | <a href=\"http:\/\/www.dramaction.qc.ca\/fr\/improvisation\/themes-dimprovisation\/g\/\">G<\/a> | <a href=\"http:\/\/www.dramaction.qc.ca\/fr\/improvisation\/themes-dimprovisation\/h\/\">H<\/a> | <a href=\"http:\/\/www.dramaction.qc.ca\/fr\/improvisation\/themes-dimprovisation\/i\/\">I<\/a> | <a href=\"http:\/\/www.dramaction.qc.ca\/fr\/improvisation\/themes-dimprovisation\/j\/\">J<\/a> | <a href=\"http:\/\/www.dramaction.qc.ca\/fr\/improvisation\/themes-dimprovisation\/k\/\">K<\/a> | <a href=\"http:\/\/www.dramaction.qc.ca\/fr\/improvisation\/themes-dimprovisation\/l\/\">L<\/a> | <a href=\"http:\/\/www.dramaction.qc.ca\/fr\/improvisation\/themes-dimprovisation\/m\/\">M<\/a> | <a href=\"http:\/\/www.dramaction.qc.ca\/fr\/improvisation\/themes-dimprovisation\/n\/\">N<\/a> | <a href=\"http:\/\/www.dramaction.qc.ca\/fr\/improvisation\/themes-dimprovisation\/o\/\">O<\/a> | <a href=\"http:\/\/www.dramaction.qc.ca\/fr\/improvisation\/themes-dimprovisation\/p\/\">P<\/a> | <a href=\"http:\/\/www.dramaction.qc.ca\/fr\/improvisation\/themes-dimprovisation\/q\/\">Q<\/a> | <a href=\"http:\/\/www.dramaction.qc.ca\/fr\/improvisation\/themes-dimprovisation\/r\/\">R<\/a> | <a href=\"http:\/\/www.dramaction.qc.ca\/fr\/improvisation\/themes-dimprovisation\/s\/\">S<\/a> | <a href=\"http:\/\/www.dramaction.qc.ca\/fr\/improvisation\/themes-dimprovisation\/t\/\">T<\/a> | <a href=\"http:\/\/www.dramaction.qc.ca\/fr\/improvisation\/themes-dimprovisation\/u\/\">U<\/a> | <a href=\"http:\/\/www.dramaction.qc.ca\/fr\/improvisation\/themes-dimprovisation\/v\/\">V<\/a> | <a href=\"http:\/\/www.dramaction.qc.ca\/fr\/improvisation\/themes-dimprovisation\/w\/\">W<\/a> | <a href=\"http:\/\/www.dramaction.qc.ca\/fr\/improvisation\/themes-dimprovisation\/x\/\">X<\/a> | <a href=\"http:\/\/www.dramaction.qc.ca\/fr\/improvisation\/themes-dimprovisation\/y\/\">Y<\/a> | <a href=\"http:\/\/www.dramaction.qc.ca\/fr\/improvisation\/themes-dimprovisation\/z\/\">Z<\/a><\/p>\n<hr \/>\n<p>\u00c0 boire, \u00e0 boire!<br \/>\nA bord du transib\u00e9rien<br \/>\n\u00c0 bout de bras<br \/>\nA cause de la malbouffe<br \/>\nA cause d&#8217;un rhume*<br \/>\nA cause d&#8217;une bougie<br \/>\nA cause d&#8217;une mouette<br \/>\nA ce stade l\u00e0<br \/>\nA chacun sa l\u00e9gende<br \/>\nA chacun son jardin secret<br \/>\nA chacun son lot&#8230;<br \/>\nA chaque \u00e9tape de la vie<br \/>\nA chaque Valentin sa Valentine<br \/>\nA consommer avant 21h30<br \/>\nA contre courant<br \/>\nA contre pied (A)<br \/>\nA corps et \u00e0 cris<br \/>\n\u00c0 demain<br \/>\nA deux doigts<br \/>\nA deux minutes pr\u00e8s<br \/>\n\u00c0 en perdre le souffle<br \/>\nA femme avare, galant escroc<br \/>\nA fleur de peau<br \/>\nA fleur de peau<br \/>\nA fleurets mouchet\u00e9s<br \/>\nA fond les ballons<br \/>\nA force d&#8217;y croire*<br \/>\n\u00c0 grande vitesse<br \/>\nA hue et \u00e0 dia<br \/>\n\u00c0 l\u2019a\u00e9roport<br \/>\n\u00c0 l\u2019\u00e9chelle du monde<br \/>\n\u00c0 l\u2019heure des poules<br \/>\n\u00c0 l\u2019heure du th\u00e9<br \/>\n\u00c0 l\u2019h\u00f4pital encore une fois<br \/>\n\u00c0 la biblioth\u00e8que du coin<br \/>\n\u00c0 la cabane \u00e0 sucre<br \/>\nA la cri\u00e9e<br \/>\nA la crois\u00e9e des chemins<br \/>\nA la d\u00e9rob\u00e9e<br \/>\n\u00c0 la ferme<br \/>\nA la flamande<br \/>\nA la fois d\u00e9sempar\u00e9 et heureux<br \/>\nA la loupe<br \/>\nA la lumi\u00e8re d&#8217;une certitude<br \/>\nA la lumi\u00e8re d&#8217;une luciole<br \/>\nA la Mer du Nord, un samedi pluvieux<br \/>\nA la pointe de l&#8217;ile<br \/>\n\u00c0 la quincaillerie<br \/>\nA la recherche de la bouillote<br \/>\n\u00c0 la recherche de la perle rose<br \/>\nA la recherche de l&#8217;h\u00e9ritier de l&#8217;empire des Laurant-Duvalier<br \/>\n\u00c0 la recherche de Mimi la Puce<br \/>\nA la recherche de son vocabulaire<br \/>\nA la recherche du canal de Willebroek<br \/>\nA la recherche d&#8217;un cri primal<br \/>\nA la rencontre de nouvelles \u00e9motions<br \/>\nA la renverse<br \/>\nA la soupe<br \/>\n\u00c0 la station de m\u00e9tro<br \/>\nA la suite d&#8217;une longue et p\u00e9nible maladie<br \/>\nA la une, \u00e0 la deux, \u00e0 la trois<br \/>\n\u00c0 la vapeur<br \/>\nA l&#8217;attaque<br \/>\nA l&#8217;aube du grand chambardement<br \/>\nA l&#8217;aveuglette<br \/>\nA l&#8217;\u00e9cole des r\u00e9flexes<br \/>\nA l&#8217;\u00e9coute du monde<br \/>\nA l&#8217;enseigne de la fille sans coeur<br \/>\nA l&#8217;enseigne du cochon qui tousse<br \/>\nA l&#8217;extr\u00eame<br \/>\nA l&#8217;heure de la promenade<br \/>\nA l&#8217;heure de la sieste<br \/>\nA l&#8217;heure du th\u00e9<br \/>\nA l&#8217;ombre des torpilles<br \/>\nA l&#8217;ombre du soleil levant<br \/>\nA mes fr\u00e8res<br \/>\nA mi-chemin<br \/>\nA midi pr\u00e9cise<br \/>\nA moindres frais<br \/>\nA ne pas rater<br \/>\nA nous deux ma belle<br \/>\nA peine sorti de l&#8217;oeuf<br \/>\nA plein r\u00e9gime<br \/>\nA point, bleu ou saignant<br \/>\nA port\u00e9e de voix<br \/>\nA qui la faute?<br \/>\nA quoi bon?<br \/>\nA rebrousse poil<br \/>\nA ticket to Hollywood<br \/>\nA tous les amoureux<br \/>\nA tous les \u00e9tages<br \/>\nA tous les vir\u00e9s, les humili\u00e9s, les exclus<br \/>\n\u00c0 tout rongeur une odeur<br \/>\nA toute allure<br \/>\nA toutes les sauces<br \/>\nA toutes pompes<br \/>\nA travers champs<br \/>\nA travers la vieille ville<br \/>\nA travers le vitrail<br \/>\nA tu et \u00e0 toi<br \/>\nA vaincre sans p\u00e9ril, on triomphe sans gloire<br \/>\n\u00c0 vos ordres capitaine<br \/>\nA vos souhaits<br \/>\nA vos souhaits<br \/>\nA vous couper l&#8217;app\u00e9tit<br \/>\nA.A. (les)<br \/>\nAah! Je me meurs<br \/>\nAarg, paf, pfuite<br \/>\nAbeille en acier dans le coeur (une)<br \/>\nAbominable homme des plages (l&#8217;)<br \/>\nAbominable postulat (l&#8217;)<br \/>\nAbonnement (l&#8217;)<br \/>\nAbonn\u00e9s absents (aux)<br \/>\nAbsent\u00e9\u00efsme<br \/>\nAbsurde rime avec actualit\u00e9<br \/>\nAbsurdit\u00e9 des mots (l&#8217;)<br \/>\nAbus de protection<br \/>\nAccent tonique<br \/>\nAcc\u00e8s interdit<br \/>\nAcc\u00e8s interdit<br \/>\nAccident de chasse<br \/>\nAccident de fourneau<br \/>\nAccident de parcours<br \/>\nAccouchement imminent<br \/>\nAccro de la brosse \u00e0 dents<br \/>\nAccroc<br \/>\nAccros du net ne sont pas des nets (les)<br \/>\nAccueil particuli\u00e8rement chaleureux (un)<br \/>\nAcharn\u00e9s (Les)<br \/>\nAchats crois\u00e9s<br \/>\nAction au sol<br \/>\nActivit\u00e9s d\u2019hiver<br \/>\nAd libitum (19)<br \/>\nAddition cors\u00e9e<br \/>\nAd\u00e8le, ma plante pr\u00e9f\u00e9r\u00e9e<br \/>\nAdieu au cerf-volant (l&#8217;)<br \/>\nAdieu au franc belge (l&#8217;)<br \/>\nAdieu au village (l&#8217;)<br \/>\nAdieu aux larmes (l&#8217;)<br \/>\nAdieu petite vie<br \/>\nAdmirable bouffon*<br \/>\nAdmission<br \/>\nAdmission secr\u00e8te<br \/>\nAffaire class\u00e9e<br \/>\nAffaire de famille<br \/>\nAffaire de famille<br \/>\nAffaire de quartier (une)<br \/>\nAffaire de sp\u00e9cialistes<br \/>\nAffaire Fernand Gazou (l&#8217;)<br \/>\nAffectation<br \/>\nAffiches de John sont arriv\u00e9es (les)<br \/>\nAffineur veille jalousement (l&#8217;)*<br \/>\nAffreux<br \/>\nAge des loisirs (L&#8217;)<br \/>\nAgence matrimoniale<br \/>\nAgence Super Nova (L&#8217;)<br \/>\nAgenda d&#8217;un timide (l&#8217;)<br \/>\nAgent de quartier a disparu (l&#8217;)<br \/>\nAgitation dans l&#8217;air (de l&#8217;)<br \/>\nAgonie cheyenne<br \/>\nAgonie des citrouilles (l&#8217;)<br \/>\nAgr\u00e9able sensation de sup\u00e9riorit\u00e9<br \/>\nAh ben \u00e7a alors<br \/>\nAh les belles perles<br \/>\nAh non, pas encore \u00e7a!<br \/>\nAh, ah, ah<br \/>\nAh, je me meurs<br \/>\nAh, vous \u00eates-l\u00e0<br \/>\nAie<br \/>\nAigre-doux<br \/>\nAiguilles tordues (les)<br \/>\nAilleurs (l&#8217;)<br \/>\nAilleurs au monde<br \/>\nAilleurs en Belgique<br \/>\nAinsi bat la vie<br \/>\nAinsi le veut la tradition<br \/>\nAinsi les eaux du lac<br \/>\nAir d&#8217;apocalypse (un)<br \/>\nAir de rien (l&#8217;)<br \/>\nAkela de notre mieux<br \/>\nAlcatraz*<br \/>\nAlchimie de la douleur<br \/>\nAlchimistes de l&#8217;imaginaire (les)<br \/>\nAlerte au feu<br \/>\nAlerte orange<br \/>\nAlerte rouge \u00e0 la maternelle<br \/>\nAlexandre mon petit<br \/>\nAlfred, suis parti avec Fr\u00e9d\u00e9ric, sign\u00e9 Georges<br \/>\nAlice au pays des m\u00e8res vieilles<br \/>\nAlice Sapritch, premi\u00e8re astronaute fran\u00e7aise<br \/>\nAll\u00e9chante tentation du paradoxe (l&#8217;)<br \/>\nAller simple pour le 7\u00e8me ciel (un)<br \/>\nAllergie d\u00e9sagr\u00e9able<br \/>\nAller-retour*<br \/>\nAller-simple pour le Chili<br \/>\nAlliance de l&#8217;homme et du cheval (l&#8217;)<br \/>\nAllo, allo, ne quittez pas l&#8217;\u00e9coute<br \/>\nAlphabet grec (l&#8217;)<br \/>\nAmant public num\u00e9ro un (l&#8217;)<br \/>\nAmbiance<br \/>\nAme des grands (l&#8217;)<br \/>\nAme des vieux quartiers (l&#8217;)<br \/>\nAme du luthier (l&#8217;)<br \/>\nAme du peuple (L&#8217;)<br \/>\nAme d&#8217;un quartier (l&#8217;)<br \/>\nAme et l&#8217;\u00e2ne (l&#8217;)<br \/>\nAm\u00e8re d\u00e9ception<br \/>\nAmertume d&#8217;un juge \u00e0 la retraite<br \/>\nAmi des Occidentaux (l&#8217;)<br \/>\nAmi tr\u00e8s particulier (un)<br \/>\nAmin Dada et l&#8217;effarante valeur<br \/>\nAmis jetables<br \/>\nAmiti\u00e9 dans la temp\u00eate<br \/>\nAmiti\u00e9 de plumes (une)<br \/>\nAmiti\u00e9 est une \u00e2me en deux corps (l&#8217;)<br \/>\nAmour \u00e0 la carte*<br \/>\nAmour au fil des jours (l&#8217;)<br \/>\nAmour est un bouquet de violence (l&#8217;)<br \/>\nAmour et amiti\u00e9<br \/>\nAmour et cons\u00e9quence<br \/>\nAmour et sparadrap<br \/>\nAmour flou (l&#8217;)<br \/>\nAmour incroyable (un)<br \/>\nAmour moral (l&#8217;)<br \/>\nAmour, myst\u00e8re et barba papa<br \/>\nAmour-minute<br \/>\nAmours et parachutes<br \/>\nAmulettes, amulettes, qui veut mes amulettes?<br \/>\nAnatomie d&#8217;un g\u00e9nie<br \/>\nAnciennes fronti\u00e8res<br \/>\nAncr\u00e9s dans une baie myst\u00e9rieuse<br \/>\nAne et la roulotte (l&#8217;)<br \/>\nAne et l&#8217;\u00e2ne (l&#8217;)<br \/>\nAnge rebel (l&#8217;)<br \/>\nAnge-gardien*<br \/>\nAnges malades (les)<br \/>\nAngoisse de la t\u00e9tine (l&#8217;)<br \/>\nAnimal \u00e9trange (l&#8217;)<br \/>\nAnn\u00e9e derni\u00e8re \u00e0 St Idesbald (l&#8217;)<br \/>\nAnn\u00e9e faste (une)<br \/>\nAnn\u00e9e folle (une)<br \/>\nAnn\u00e9e noire pour le P\u00e8re No\u00ebl<br \/>\nAnn\u00e9e pas comme les autres (une)<br \/>\nAnn\u00e9es du cr\u00e9puscule (les)<br \/>\nAnniversaire<br \/>\nAnniversaire (l&#8217;)<br \/>\nAnniversaire de la vielle dame (l&#8217;)<br \/>\nAnnonces class\u00e9es<br \/>\nAnorexie verbale et&#8230;<br \/>\nAntarctique ne r\u00e9pond plus (l&#8217;)<br \/>\nAntenne t\u00e9lescopique<br \/>\nAntidote \u00e0 la monotonie du quotidien (un)<br \/>\nAp\u00e9ritif, hors-d\u2019oeuvre et angoisse<br \/>\nApesanteur*<br \/>\nAp\u00f4tre (l&#8217;)*<br \/>\nAppartement comme une for\u00eat vierge (un)<br \/>\nAppel \u00e0 tes mains<br \/>\nAppel aux volontaires<br \/>\nAppel du vide (l&#8217;)<br \/>\nApprivoisement<br \/>\nApproche par \u00e9tape*<br \/>\nApr\u00e8s des ann\u00e9es de bons et loyaux services<br \/>\nApr\u00e8s la moisson<br \/>\nApr\u00e8s la temp\u00eate<br \/>\nApr\u00e8s le frisson de la gloire<br \/>\nApr\u00e8s l&#8217;\u00e9ch\u00e9ance, la d\u00e9ch\u00e9ance<br \/>\nApr\u00e8s l&#8217;\u00e9cole<br \/>\nApr\u00e8s midi aux champs<br \/>\nApr\u00e8s-midi au Casino<br \/>\nAraign\u00e9e du matin chagrin<br \/>\nArbal\u00e8te (l&#8217;)*<br \/>\nArbitre myope (l&#8217;)<br \/>\nArbre \u00e0 soleils (l&#8217;)<br \/>\nArbre dans le salon (un)<br \/>\nArbre de l&#8217;\u00e9den (l&#8217;)<br \/>\nArc-en-ciel portatif<br \/>\nArchet de l&#8217;agonie (l&#8217;)<br \/>\nArchitecte de l&#8217;\u00e9ph\u00e9m\u00e8re*<br \/>\nArchives de la nuit (les)*<br \/>\nArdennes au coeur (les)<br \/>\nArgent imm\u00e9diat pour&#8230;<br \/>\nArgent n&#8217;a pas d&#8217;odeur (l&#8217;)<br \/>\nAristots du sous-sol (les)<br \/>\nArlette \u00e0 Malibu<br \/>\nArm\u00e9e de robots\u00b0<br \/>\nArm\u00e9e des inutiles (l&#8217;)<br \/>\nArm\u00e9e imbattable cherche ennemi cr\u00e9dible<br \/>\nArmoire de droite, 2\u00e8me<br \/>\nArmoire de droite, deuxi\u00e8me classeur<br \/>\nArmurier de Tol\u00e8de (l&#8217;)<br \/>\nArnaques en vrac<br \/>\nAr\u00f4me antique (l&#8217;)<br \/>\nArrach\u00e9 (A l&#8217;)<br \/>\nArr\u00eat du 33 (\u00e0 l&#8217;)<br \/>\nArr\u00eat sur image<br \/>\nArr\u00eat sur mirages<br \/>\nArri\u00e8re pens\u00e9e<br \/>\nArri\u00e8re salle (l&#8217;)<br \/>\nArt d&#8217;aimer (L&#8217;)<br \/>\nArt de la nuance (l&#8217;)<br \/>\nArt de la rue (l&#8217;)<br \/>\nArt de l&#8217;\u00e9quilibre (l&#8217;)*<br \/>\nArt de rester pour le petit d\u00e9jeuner (L&#8217;)<br \/>\nArt de rompre (l&#8217;)<br \/>\nArt de tricher, \u00e7a s&#8217;apprend (l&#8217;)<br \/>\nArt des restes (L&#8217;)<br \/>\nArt du frisson (l&#8217;)<br \/>\nArt du silence (l&#8217;)<br \/>\nArt et l&#8217;autre (l&#8217;)<br \/>\nArt japonais<br \/>\nArt perdu (un)<br \/>\nArticle de la Charte Tib\u00e9taine<br \/>\nArtifices \u00e0 la salle de bain<br \/>\nArtiste critiqu\u00e9 par son oeuvre (l&#8217;)<br \/>\nArtiste local<br \/>\nArtistes de la montagne*<br \/>\nArtistes s&#8217;exposent (Les)<br \/>\nAs de pique (l&#8217;)<br \/>\nAscendance, romance et descendance<br \/>\nAscension p\u00e9rilleuse du Kilimandjaro<br \/>\nAsperge (l&#8217;)<br \/>\nAsphyxie des villes (L&#8217;)<br \/>\nAssis ou debout<br \/>\nAssociation de menteurs<br \/>\nAssociation lucrative sans but<br \/>\nAstrologie ni\u00e7oise<br \/>\nAs-tu entendu le bruit?<br \/>\nAs-tu vu mon dentier?<br \/>\nAstuce du pro (L&#8217;)<br \/>\nAtelier num\u00e9ro huit (l&#8217;)<br \/>\nAthl\u00e8te du vice<br \/>\nAtouts plein les manches (des)<br \/>\nAttache ta tuque!<br \/>\nAttaque frontale<br \/>\nAttendu de pied ferme<br \/>\nAttente (l&#8217;)<br \/>\nAttention : mat\u00e9riel explosif<br \/>\nAttention : surveillance sous le tapis<br \/>\nAttention \u00e0 la couleur<br \/>\nAttention aux d\u00e9tails<br \/>\nAttention c\u2019est dur<br \/>\nAttention \u00e7a glisse<br \/>\nAttention chien m\u00e9chant<br \/>\nAttention danger<br \/>\nAttention les yeux<br \/>\nAttention, peinture fra\u00eeche<br \/>\nAttention, poule m\u00e9chante<br \/>\nAtterrir au coeur de Londres<br \/>\nAtterrissage forc\u00e9 dans la brousse<br \/>\nAttraction magn\u00e9tique<br \/>\nAu bois de mon coeur<br \/>\nAu bout de l\u2019hame\u00e7on<br \/>\nAu bout de la langue<br \/>\nAu bout de la planche<br \/>\nAu bout du couloir<br \/>\nAu bout du rouleau<br \/>\nAu coeur des palmiers<br \/>\nAu coeur du tabou<br \/>\nAu creux du volcan<br \/>\nAu d\u00e9part, une simple malle<br \/>\nAu d\u00e9potoir du village<br \/>\nAu dessus de l\u2019\u00e9cureuil<br \/>\nAu doigt et \u00e0 l&#8217;oeil<br \/>\nAu feu dans ma salle de bains<br \/>\nAu fil de l&#8217;eau<br \/>\nAu fil des \u00e2ges<br \/>\nAu fond du corridor<br \/>\nAu grand air<br \/>\nAu gr\u00e9 de l&#8217;eau<br \/>\nAu magasin de professeurs<br \/>\nAu milieu<br \/>\nAu milieu de l\u2019Oc\u00e9an Pacifique<br \/>\nAu nain bossu<br \/>\nAu nom de Thor<br \/>\nAu nom du Roy<br \/>\nAu nord du seizi\u00e8me parrall\u00e8le<br \/>\nAu nord du Yang-Ts\u00e9<br \/>\nAu pays de nous-m\u00eames<br \/>\nAu pays des Maquralles<br \/>\nAu pays des merveilles<br \/>\nAu pays des pouliches<br \/>\nAu pied de la lettre<br \/>\nAu pied du mur<br \/>\nAu pied du mur<br \/>\nAu pied du mur<br \/>\nAu poil<br \/>\nAu premier regard<br \/>\nAu ras du sol<br \/>\nAu rayon des jouets<br \/>\nAu restaurant<br \/>\nAu royaume de l&#8217;arc en ciel<br \/>\nAu royaume des aveugles<br \/>\nAu service de la v\u00e9rit\u00e9<br \/>\nAu service de mon pays et de ma reine<br \/>\nAu service secret de sa majest\u00e9<br \/>\nAu soir du 17 juillet 1789<br \/>\nAu temps des druides<br \/>\nAu temps des moulins \u00e0 vent<br \/>\nAu tournage d&#8217;un film catastrophe<br \/>\nAu village, on l&#8217;appelle elle<br \/>\nAube du grand jour (l&#8217;)*<br \/>\nAube se l\u00e8ve \u00e0 Cayenne (l&#8217;)<br \/>\nAuberge \u00e0 voiles (l&#8217;)<br \/>\nAuberge de la paix<br \/>\nAuberge de l&#8217;aube<br \/>\nAucun rayon de soleil n&#8217;avait \u00e0 ce jour effleur\u00e9 la laiteuse apparence de son teint immacul\u00e9 (ANNULE<br \/>\nAu-del\u00e0 de la voie humaine<br \/>\nAu-del\u00e0 des apparences<br \/>\nAuditoire d\u00e9risoire<br \/>\nAujourd\u2019hui pas demain<br \/>\nAujourd&#8217;hui peut-\u00eatre<br \/>\nAurait pu \u00e9viter cela (On)<br \/>\nAurore au cr\u00e9puscule (de)<br \/>\nAutant en emporte le temps<br \/>\nAutel du p\u00each\u00e9 (l&#8217;)<br \/>\nAutobiographie d&#8217;un virus<br \/>\nAutopsie de l&#8217;\u00e2me soeur<br \/>\nAutour de la fontaine des ablutions<br \/>\nAutour du feu<br \/>\nAutour du saladier<br \/>\nAutre c\u00f4t\u00e9 du miroir (de l&#8217;)<br \/>\nAutre c\u00f4t\u00e9 du r\u00e9el (de l&#8217;)<br \/>\nAutre fa\u00e7on de dormir (une)<br \/>\nAutre monde (un)<br \/>\nAutre regard sur l&#8217;homme (un)<br \/>\nAutre son de cloche (un)<br \/>\nAutrefois dans le temps de grand-papa<br \/>\nAutruche domestique<br \/>\nAux abords du lac gel\u00e9<br \/>\nAux limites de l&#8217;obstruction<br \/>\nAux limites du possible<br \/>\nAux sources de la sagesse<br \/>\nAvant les premiers froids<br \/>\nAvant, pendant, apr\u00e8s<br \/>\nAvantage<br \/>\nAvantage de l&#8217;exp\u00e9rience (L&#8217;)<br \/>\nAvantage sans \u00e9quivalent<br \/>\nAvant-go\u00fbt de paradis (un)<br \/>\nAvare ou pr\u00e9voyant<br \/>\nAvec des assietes<br \/>\nAvec elles<br \/>\nAvec mes doigts<br \/>\nAvec ou sans famille<br \/>\nAvec souplesse<br \/>\nAvec un casier<br \/>\nAvec un p\u2019tit peu de \u00ab plingk \u00bb<br \/>\nAvec une bassine<br \/>\nAvec une bequille<br \/>\nAvec une nappe<br \/>\nAventure hors de l\u2019ordinaire dans le m\u00e9tro<br \/>\nAventures chez le coiffeur<br \/>\nAventures dans mon lavabo<br \/>\nAventuriers du dessert (les)<br \/>\nAvertissement<br \/>\nAvez-vous votre carte de membre?<\/p>\n<hr \/>\n<h2>Obtenez les 5557 th\u00e8mes dans un seul fichier<\/h2>\n<p>Pour obtenir tous les th\u00e8mes d&#8217;improvisation dans un seul fichier Excel, veuillez faire parvenir un don de 2 $ \u00e0 la communaut\u00e9 Dramaction, nous vous enverrons par courriel le ficheir afin de faciliter votre vie !<br \/>\n<div class=\"woocommerce \"><div class=\"products row columns-4\">\n<div class=\"col-md-3 col-sm-6 product type-product post-3792 status-publish first instock product_cat-exercices-et-ressources has-post-thumbnail featured downloadable sold-individually shipping-taxable purchasable product-type-simple\">\n\t<div class=\"project-item margin-bottom-20\">\n\t\t\t<figure>\n\t\t\t<a href=\"https:\/\/www.dramaction.qc.ca\/fr\/produit\/5557-titre-dimprovisation-de-dramaction\/\">\n\t\t\t\t<img decoding=\"async\" width=\"200\" height=\"200\" src=\"https:\/\/www.dramaction.qc.ca\/fr\/wp-content\/uploads\/2016\/12\/AdobeStock_56203799-200x200.jpeg\" class=\"attachment-woocommerce_thumbnail size-woocommerce_thumbnail\" alt=\"5557 titres d&#039;improvisation de Dramaction\" srcset=\"https:\/\/www.dramaction.qc.ca\/fr\/wp-content\/uploads\/2016\/12\/AdobeStock_56203799-200x200.jpeg 200w, https:\/\/www.dramaction.qc.ca\/fr\/wp-content\/uploads\/2016\/12\/AdobeStock_56203799-100x100.jpeg 100w, https:\/\/www.dramaction.qc.ca\/fr\/wp-content\/uploads\/2016\/12\/AdobeStock_56203799-150x150.jpeg 150w, https:\/\/www.dramaction.qc.ca\/fr\/wp-content\/uploads\/2016\/12\/AdobeStock_56203799-300x300.jpeg 300w, https:\/\/www.dramaction.qc.ca\/fr\/wp-content\/uploads\/2016\/12\/AdobeStock_56203799-1024x1024.jpeg 1024w\" sizes=\"(max-width: 200px) 100vw, 200px\" \/>\t\t\t<\/a>\n\t\t<\/figure>\n\t\t<div class=\"info\">\t\n\t\t\t<p class=\"product-title\">\n\t\t\t\t<a href=\"https:\/\/www.dramaction.qc.ca\/fr\/produit\/5557-titre-dimprovisation-de-dramaction\/\">\t\t\n\t\t\t\t\t5557 titres d&#8217;improvisation de Dramaction\t\t\t\t<\/a>\n\t\t\t<\/p>\n\t\t\t<div class=\"star-rating\" role=\"img\" aria-label=\"Note 5.00 sur 5\"><span style=\"width:100%\">Note <strong class=\"rating\">5.00<\/strong> sur 5<\/span><\/div>\n\t<span class=\"price\"><span class=\"woocommerce-Price-amount amount\"><bdi><span class=\"woocommerce-Price-currencySymbol\">&#36;<\/span>2.00<\/bdi><\/span><\/span>\n<a href=\"\/fr\/wp-json\/wp\/v2\/pages\/1552?add-to-cart=3792\" aria-describedby=\"woocommerce_loop_add_to_cart_link_describedby_3792\" data-quantity=\"1\" class=\"button product_type_simple add_to_cart_button ajax_add_to_cart\" data-product_id=\"3792\" data-product_sku=\"\" aria-label=\"Ajouter au panier\u00a0: &ldquo;5557 titres d&#039;improvisation de Dramaction&rdquo;\" rel=\"nofollow\" data-success_message=\"\u00ab\u00a05557 titres d&#039;improvisation de Dramaction\u00a0\u00bb a \u00e9t\u00e9 ajout\u00e9 \u00e0 votre panier\" role=\"button\">Ajouter au panier<\/a>\t<span id=\"woocommerce_loop_add_to_cart_link_describedby_3792\" class=\"screen-reader-text\">\n\t\t\t<\/span>\n\t\t\t\n\t\t<\/div>\t\n\t<\/div>\t\n<\/div>\n<\/div>\n<\/div>\n<p>Merci de contribuer au succ\u00e8s de ce site !<\/p>\n<hr \/>\n","protected":false},"excerpt":{"rendered":"<p>L&#8217;ultime banque de th\u00e8mes !!! D\u00e9couvrez dans ces pages une liste tr\u00e8s compl\u00e8te de th\u00e8mes d&#8217;improvisation !\u00a0 \u00c0 utiliser sans retenue !!! NAVIGATION : A | B | C | D | E | F | G | H | I | J | K | L | M | N | O | P [&hellip;]<\/p>\n","protected":false},"author":22,"featured_media":0,"parent":422,"menu_order":415,"comment_status":"open","ping_status":"open","template":"","meta":{"footnotes":""},"class_list":["post-1552","page","type-page","status-publish","hentry"],"jetpack_sharing_enabled":true,"_links":{"self":[{"href":"https:\/\/www.dramaction.qc.ca\/fr\/wp-json\/wp\/v2\/pages\/1552","targetHints":{"allow":["GET"]}}],"collection":[{"href":"https:\/\/www.dramaction.qc.ca\/fr\/wp-json\/wp\/v2\/pages"}],"about":[{"href":"https:\/\/www.dramaction.qc.ca\/fr\/wp-json\/wp\/v2\/types\/page"}],"author":[{"embeddable":true,"href":"https:\/\/www.dramaction.qc.ca\/fr\/wp-json\/wp\/v2\/users\/22"}],"replies":[{"embeddable":true,"href":"https:\/\/www.dramaction.qc.ca\/fr\/wp-json\/wp\/v2\/comments?post=1552"}],"version-history":[{"count":0,"href":"https:\/\/www.dramaction.qc.ca\/fr\/wp-json\/wp\/v2\/pages\/1552\/revisions"}],"up":[{"embeddable":true,"href":"https:\/\/www.dramaction.qc.ca\/fr\/wp-json\/wp\/v2\/pages\/422"}],"wp:attachment":[{"href":"https:\/\/www.dramaction.qc.ca\/fr\/wp-json\/wp\/v2\/media?parent=1552"}],"curies":[{"name":"wp","href":"https:\/\/api.w.org\/{rel}","templated":true}]}}