{"id":1073,"date":"2010-11-15T22:04:12","date_gmt":"2010-11-16T03:04:12","guid":{"rendered":"http:\/\/www.dramaction.qc.ca\/fr\/"},"modified":"2016-12-04T13:54:32","modified_gmt":"2016-12-04T18:54:32","slug":"lexique","status":"publish","type":"page","link":"https:\/\/www.dramaction.qc.ca\/fr\/ressources\/lexique\/","title":{"rendered":"Lexique de th\u00e9\u00e2tre"},"content":{"rendered":"<p>[explanatory-dictionary]<\/p>\n<p>Ces pages sont disponibles gr\u00e2ce \u00e0 la participation de <a href=\"http:\/\/www.cinethea.com\/\" target=\"_blank\">Cin\u00e9th\u00e9\u00e2<\/a>. Merci \u00e0 Jean VITOUX de nous avoir permi d&#8217;utiliser son travail sur Dramaction.<\/p>\n","protected":false},"excerpt":{"rendered":"<p>[explanatory-dictionary] Ces pages sont disponibles gr\u00e2ce \u00e0 la participation de Cin\u00e9th\u00e9\u00e2. Merci \u00e0 Jean VITOUX de nous avoir permi d&#8217;utiliser son travail sur Dramaction.<\/p>\n","protected":false},"author":22,"featured_media":0,"parent":34,"menu_order":149,"comment_status":"open","ping_status":"open","template":"","meta":{"footnotes":""},"class_list":["post-1073","page","type-page","status-publish","hentry"],"jetpack_sharing_enabled":true,"_links":{"self":[{"href":"https:\/\/www.dramaction.qc.ca\/fr\/wp-json\/wp\/v2\/pages\/1073","targetHints":{"allow":["GET"]}}],"collection":[{"href":"https:\/\/www.dramaction.qc.ca\/fr\/wp-json\/wp\/v2\/pages"}],"about":[{"href":"https:\/\/www.dramaction.qc.ca\/fr\/wp-json\/wp\/v2\/types\/page"}],"author":[{"embeddable":true,"href":"https:\/\/www.dramaction.qc.ca\/fr\/wp-json\/wp\/v2\/users\/22"}],"replies":[{"embeddable":true,"href":"https:\/\/www.dramaction.qc.ca\/fr\/wp-json\/wp\/v2\/comments?post=1073"}],"version-history":[{"count":0,"href":"https:\/\/www.dramaction.qc.ca\/fr\/wp-json\/wp\/v2\/pages\/1073\/revisions"}],"up":[{"embeddable":true,"href":"https:\/\/www.dramaction.qc.ca\/fr\/wp-json\/wp\/v2\/pages\/34"}],"wp:attachment":[{"href":"https:\/\/www.dramaction.qc.ca\/fr\/wp-json\/wp\/v2\/media?parent=1073"}],"curies":[{"name":"wp","href":"https:\/\/api.w.org\/{rel}","templated":true}]}}